{"id":13531,"date":"2025-07-18T03:39:38","date_gmt":"2025-07-18T03:39:38","guid":{"rendered":"https:\/\/hanwuji.shengjit.com\/?page_id=13531"},"modified":"2026-01-16T01:32:34","modified_gmt":"2026-01-16T01:32:34","slug":"soporte-del-producto","status":"publish","type":"page","link":"https:\/\/keylessbest.com\/es\/soporte-del-producto\/","title":{"rendered":"Soporte de productos"},"content":{"rendered":"<div data-elementor-type=\"wp-page\" data-elementor-id=\"13531\" class=\"elementor elementor-13531\" data-elementor-post-type=\"page\">\n\t\t\t\t<div class=\"elementor-element elementor-element-6e2e450 e-flex e-con-boxed e-con e-parent\" data-id=\"6e2e450\" data-element_type=\"container\">\n\t\t\t\t\t<div class=\"e-con-inner\">\n\t\t\t\t<div class=\"elementor-element elementor-element-29f85f4 elementor-widget elementor-widget-text-editor\" data-id=\"29f85f4\" data-element_type=\"widget\" data-widget_type=\"text-editor.default\">\n\t\t\t\t\t\t\t\t\t<h1><strong class=\"\">Soluciones de reemplazo y programaci\u00f3n de llaves de coche \u2013 Fabricante con 15 a\u00f1os de experiencia<\/strong><\/h1><p>Nuestro enfoque no es solo hacer llaves; se trata de ofrecer\u00a0<strong><b>suministros confiables para cerrajer\u00eda automotriz<\/b><\/strong>\u00a0que se adapten a las necesidades de cada cliente. Ya sea que busques una\u00a0<strong><b>soluci\u00f3n mayorista de llaves de proximidad inteligentes<\/b><\/strong>\u00a0o\u00a0<strong><b>reemplazo de carcasa de llave<\/b><\/strong>, estamos aqu\u00ed para ayudarte.<\/p><p>Explora nuestra conocida compatibilidad, incluyendo modelos populares como Toyota y Mazda, con opciones como la\u00a0<a href=\"https:\/\/keylessbest.com\/es\/producto\/2019-2025-toyota-corolla-corolla-hybrid-4-buttons-keyless-entry-remote-hyq14fbn-pn-8990h-12040__trashed\/\">llave sin llave de 4 botones para Toyota Corolla 2019-2025<\/a> para ver la calidad de nuestros productos en acci\u00f3n<\/p><p>Con m\u00e1s de 15 a\u00f1os de experiencia dedicada, somos un fabricante profesional de llaves de coche comprometido a ofrecer llaves automotrices de alta calidad en las que puedes confiar. Confiado por cerrajeros y distribuidores en todo el mundo, cubrimos m\u00e1s de <strong>200<b>0 modelos de veh\u00edculos<\/b><\/strong>\u00a0desde 1995 hasta 2025 y hemos enviado m\u00e1s de\u00a0<strong><b>1 mill\u00f3n de llaves a nivel mundial<\/b><\/strong>. Nuestros productos cumplen con los est\u00e1ndares internacionales m\u00e1s altos, respaldados por\u00a0<strong><b>certificaciones ISO 9001<\/b><\/strong>\u00a0y\u00a0<strong><b>CE<\/b><\/strong>, asegurando calidad y rendimiento consistentes en cada entrega.<\/p><h2><strong><b>Por qu\u00e9 elegir keylessbest \u2013 6 ventajas principales<\/b><\/strong><\/h2><p>Con 15 a\u00f1os de especializaci\u00f3n como un<strong><b>\u00a0fabricante de llaves de coche<\/b><\/strong>, keylessbest destaca por combinar experiencia y calidad para servir al mercado automotriz de Espa\u00f1a y de todos los pa\u00edses. Aqu\u00ed est\u00e1 por qu\u00e9 somos su socio de confianza para llaves automotrices:<\/p><table><tbody><tr><td><p><strong><b>Ventaja Principal<\/b><\/strong><\/p><\/td><td><p><strong><b>Lo que obtienes<\/b><\/strong><\/p><\/td><\/tr><tr><td><p><strong><b>15 A\u00f1os de Experiencia en Llaves Automotrices<\/b><\/strong><\/p><\/td><td><p>Experiencia comprobada en fabricaci\u00f3n de llaves de coche<\/p><\/td><\/tr><tr><td><p><strong><b>Cobertura total de modelos de veh\u00edculos (1995\u20132025)<\/b><\/strong><\/p><\/td><td><p>Llaves para m\u00e1s de 2000 modelos de veh\u00edculos, incluyendo las \u00faltimas llaves inteligentes<\/p><\/td><\/tr><tr><td><p><strong><b>Inspecci\u00f3n avanzada de producci\u00f3n y materias primas<\/b><\/strong><\/p><\/td><td><p>Instalaci\u00f3n de \u00faltima generaci\u00f3n con pruebas estrictas en todos los materiales para garantizar durabilidad y fiabilidad<\/p><\/td><\/tr><tr><td><p><strong><b>Pruebas funcionales 100% y programaci\u00f3n de chips<\/b><\/strong><\/p><\/td><td><p>Cada llave pasa por controles completos de funcionamiento adem\u00e1s de soporte para programaci\u00f3n de transpondedores para un uso sin problemas<\/p><\/td><\/tr><tr><td><p><strong><b>Certificaciones internacionales e informes de calidad<\/b><\/strong><\/p><\/td><td><p>Informes de inspecci\u00f3n ISO9001:2015, CE, FCC, RoHS y SGS garantizan la m\u00e1xima calidad y cumplimiento<\/p><\/td><\/tr><tr><td><p><strong><b>Soporte integral postventa y t\u00e9cnico<\/b><\/strong><\/p><\/td><td><p>Atenci\u00f3n al cliente 24\/7, ayuda en programaci\u00f3n, resoluci\u00f3n de problemas y soporte de mantenimiento a largo plazo<\/p><\/td><\/tr><\/tbody><\/table><h2><strong><b>Nuestro proceso de producci\u00f3n y control de calidad<\/b><\/strong><\/h2><p>Seguimos un enfoque estricto y paso a paso para garantizar que cada llave de coche cumpla con los est\u00e1ndares de m\u00e1xima calidad:<\/p>\t\t\t\t\t\t\t\t<\/div>\n\t\t\t\t<div class=\"elementor-element elementor-element-1fdad56 elementor-widget elementor-widget-text-editor\" data-id=\"1fdad56\" data-element_type=\"widget\" data-widget_type=\"text-editor.default\">\n\t\t\t\t\t\t\t\t\t<h3><strong><b>Paso 1: Selecci\u00f3n e inspecci\u00f3n de materias primas de primera calidad<\/b><\/strong><\/h3><p>Comenzamos con materias primas cuidadosamente seleccionadas, sometidas a inspecciones exhaustivas para garantizar durabilidad y fiabilidad en cada carcasa de llave y componente electr\u00f3nico.<\/p><h3><strong><b>Paso 2: Dise\u00f1o de moldes de precisi\u00f3n y desarrollo de PCB<\/b><\/strong><\/h3><p>Nuestros ingenieros expertos crean moldes precisos y desarrollan PCBs de alta calidad, asegurando un ajuste perfecto y un rendimiento impecable para todos los modelos de veh\u00edculos desde 1995 hasta 2025.<\/p><h3><strong><b>Paso 3: Encriptaci\u00f3n autom\u00e1tica de SMT y chips<\/b><\/strong><\/h3><p>Utilizando Tecnolog\u00eda de Montaje en Superficie (SMT) automatizada, ensamblamos componentes con precisi\u00f3n y luego programamos chips transpondedores con encriptaci\u00f3n segura para coincidir con los inmovilizadores de veh\u00edculos.<\/p><h3><strong><b>Paso 4: Depuraci\u00f3n de funcionalidad en 8 etapas y emparejamiento<\/b><\/strong><\/h3><p>Cada llave pasa por ocho pruebas detalladas, incluyendo la calidad de la hoja de la llave, funciones remotas, reconocimiento del chip y transmisi\u00f3n de se\u00f1al, para confirmar compatibilidad y funcionamiento completos.<\/p><h3><strong><b>Paso 5: Embalaje final y c\u00f3digo de trazabilidad anti-falsificaci\u00f3n<\/b><\/strong><\/h3><p>Para proteger la autenticidad, las llaves se embalan con c\u00f3digos de trazabilidad anti-falsificaci\u00f3n, facilitando la verificaci\u00f3n de productos genuinos y manteniendo la calidad desde la f\u00e1brica hasta el usuario final.<\/p>\t\t\t\t\t\t\t\t<\/div>\n\t\t\t\t\t<\/div>\n\t\t\t\t<\/div>\n\t\t<div class=\"elementor-element elementor-element-d3c5448 e-flex e-con-boxed e-con e-parent\" data-id=\"d3c5448\" data-element_type=\"container\">\n\t\t\t\t\t<div class=\"e-con-inner\">\n\t\t\t\t<div class=\"elementor-element elementor-element-a0b7b70 elementor-widget elementor-widget-text-editor\" data-id=\"a0b7b70\" data-element_type=\"widget\" data-widget_type=\"text-editor.default\">\n\t\t\t\t\t\t\t\t\t<h2><strong><b>Compatibilidad total y cobertura de veh\u00edculos<\/b><\/strong><\/h2><p>Ofrecemos una lista completa de compatibilidad de llaves de coche que cubre las principales marcas como Toyota, Honda, BMW, Ford, Volkswagen y muchas m\u00e1s. Ya sea que necesite llaves para modelos antiguos o las \u00faltimas llaves inteligentes de 2024\u20132025, estamos cubiertos. Nuestra base de datos se actualiza regularmente para incluir nuevos veh\u00edculos, asegurando que obtenga la llave adecuada para su coche espec\u00edfico.<\/p><p>Explore opciones como nuestra confiable\u00a0<a href=\"https:\/\/keylessbest.com\/es\/producto\/2020-2022-hyundai-palisade-mando-de-entrada-sin-llave-de-5-botones-tq8-fob-4f29-pn-95440-s8400-47__trashed\/\">llave de entrada sin llave Hyundai Palisade 2020-2022<\/a>\u00a0o duradera\u00a0<a href=\"https:\/\/keylessbest.com\/es\/producto\/control-remoto-de-entrada-sin-llave-para-jeep-grand-cherokee-commander-2008-2013-5-botones-m3n5wy783x-iyz-c01c-pn-05026346ad\/\">llave Jeep Grand Cherokee 2008-2013<\/a>\u00a0como ejemplos de nuestra amplia gama de compatibilidad. Esto garantiza que reciba llaves remotas de posventa que encajan perfectamente y funcionan sin problemas.<\/p><h2><strong><b>Programaci\u00f3n y soporte t\u00e9cnico<\/b><\/strong><\/h2><p>Proporcionamos gu\u00edas detalladas de programaci\u00f3n de llaves de coche disponibles para descarga f\u00e1cil en PDF, ayud\u00e1ndole a comenzar r\u00e1pidamente y con confianza. \u00bfNecesita ayuda adicional? Nuestra asistencia remota y tutoriales en video paso a paso hacen que la programaci\u00f3n sea sencilla, incluso si es nuevo en la programaci\u00f3n de llaves automotrices.<\/p><h3><strong><b>Soluci\u00f3n de problemas comunes y soluciones<\/b><\/strong><\/h3><table><tbody><tr><td><p><strong><b>Problema<\/b><\/strong><\/p><\/td><td><p><strong><b>Posible causa<\/b><\/strong><\/p><\/td><td><p><strong><b>Soluci\u00f3n r\u00e1pida<\/b><\/strong><\/p><\/td><\/tr><tr><td><p>Clave no programada<\/p><\/td><td><p>Desajuste de chip o bater\u00eda agotada<\/p><\/td><td><p>Reemplazar bater\u00eda, verificar c\u00f3digo del chip<\/p><\/td><\/tr><tr><td><p>Funciones del mando no funcionan<\/p><\/td><td><p>Interferencia de se\u00f1al<\/p><\/td><td><p>Reprogramar mando, verificar frecuencia<\/p><\/td><\/tr><tr><td><p>El coche no arranca con la nueva llave<\/p><\/td><td><p>Codificaci\u00f3n incorrecta del chip<\/p><\/td><td><p>Reprogramar chip, probar con el m\u00f3dulo del coche<\/p><\/td><\/tr><tr><td><p>La bater\u00eda de la llave se descarga r\u00e1pidamente<\/p><\/td><td><p>Bater\u00eda de baja calidad<\/p><\/td><td><p>Usar solo bater\u00edas de alta calidad<\/p><\/td><\/tr><\/tbody><\/table><p>Para veh\u00edculos espec\u00edficos como Toyota, Honda o BMW, nuestras gu\u00edas incluyen pasos personalizados para la coincidencia del chip y la depuraci\u00f3n de funciones para garantizar que tu llave funcione perfectamente. Por ejemplo, puedes encontrar informaci\u00f3n detallada de programaci\u00f3n para h\u00edbridos y mandos a distancia, como la\u00a0<a href=\"https:\/\/keylessbest.com\/es\/producto\/2012-2025-toyota-prius-c-prius-v-rav4-rav4-hv-3-buttons-keyless-entry-remote-hyq14fba-pn-89904-52290__trashed\/\">Programaci\u00f3n del mando de entrada sin llave del Toyota Prius 2012-2025<\/a>.<\/p>\t\t\t\t\t\t\t\t<\/div>\n\t\t\t\t\t<\/div>\n\t\t\t\t<\/div>\n\t\t<div class=\"elementor-element elementor-element-8f2aa7b e-flex e-con-boxed e-con e-parent\" data-id=\"8f2aa7b\" data-element_type=\"container\">\n\t\t\t\t\t<div class=\"e-con-inner\">\n\t\t\t\t<div class=\"elementor-element elementor-element-3042b33 elementor-widget elementor-widget-text-editor\" data-id=\"3042b33\" data-element_type=\"widget\" data-widget_type=\"text-editor.default\">\n\t\t\t\t\t\t\t\t\t<h2><strong><b>Certificaciones y Garant\u00eda de Calidad<\/b><\/strong><\/h2><p>Nos tomamos la calidad en serio. Nuestras llaves automotrices se fabrican en una\u00a0<strong><b>f\u00e1brica de llaves de coche certificada ISO 9001:2015<\/b><\/strong>, asegurando que cada paso cumple con estrictos est\u00e1ndares internacionales. Adem\u00e1s, nuestros productos cuentan con\u00a0<strong><b>certificaciones CE, FCC y RoHS<\/b><\/strong>, garantizando seguridad, cumplimiento ambiental y rendimiento confiable.<\/p><p>Para respaldarlo, proporcionamos informes de inspecci\u00f3n detallados\u00a0<strong><b>informes de inspecci\u00f3n SGS<\/b><\/strong>, para que puedas confiar en la calidad antes de comprar. Adem\u00e1s, cada llave viene con una\u00a0<strong><b>garant\u00eda de 24 meses y una pol\u00edtica de garant\u00eda de calidad<\/b><\/strong>, brind\u00e1ndote tranquilidad con tu compra.<\/p><p>Nuestro compromiso con la certificaci\u00f3n y la calidad nos convierte en un proveedor confiable para cerrajeros y distribuidores en toda Espa\u00f1a y m\u00e1s all\u00e1.<\/p><h2><strong><b>Compromiso de Servicio Postventa<\/b><\/strong><\/h2><p>Estamos aqu\u00ed cuando nos necesites \u2014 con soporte al cliente 24\/7 listo para ayudarte en cualquier momento. Si tu llave de coche presenta alg\u00fan problema debido a defectos de fabricaci\u00f3n dentro del per\u00edodo de garant\u00eda de 24 meses, ofrecemos reemplazo gratuito por da\u00f1os no humanos. Adem\u00e1s, nuestro equipo brinda asesoramiento t\u00e9cnico de por vida para ayudarte con programaci\u00f3n, resoluci\u00f3n de problemas o cualquier duda de uso. Con nosotros, cuentas con un cuidado postventa confiable dise\u00f1ado para mantenerte en movimiento sin preocupaciones.<\/p><h2><strong><b>Historias de \u00c9xito de Clientes y Socios Globales<\/b><\/strong><\/h2><p>Nos enorgullece la confianza que los cerrajeros y distribuidores de toda Espa\u00f1a, Alemania, Brasil y Australia depositan en nuestras llaves automotrices. Esto es lo que algunos de ellos tienen que decir:<\/p><ul><li><b><\/b><strong><b>Juan, un cerrajero en Madrid<\/b><\/strong>, elogia nuestra programaci\u00f3n confiable de llaves con chip y la entrega r\u00e1pida, diciendo que aumenta la eficiencia de su negocio.<\/li><li><b><\/b><strong><b>Ana de Alemania<\/b><\/strong>destaca la garant\u00eda de calidad y c\u00f3mo nuestras llaves cubren una amplia gama de modelos de veh\u00edculos, facilitando la gesti\u00f3n de su inventario.<\/li><li><b><\/b><strong><b>Carlos, un distribuidor en Brasil<\/b><\/strong>, valora nuestro soporte postventa integral y el rendimiento constante del producto en diferentes marcas de autom\u00f3viles.<\/li><li><b><\/b><strong><b>Kate en Australia<\/b><\/strong>aprecia el proceso de fabricaci\u00f3n certificado por ISO9001, que garantiza que cada llave cumple con los est\u00e1ndares internacionales.<\/li><\/ul><p>Estamos orgullosos de colaborar con marcas l\u00edderes mundiales en la fabricaci\u00f3n y suministro de llaves automotrices. Aunque respetamos la privacidad difuminando los logotipos, nuestras asociaciones abarcan nombres de confianza en toda Europa, Am\u00e9rica y m\u00e1s all\u00e1.<\/p><p>Descubra opciones confiables como las nuestras\u00a0<a href=\"https:\/\/keylessbest.com\/es\/producto\/2025-2022-toyota-highlander-4-buttons-keyless-entry-remote-hyq14fla-pn-8990h-0e370__trashed\/\">Control remoto de entrada sin llave de 4 botones para Toyota Highlander 2025-2022<\/a>\u00a0confiado por instaladores en todo el mundo.<\/p><p>Nuestro enfoque continuo en la calidad y el servicio nos convierte en una opci\u00f3n preferida para empresas que buscan fabricantes de llaves de coche OEM con alcance global.<\/p>\t\t\t\t\t\t\t\t<\/div>\n\t\t\t\t\t<\/div>\n\t\t\t\t<\/div>\n\t\t<div class=\"elementor-element elementor-element-cc576b1 e-flex e-con-boxed e-con e-parent\" data-id=\"cc576b1\" data-element_type=\"container\">\n\t\t\t\t\t<div class=\"e-con-inner\">\n\t\t\t\t<div class=\"elementor-element elementor-element-241036a elementor-widget elementor-widget-text-editor\" data-id=\"241036a\" data-element_type=\"widget\" data-widget_type=\"text-editor.default\">\n\t\t\t\t\t\t\t\t\t<h2><strong><b>Preguntas frecuentes: Preguntas comunes sobre nuestras llaves de coche<\/b><\/strong><\/h2><h3><strong><b>1. \u00bfQu\u00e9 garant\u00eda ofrecen en sus llaves de coche?<\/b><\/strong><\/h3><p>Ofrecemos una garant\u00eda de 24 meses que cubre todos los defectos de fabricaci\u00f3n. Si su llave presenta problemas no causados por mal uso o accidentes, la reemplazaremos de forma gratuita dentro de este per\u00edodo.<\/p><h3><strong><b>2. \u00bfC\u00f3mo puedo verificar si una llave es compatible con mi veh\u00edculo?<\/b><\/strong><\/h3><p>Puede consultar nuestra lista detallada de compatibilidad de llaves de coche, que cubre modelos desde 1995 hasta 2025 de todas las principales marcas. Para modelos espec\u00edficos como el\u00a0<a href=\"https:\/\/keylessbest.com\/es\/producto\/honda-odyssey-2018-2020-mando-de-entrada-sin-llave-de-7-botones-kr5v2x-v41-pn72147-thr-a11-72147-thr-a21-72147-thr-a31\/\">control remoto de entrada sin llave Honda Odyssey 2018-2020<\/a>, consulte nuestras p\u00e1ginas de productos para confirmarlo.<\/p><h3><strong><b>3. \u00bfPuedo programar la llave yo mismo?<\/b><\/strong><\/h3><p>S\u00ed, la mayor\u00eda de nuestras llaves incluyen gu\u00edas de programaci\u00f3n paso a paso en formato PDF. Tambi\u00e9n ofrecemos soporte remoto y tutoriales en video para ayudarle en el proceso.<\/p><h3><strong><b>4. \u00bfOfrecen programaci\u00f3n de llaves con chip?<\/b><\/strong><\/h3><p>Absolutamente. Nuestras llaves soportan coincidencia y encriptaci\u00f3n de chip. Cada llave pasa por una prueba funcional 100% antes de enviarse para garantizar una programaci\u00f3n adecuada del chip.<\/p><h3><strong><b>5. \u00bfQu\u00e9 hago si mi llave no funciona despu\u00e9s de la compra?<\/b><\/strong><\/h3><p>Ofrecemos soporte t\u00e9cnico 24\/7 para solucionar cualquier problema. Soluciones comunes y gu\u00edas de instrucciones est\u00e1n disponibles para resolver problemas r\u00e1pidamente.<\/p><h3><strong><b>6. \u00bfQu\u00e9 tan r\u00e1pido env\u00edan las llaves?<\/b><\/strong><\/h3><p>Las muestras pueden enviarse en 3-7 d\u00edas. Los pedidos al por mayor dependen de la cantidad, pero siempre nos esforzamos por una entrega r\u00e1pida para satisfacer sus necesidades.<\/p><h3><strong><b>7. \u00bfOfrecen empaquetado personalizado o servicios OEM?<\/b><\/strong><\/h3><p>S\u00ed, los servicios OEM\/ODM est\u00e1n disponibles con opciones de logotipo y empaquetado personalizados adaptados a su negocio.<\/p><h3><strong><b>8. \u00bfSus llaves est\u00e1n certificadas?<\/b><\/strong><\/h3><p>Nuestras llaves de coche est\u00e1n certificadas ISO9001 y tambi\u00e9n cumplen con los est\u00e1ndares CE, FCC y RoHS, respaldadas por informes de inspecci\u00f3n de calidad de terceros.<\/p><h3><strong><b>9. \u00bfPuedo obtener soporte despu\u00e9s de que termine mi garant\u00eda?<\/b><\/strong><\/h3><p>S\u00ed, la consulta t\u00e9cnica de por vida est\u00e1 incluida con cada compra, asegurando que siempre tenga ayuda experta cuando la necesite.<\/p><h3><strong><b>10. \u00bfC\u00f3mo manejo el reemplazo de carcasa de llave?<\/b><\/strong><\/h3><p>Proporcionamos carcasas de llave de alta calidad compatibles con la mayor\u00eda de modelos de coche. Las instrucciones de reemplazo y las piezas est\u00e1n disponibles a solicitud.<\/p>\t\t\t\t\t\t\t\t<\/div>\n\t\t\t\t\t<\/div>\n\t\t\t\t<\/div>\n\t\t\t\t<\/div>","protected":false},"excerpt":{"rendered":"<p>Car Key Replacement &amp; Programming Solutions \u2013 15Years Manufacturer Our focus isn\u2019t just making keys; it\u2019s about delivering\u00a0reliable automotive locksmith supplies\u00a0that fit every customer\u2019s needs. Whether you\u2019re looking for a\u00a0smart proximity key wholesale\u00a0solution or\u00a0key shell replacement, we\u2019ve got you covered. Explore our well-known compatibility, including popular models like Toyota and Mazda, with options such as&#8230;<\/p>","protected":false},"author":1,"featured_media":0,"parent":0,"menu_order":0,"comment_status":"closed","ping_status":"closed","template":"","meta":{"_bst_post_transparent":"","_bst_post_title":"hide","_bst_post_layout":"fullwidth","_bst_post_sidebar_id":"","_bst_post_content_style":"unboxed","_bst_post_vertical_padding":"hide","_bst_post_feature":"hide","_bst_post_feature_position":"","_bst_post_header":false,"_bst_post_footer":false,"footnotes":""},"class_list":["post-13531","page","type-page","status-publish","hentry"],"_links":{"self":[{"href":"https:\/\/keylessbest.com\/es\/wp-json\/wp\/v2\/pages\/13531","targetHints":{"allow":["GET"]}}],"collection":[{"href":"https:\/\/keylessbest.com\/es\/wp-json\/wp\/v2\/pages"}],"about":[{"href":"https:\/\/keylessbest.com\/es\/wp-json\/wp\/v2\/types\/page"}],"author":[{"embeddable":true,"href":"https:\/\/keylessbest.com\/es\/wp-json\/wp\/v2\/users\/1"}],"replies":[{"embeddable":true,"href":"https:\/\/keylessbest.com\/es\/wp-json\/wp\/v2\/comments?post=13531"}],"version-history":[{"count":10,"href":"https:\/\/keylessbest.com\/es\/wp-json\/wp\/v2\/pages\/13531\/revisions"}],"predecessor-version":[{"id":20651,"href":"https:\/\/keylessbest.com\/es\/wp-json\/wp\/v2\/pages\/13531\/revisions\/20651"}],"wp:attachment":[{"href":"https:\/\/keylessbest.com\/es\/wp-json\/wp\/v2\/media?parent=13531"}],"curies":[{"name":"wp","href":"https:\/\/api.w.org\/{rel}","templated":true}]}}