{"id":13533,"date":"2025-07-18T03:40:10","date_gmt":"2025-07-18T03:40:10","guid":{"rendered":"https:\/\/hanwuji.shengjit.com\/?page_id=13533"},"modified":"2025-07-29T11:17:14","modified_gmt":"2025-07-29T11:17:14","slug":"informacion-de-envio","status":"publish","type":"page","link":"https:\/\/keylessbest.com\/es\/informacion-de-envio\/","title":{"rendered":"Informaci\u00f3n de Env\u00edo"},"content":{"rendered":"<div data-elementor-type=\"wp-page\" data-elementor-id=\"13533\" class=\"elementor elementor-13533\" data-elementor-post-type=\"page\">\n\t\t\t\t<div class=\"elementor-element elementor-element-d7988d4 e-flex e-con-boxed e-con e-parent\" data-id=\"d7988d4\" data-element_type=\"container\">\n\t\t\t\t\t<div class=\"e-con-inner\">\n\t\t\t\t<div class=\"elementor-element elementor-element-7f4de3a elementor-widget elementor-widget-text-editor\" data-id=\"7f4de3a\" data-element_type=\"widget\" data-widget_type=\"text-editor.default\">\n\t\t\t\t\t\t\t\t\t<p><strong>Opciones de env\u00edo<\/strong><br \/>Correo est\u00e1ndar (4-7 d\u00edas h\u00e1biles desde la fecha de env\u00edo)<br \/>Correo prioritario (2-3 d\u00edas h\u00e1biles desde la fecha de env\u00edo)<br \/>Correo expr\u00e9s (1-2 d\u00edas h\u00e1biles desde la fecha de env\u00edo)<br \/>UPS Next Day Air (entregado al siguiente d\u00eda h\u00e1bil despu\u00e9s de la fecha de env\u00edo)<\/p><p><strong>Costos de env\u00edo<\/strong><br \/>Todos los precios son la tarifa preferencial negociada baja.<\/p><p><strong>Tiempo de entrega<\/strong><br \/>Los pedidos realizados despu\u00e9s de las 2:00 p.m. hora del este se enviar\u00e1n al siguiente d\u00eda h\u00e1bil. Las opciones de env\u00edo no urgentes requieren 1 d\u00eda de procesamiento. Los d\u00edas h\u00e1biles de env\u00edo son de lunes a viernes, excluyendo d\u00edas festivos.<\/p><p>Informaci\u00f3n de seguimiento log\u00edstico<br \/>Proporcionaremos informaci\u00f3n de seguimiento log\u00edstico para que pueda verificar el progreso del pedido.<\/p><p><strong>Env\u00edo internacional<\/strong><br \/>El servicio de correo internacional surface de USPS est\u00e1 disponible. Clientes internacionales, por favor tengan en cuenta: son responsables de impuestos y aranceles (incluidos los territorios de Espa\u00f1a fuera de la pen\u00ednsula).<\/p><p><strong>Atenci\u00f3n al cliente<\/strong><br \/>Nuestro equipo de atenci\u00f3n al cliente en l\u00ednea est\u00e1 disponible los siete d\u00edas de la semana para responder cualquier otra pregunta sobre el proceso de env\u00edo.<\/p>\t\t\t\t\t\t\t\t<\/div>\n\t\t\t\t\t<\/div>\n\t\t\t\t<\/div>\n\t\t\t\t<\/div>","protected":false},"excerpt":{"rendered":"<p>Shipping OptionsStandard Mail (4-7 business days from the shipping date)Priority Mail (2-3 business days from the shipping date)Express Mail (1-2 business days from the shipping date)UPS Next Day Air (delivered on the next business day after the shipping date) Shipping CostsAll pricing is the negotiated low preferential rate. Delivery TimeOrders placed after 2:00 PM Eastern&#8230;<\/p>","protected":false},"author":1,"featured_media":0,"parent":0,"menu_order":0,"comment_status":"closed","ping_status":"closed","template":"","meta":{"_bst_post_transparent":"","_bst_post_title":"hide","_bst_post_layout":"fullwidth","_bst_post_sidebar_id":"","_bst_post_content_style":"unboxed","_bst_post_vertical_padding":"hide","_bst_post_feature":"hide","_bst_post_feature_position":"","_bst_post_header":false,"_bst_post_footer":false,"footnotes":""},"class_list":["post-13533","page","type-page","status-publish","hentry"],"_links":{"self":[{"href":"https:\/\/keylessbest.com\/es\/wp-json\/wp\/v2\/pages\/13533","targetHints":{"allow":["GET"]}}],"collection":[{"href":"https:\/\/keylessbest.com\/es\/wp-json\/wp\/v2\/pages"}],"about":[{"href":"https:\/\/keylessbest.com\/es\/wp-json\/wp\/v2\/types\/page"}],"author":[{"embeddable":true,"href":"https:\/\/keylessbest.com\/es\/wp-json\/wp\/v2\/users\/1"}],"replies":[{"embeddable":true,"href":"https:\/\/keylessbest.com\/es\/wp-json\/wp\/v2\/comments?post=13533"}],"version-history":[{"count":4,"href":"https:\/\/keylessbest.com\/es\/wp-json\/wp\/v2\/pages\/13533\/revisions"}],"predecessor-version":[{"id":13617,"href":"https:\/\/keylessbest.com\/es\/wp-json\/wp\/v2\/pages\/13533\/revisions\/13617"}],"wp:attachment":[{"href":"https:\/\/keylessbest.com\/es\/wp-json\/wp\/v2\/media?parent=13533"}],"curies":[{"name":"wp","href":"https:\/\/api.w.org\/{rel}","templated":true}]}}