{"id":13672,"date":"2025-07-31T11:17:02","date_gmt":"2025-07-31T11:17:02","guid":{"rendered":"https:\/\/hanwuji.shengjit.com\/?page_id=13672"},"modified":"2025-07-31T11:19:28","modified_gmt":"2025-07-31T11:19:28","slug":"centro-de-servicio","status":"publish","type":"page","link":"https:\/\/keylessbest.com\/es\/centro-de-servicio\/","title":{"rendered":"Centro de Servicio"},"content":{"rendered":"<div data-elementor-type=\"wp-page\" data-elementor-id=\"13672\" class=\"elementor elementor-13672\" data-elementor-post-type=\"page\">\n\t\t\t\t<div class=\"elementor-element elementor-element-a64d101 e-flex e-con-boxed e-con e-parent\" data-id=\"a64d101\" data-element_type=\"container\">\n\t\t\t\t\t<div class=\"e-con-inner\">\n\t\t\t\t<div class=\"elementor-element elementor-element-024a4ae elementor-widget elementor-widget-heading\" data-id=\"024a4ae\" data-element_type=\"widget\" data-widget_type=\"heading.default\">\n\t\t\t\t\t<h2 class=\"elementor-heading-title elementor-size-default\">\u00bfC\u00f3mo confirmar que el producto es correcto?<\/h2>\t\t\t\t<\/div>\n\t\t\t\t<div class=\"elementor-element elementor-element-8b281f4 elementor-widget elementor-widget-text-editor\" data-id=\"8b281f4\" data-element_type=\"widget\" data-widget_type=\"text-editor.default\">\n\t\t\t\t\t\t\t\t\t<p>\u00a0Por favor, confirme que los siguientes detalles coinciden con su veh\u00edculo antes de realizar el pedido: ID FCC, N\u00famero de Parte, A\u00f1o Modelo, IC, Frecuencia, Chip y Botones.<\/p>\t\t\t\t\t\t\t\t<\/div>\n\t\t\t\t\t<\/div>\n\t\t\t\t<\/div>\n\t\t<div class=\"elementor-element elementor-element-3928f84 e-flex e-con-boxed e-con e-parent\" data-id=\"3928f84\" data-element_type=\"container\">\n\t\t\t\t\t<div class=\"e-con-inner\">\n\t\t\t\t<div class=\"elementor-element elementor-element-6650928 elementor-widget elementor-widget-heading\" data-id=\"6650928\" data-element_type=\"widget\" data-widget_type=\"heading.default\">\n\t\t\t\t\t<h2 class=\"elementor-heading-title elementor-size-default\">\u00bfC\u00f3mo cambiar la bater\u00eda?<\/h2>\t\t\t\t<\/div>\n\t\t\t\t<div class=\"elementor-element elementor-element-9fa0c98 elementor-widget elementor-widget-text-editor\" data-id=\"9fa0c98\" data-element_type=\"widget\" data-widget_type=\"text-editor.default\">\n\t\t\t\t\t\t\t\t\t<p>Primero, desmonte la llave remota. Luego, retire la bater\u00eda vieja que se ha agotado. Nueva bater\u00eda, preste atenci\u00f3n a los polos positivo y negativo. Coloque la nueva bater\u00eda y vuelva a montar la llave. Despu\u00e9s de probar con \u00e9xito, \u00a1todo est\u00e1 listo!<\/p>\t\t\t\t\t\t\t\t<\/div>\n\t\t\t\t\t<\/div>\n\t\t\t\t<\/div>\n\t\t<div class=\"elementor-element elementor-element-48c971e e-flex e-con-boxed e-con e-parent\" data-id=\"48c971e\" data-element_type=\"container\">\n\t\t\t\t\t<div class=\"e-con-inner\">\n\t\t\t\t<div class=\"elementor-element elementor-element-d91d4d6 elementor-widget elementor-widget-heading\" data-id=\"d91d4d6\" data-element_type=\"widget\" data-widget_type=\"heading.default\">\n\t\t\t\t\t<h2 class=\"elementor-heading-title elementor-size-default\">\u00bfC\u00f3mo programar la llave remota?<\/h2>\t\t\t\t<\/div>\n\t\t\t\t<div class=\"elementor-element elementor-element-e9c7e6f elementor-widget elementor-widget-text-editor\" data-id=\"e9c7e6f\" data-element_type=\"widget\" data-widget_type=\"text-editor.default\">\n\t\t\t\t\t\t\t\t\t<p>En primer lugar, necesita confirmar si su llave remota puede ser programada por usted mismo o si necesita un profesional para hacerlo. En segundo lugar, si su veh\u00edculo soporta la auto-programaci\u00f3n, puede seguir el tutorial de programaci\u00f3n de la llave remota para hacerlo usted mismo. Si su veh\u00edculo necesita ser programado por un profesional, contacte a su cerrajero local o concesionario que realizar\u00e1 la programaci\u00f3n. Lo m\u00e1s importante, aseg\u00farese de que la llave del coche que compr\u00f3 sea compatible con su veh\u00edculo, y si la programaci\u00f3n falla por una compra incorrecta, lo siento mucho.<\/p>\t\t\t\t\t\t\t\t<\/div>\n\t\t\t\t\t<\/div>\n\t\t\t\t<\/div>\n\t\t\t\t<\/div>","protected":false},"excerpt":{"rendered":"<p>How to confirm correct product? \u00a0Please confirm the following details match your vehicle before ordering: FCC ID , Part Number , Year Model , IC , Frequency, Chip, and Buttons. How to change battery? First, disassemble the remote key. Then, take out the old battery that has run out of power.New battery, pay attention to&#8230;<\/p>","protected":false},"author":1,"featured_media":0,"parent":0,"menu_order":0,"comment_status":"closed","ping_status":"closed","template":"","meta":{"_bst_post_transparent":"","_bst_post_title":"hide","_bst_post_layout":"fullwidth","_bst_post_sidebar_id":"","_bst_post_content_style":"unboxed","_bst_post_vertical_padding":"hide","_bst_post_feature":"hide","_bst_post_feature_position":"","_bst_post_header":false,"_bst_post_footer":false,"footnotes":""},"class_list":["post-13672","page","type-page","status-publish","hentry"],"_links":{"self":[{"href":"https:\/\/keylessbest.com\/es\/wp-json\/wp\/v2\/pages\/13672","targetHints":{"allow":["GET"]}}],"collection":[{"href":"https:\/\/keylessbest.com\/es\/wp-json\/wp\/v2\/pages"}],"about":[{"href":"https:\/\/keylessbest.com\/es\/wp-json\/wp\/v2\/types\/page"}],"author":[{"embeddable":true,"href":"https:\/\/keylessbest.com\/es\/wp-json\/wp\/v2\/users\/1"}],"replies":[{"embeddable":true,"href":"https:\/\/keylessbest.com\/es\/wp-json\/wp\/v2\/comments?post=13672"}],"version-history":[{"count":0,"href":"https:\/\/keylessbest.com\/es\/wp-json\/wp\/v2\/pages\/13672\/revisions"}],"wp:attachment":[{"href":"https:\/\/keylessbest.com\/es\/wp-json\/wp\/v2\/media?parent=13672"}],"curies":[{"name":"wp","href":"https:\/\/api.w.org\/{rel}","templated":true}]}}