{"id":13676,"date":"2025-07-31T11:30:54","date_gmt":"2025-07-31T11:30:54","guid":{"rendered":"https:\/\/hanwuji.shengjit.com\/?page_id=13676"},"modified":"2025-11-20T03:53:56","modified_gmt":"2025-11-20T03:53:56","slug":"afiliado","status":"publish","type":"page","link":"https:\/\/keylessbest.com\/es\/afiliado\/","title":{"rendered":"Afiliado"},"content":{"rendered":"<div data-elementor-type=\"wp-page\" data-elementor-id=\"13676\" class=\"elementor elementor-13676\" data-elementor-post-type=\"page\">\n\t\t\t\t<div class=\"elementor-element elementor-element-5e83afd e-flex e-con-boxed e-con e-parent\" data-id=\"5e83afd\" data-element_type=\"container\">\n\t\t\t\t\t<div class=\"e-con-inner\">\n\t\t\t\t<div class=\"elementor-element elementor-element-dd9fe70 elementor-widget elementor-widget-heading\" data-id=\"dd9fe70\" data-element_type=\"widget\" data-widget_type=\"heading.default\">\n\t\t\t\t\t<h2 class=\"elementor-heading-title elementor-size-default\">Programa de Afiliados de Llaveros de Coche: Gana Altas Comisiones con 15 A\u00f1os de Fabricante<\/h2>\t\t\t\t<\/div>\n\t\t\t\t\t<\/div>\n\t\t\t\t<\/div>\n\t\t<div class=\"elementor-element elementor-element-8d8c6e4 e-flex e-con-boxed e-con e-parent\" data-id=\"8d8c6e4\" data-element_type=\"container\">\n\t\t\t\t\t<div class=\"e-con-inner\">\n\t\t\t\t<div class=\"elementor-element elementor-element-337a462 elementor-widget elementor-widget-text-editor\" data-id=\"337a462\" data-element_type=\"widget\" data-widget_type=\"text-editor.default\">\n\t\t\t\t\t\t\t\t\t<p>Si buscas aprovechar el mercado en auge de <strong>llaveros de coche\u00a0<\/strong>y ganar dinero en serio, est\u00e1s en el lugar correcto. Imagina asociarte con un\u00a0<strong>fabricante de 15 a\u00f1os<\/strong> que te entrega las llaves\u2014literalmente\u2014a altas comisiones y sin riesgos de inventario por adelantado. El <strong>programa de afiliados de llaveros de coche<\/strong>\u00a0de <strong>KeylessBest<\/strong> ofrece precios mayoristas inmejorables, cero pedidos m\u00ednimos y ganancias escalables que se adaptan a bloggers, cerrajeros y profesionales del comercio electr\u00f3nico por igual. \u00bfListo para convertir la necesidad de tu audiencia de reemplazos de llaves automotrices asequibles y confiables en un ingreso pasivo constante? Vamos a profundizar y ver c\u00f3mo esta asociaci\u00f3n probada puede llevar tu juego de afiliados a toda marcha.<\/p>\t\t\t\t\t\t\t\t<\/div>\n\t\t\t\t\t<\/div>\n\t\t\t\t<\/div>\n\t\t<div class=\"elementor-element elementor-element-cfa1717 e-flex e-con-boxed e-con e-parent\" data-id=\"cfa1717\" data-element_type=\"container\">\n\t\t\t\t\t<div class=\"e-con-inner\">\n\t\t<div class=\"elementor-element elementor-element-4bb2352 e-con-full e-flex e-con e-child\" data-id=\"4bb2352\" data-element_type=\"container\">\n\t\t\t\t<div class=\"elementor-element elementor-element-e9829fa elementor-widget elementor-widget-text-editor\" data-id=\"e9829fa\" data-element_type=\"widget\" data-widget_type=\"text-editor.default\">\n\t\t\t\t\t\t\t\t\t<h2>\u00a0<\/h2><h2>El mercado en auge de los llaveros de coche:<\/h2><p>La demanda de <strong>llaveros de coche<\/strong> est\u00e1 en aumento y con raz\u00f3n. A medida que los veh\u00edculos se vuelven m\u00e1s avanzados, crece la necesidad de llaves inteligentes confiables y programables.<strong> Reemplazo de llaves de auto<\/strong> no es solo un nicho, es un mercado en auge impulsado por conductores que pierden, da\u00f1an o desean mejorar sus llaves automotrices. Esto crea una gran oportunidad para los afiliados que buscan aprovechar una industria estable y en crecimiento.<\/p>\t\t\t\t\t\t\t\t<\/div>\n\t\t\t\t<\/div>\n\t\t<div class=\"elementor-element elementor-element-5b63e3b e-con-full e-flex e-con e-child\" data-id=\"5b63e3b\" data-element_type=\"container\">\n\t\t<div class=\"elementor-element elementor-element-129a080 e-con-full e-flex e-con e-child\" data-id=\"129a080\" data-element_type=\"container\">\n\t\t\t\t<div class=\"elementor-element elementor-element-91814cd elementor-widget elementor-widget-text-editor\" data-id=\"91814cd\" data-element_type=\"widget\" data-widget_type=\"text-editor.default\">\n\t\t\t\t\t\t\t\t\t<h2>\u00a0\u00bfPor qu\u00e9 importa este mercado?\u00a0<\/h2>\t\t\t\t\t\t\t\t<\/div>\n\t\t\t\t<div class=\"elementor-element elementor-element-18066ba elementor-widget elementor-widget-text-editor\" data-id=\"18066ba\" data-element_type=\"widget\" data-widget_type=\"text-editor.default\">\n\t\t\t\t\t\t\t\t\t<ul><li><strong>Los requisitos crecientes de seguridad en los veh\u00edculos<\/strong>\u00a0significan llaveros m\u00e1s sofisticados.<\/li><li><strong>Un n\u00famero creciente de propietarios de coches<\/strong>\u00a0necesitando reemplazos r\u00e1pidos y econ\u00f3micos de llaves.<\/li><li><strong>Sin pedido m\u00ednimo de blanks de llaves y precios al por mayor<\/strong>\u00a0haz que sea f\u00e1cil almacenarlas y revenderlas.<\/li><li><strong>Avances tecnol\u00f3gicos en chips transpondedores<\/strong>\u00a0crear demanda para proveedores expertos.<\/li><\/ul>\t\t\t\t\t\t\t\t<\/div>\n\t\t\t\t<\/div>\n\t\t<div class=\"elementor-element elementor-element-a39e6dd e-con-full e-flex e-con e-child\" data-id=\"a39e6dd\" data-element_type=\"container\">\n\t\t\t\t<\/div>\n\t\t\t\t<\/div>\n\t\t\t\t\t<\/div>\n\t\t\t\t<\/div>\n\t\t<div class=\"elementor-element elementor-element-96ca2b1 e-flex e-con-boxed e-con e-parent\" data-id=\"96ca2b1\" data-element_type=\"container\">\n\t\t\t\t\t<div class=\"e-con-inner\">\n\t\t\t\t<div class=\"elementor-element elementor-element-eae85ce elementor-widget elementor-widget-text-editor\" data-id=\"eae85ce\" data-element_type=\"widget\" data-widget_type=\"text-editor.default\">\n\t\t\t\t\t\t\t\t\t<h2>Dentro de KeylessBest: 15 a\u00f1os de excelencia en fabricaci\u00f3n de llaves automotrices<\/h2><p>En KeylessBest, hemos pasado los \u00faltimos 15 a\u00f1os perfeccionando la fabricaci\u00f3n de llaveros para autom\u00f3viles. Comenzando como una peque\u00f1a operaci\u00f3n, hemos crecido hasta convertirnos en un proveedor de confianza conocido por su calidad y fiabilidad. Nuestro recorrido est\u00e1 marcado por hitos importantes como la expansi\u00f3n de nuestra red de distribuidores de llaves inteligentes programables y el lanzamiento de una pol\u00edtica de blanks de llaves sin pedido m\u00ednimo que abri\u00f3 puertas tanto para compradores peque\u00f1os como grandes.<\/p><p>Para afiliados, ofrecemos beneficios principales insuperables: opciones mayoristas sin pedido m\u00ednimo, precios competitivos por volumen y asociaciones flexibles de llaves de coche de marca blanca. Esto significa que puedes comenzar a vender sin costos iniciales elevados, escalar con precios directos de f\u00e1brica y personalizar productos bajo tu propia marca.<\/p><p>Nuestra experiencia se refleja en casos de \u00e9xito con socios. Por ejemplo, los cerrajeros afiliados han aumentado sus ingresos mediante nuestras soluciones de llaveros compatibles con OEM, mientras que los proveedores de hojas de llave de coche en toda Europa conf\u00edan en nosotros por nuestra calidad constante y entregas r\u00e1pidas.<\/p><p>Explora algunos de nuestros productos populares como el\u00a0<a href=\"https:\/\/keylessbest.com\/es\/producto\/control-remoto-de-entrada-sin-llave-para-toyota-4runner-prius-v-venza-prius-c-de-2009-a-2019-hyq14acx-pn-89904-47230-89904-0t050-4d-67\/\">control remoto sin llave Toyota 4Runner 2009-2019<\/a>\u00a0para ver la calidad y variedad que nos hacen destacar.<\/p><p>Al asociarte con KeylessBest, accedes a conocimientos de fabricaci\u00f3n probados, soporte s\u00f3lido y programas flexibles dise\u00f1ados para ayudarte a crecer en el mercado de llaves automotrices.<\/p>\t\t\t\t\t\t\t\t<\/div>\n\t\t\t\t\t<\/div>\n\t\t\t\t<\/div>\n\t\t<div class=\"elementor-element elementor-element-63cabaf e-flex e-con-boxed e-con e-parent\" data-id=\"63cabaf\" data-element_type=\"container\">\n\t\t\t\t\t<div class=\"e-con-inner\">\n\t\t\t\t<div class=\"elementor-element elementor-element-9591bc1 elementor-widget elementor-widget-text-editor\" data-id=\"9591bc1\" data-element_type=\"widget\" data-widget_type=\"text-editor.default\">\n\t\t\t\t\t\t\t\t\t<h2>Nuestro Programa de Afiliados: Gana altas comisiones sin complicaciones<\/h2><p>En KeylessBest, nuestro programa de afiliados est\u00e1 dise\u00f1ado para hacer que ganar sea simple y gratificante. Ofrecemos\u00a0<strong>tarifas de comisi\u00f3n escalonadas<\/strong>, as\u00ed que cuanto m\u00e1s vendas, m\u00e1s aumentar\u00e1n tus ganancias. Disfrutar\u00e1s de una\u00a0<strong>duraci\u00f3n de cookie generosa<\/strong>, que asegura que recibas cr\u00e9dito por las referencias a lo largo del tiempo, y los pagos se realizan r\u00e1pidamente una vez que alcanzas nuestros\u00a0<strong>umbrales de pago razonables<\/strong>.<\/p><p>Comenzar es sencillo. Nuestro programa est\u00e1 abierto a cualquier persona \u2014 desde cerrajeros hasta revendedores de piezas de autom\u00f3viles \u2014 con un proceso de registro r\u00e1pido que te permite empezar a ganar r\u00e1pidamente. Adem\u00e1s, ofrecemos una variedad de\u00a0<strong>herramientas de afiliados<\/strong>\u00a0como banners, enlaces de productos y un panel de control f\u00e1cil de usar para seguir tu rendimiento.<\/p><p>No solo comisiones, los afiliados pueden acceder a\u00a0<strong>fuentes de ingresos adicionales<\/strong>\u00a0con oportunidades en asociaciones de marca blanca, bonificaciones por pedidos al por mayor y promociones exclusivas. Los afiliados que ya generan buenos ingresos muestran lo f\u00e1cil que es convertir los llaveros KeylessBest CAE en un ingreso constante y con altas comisiones.<\/p><p>Considera promocionar art\u00edculos populares como nuestro confiable\u00a0<a href=\"https:\/\/keylessbest.com\/es\/producto\/2017-2024-chrysler-pacifica-voyager-mando-de-entrada-sin-llave-de-6-botones-m3n-97395900-pn-68241532ac-68241532ab-2__trashed\/\">control remoto de entrada sin llave para Chrysler Pacifica 2017-2024<\/a>\u00a0para agregar valor instant\u00e1neo a tus promociones y atraer a clientes que necesitan reemplazos asequibles y compatibles con OEM.<\/p>\t\t\t\t\t\t\t\t<\/div>\n\t\t\t\t\t<\/div>\n\t\t\t\t<\/div>\n\t\t<div class=\"elementor-element elementor-element-a0d636f e-flex e-con-boxed e-con e-parent\" data-id=\"a0d636f\" data-element_type=\"container\">\n\t\t\t\t\t<div class=\"e-con-inner\">\n\t\t\t\t<div class=\"elementor-element elementor-element-1847abe elementor-widget elementor-widget-text-editor\" data-id=\"1847abe\" data-element_type=\"widget\" data-widget_type=\"text-editor.default\">\n\t\t\t\t\t\t\t\t\t<h2>Maximizando tus ganancias con llaveros KeylessBest CAE<\/h2><p>Para realmente aumentar tus ingresos como afiliado, enf\u00f3cate en estrategias inteligentes de promoci\u00f3n para los llaveros KeylessBest CAE. Aqu\u00ed tienes algunas t\u00e1cticas comprobadas para ayudarte a maximizar tus ganancias:<\/p><h3><strong>Consejos de marketing de contenidos y p\u00fablicos objetivos<\/strong><\/h3><ul><li><strong>Crea gu\u00edas \u00fatiles y tutoriales<\/strong>\u00a0sobre c\u00f3mo reemplazar llaves de autom\u00f3viles y programar llaves con transpondedor. Esto atrae a propietarios de coches y cerrajeros que buscan soluciones confiables.<\/li><li><strong>Dir\u00edgete a cerrajeros, talleres de reparaci\u00f3n de autom\u00f3viles y revendedores de llaves de autos<\/strong>\u00a0que necesitan regularmente acceso mayorista a llaves inteligentes programables y llaves en blanco.<\/li><li>Utiliza publicaciones en blogs, redes sociales y boletines por correo electr\u00f3nico para educar a tu audiencia sobre los beneficios de las llaves en blanco sin pedido m\u00ednimo y las opciones de reemplazo de llaves de autos al por mayor.<\/li><\/ul><h3><strong>T\u00e1cticas de SEO y publicidad pagada<\/strong><\/h3><ul><li>Optimiza tu sitio web y contenido para palabras clave como\u00a0<em>mayorista de llaveros de autom\u00f3viles<\/em>,\u00a0<em>precios al por mayor de llaveros de entrada inteligente<\/em>, y\u00a0<em>distribuidor de llaves inteligentes programables<\/em>\u00a0para mejorar el posicionamiento en b\u00fasquedas org\u00e1nicas.<\/li><li>Ejecuta anuncios dirigidos en plataformas como Google Ads o Facebook para llegar a cerrajeros automotrices y revendedores de llaves de coche, especialmente aquellos que buscan ofertas mayoristas de llaves transpondedor expertas.<\/li><li>Utiliza anuncios de retargeting para captar a los visitantes que mostraron inter\u00e9s pero no convirtieron de inmediato.<\/li><\/ul>\t\t\t\t\t\t\t\t<\/div>\n\t\t\t\t\t<\/div>\n\t\t\t\t<\/div>\n\t\t<div class=\"elementor-element elementor-element-78a4b28 e-flex e-con-boxed e-con e-parent\" data-id=\"78a4b28\" data-element_type=\"container\">\n\t\t\t\t\t<div class=\"e-con-inner\">\n\t\t\t\t<div class=\"elementor-element elementor-element-e6613c0 elementor-widget elementor-widget-text-editor\" data-id=\"e6613c0\" data-element_type=\"widget\" data-widget_type=\"text-editor.default\">\n\t\t\t\t\t\t\t\t\t<h3><strong>Escalando con ventas adicionales y herramientas de seguimiento<\/strong><\/h3><ul><li>Ofrece productos complementarios como paquetes de herramientas para cerrajeros o opciones mayoristas de hojas de llave junto con llaveros CAE para aumentar el valor medio de tu pedido.<\/li><li>Aprovecha las herramientas de seguimiento de afiliados y una calculadora de ganancias de afiliados que ofrecen los programas automotrices para monitorear qu\u00e9 funciona y optimizar tus campa\u00f1as.<\/li><li>Considera oportunidades de asociaci\u00f3n de llaves de coche de marca blanca con KeylessBest para construir tu marca y aumentar los ingresos por comisiones recurrentes.<\/li><\/ul><p>Dominar estas estrategias puede convertir tu asociaci\u00f3n de afiliados en una fuente constante de ingresos por comisiones altas en el mercado en crecimiento de reemplazo de llaves de coche.<\/p><p>Por ejemplo, promocionar modelos populares como el\u00a0<a href=\"https:\/\/keylessbest.com\/es\/producto\/2020-2025-hyundai-elantra-4-buttons-keyless-entry-remote-nyombec5fob2004-6a__trashed\/\">2020-2025 Hyundai Elantra con mando a distancia sin llave de 4 botones<\/a>\u00a0puede ayudarte a acceder a una base s\u00f3lida de clientes que buscan reemplazos confiables.<\/p><h2>\u00bfPor qu\u00e9 elegir KeylessBest sobre los competidores?<\/h2><p>En lo que respecta a programas de afiliados de llaveros CAE, KeylessBest destaca claramente. Aqu\u00ed tienes una comparaci\u00f3n r\u00e1pida que muestra por qu\u00e9 somos la mejor opci\u00f3n para socios mayoristas de llaveros de coche:<\/p><div class=\"table-responsive\"><table class=\"table\"><thead><tr><th style=\"text-align: left;\">Caracter\u00edstica<\/th><th style=\"text-align: left;\">KeylessBest<\/th><th style=\"text-align: left;\">Competidores t\u00edpicos<\/th><\/tr><\/thead><tbody><tr><td><strong>Cantidad m\u00ednima de pedido (MOQ)<\/strong><\/td><td>No se requiere MOQ<\/td><td>A menudo umbrales de MOQ altos<\/td><\/tr><tr><td><strong>Tarifas de comisi\u00f3n<\/strong><\/td><td>Hasta el nivel 20% escalonado<\/td><td>Normalmente 5-10% fijo<\/td><\/tr><tr><td><strong>Soporte<\/strong><\/td><td>Soporte dedicado de afiliados 24\/7<\/td><td>Respuesta limitada o lenta<\/td><\/tr><tr><td><strong>Garant\u00eda sin defectos<\/strong><\/td><td>S\u00ed \u2014 verificado por socios<\/td><td>Normalmente garant\u00eda limitada<\/td><\/tr><tr><td><strong>Opciones de Marca Blanca<\/strong><\/td><td>Disponible para todos los afiliados<\/td><td>Raro o ninguno<\/td><\/tr><tr><td><strong>Precios al por mayor para afiliados<\/strong><\/td><td>Precios competitivos en masa para llaveros inteligentes de entrada<\/td><td>Menos transparente o disponible<\/td><\/tr><tr><td><strong>Innovaciones \u00fanicas<\/strong><\/td><td>La \u00faltima tecnolog\u00eda en llaves inteligentes programables<\/td><td>Reemplazos b\u00e1sicos \u00fanicamente<\/td><\/tr><\/tbody><\/table><\/div><h3><strong>Mitigaci\u00f3n de riesgos y confianza:<\/strong><\/h3><p>Respaldamos cada producto con una garant\u00eda sin defectos, para que tus clientes obtengan reemplazos confiables, minimizando devoluciones y problemas. Nuestros estrictos controles de calidad y atenci\u00f3n r\u00e1pida al cliente nos diferencian en fiabilidad.<\/p><h3><strong>Historias de \u00e9xito verificadas:<\/strong><\/h3><p>Nuestros afiliados comparten regularmente c\u00f3mo las comisiones de KeylessBest ayudan a aumentar sus ganancias, gracias a nuestro programa claro y directo. Tambi\u00e9n elogian la facilidad de pedir llaves en blanco sin m\u00ednimo y reemplazos autom\u00e1ticos de llaves en volumen.<\/p><p>Elegir KeylessBest significa obtener mejores m\u00e1rgenes con bajas barreras de entrada, calidad de producto de primera y soporte adaptado para ayudarte a crecer\u2014haciendo que tu papel como afiliado sea sin complicaciones y gratificante.<\/p><p>Consulta nuestra selecci\u00f3n de llaveros confiables, como el\u00a0<a href=\"https:\/\/keylessbest.com\/es\/producto\/2025-2024-chevrolet-blazer-trailblazer-traverse-5-buttons-keyless-entry-remote-hyq4es-pn-13530713-46__trashed\/\">control remoto de entrada sin llave Chevrolet Blazer 2025-2024<\/a>, que cuenta con la tecnolog\u00eda m\u00e1s reciente de chips transpondedores confiable en el mercado.<\/p><h2>C\u00f3mo empezar: Tu hoja de ruta hacia el \u00e9xito como afiliado con KeylessBest<\/h2><p>Comenzar tu camino como afiliado de KeylessBest es simple y r\u00e1pido. Aqu\u00ed te mostramos c\u00f3mo puedes empezar:<\/p><ul><li><strong>Reg\u00edstrate f\u00e1cilmente<\/strong>\u00a0en nuestro portal de afiliados llenando un formulario r\u00e1pido en tu\u00a0<a href=\"https:\/\/keylessbest.com\/es\/mi-cuenta-2\/\">p\u00e1gina de registro de cuenta<\/a>.<\/li><li><strong>Elige tu nicho<\/strong>\u2014ya sea que te enfoques en la venta al por mayor de llaveros automotrices, distribuci\u00f3n de llaves inteligentes programables o paquetes de herramientas para cerrajeros.<\/li><li><strong>Accede a tu panel de afiliado<\/strong>\u00a0para obtener enlaces de seguimiento, banners y materiales de marketing al instante.<\/li><li><strong>Comienza a promocionar<\/strong>\u00a0productos de alta demanda como nuestro\u00a0<a href=\"https:\/\/keylessbest.com\/es\/producto\/2018-2019-toyota-land-cruiser-mando-de-entrada-sin-llave-de-4-botones-hyq14fba-pn-89904-60m80__trashed\/\">control remoto de entrada sin llave Toyota Land Cruiser de 4 botones<\/a>\u00a0o modelos de Audi.<\/li><\/ul><h3>Preguntas frecuentes respondidas<\/h3><ul><li><strong>\u00bfNecesito tener inventario en stock?<\/strong>\u00a0No, KeylessBest se encarga del cumplimiento, as\u00ed que t\u00fa te concentras en ganar.<\/li><li><strong>\u00bfCu\u00e1ndo me pagan?<\/strong>\u00a0Las comisiones se pagan puntualmente despu\u00e9s de alcanzar el umbral m\u00ednimo de pago.<\/li><li><strong>\u00bfSon los productos compatibles con marcas de coches populares?<\/strong>\u00a0S\u00ed, ofrecemos llaveros y blanks OEM compatibles para una amplia gama de veh\u00edculos.<\/li><\/ul><p>Si quieres aprovechar el mercado en auge de reemplazo de llaves de coche y ganar altas comisiones con un fabricante de confianza con 15 a\u00f1os de experiencia, ahora es el momento de unirte. No esperes\u2014nuestros cupos de afiliados se llenan r\u00e1pido, y las oportunidades de asociaci\u00f3n con llaveros en 2025 no durar\u00e1n mucho.<\/p><p>\u00a0<\/p>\t\t\t\t\t\t\t\t<\/div>\n\t\t\t\t\t<\/div>\n\t\t\t\t<\/div>\n\t\t\t\t<\/div>","protected":false},"excerpt":{"rendered":"<p>Car Key Fob Affiliate Program: Earn High Commissions with 15 Years Manufacturer If you\u2019re looking to tap into the booming market of car\u00a0key fobs\u00a0and earn serious money, you\u2019re in the right place. Imagine partnering with a\u00a015 years manufacturer that hands you the keys\u2014literally\u2014to high commissions and no upfront inventory risks. The car\u00a0key fob Affiliate\u00a0program from&#8230;<\/p>","protected":false},"author":1,"featured_media":0,"parent":0,"menu_order":0,"comment_status":"closed","ping_status":"closed","template":"","meta":{"_bst_post_transparent":"","_bst_post_title":"hide","_bst_post_layout":"fullwidth","_bst_post_sidebar_id":"","_bst_post_content_style":"unboxed","_bst_post_vertical_padding":"hide","_bst_post_feature":"hide","_bst_post_feature_position":"","_bst_post_header":false,"_bst_post_footer":false,"footnotes":""},"class_list":["post-13676","page","type-page","status-publish","hentry"],"_links":{"self":[{"href":"https:\/\/keylessbest.com\/es\/wp-json\/wp\/v2\/pages\/13676","targetHints":{"allow":["GET"]}}],"collection":[{"href":"https:\/\/keylessbest.com\/es\/wp-json\/wp\/v2\/pages"}],"about":[{"href":"https:\/\/keylessbest.com\/es\/wp-json\/wp\/v2\/types\/page"}],"author":[{"embeddable":true,"href":"https:\/\/keylessbest.com\/es\/wp-json\/wp\/v2\/users\/1"}],"replies":[{"embeddable":true,"href":"https:\/\/keylessbest.com\/es\/wp-json\/wp\/v2\/comments?post=13676"}],"version-history":[{"count":3,"href":"https:\/\/keylessbest.com\/es\/wp-json\/wp\/v2\/pages\/13676\/revisions"}],"predecessor-version":[{"id":18445,"href":"https:\/\/keylessbest.com\/es\/wp-json\/wp\/v2\/pages\/13676\/revisions\/18445"}],"wp:attachment":[{"href":"https:\/\/keylessbest.com\/es\/wp-json\/wp\/v2\/media?parent=13676"}],"curies":[{"name":"wp","href":"https:\/\/api.w.org\/{rel}","templated":true}]}}