{"id":16,"date":"2025-07-14T04:04:21","date_gmt":"2025-07-14T04:04:21","guid":{"rendered":"https:\/\/hanwuji.shengjit.com\/?page_id=16"},"modified":"2025-11-19T09:07:00","modified_gmt":"2025-11-19T09:07:00","slug":"reembolso_devoluciones","status":"publish","type":"page","link":"https:\/\/keylessbest.com\/es\/reembolso_devoluciones\/","title":{"rendered":"Pol\u00edtica de Reembolso y Devoluciones"},"content":{"rendered":"<div data-elementor-type=\"wp-page\" data-elementor-id=\"16\" class=\"elementor elementor-16\" data-elementor-post-type=\"page\">\n\t\t\t\t<div class=\"elementor-element elementor-element-7b77fe3 e-flex e-con-boxed e-con e-parent\" data-id=\"7b77fe3\" data-element_type=\"container\">\n\t\t\t\t\t<div class=\"e-con-inner\">\n\t\t\t\t<div class=\"elementor-element elementor-element-56b78aa elementor-widget elementor-widget-heading\" data-id=\"56b78aa\" data-element_type=\"widget\" data-widget_type=\"heading.default\">\n\t\t\t\t\t<h1 class=\"elementor-heading-title elementor-size-default\"><a href=\"https:\/\/keylessbest.com\/es\/\">Pol\u00edtica de Reembolso y Devoluciones de KeylessBest para Llaveros de Coche<\/a><\/h1>\t\t\t\t<\/div>\n\t\t\t\t\t<\/div>\n\t\t\t\t<\/div>\n\t\t<div class=\"elementor-element elementor-element-05a0885 e-flex e-con-boxed e-con e-parent\" data-id=\"05a0885\" data-element_type=\"container\">\n\t\t\t\t\t<div class=\"e-con-inner\">\n\t\t\t\t<div class=\"elementor-element elementor-element-d51b19d elementor-widget elementor-widget-text-editor\" data-id=\"d51b19d\" data-element_type=\"widget\" data-widget_type=\"text-editor.default\">\n\t\t\t\t\t\t\t\t\t<p>Cuando tu\u00a0<strong><b>llavero de coche<\/b><\/strong>\u00a0falla o no encaja correctamente, lo \u00faltimo que quieres es quedarte con pol\u00edticas de devoluci\u00f3n confusas o restrictivas. Por eso, entender una pol\u00edtica de reembolso y devoluciones clara y f\u00e1cil de usar\u00a0<strong><b>de llaveros de coche<\/b><\/strong>\u00a0no solo es recomendable, sino imprescindible antes de comprar. En KeylessBest, vamos m\u00e1s all\u00e1 de las habituales ventanas de devoluci\u00f3n de 30 a 90 d\u00edas con un plan de cobertura sin complicaciones de 24 meses que protege tu compra y tu tranquilidad por igual. \u00bfListo para comprar sin miedo a tarifas ocultas, cargos por reposici\u00f3n o plazos apretados? Sigue leyendo para ver c\u00f3mo hacemos que devolver o cambiar tu llavero de coche sea simple, confiable y sin riesgos.<\/p>\t\t\t\t\t\t\t\t<\/div>\n\t\t\t\t\t<\/div>\n\t\t\t\t<\/div>\n\t\t<div class=\"elementor-element elementor-element-9df3e15 e-flex e-con-boxed e-con e-parent\" data-id=\"9df3e15\" data-element_type=\"container\">\n\t\t\t\t\t<div class=\"e-con-inner\">\n\t\t\t\t<div class=\"elementor-element elementor-element-044a4c5 elementor-widget elementor-widget-text-editor\" data-id=\"044a4c5\" data-element_type=\"widget\" data-widget_type=\"text-editor.default\">\n\t\t\t\t\t\t\t\t\t<h2><strong><b>Comprendiendo la Pol\u00edtica Central de Reembolso y Devoluciones de KeylessBest<\/b><\/strong><\/h2>\n<p>En KeylessBest, entendemos lo importante que es tu llavero de coche. Por eso, nuestra pol\u00edtica de reembolso y devoluciones est\u00e1 dise\u00f1ada para ser simple, justa y amigable con el cliente. Aqu\u00ed tienes un resumen r\u00e1pido de lo que nos diferencia:<\/p>\n<h3><strong><b>Pilares clave de la pol\u00edtica<\/b><\/strong><\/h3>\n<ul>\n<li><b><\/b><strong><b>Reembolsos completos disponibles dentro de 24 meses<\/b><\/strong>desde la compra<\/li>\n<li><b><\/b><strong><b>Cambios sin preguntas<\/b><\/strong>para reemplazos sin complicaciones<\/li>\n<li><b><\/b><strong><b>Cero tarifas de reposici\u00f3n<\/b><\/strong>\u2014 sin costos ocultos al devolver o cambiar<\/li>\n<\/ul>\n<h3><strong><b>Criterios de elegibilidad<\/b><\/strong><\/h3>\n<ul>\n<li>Los llaveros deben ser\u00a0<strong><b>nuevos, sin usar y en su embalaje original<\/b><\/strong><\/li>\n<li>Llaves cortadas o programadas a medida\u00a0<strong><b>excluidas de reembolsos<\/b><\/strong>pero con opciones claras de exclusi\u00f3n en la compra<\/li>\n<li>Devoluciones no aceptadas en art\u00edculos usados o da\u00f1ados<\/li>\n<\/ul>\t\t\t\t\t\t\t\t<\/div>\n\t\t\t\t\t<\/div>\n\t\t\t\t<\/div>\n\t\t<div class=\"elementor-element elementor-element-4ba1aa3 e-flex e-con-boxed e-con e-parent\" data-id=\"4ba1aa3\" data-element_type=\"container\">\n\t\t\t\t\t<div class=\"e-con-inner\">\n\t\t\t\t<div class=\"elementor-element elementor-element-cce9304 elementor-widget elementor-widget-text-editor\" data-id=\"cce9304\" data-element_type=\"widget\" data-widget_type=\"text-editor.default\">\n\t\t\t\t\t\t\t\t\t<h3><strong><b>C\u00f3mo Nos Comparamos<\/b><\/strong><\/h3>\n<table>\n<tbody>\n<tr>\n<td>\n<p><strong><b>Caracter\u00edstica<\/b><\/strong><\/p>\n<\/td>\n<td>\n<p><strong><b>KeylessBest<\/b><\/strong><\/p>\n<\/td>\n<td>\n<p><strong><b>Competidores<\/b><\/strong><\/p>\n<\/td>\n<\/tr>\n<tr>\n<td>\n<p>Ventana de reembolso<\/p>\n<\/td>\n<td>\n<p>24 meses<\/p>\n<\/td>\n<td>\n<p>30-90 d\u00edas<\/p>\n<\/td>\n<\/tr>\n<tr>\n<td>\n<p>Pol\u00edtica de cambio<\/p>\n<\/td>\n<td>\n<p>Sin preguntas<\/p>\n<\/td>\n<td>\n<p>A menudo condicional<\/p>\n<\/td>\n<\/tr>\n<tr>\n<td>\n<p>Tarifas de reposici\u00f3n<\/p>\n<\/td>\n<td>\n<p>Ninguno<\/p>\n<\/td>\n<td>\n<p>Hasta 15%<\/p>\n<\/td>\n<\/tr>\n<tr>\n<td>\n<p>Reembolsos por llaves personalizadas\/codificadas<\/p>\n<\/td>\n<td>\n<p>Excluido con opci\u00f3n de exclusi\u00f3n<\/p>\n<\/td>\n<td>\n<p>Por lo general, sin reembolso<\/p>\n<\/td>\n<\/tr>\n<tr>\n<td>\n<p>Cobertura<\/p>\n<\/td>\n<td>\n<p>Defectos, modelos incorrectos, arrepentimiento del comprador<\/p>\n<\/td>\n<td>\n<p>Solo defectos limitados<\/p>\n<\/td>\n<\/tr>\n<\/tbody>\n<\/table>\n<h3><strong><b>Alineaci\u00f3n con la Ley del Consumidor<\/b><\/strong><\/h3>\n<p>Nuestra pol\u00edtica va m\u00e1s all\u00e1 de lo est\u00e1ndar\u00a0<strong><b>Per\u00edodo de enfriamiento de la FTC<\/b><\/strong>\u00a0ofreciendo protecci\u00f3n extendida y reembolsos, honrando tus derechos y nuestra lealtad hacia ti.<\/p>\n<p>Esto garantiza que recibas soporte confiable, ya sea que hayas cambiado de opini\u00f3n o hayas recibido un producto defectuoso.<\/p>\n<p><strong><b>\u00bfNecesitas devolver un llavero?<\/b><\/strong>\u00a0Sigue leyendo para una gu\u00eda paso a paso para hacer que tu reembolso o cambio sea lo m\u00e1s sencillo posible.<\/p>\n<h2><strong><b>Gu\u00eda paso a paso: C\u00f3mo iniciar un reembolso o devoluci\u00f3n con KeylessBest<\/b><\/strong><\/h2>\n<p>Antes de comenzar tu reembolso o devoluci\u00f3n, verifica estos aspectos esenciales: confirma la fecha de compra para asegurarte de que est\u00e1s dentro del per\u00edodo de reembolso, y revisa tu llavero para asegurarte de que est\u00e1 en condiciones nuevas y sin usar.<\/p>\n<p>Para comenzar el proceso, env\u00eda un correo electr\u00f3nico a\u00a0<span style=\"color: #ff6600;\"><strong><b><span \n                data-original-string='WX5eHamp3dH9Z7OY4anzMQ==076YPBLTUo2dcG2wNoAQ9uwHKt1sBFkb93YQSFpRbw29FM='\n                class='apbct-email-encoder'\n                title='Este contacto ha sido codificado por Anti-Spam by CleanTalk. Haz clic para decodificar. Para finalizar la decodificaci\u00f3n, aseg\u00farate de que JavaScript est\u00e1 activado en tu navegador.'>ke<span class=\"apbct-blur\">*********<\/span>@<span class=\"apbct-blur\">***<\/span>il.com<\/span><\/b><\/strong><\/span>\u00a0para obtener una Autorizaci\u00f3n de Devoluci\u00f3n de Mercanc\u00eda (RMA). Recibir\u00e1s la aprobaci\u00f3n en 24 horas, para que puedas avanzar sin problemas.<\/p>\n<p>Al empacar tu devoluci\u00f3n, usa el embalaje original si es posible. Para clientes en Espa\u00f1a, KeylessBest proporciona una\u00a0<strong><b>etiqueta de env\u00edo de devoluci\u00f3n gratuita<\/b><\/strong>, pero recuerda, las tarifas de env\u00edo originales no son reembolsables. Es recomendable enviar usando un m\u00e9todo rastreable para mantener un seguimiento de tu paquete.<\/p>\n<p>Una vez que llegue tu llavero devuelto, espera que tu reembolso sea procesado en un plazo de 5 a 7 d\u00edas h\u00e1biles. Si est\u00e1s haciendo un cambio por el mismo modelo, KeylessBest ofrece un servicio de cambio en el mismo d\u00eda para que vuelvas a la carretera r\u00e1pidamente.<\/p>\n<p>Para facilitarte la referencia, checklists visuales y gu\u00edas compatibles con m\u00f3viles est\u00e1n disponibles para ayudarte en cada paso de la devoluci\u00f3n o reembolso, haciendo que el proceso sea sencillo y claro.<\/p>\t\t\t\t\t\t\t\t<\/div>\n\t\t\t\t\t<\/div>\n\t\t\t\t<\/div>\n\t\t<div class=\"elementor-element elementor-element-af0653b e-flex e-con-boxed e-con e-parent\" data-id=\"af0653b\" data-element_type=\"container\">\n\t\t\t\t\t<div class=\"e-con-inner\">\n\t\t\t\t<div class=\"elementor-element elementor-element-0b9d762 elementor-widget elementor-widget-text-editor\" data-id=\"0b9d762\" data-element_type=\"widget\" data-widget_type=\"text-editor.default\">\n\t\t\t\t\t\t\t\t\t<h2><strong><b>\u00bfQu\u00e9 califica para un reembolso completo? Escenarios comunes y exclusiones<\/b><\/strong><\/h2>\n<p>En KeylessBest, queremos asegurarnos de que te sientas confiado con tu compra, as\u00ed que aqu\u00ed tienes cu\u00e1ndo puedes esperar un reembolso completo:<\/p>\n<ul>\n<li><b><\/b><strong><b>Llavero defectuoso:<\/b><\/strong>Si tu llavero tiene fallos en la bater\u00eda, problemas de se\u00f1al o cualquier defecto de fabricaci\u00f3n, solo ponte en contacto, y lo cubriremos.<\/li>\n<li><b><\/b><strong><b>Modelo equivocado enviado:<\/b><\/strong>Si recibiste un llavero diferente al que pediste, lo corregiremos sin costo adicional.<\/li>\n<li><b><\/b><strong><b>Devoluci\u00f3n por arrepentimiento del comprador:<\/b><\/strong>\u00bfCambiaste de opini\u00f3n? Tienes\u00a0<strong><b>30 d\u00edas<\/b><\/strong>\u00a0desde la fecha de compra para devolver el art\u00edculo y obtener un reembolso completo.<\/li>\n<\/ul>\t\t\t\t\t\t\t\t<\/div>\n\t\t\t\t\t<\/div>\n\t\t\t\t<\/div>\n\t\t<div class=\"elementor-element elementor-element-86e49b4 e-flex e-con-boxed e-con e-parent\" data-id=\"86e49b4\" data-element_type=\"container\">\n\t\t\t\t\t<div class=\"e-con-inner\">\n\t\t\t\t<div class=\"elementor-element elementor-element-871bc53 elementor-widget elementor-widget-text-editor\" data-id=\"871bc53\" data-element_type=\"widget\" data-widget_type=\"text-editor.default\">\n\t\t\t\t\t\t\t\t\t<h3><strong><b>Manejo de llaveros perdidos o robados<\/b><\/strong><\/h3>\n<p>Los llaveros perdidos o robados son complicados, pero te respaldamos: activamos tu garant\u00eda para reemplazos en estos casos. Los modelos est\u00e1ndar no tienen deducci\u00f3n\u2014queremos que vuelvas a la carretera sin complicaciones.<\/p>\n<h3><strong><b>Art\u00edculos no reembolsables<\/b><\/strong><\/h3>\n<ul>\n<li><b><\/b><strong><b>Llaves programadas o cortadas a medida:<\/b><\/strong>Estas est\u00e1n hechas especialmente para tu veh\u00edculo, por lo que est\u00e1n excluidas.<\/li>\n<li><b><\/b><strong><b>Bater\u00edas y complementos:<\/b><\/strong>Los consumibles no pueden ser devueltos por razones de higiene y seguridad.<\/li>\n<\/ul>\t\t\t\t\t\t\t\t<\/div>\n\t\t\t\t\t<\/div>\n\t\t\t\t<\/div>\n\t\t<div class=\"elementor-element elementor-element-8bf91b5 e-flex e-con-boxed e-con e-parent\" data-id=\"8bf91b5\" data-element_type=\"container\">\n\t\t\t\t\t<div class=\"e-con-inner\">\n\t\t\t\t<div class=\"elementor-element elementor-element-1d939d7 elementor-widget elementor-widget-text-editor\" data-id=\"1d939d7\" data-element_type=\"widget\" data-widget_type=\"text-editor.default\">\n\t\t\t\t\t\t\t\t\t<h3><strong><b>Ejemplos de usuarios reales<\/b><\/strong><\/h3>\n<p>Varios clientes que recibieron una llave defectuosa para modelos como el\u00a0<a href=\"https:\/\/keylessbest.com\/es\/producto\/ford-edge-explorer-flex-expedition-platinum-focus-taurus-4-botones-mando-de-entrada-sin-llave-m3n5wy8609-pnbt4t-15k601-ax-5921285__trashed\/\">control remoto de entrada sin llave Ford Edge 2011-2019<\/a>\u00a0compartieron lo f\u00e1cil que fue el proceso de reembolso y obtuvieron sus reemplazos r\u00e1pidamente.<\/p>\n<h3><strong><b>Evita devoluciones con nuestro comprobador de compatibilidad<\/b><\/strong><\/h3>\n<p>Recomendamos verificar la compatibilidad de tu veh\u00edculo antes de comprar. Usar nuestro comprobador de compatibilidad previo a la compra ayuda a ahorrar tiempo y evitar devoluciones innecesarias, especialmente para ajustes complicados como el\u00a0<a href=\"https:\/\/keylessbest.com\/es\/producto\/2005-2011-chevy-saturn-buick-pontiac-hhr-terraza-uplander-rele-montana-mando-a-distancia-de-entrada-sin-llave-de-6-botones-kobgt04a-pn15114376\/\">llaveros Chevy Saturn 2005-2011<\/a>.<\/p>\n<p>Al entender qu\u00e9 califica para un reembolso y qu\u00e9 no, tendr\u00e1s una experiencia m\u00e1s fluida con la compra y devoluci\u00f3n de tu llavero de coche.<\/p>\n<h2><strong><b>Resumiendo todo: La garant\u00eda KeylessBest de 24 meses y la protecci\u00f3n extendida<\/b><\/strong><\/h2>\n<p>La garant\u00eda de 24 meses de KeylessBest cubre defectos de fabricaci\u00f3n durante dos a\u00f1os completos, mucho m\u00e1s all\u00e1 del est\u00e1ndar de la industria. Esta protecci\u00f3n extendida le brinda tranquilidad, sabiendo que su llavero de coche est\u00e1 respaldado a largo plazo contra problemas como fallo de bater\u00eda y problemas de se\u00f1al.<\/p>\n<p>Para presentar una reclamaci\u00f3n de garant\u00eda, simplemente env\u00edenos un correo electr\u00f3nico a <strong><span style=\"color: #ff6600;\"><span \n                data-original-string='8s7jMmPnnA4xv9Q\/\/cGZ7A==076LTZwgUQvMYRJ\/h8q33Pr04NQNB8\/C1p71g59\/0mnYdM='\n                class='apbct-email-encoder'\n                title='Este contacto ha sido codificado por Anti-Spam by CleanTalk. Haz clic para decodificar. Para finalizar la decodificaci\u00f3n, aseg\u00farate de que JavaScript est\u00e1 activado en tu navegador.'>ke<span class=\"apbct-blur\">*********<\/span>@<span class=\"apbct-blur\">***<\/span>il.com<\/span><\/span> <\/strong>con su comprobante de compra y una descripci\u00f3n del problema. Una vez verificado, cubriremos todos los costos de env\u00edo para el reemplazo o reparaci\u00f3n, haciendo que sea f\u00e1cil arreglar su mando a distancia sin complicaciones.<\/p>\n<p>Tambi\u00e9n colaboramos con importantes programas de seguros de autom\u00f3viles y concesionarios, como AAA y Ford Protect, asegurando que su cobertura se integre sin problemas si utiliza esos servicios. Esto nos convierte en una opci\u00f3n confiable, ya sea que gestione una reclamaci\u00f3n de garant\u00eda usted mismo o a trav\u00e9s de su concesionario.<\/p>\t\t\t\t\t\t\t\t<\/div>\n\t\t\t\t\t<\/div>\n\t\t\t\t<\/div>\n\t\t<div class=\"elementor-element elementor-element-5bfdb96 e-flex e-con-boxed e-con e-parent\" data-id=\"5bfdb96\" data-element_type=\"container\">\n\t\t\t\t\t<div class=\"e-con-inner\">\n\t\t\t\t<div class=\"elementor-element elementor-element-0c14dd2 elementor-widget elementor-widget-text-editor\" data-id=\"0c14dd2\" data-element_type=\"widget\" data-widget_type=\"text-editor.default\">\n\t\t\t\t\t\t\t\t\t<h3>Aqu\u00ed hay una comparaci\u00f3n r\u00e1pida de\u00a0<strong><b>Garant\u00eda KeylessBest versus Devoluciones Est\u00e1ndar<\/b><\/strong>:<\/h3>\n<table>\n<tbody>\n<tr>\n<td>\n<p><strong><b>Caracter\u00edstica<\/b><\/strong><\/p>\n<\/td>\n<td>\n<p><strong><b>Garant\u00eda de 24 meses de KeylessBest<\/b><\/strong><\/p>\n<\/td>\n<td>\n<p><strong><b>Devoluciones est\u00e1ndar de 30 d\u00edas<\/b><\/strong><\/p>\n<\/td>\n<\/tr>\n<tr>\n<td>\n<p>Per\u00edodo de cobertura<\/p>\n<\/td>\n<td>\n<p>24 meses<\/p>\n<\/td>\n<td>\n<p>30 d\u00edas<\/p>\n<\/td>\n<\/tr>\n<tr>\n<td>\n<p>Protecci\u00f3n contra defectos<\/p>\n<\/td>\n<td>\n<p>S\u00ed<\/p>\n<\/td>\n<td>\n<p>Limitado al per\u00edodo inicial<\/p>\n<\/td>\n<\/tr>\n<tr>\n<td>\n<p>Costos de env\u00edo en reclamaciones<\/p>\n<\/td>\n<td>\n<p>Cubierto<\/p>\n<\/td>\n<td>\n<p>El cliente paga en devoluciones<\/p>\n<\/td>\n<\/tr>\n<tr>\n<td>\n<p>Llaves programadas\/personalizadas<\/p>\n<\/td>\n<td>\n<p>Incluidas<\/p>\n<\/td>\n<td>\n<p>A menudo excluidas<\/p>\n<\/td>\n<\/tr>\n<tr>\n<td>\n<p>Descuento en compras futuras<\/p>\n<\/td>\n<td>\n<p>20% de descuento despu\u00e9s de una devoluci\u00f3n<\/p>\n<\/td>\n<td>\n<p>Ninguno<\/p>\n<\/td>\n<\/tr>\n<\/tbody>\n<\/table>\n<p>Adem\u00e1s, ofrecemos un\u00a0<strong><b>descuento exclusivo de 20% en llaveros futuros<\/b><\/strong>\u00a0para clientes que hayan devuelto o cambiado un producto con \u00e9xito con nosotros. Es nuestra forma de agradecerte por elegir KeylessBest como tu fuente confiable de mandos a distancia para autom\u00f3viles.<\/p>\n<p>Por ejemplo, nuestros mandos de entrada sin llave de alta calidad\u00a0<a href=\"https:\/\/keylessbest.com\/es\/producto\/toyota-prius-2007-2015-4runner-avalon-le-camry-corolla-rav4-highlander-land-cruiser-control-remoto-de-entrada-sin-llave-de-3-botones-hyq14aab-pn-89904-35030-2__trashed\/\">modelos de llaveros sin llave para Toyota<\/a>\u00a0est\u00e1n completamente cubiertos por esta garant\u00eda, asegurando que tu inversi\u00f3n est\u00e9 protegida con el tiempo.<\/p>\t\t\t\t\t\t\t\t<\/div>\n\t\t\t\t\t<\/div>\n\t\t\t\t<\/div>\n\t\t<div class=\"elementor-element elementor-element-c9e70bd e-flex e-con-boxed e-con e-parent\" data-id=\"c9e70bd\" data-element_type=\"container\">\n\t\t\t\t\t<div class=\"e-con-inner\">\n\t\t\t\t<div class=\"elementor-element elementor-element-4872233 elementor-widget elementor-widget-text-editor\" data-id=\"4872233\" data-element_type=\"widget\" data-widget_type=\"text-editor.default\">\n\t\t\t\t\t\t\t\t\t<h2><strong><b>Preguntas Frecuentes (FAQs): Tus dudas sobre la devoluci\u00f3n de llaveros respondidas<\/b><\/strong><\/h2>\n<p>Aqu\u00ed tienes respuestas a las preguntas m\u00e1s comunes sobre la pol\u00edtica de reembolsos y devoluciones de KeylessBest:<\/p>\n<h3><strong><b>\u00bfPuedo devolver un llavero programado o cortado a medida?<\/b><\/strong><\/h3>\n<p>Las llaves programadas y cortadas a medida generalmente est\u00e1n excluidas de reembolsos debido a su naturaleza personalizada. Sin embargo, si optaste por no hacerlo al comprar, a\u00fan podr\u00edas ser elegible para devoluciones. Siempre verifica antes de ordenar para evitar sorpresas.<\/p>\n<h3><strong><b>\u00bfQu\u00e9 pasa si estoy fuera de Espa\u00f1a o necesito enviar internacionalmente?<\/b><\/strong><\/h3>\n<p>Las devoluciones internacionales pueden tener tarifas de env\u00edo adicionales y posibles aranceles aduaneros. KeylessBest no cubre estos costos, as\u00ed que tenlo en cuenta antes de iniciar una devoluci\u00f3n.<\/p>\n<h3><strong><b>\u00bfQu\u00e9 sucede si mi env\u00edo de devoluci\u00f3n se pierde?<\/b><\/strong><\/h3>\n<p>We recommend using a trackable shipping method for returns. If your package is lost, contact support immediately at <span \n                data-original-string='LN70jM9NwpKPmftObxGTDg==076HBMO7sKmgE9E5EnXzBijJQ01Rr58sqTFnNqAy2IUhb4='\n                class='apbct-email-encoder'\n                title='Este contacto ha sido codificado por Anti-Spam by CleanTalk. Haz clic para decodificar. Para finalizar la decodificaci\u00f3n, aseg\u00farate de que JavaScript est\u00e1 activado en tu navegador.'>ke<span class=\"apbct-blur\">*********<\/span>@<span class=\"apbct-blur\">***<\/span>il.com<\/span>. Refunds or exchanges can be delayed without proof of shipment.<\/p>\n<h3><strong><b>\u00bfSe ofrecen cr\u00e9ditos parciales por partes da\u00f1adas o faltantes?<\/b><\/strong><\/h3>\n<p>Los cr\u00e9ditos parciales se gestionan caso por caso. Si tu art\u00edculo lleg\u00f3 incompleto o da\u00f1ado, contacta con soporte con fotos. Trabajaremos contigo para resolver el problema de manera justa.<\/p>\n<h3><strong><b>\u00bfTengo que pagar aranceles o impuestos en las devoluciones?<\/b><\/strong><\/h3>\n<p>Los clientes son responsables de cualquier tarifa aduanera incurrida durante las devoluciones internacionales. KeylessBest no reembolsa estos cargos.<\/p>\n<h3><strong><b>\u00bfCu\u00e1l es el plazo para devolver un llavero?<\/b><\/strong><\/h3>\n<p>Nuestro plazo completo de reembolso y cambio se extiende hasta 24 meses para art\u00edculos que califican, mucho m\u00e1s all\u00e1 de muchos competidores. Para devoluciones por arrepentimiento, act\u00faa dentro de los 30 d\u00edas. Este plazo soporta consultas de b\u00fasqueda por voz como \u201cpol\u00edtica de devoluci\u00f3n de keylessbest\u201d.<\/p>\n<p>Si tienes otras preguntas, no dudes en enviarnos un correo en cualquier momento a <strong><span style=\"color: #ff6600;\"><span \n                data-original-string='1WCG5XfYsY8JiLAEs3fKxQ==076FGprrez1mcZXyElhCoQjDCLzSzoyHemWV4uIWoYkcqU='\n                class='apbct-email-encoder'\n                title='Este contacto ha sido codificado por Anti-Spam by CleanTalk. Haz clic para decodificar. Para finalizar la decodificaci\u00f3n, aseg\u00farate de que JavaScript est\u00e1 activado en tu navegador.'>ke<span class=\"apbct-blur\">*********<\/span>@<span class=\"apbct-blur\">***<\/span>il.com<\/span><\/span><\/strong>. Priorizamos un servicio al cliente claro y sin complicaciones adaptado a tus necesidades.<\/p>\n<p>Para obtener detalles adicionales sobre la cobertura del producto, consulta nuestra\u00a0<a href=\"https:\/\/keylessbest.com\/es\/producto\/2014-2016-maserati-ghibli-quattroporte-mando-de-entrada-sin-llave-de-4-botones-m3n-7393490-pn-5923336\/\">Maserati mando de entrada sin llave<\/a>\u00a0p\u00e1gina.<\/p>\t\t\t\t\t\t\t\t<\/div>\n\t\t\t\t\t<\/div>\n\t\t\t\t<\/div>\n\t\t\t\t<\/div>","protected":false},"excerpt":{"rendered":"<p>KeylessBest Car Key Fob Refund and Returns Policy When your\u00a0car key fob\u00a0fails or doesn\u2019t fit right, the last thing you want is to be stuck with confusing or stingy return policies. That\u2019s why understanding a clear, user-friendly\u00a0car key fob refund and returns policy\u00a0isn\u2019t just nice to have\u2014it\u2019s a must before you buy. At KeylessBest, we&#8230;<\/p>","protected":false},"author":1,"featured_media":0,"parent":0,"menu_order":0,"comment_status":"closed","ping_status":"closed","template":"","meta":{"_bst_post_transparent":"","_bst_post_title":"","_bst_post_layout":"","_bst_post_sidebar_id":"","_bst_post_content_style":"","_bst_post_vertical_padding":"","_bst_post_feature":"","_bst_post_feature_position":"","_bst_post_header":false,"_bst_post_footer":false,"footnotes":""},"class_list":["post-16","page","type-page","status-publish","hentry"],"_links":{"self":[{"href":"https:\/\/keylessbest.com\/es\/wp-json\/wp\/v2\/pages\/16","targetHints":{"allow":["GET"]}}],"collection":[{"href":"https:\/\/keylessbest.com\/es\/wp-json\/wp\/v2\/pages"}],"about":[{"href":"https:\/\/keylessbest.com\/es\/wp-json\/wp\/v2\/types\/page"}],"author":[{"embeddable":true,"href":"https:\/\/keylessbest.com\/es\/wp-json\/wp\/v2\/users\/1"}],"replies":[{"embeddable":true,"href":"https:\/\/keylessbest.com\/es\/wp-json\/wp\/v2\/comments?post=16"}],"version-history":[{"count":4,"href":"https:\/\/keylessbest.com\/es\/wp-json\/wp\/v2\/pages\/16\/revisions"}],"predecessor-version":[{"id":18431,"href":"https:\/\/keylessbest.com\/es\/wp-json\/wp\/v2\/pages\/16\/revisions\/18431"}],"wp:attachment":[{"href":"https:\/\/keylessbest.com\/es\/wp-json\/wp\/v2\/media?parent=16"}],"curies":[{"name":"wp","href":"https:\/\/api.w.org\/{rel}","templated":true}]}}