{"id":13745,"date":"2025-08-19T08:35:16","date_gmt":"2025-08-19T08:35:16","guid":{"rendered":"https:\/\/hanwuji.shengjit.com\/?post_type=product&#038;p=13745"},"modified":"2026-02-11T05:25:14","modified_gmt":"2026-02-11T05:25:14","slug":"2010-2019-llavero-de-coche-buick-chevrolet-oht01060512-para-sin-llave-mejor-2","status":"publish","type":"product","link":"https:\/\/keylessbest.com\/es\/producto\/2010-2019-llavero-de-coche-buick-chevrolet-oht01060512-para-sin-llave-mejor-2\/","title":{"rendered":"Llavero de llave Buick Chevrolet 2010-2019 OHT01060512 para Keylessbest"},"content":{"rendered":"<p>*La informaci\u00f3n detallada de este llavero remoto sin llave para Chevrolet GMC Buick de 2010-2019 es la siguiente. Por favor, confirme que los siguientes detalles coinciden con su veh\u00edculo antes de realizar el pedido: ID FCC, N\u00famero de pieza, <span style=\"font-size: 16px; font-style: normal; font-weight: 400;\">\u00a0<\/span><span style=\"font-size: 16px; font-style: normal; font-weight: 400;\">Modelo del a\u00f1o,<\/span><span style=\"font-size: 16px; font-style: normal; font-weight: 400;\">IC,<\/span><span style=\"font-size: 16px; font-style: normal; font-weight: 400;\">\u00a0<\/span><span style=\"font-size: 16px;\">Frecuencia, Chip y Botones.<\/span><\/p>\n<h6><strong><b>Informaci\u00f3n del Producto:<\/b><\/strong><\/h6>\n<ul>\n<li style=\"font-size: 16px;\">ID FCC: OHT01060512<\/li>\n<li style=\"font-size: 16px;\">PN: 13504199, 13574863, 20979468, 13504259, 13504204, 5924369, 5912548, 5912556, 5913397, 13504199, 13574863, 20979468, 13504259, 13504204<\/li>\n<li>IC: 5461A-01060512<\/li>\n<li>Frecuencia: 315MHz<\/li>\n<li>Chip: 46<\/li>\n<li>Botones: Cerrar, Abrir, P\u00e1nico, Maletero, Arranque remoto<\/li>\n<\/ul>\n<h6><strong><b>El modelo de referencia<\/b><\/strong><strong><b>\uff1a<\/b><\/strong><\/h6>\n<ul>\n<li><a href=\"https:\/\/keylessbest.com\/es\/producto\/2009-2014-toyota-avalon-camry-corolla-mando-de-entrada-sin-llave-de-3-botones-hyq14aem-pn-89904-0r060-89904-60770-89904-0r090-89904-42140__trashed\/\" data-wpil-monitor-id=\"752\">2010 &#8211; 2012<\/a> Buick Allure<\/li>\n<li>2013 \u2013 2020 Buick Encore<\/li>\n<li>2010 \u2013 2016 Buick Lacrosse<\/li>\n<li>2011 \u2013 2017 Buick Regal<\/li>\n<li>2012 \u2013 2016 Buick Verano<\/li>\n<li>2010 \u2013 2016 Chevrolet Camaro<\/li>\n<li>2012 \u2013 2013 Chevrolet Camaro Convertible<\/li>\n<li>2011 &#8211; 2015 <a href=\"https:\/\/keylessbest.com\/es\/producto\/2016-2020-chevrolet-cruze-xl7-sonic-mando-de-entrada-sin-llave-de-4-botones-hyq4aa-pn13508770-13529661-46__trashed\/\" data-wpil-monitor-id=\"758\">Chevrolet Cruze<\/a><\/li>\n<li>2016 \u2013 2016 Chevrolet Cruze (D1SC)<\/li>\n<li>2010 \u2013 2019 Chevrolet Equinox<\/li>\n<li>2014 \u2013 2019 Chevrolet Impala<\/li>\n<li>2013 \u2013 2016 Chevrolet Malibu<\/li>\n<li>2012 \u2013 2017 Chevrolet Sonic 4 Puertas<\/li>\n<li>2010 \u2013 2019 GMC Terrain<\/li>\n<\/ul>\n<p>*Nota 2016 <a href=\"https:\/\/keylessbest.com\/es\/producto\/chevrolet-cruze-xl7-sonic-volt-bolt-spark-2016-2020-mando-de-entrada-sin-llave-de-5-botones-hyq4aa-pn-13508768-13585722-13585723-13529661-13529664-13508770-46\/\" data-wpil-monitor-id=\"756\">El Chevrolet Cruze tiene 3 posibles mandos a distancia<\/a> llaves plegables, por favor verifique la llave que necesita. Las otras opciones son 13514135 (veh\u00edculos con actualizaci\u00f3n XL8 433 Mhz) y 13588756 (veh\u00edculos con XL7 315Mhz)<\/p>\n<p>Esta llave puede reutilizarse despu\u00e9s de realizar los siguientes pasos:<\/p>\n<p>1. Presione el bot\u00f3n BLOQUEAR y DESBLOQUEAR al mismo tiempo durante unos 5 segundos<br \/>\n2. Suelte solo el bot\u00f3n BLOQUEAR (siga manteniendo presionado desbloquear)<br \/>\n3. Presione el bot\u00f3n BLOQUEAR 3 veces<br \/>\n4. Suelte todos los botones, presione cualquier bot\u00f3n 1 vez, finalice el desbloqueo<\/p>\n<p>Tenga en cuenta: debe presionar los botones r\u00e1pidamente. Si mantiene cada bot\u00f3n presionado durante 1 segundo, es demasiado tiempo<\/p>\n<p>Use esta llave cuando haga la p\u00e9rdida de todas las llaves y el veh\u00edculo requiera 2 llaves nuevas, \u00a1luego restablezca la llave para usarla nuevamente en otro veh\u00edculo!<\/p>\n<h6><strong><b>Incluye en el paquete:<\/b><\/strong><\/h6>\n<ul>\n<li>Un nuevo recambio <a href=\"https:\/\/keylessbest.com\/es\/producto\/ford-fiesta-2011-2017-mando-de-entrada-sin-llave-de-3-botones-kr55wk47899-pn164-r8042-remoto-y-hoja-164-r8043-hoja-164-r8042-164-r8039-5913139-5914117-4d63-80bit__trashed\/\" data-wpil-monitor-id=\"757\">mando a distancia sin llave<\/a><\/li>\n<li>Una llave de inserci\u00f3n de emergencia del mercado de accesorios gratuita<\/li>\n<li>Todos los transmisores vienen con una bater\u00eda<\/li>\n<li>Todas las unidades son probadas antes del env\u00edo<\/li>\n<li>Garant\u00eda de satisfacci\u00f3n y garant\u00eda de 2 a\u00f1os 100%<\/li>\n<\/ul>\n<h6><strong><b>Nota:<\/b><\/strong><\/h6>\n<ul>\n<li>El reemplazo del llavero de entrada sin llave inteligente para Chevrolet GMC Buick de 2010-2019, sin logotipo, con una llave de emergencia sin cortar incluida.<\/li>\n<li>No cortamos ni programamos la llave remota. Adem\u00e1s, para precios, por favor contacte con un cerrajero local o concesionario.<\/li>\n<li>Este transmisor es compatible con veh\u00edculos que cuentan con un bot\u00f3n de arranque\/parada en el tablero o un encendido con llave de giro, junto con un sistema de entrada sin llave proxy <a href=\"https:\/\/keylessbest.com\/es\/producto\/nissan-rogue-versa-pathfinder-2007-2013-con-sistema-inteligente-mando-de-entrada-sin-llave-de-3-botones-cwtwbu729-cwtwbu735-cwtwbu624-pn-285e3-em30d-285e3-em31d\/\" data-wpil-monitor-id=\"755\">sistema de entrada sin llave<\/a>.<\/li>\n<li>El precio es por una unidad completa <a href=\"https:\/\/keylessbest.com\/es\/producto\/2015-2021-jeep-renegade-mando-de-entrada-sin-llave-de-5-botones-m3n-40821302-reemplaza-pn-6mp33dx9aa-id-47-4a__trashed\/\" data-wpil-monitor-id=\"753\">llave de entrada sin llave de reemplazo<\/a>, llave de emergencia incluida.<\/li>\n<li>Por lo tanto, recomendamos encarecidamente que haga que su <a href=\"https:\/\/keylessbest.com\/es\/como-programar-un-mando-a-distancia-de-coche-rapido-y-facil-pasos-de-bricolaje-para-cualquier-coche\/\" data-wpil-monitor-id=\"754\">PROGRAMEN SU LLAVERO<\/a> por un cerrajero profesional o distribuidor.<\/li>\n<\/ul>\n<h6><strong>Recursos de programaci\u00f3n\uff1a<\/strong><\/h6>\n<p><a href=\"http:\/\/programyourfob.com\/?list_6\/\" target=\"_blank\" rel=\"noopener\">Chevrolet-Cambrian (Liaoning) Electronic Technology Co., Ltd.<\/a><\/p>\n<p><a href=\"http:\/\/programyourfob.com\/?list_4\/\" target=\"_blank\" rel=\"noopener\">Buick-Cambrian (Liaoning) Electronic Technology Co., Ltd.<\/a><\/p>\n<p><a href=\"http:\/\/programyourfob.com\/?list_11\/\" target=\"_blank\" rel=\"noopener\">GMC-Cambrian (Liaoning) Electronic Technology Co., Ltd.<\/a><\/p>\n<p>Gracias por elegirnos.<\/p>\n<p>Somos uno de los fabricantes m\u00e1s profesionales de llaves de coche, sistema de entrada sin llave, <a href=\"https:\/\/keylessbest.com\/es\/producto\/1996-2005-buick-cadillac-chevrolet-gmc-oldsmobile-pontiac-lesabre-park-avenue-lesabre-park-avenue-riviera-eldorado-seville-astro-blazer-impala-malibu-monte-carlo-envoy-jimmy-safari-brava\/\" data-wpil-monitor-id=\"751\">control remoto de llave de coche<\/a>, chips transpondedores, programadores de llaves, carcasas de llaves de coche, cerraduras de coche, herramientas de cerrajero y m\u00e1s. Adem\u00e1s, nuestra empresa cuenta con un equipo profesional y l\u00ednea de producci\u00f3n. Adem\u00e1s, nos especializamos en la producci\u00f3n de varias llaves de coche, carcasas de llaves y herramientas de cerrajero. Tambi\u00e9n nos encargamos del desarrollo, fabricaci\u00f3n y venta al por mayor de productos de seguridad y protecci\u00f3n para autom\u00f3viles.<\/p>\n<p>Precios competitivos y servicios dedicados le ayudar\u00e1n a obtener un buen mercado. Adem\u00e1s, un equipo de ventas joven y en\u00e9rgico ofrece un servicio r\u00e1pido, profesional y amigable en cualquier momento. Adem\u00e1s, todos nuestros productos se env\u00edan directamente desde el almac\u00e9n en Espa\u00f1a, Canad\u00e1 y M\u00e9xico. Por lo tanto, los productos que compre ser\u00e1n empaquetados y enviados en 48 horas despu\u00e9s de realizar el pedido. M\u00e1s de 100% de nuestros productos est\u00e1n en stock, y el inventario es suficiente.<\/p>","protected":false},"excerpt":{"rendered":"<ul>\n<li style=\"list-style-type: none;\">\n<ul>\n<li style=\"font-size: 16px;\">SKU: CA-GM010<\/li>\n<li style=\"font-size: 16px;\">ID FCC: OHT01060512<\/li>\n<li style=\"font-size: 16px;\">PN: 13504199, 13574863, 20979468, 13504259, 13504204, 5924369, 5912548, 5912556, 5913397, 13504199, 13574863, 20979468, 13504259, 13504204<\/li>\n<li>IC: 5461A-01060512<\/li>\n<li>Frecuencia: 315MHz<\/li>\n<li>Chip: 46<\/li>\n<li>Botones: Cerrar, Abrir, P\u00e1nico, Maletero, Arranque remoto<\/li>\n<\/ul>\n<\/li>\n<\/ul>","protected":false},"featured_media":20814,"comment_status":"open","ping_status":"closed","template":"","meta":{"_bst_post_transparent":"default","_bst_post_title":"","_bst_post_layout":"default","_bst_post_sidebar_id":"","_bst_post_content_style":"default","_bst_post_vertical_padding":"default","_bst_post_feature":"","_bst_post_feature_position":"","_bst_post_header":false,"_bst_post_footer":false},"product_brand":[],"product_cat":[15,151,150,152],"product_tag":[],"2_year_make_model":[],"class_list":{"0":"post-13745","1":"product","2":"type-product","3":"status-publish","4":"has-post-thumbnail","6":"product_cat-carkeyremote","7":"product_cat-for-buick","8":"product_cat-for-chevrolet","9":"product_cat-for-gmc","11":"first","12":"instock","13":"sale","14":"shipping-taxable","15":"purchasable","16":"product-type-simple","17":"entry","18":"content-bg","19":"loop-entry"},"_links":{"self":[{"href":"https:\/\/keylessbest.com\/es\/wp-json\/wp\/v2\/product\/13745","targetHints":{"allow":["GET"]}}],"collection":[{"href":"https:\/\/keylessbest.com\/es\/wp-json\/wp\/v2\/product"}],"about":[{"href":"https:\/\/keylessbest.com\/es\/wp-json\/wp\/v2\/types\/product"}],"replies":[{"embeddable":true,"href":"https:\/\/keylessbest.com\/es\/wp-json\/wp\/v2\/comments?post=13745"}],"version-history":[{"count":3,"href":"https:\/\/keylessbest.com\/es\/wp-json\/wp\/v2\/product\/13745\/revisions"}],"predecessor-version":[{"id":20813,"href":"https:\/\/keylessbest.com\/es\/wp-json\/wp\/v2\/product\/13745\/revisions\/20813"}],"wp:featuredmedia":[{"embeddable":true,"href":"https:\/\/keylessbest.com\/es\/wp-json\/wp\/v2\/media\/20814"}],"wp:attachment":[{"href":"https:\/\/keylessbest.com\/es\/wp-json\/wp\/v2\/media?parent=13745"}],"wp:term":[{"taxonomy":"product_brand","embeddable":true,"href":"https:\/\/keylessbest.com\/es\/wp-json\/wp\/v2\/product_brand?post=13745"},{"taxonomy":"product_cat","embeddable":true,"href":"https:\/\/keylessbest.com\/es\/wp-json\/wp\/v2\/product_cat?post=13745"},{"taxonomy":"product_tag","embeddable":true,"href":"https:\/\/keylessbest.com\/es\/wp-json\/wp\/v2\/product_tag?post=13745"},{"taxonomy":"2_year_make_model","embeddable":true,"href":"https:\/\/keylessbest.com\/es\/wp-json\/wp\/v2\/2_year_make_model?post=13745"}],"curies":[{"name":"wp","href":"https:\/\/api.w.org\/{rel}","templated":true}]}}