{"id":13753,"date":"2025-08-19T08:35:17","date_gmt":"2025-08-19T08:35:17","guid":{"rendered":"https:\/\/hanwuji.shengjit.com\/?post_type=product&#038;p=13753"},"modified":"2026-02-11T05:45:41","modified_gmt":"2026-02-11T05:45:41","slug":"llavero-de-chevrolet-2005-2017-pn-15913421-para-keylessbest","status":"publish","type":"product","link":"https:\/\/keylessbest.com\/es\/producto\/llavero-de-chevrolet-2005-2017-pn-15913421-para-keylessbest\/","title":{"rendered":"Llavero de Chevrolet 2005-2017 PN: 15913421 para Keylessbest"},"content":{"rendered":"<p>*La informaci\u00f3n detallada de este llavero sin llave para Cadillac, Chevrolet, Buick, GMC, Pontiac, Saturn y Suzuki de 2007-2017 es la siguiente. Por favor, confirme que los siguientes detalles coinciden con su veh\u00edculo antes de realizar el pedido: ID FCC, N\u00famero de pieza, A\u00f1o y modelo, IC, Frecuencia, Chip y Botones.<\/p>\n<h6><strong><b>Informaci\u00f3n del Producto:<\/b><\/strong><\/h6>\n<ul>\n<li>ID FCC: OUC60270 &amp; OUC60221<\/li>\n<li>PN: 15913421, 20868672, 20952474<\/li>\n<li>IC: 850K60270 \/ 850K60221<\/li>\n<li>Frecuencia: 315MHz<\/li>\n<li>Botones: Bloquear, Desbloquear, Maletero, P\u00e1nico<\/li>\n<\/ul>\n<h6><strong><b>El modelo de referencia\uff1a<\/b><\/strong><\/h6>\n<ul>\n<li><a href=\"https:\/\/keylessbest.com\/es\/producto\/2009-2014-toyota-avalon-camry-corolla-mando-de-entrada-sin-llave-de-3-botones-hyq14aem-pn-89904-0r060-89904-60770-89904-0r090-89904-42140__trashed\/\" data-wpil-monitor-id=\"992\">2007 &#8211; 2014<\/a> Cadillac Escalade<\/li>\n<li>2006 &#8211; 2011 <a href=\"https:\/\/keylessbest.com\/es\/producto\/2007-2013-cadillac-cts-sin-prox-dts-sin-prox-srx-sin-prox-mando-a-distancia-de-entrada-sin-llave-de-5-botones-ouc6000066-pn-20998256-20998254-20998255-5923880-5923879\/\" data-wpil-monitor-id=\"993\">Cadillac DTS<\/a><\/li>\n<li>GMC Acadia 2007 \u2013 2017<\/li>\n<li>GMC Savana 2007 \u2013 2017<\/li>\n<li>GMC Sierra 2007 \u2013 2014<\/li>\n<li>GMC Yukon 2007 \u2013 2014<\/li>\n<li>Chevrolet Impala 2006 \u2013 2013<\/li>\n<li>2005 &#8211; 2007 <a href=\"https:\/\/keylessbest.com\/es\/producto\/1996-2002-chevrolet-buick-gmc-pontiac-oldsmobile-skylark-escalade-suburban-camaro-lumina-monte-carlo-yukon-cutlass-firebird-mando-a-distancia-sin-llave-de-4-botones-ab01502tabo1502t-pn16245100-1624510\/\" data-wpil-monitor-id=\"996\">Chevrolet Monte Carlo<\/a><\/li>\n<li>Chevrolet Avalanche 2007 \u2013 2013<\/li>\n<li>Chevrolet Silverado 2007 \u2013 2014<\/li>\n<li>Chevrolet Traverse 2009 \u2013 2017<\/li>\n<li>Chevrolet Equinox 2007 \u2013 2014<\/li>\n<li>Buick Enclave 2008 \u2013 2017<\/li>\n<li>Saturn Outlook 2007 \u2013 2010<\/li>\n<li>Saturn Vue 2008 \u2013 2010<\/li>\n<li>Pontiac Torrent 2007 \u2013 2009<\/li>\n<li>Suzuki XL-7 2007 \u2013 2009<\/li>\n<\/ul>\n<h6><strong><b>Incluye en el paquete:<\/b><\/strong><\/h6>\n<ul>\n<li>Un nuevo recambio <a href=\"https:\/\/keylessbest.com\/es\/producto\/ford-fiesta-2011-2017-mando-de-entrada-sin-llave-de-3-botones-kr55wk47899-pn164-r8042-remoto-y-hoja-164-r8043-hoja-164-r8042-164-r8039-5913139-5914117-4d63-80bit__trashed\/\" data-wpil-monitor-id=\"998\">mando a distancia sin llave<\/a><\/li>\n<li>Una llave de inserci\u00f3n de emergencia del mercado de accesorios gratuita<\/li>\n<li>Todos los transmisores vienen con una bater\u00eda<\/li>\n<li>Todas las unidades son probadas antes del env\u00edo<\/li>\n<li>Garant\u00eda de satisfacci\u00f3n y garant\u00eda de 2 a\u00f1os 100%<\/li>\n<\/ul>\n<h6><strong><b>Nota:<\/b><\/strong><\/h6>\n<ul>\n<li>Reemplazo de llavero de entrada sin llave para Cadillac, Chevrolet, Buick, GMC, Pontiac, Saturn, Suzuki, smart, modelo 2007-2017 \u2013 sin logotipo, con llave de inserci\u00f3n de emergencia sin cortar incluida.<\/li>\n<li>No cortamos ni programamos la llave remota. Adem\u00e1s, para precios, por favor contacte con un cerrajero local o concesionario.<\/li>\n<li>Este transmisor es compatible con veh\u00edculos que cuentan con un bot\u00f3n de arranque\/parada en el tablero o un encendido con llave de giro, junto con un sistema de entrada sin llave proxy <a href=\"https:\/\/keylessbest.com\/es\/producto\/nissan-rogue-versa-pathfinder-2007-2013-con-sistema-inteligente-mando-de-entrada-sin-llave-de-3-botones-cwtwbu729-cwtwbu735-cwtwbu624-pn-285e3-em30d-285e3-em31d\/\" data-wpil-monitor-id=\"997\">sistema de entrada sin llave<\/a>.<\/li>\n<li>El precio es por una unidad completa <a href=\"https:\/\/keylessbest.com\/es\/producto\/2015-2021-jeep-renegade-mando-de-entrada-sin-llave-de-5-botones-m3n-40821302-reemplaza-pn-6mp33dx9aa-id-47-4a__trashed\/\" data-wpil-monitor-id=\"994\">llave de entrada sin llave de reemplazo<\/a>, llave de emergencia incluida.<\/li>\n<li>Por lo tanto, recomendamos encarecidamente que haga que su <a href=\"https:\/\/keylessbest.com\/es\/como-programar-un-mando-a-distancia-de-coche-rapido-y-facil-pasos-de-bricolaje-para-cualquier-coche\/\" data-wpil-monitor-id=\"995\">PROGRAMEN SU LLAVERO<\/a> por un cerrajero profesional o distribuidor.<\/li>\n<\/ul>\n<h6><strong>Recursos de programaci\u00f3n\uff1a<\/strong><\/h6>\n<p><a href=\"http:\/\/programyourfob.com\/?list_4\/\" target=\"_blank\" rel=\"noopener\">http:\/\/programyourfob.com\/?list_4\/<\/a><\/p>\n<p><a href=\"http:\/\/programyourfob.com\/?list_5\/\" target=\"_blank\" rel=\"noopener\">http:\/\/programyourfob.com\/?list_5\/<\/a><\/p>\n<p><a href=\"http:\/\/programyourfob.com\/?list_6\/\" target=\"_blank\" rel=\"noopener\">http:\/\/programyourfob.com\/?list_6\/<\/a><\/p>\n<p><a href=\"http:\/\/programyourfob.com\/?list_11\/\" target=\"_blank\" rel=\"noopener\">http:\/\/programyourfob.com\/?list_11\/<\/a><\/p>\n<p><a href=\"http:\/\/programyourfob.com\/?list_30\/\" target=\"_blank\" rel=\"noopener\">http:\/\/programyourfob.com\/?list_30\/<\/a><\/p>\n<p><a href=\"http:\/\/programyourfob.com\/?list_32\/\" target=\"_blank\" rel=\"noopener\">http:\/\/programyourfob.com\/?list_32\/<\/a><\/p>\n<p><a href=\"http:\/\/programyourfob.com\/?list_35\/\" target=\"_blank\" rel=\"noopener\">http:\/\/programyourfob.com\/?list_35\/<\/a><\/p>\n<p>Gracias por elegirnos.<\/p>\n<p>Somos uno de los fabricantes m\u00e1s profesionales de llaves de coche, sistema de entrada sin llave, <a href=\"https:\/\/keylessbest.com\/es\/producto\/toyota-sequoia-solara-avalon-highlander-sienna-tacoma-2004-2018-mando-de-entrada-sin-llave-de-3-botones-gq43vt20t-pn-89742-ae010-89742-ae011\/\" data-wpil-monitor-id=\"991\">control remoto de llave de coche<\/a>, chips transpondedores, programadores de llaves, carcasas de llaves de coche, cerraduras de coche, herramientas de cerrajero y m\u00e1s. Adem\u00e1s, nuestra empresa cuenta con un equipo profesional y l\u00ednea de producci\u00f3n. Adem\u00e1s, nos especializamos en la producci\u00f3n de varias llaves de coche, carcasas de llaves y herramientas de cerrajero. Tambi\u00e9n nos encargamos del desarrollo, fabricaci\u00f3n y venta al por mayor de productos de seguridad y protecci\u00f3n para autom\u00f3viles.<\/p>\n<p>Precios competitivos y servicios dedicados le ayudar\u00e1n a obtener un buen mercado. Adem\u00e1s, un equipo de ventas joven y en\u00e9rgico ofrece un servicio r\u00e1pido, profesional y amigable en cualquier momento. Adem\u00e1s, todos nuestros productos se env\u00edan directamente desde el almac\u00e9n en Espa\u00f1a, Canad\u00e1 y M\u00e9xico. Por lo tanto, los productos que compre ser\u00e1n empaquetados y enviados en 48 horas despu\u00e9s de realizar el pedido. M\u00e1s de 100% de nuestros productos est\u00e1n en stock, y el inventario es suficiente.<\/p>","protected":false},"excerpt":{"rendered":"<ul>\n<li>SKU: CA-GM016<\/li>\n<li>ID FCC: OUC60270 &amp; OUC60221<\/li>\n<li>PN: 15913421, 20868672, 20952474<\/li>\n<li>IC: 850K60270 \/ 850K60221<\/li>\n<li>Frecuencia: 315MHz<\/li>\n<li>Botones: Bloquear, Desbloquear, Maletero, P\u00e1nico<\/li>\n<\/ul>","protected":false},"featured_media":20822,"comment_status":"open","ping_status":"closed","template":"","meta":{"_bst_post_transparent":"default","_bst_post_title":"","_bst_post_layout":"default","_bst_post_sidebar_id":"","_bst_post_content_style":"default","_bst_post_vertical_padding":"default","_bst_post_feature":"","_bst_post_feature_position":"","_bst_post_header":false,"_bst_post_footer":false},"product_brand":[],"product_cat":[15,151,149,150,152,373,375,176],"product_tag":[],"2_year_make_model":[],"class_list":{"0":"post-13753","1":"product","2":"type-product","3":"status-publish","4":"has-post-thumbnail","6":"product_cat-carkeyremote","7":"product_cat-for-buick","8":"product_cat-for-cadillac","9":"product_cat-for-chevrolet","10":"product_cat-for-gmc","11":"product_cat-for-pontiac","12":"product_cat-for-saturn","13":"product_cat-for-suzuki","15":"first","16":"instock","17":"sale","18":"shipping-taxable","19":"purchasable","20":"product-type-simple","21":"entry","22":"content-bg","23":"loop-entry"},"_links":{"self":[{"href":"https:\/\/keylessbest.com\/es\/wp-json\/wp\/v2\/product\/13753","targetHints":{"allow":["GET"]}}],"collection":[{"href":"https:\/\/keylessbest.com\/es\/wp-json\/wp\/v2\/product"}],"about":[{"href":"https:\/\/keylessbest.com\/es\/wp-json\/wp\/v2\/types\/product"}],"replies":[{"embeddable":true,"href":"https:\/\/keylessbest.com\/es\/wp-json\/wp\/v2\/comments?post=13753"}],"version-history":[{"count":3,"href":"https:\/\/keylessbest.com\/es\/wp-json\/wp\/v2\/product\/13753\/revisions"}],"predecessor-version":[{"id":19418,"href":"https:\/\/keylessbest.com\/es\/wp-json\/wp\/v2\/product\/13753\/revisions\/19418"}],"wp:featuredmedia":[{"embeddable":true,"href":"https:\/\/keylessbest.com\/es\/wp-json\/wp\/v2\/media\/20822"}],"wp:attachment":[{"href":"https:\/\/keylessbest.com\/es\/wp-json\/wp\/v2\/media?parent=13753"}],"wp:term":[{"taxonomy":"product_brand","embeddable":true,"href":"https:\/\/keylessbest.com\/es\/wp-json\/wp\/v2\/product_brand?post=13753"},{"taxonomy":"product_cat","embeddable":true,"href":"https:\/\/keylessbest.com\/es\/wp-json\/wp\/v2\/product_cat?post=13753"},{"taxonomy":"product_tag","embeddable":true,"href":"https:\/\/keylessbest.com\/es\/wp-json\/wp\/v2\/product_tag?post=13753"},{"taxonomy":"2_year_make_model","embeddable":true,"href":"https:\/\/keylessbest.com\/es\/wp-json\/wp\/v2\/2_year_make_model?post=13753"}],"curies":[{"name":"wp","href":"https:\/\/api.w.org\/{rel}","templated":true}]}}