{"id":13761,"date":"2025-08-19T08:35:17","date_gmt":"2025-08-19T08:35:17","guid":{"rendered":"https:\/\/hanwuji.shengjit.com\/?post_type=product&#038;p=13761"},"modified":"2026-02-11T06:44:40","modified_gmt":"2026-02-11T06:44:40","slug":"llavero-de-dodge-jeep-2008-2017-m3n5wy783x-iyz-c01c-para-keylessbest","status":"publish","type":"product","link":"https:\/\/keylessbest.com\/es\/producto\/llavero-de-dodge-jeep-2008-2017-m3n5wy783x-iyz-c01c-para-keylessbest\/","title":{"rendered":"Llavero de coche Dodge Jeep 2008-2017 M3N5WY783X, IYZ-C01C para Keylessbest"},"content":{"rendered":"<p>*La informaci\u00f3n detallada de este llavero sin llave para Chrysler Dodge Volkswagen de 2008 a 2019 es la siguiente. Por favor, confirme que los siguientes detalles coinciden con su veh\u00edculo antes de realizar el pedido: ID FCC, N\u00famero de Parte, A\u00f1o Modelo, IC, Frecuencia, Chip y Botones.<\/p>\n<h6><strong><b>Informaci\u00f3n del Producto: <\/b><\/strong><\/h6>\n<ul>\n<li>ID FCC: M3N5WY783X, IYZ-C01C<\/li>\n<li>IC: 267F-5WY783X, 2701A-C01C<\/li>\n<li>Frecuencia: 433MHz<\/li>\n<li>Chip: ID46<\/li>\n<li>Clave de prueba: Y159<\/li>\n<li>Botones: Bloquear, Desbloquear, P\u00e1nico, Arranque remoto<\/li>\n<\/ul>\n<h6><strong><b>El modelo de referencia:<\/b><\/strong><\/h6>\n<ul>\n<li>Dodge Charger 2008-2012<\/li>\n<li>Dodge Caravan 2008-2017<\/li>\n<li>Dodge Challenger 2008-2012<\/li>\n<li>Dodge Durango 2008-2013<\/li>\n<li>Dodge Grand Caravan 2008-2019<\/li>\n<li>Dodge Journey 2009-2012<\/li>\n<li>Dodge Ram 1500 2500 2008-2012<\/li>\n<li>Dodge Magnum 2008<\/li>\n<li>Chrysler Town &amp; Country 2008-2016<\/li>\n<li>Chrysler 300 2008-2010<\/li>\n<li>Volkswagen Routan 2009-2012<\/li>\n<li><a href=\"https:\/\/keylessbest.com\/es\/producto\/control-remoto-de-entrada-sin-llave-de-5-botones-para-jeep-commander-grand-cherokee-2008-2013-m3n5wy783x-iyz-c01c-pn-05026453ai-05026453af-05026453ag-05026453ah-id46-2\/\" data-wpil-monitor-id=\"1138\">Jeep 2008-2010<\/a> Commander<\/li>\n<li>2008-2013 <a href=\"https:\/\/keylessbest.com\/es\/producto\/2021-2024-jeep-grand-cherokee-grand-wagoneer-mando-de-entrada-sin-llave-de-4-botones-m3nwxf0b1-pn-685169738aa-chip-hitag-aes__trashed\/\" data-wpil-monitor-id=\"1134\">Jeep Grand<\/a> Cherokee<\/li>\n<\/ul>\n<h6><strong><b>Incluye en el paquete:<\/b><\/strong><\/h6>\n<ul>\n<li>Un nuevo recambio <a href=\"https:\/\/keylessbest.com\/es\/producto\/ford-fiesta-2011-2017-mando-de-entrada-sin-llave-de-3-botones-kr55wk47899-pn164-r8042-remoto-y-hoja-164-r8043-hoja-164-r8042-164-r8039-5913139-5914117-4d63-80bit__trashed\/\" data-wpil-monitor-id=\"1137\">mando a distancia sin llave<\/a><\/li>\n<li>Una llave de inserci\u00f3n de emergencia del mercado de accesorios gratuita<\/li>\n<li>Todos los transmisores vienen con una bater\u00eda<\/li>\n<li>Todas las unidades son probadas antes del env\u00edo<\/li>\n<li>Garant\u00eda de satisfacci\u00f3n y garant\u00eda de 2 a\u00f1os 100%<\/li>\n<\/ul>\n<h6><strong><b>Nota:<\/b><\/strong><\/h6>\n<ul>\n<li>Reemplazo de llavero de entrada sin llave inteligente para Dodge, Chrysler, Volkswagen y Jeep de 2008-2019 \u2013 sin logotipo, con llave de inserci\u00f3n de emergencia sin cortar incluida.<\/li>\n<li>No cortamos ni programamos el <a href=\"https:\/\/keylessbest.com\/es\/tienda-de-llaves-y-llaveros-sin-llave-de-keylessbestcarkeyfobshop\/\" data-wpil-monitor-id=\"1139\">llave remota<\/a>.Adem\u00e1s, para conocer los precios, p\u00f3ngase en contacto con el cerrajero o concesionario local.<\/li>\n<li>Este transmisor es compatible con veh\u00edculos que cuentan con un bot\u00f3n de arranque\/parada en el tablero o una llave de giro, junto con un proxy <a href=\"https:\/\/keylessbest.com\/es\/producto\/nissan-rogue-versa-pathfinder-2007-2013-con-sistema-inteligente-mando-de-entrada-sin-llave-de-3-botones-cwtwbu729-cwtwbu735-cwtwbu624-pn-285e3-em30d-285e3-em31d\/\" data-wpil-monitor-id=\"1136\">entrada sin llave<\/a> sistema.<\/li>\n<li>El precio es por un mando de entrada sin llave de reemplazo completo, con llave de emergencia incluida.<\/li>\n<li>Por lo tanto, recomendamos encarecidamente que tenga su \u00a0<a href=\"https:\/\/keylessbest.com\/es\/como-programar-un-mando-a-distancia-de-coche-rapido-y-facil-pasos-de-bricolaje-para-cualquier-coche\/\" data-wpil-monitor-id=\"1135\">PROGRAMEN SU LLAVERO<\/a> por un cerrajero profesional o distribuidor.<\/li>\n<\/ul>\n<h6><strong><b>Recursos de programaci\u00f3n\u00a0<\/b><\/strong><\/h6>\n<p><a href=\"http:\/\/programyourfob.com\/?list_7\/\" target=\"_blank\" rel=\"noopener\">http:\/\/programyourfob.com\/?list_7\/<\/a><\/p>\n<p><a href=\"http:\/\/programyourfob.com\/?list_8\/\" target=\"_blank\" rel=\"noopener\">http:\/\/programyourfob.com\/?list_8\/<\/a><\/p>\n<p><a href=\"http:\/\/programyourfob.com\/?list_18\/\" target=\"_blank\" rel=\"noopener\">http:\/\/programyourfob.com\/?list_18\/<\/a><\/p>\n<p><a href=\"http:\/\/programyourfob.com\/?list_37\/\" target=\"_blank\" rel=\"noopener\">http:\/\/programyourfob.com\/?list_37\/<\/a><\/p>\n<p>Gracias por elegirnos.<\/p>\n<p>Somos uno de los fabricantes m\u00e1s profesionales de llaves de coche, sistemas de entrada sin llave, <a href=\"https:\/\/keylessbest.com\/es\/producto\/cadillac-gmc-chevrolet-suburban-yukon-escalade-suburban-tahoe-de-2007-a-2014-mando-de-entrada-sin-llave-de-6-botones-ouc60270-ouc60221-pn20869057-22951510-22756462-15913427\/\" data-wpil-monitor-id=\"1133\">control remoto de llave de coche<\/a>, chips transpondedores, programadores de llaves, carcasas de llaves de coche, cerraduras de coche, herramientas de cerrajer\u00eda y m\u00e1s. Adem\u00e1s, nuestra empresa cuenta con un equipo profesional y una l\u00ednea de producci\u00f3n. Adem\u00e1s, nos especializamos en la fabricaci\u00f3n de diversos <a href=\"https:\/\/keylessbest.com\/es\/que-hacer-si-pierdes-las-llaves-del-coche-guia-paso-a-paso-2025\/\" data-wpil-monitor-id=\"1140\">llavero de coche<\/a>s, carcasas de llaves de coche y herramientas de cerrajer\u00eda. Tambi\u00e9n nos encargamos del desarrollo, la fabricaci\u00f3n y la venta al por mayor de productos de seguridad y protecci\u00f3n para autom\u00f3viles.<\/p>\n<p>Precios competitivos y servicios dedicados te ayudar\u00e1n a ganar un buen mercado. Adem\u00e1s, un equipo de m\u00e1s de 10 j\u00f3venes y en\u00e9rgicos vendedores ofrece un servicio r\u00e1pido, profesional y amigable en cualquier momento. Adem\u00e1s, todos nuestros productos se env\u00edan directamente desde el almac\u00e9n en Espa\u00f1a, Canad\u00e1 y M\u00e9xico. Por lo tanto, los productos que compres ser\u00e1n empaquetados y enviados en 48 horas despu\u00e9s de realizar el pedido. M\u00e1s de 100% de nuestros productos est\u00e1n en stock, y el inventario es suficiente.<\/p>","protected":false},"excerpt":{"rendered":"<ul>\n<li>SKU: CA-DG028<\/li>\n<li>ID FCC: M3N5WY783X, IYZ-C01C<\/li>\n<li>IC: 267F-5WY783X, 2701A-C01C<\/li>\n<li>Frecuencia: 433MHz<\/li>\n<li>Chip: ID46<\/li>\n<li>Clave de prueba: Y159<\/li>\n<li>Botones: Bloquear, Desbloquear, P\u00e1nico, Arranque remoto<\/li>\n<\/ul>","protected":false},"featured_media":20838,"comment_status":"open","ping_status":"closed","template":"","meta":{"_bst_post_transparent":"default","_bst_post_title":"","_bst_post_layout":"default","_bst_post_sidebar_id":"","_bst_post_content_style":"default","_bst_post_vertical_padding":"default","_bst_post_feature":"","_bst_post_feature_position":"","_bst_post_header":false,"_bst_post_footer":false},"product_brand":[],"product_cat":[15,155,153,154,165],"product_tag":[],"2_year_make_model":[],"class_list":{"0":"post-13761","1":"product","2":"type-product","3":"status-publish","4":"has-post-thumbnail","6":"product_cat-carkeyremote","7":"product_cat-for-chrysler","8":"product_cat-for-dodge","9":"product_cat-for-jeep","10":"product_cat-for-volkswagen","12":"first","13":"instock","14":"sale","15":"shipping-taxable","16":"purchasable","17":"product-type-simple","18":"entry","19":"content-bg","20":"loop-entry"},"_links":{"self":[{"href":"https:\/\/keylessbest.com\/es\/wp-json\/wp\/v2\/product\/13761","targetHints":{"allow":["GET"]}}],"collection":[{"href":"https:\/\/keylessbest.com\/es\/wp-json\/wp\/v2\/product"}],"about":[{"href":"https:\/\/keylessbest.com\/es\/wp-json\/wp\/v2\/types\/product"}],"replies":[{"embeddable":true,"href":"https:\/\/keylessbest.com\/es\/wp-json\/wp\/v2\/comments?post=13761"}],"version-history":[{"count":2,"href":"https:\/\/keylessbest.com\/es\/wp-json\/wp\/v2\/product\/13761\/revisions"}],"predecessor-version":[{"id":19529,"href":"https:\/\/keylessbest.com\/es\/wp-json\/wp\/v2\/product\/13761\/revisions\/19529"}],"wp:featuredmedia":[{"embeddable":true,"href":"https:\/\/keylessbest.com\/es\/wp-json\/wp\/v2\/media\/20838"}],"wp:attachment":[{"href":"https:\/\/keylessbest.com\/es\/wp-json\/wp\/v2\/media?parent=13761"}],"wp:term":[{"taxonomy":"product_brand","embeddable":true,"href":"https:\/\/keylessbest.com\/es\/wp-json\/wp\/v2\/product_brand?post=13761"},{"taxonomy":"product_cat","embeddable":true,"href":"https:\/\/keylessbest.com\/es\/wp-json\/wp\/v2\/product_cat?post=13761"},{"taxonomy":"product_tag","embeddable":true,"href":"https:\/\/keylessbest.com\/es\/wp-json\/wp\/v2\/product_tag?post=13761"},{"taxonomy":"2_year_make_model","embeddable":true,"href":"https:\/\/keylessbest.com\/es\/wp-json\/wp\/v2\/2_year_make_model?post=13761"}],"curies":[{"name":"wp","href":"https:\/\/api.w.org\/{rel}","templated":true}]}}