{"id":13765,"date":"2025-08-19T08:35:17","date_gmt":"2025-08-19T08:35:17","guid":{"rendered":"https:\/\/hanwuji.shengjit.com\/?post_type=product&#038;p=13765"},"modified":"2026-02-11T07:11:37","modified_gmt":"2026-02-11T07:11:37","slug":"llavero-de-dodge-chrysler-2005-2017-oht692427aa-para-keylessbest","status":"publish","type":"product","link":"https:\/\/keylessbest.com\/es\/producto\/llavero-de-dodge-chrysler-2005-2017-oht692427aa-para-keylessbest\/","title":{"rendered":"Llavero de Dodge Chrysler 2005-2017 OHT692427AA para Keylessbest"},"content":{"rendered":"<p>*La informaci\u00f3n detallada de este llavero sin llave para Chrysler Dodge Jeep de 2004-2016 es la siguiente. Por favor, confirme que los siguientes detalles coinciden con su veh\u00edculo antes de realizar el pedido: ID FCC, N\u00famero de Parte, A\u00f1o Modelo, IC, Frecuencia, Chip y Botones.<\/p>\n<h6><strong><b>Informaci\u00f3n del Producto: <\/b><\/strong><\/h6>\n<ul>\n<li>ID FCC: OHT692427AA, OHT692713AA, KOBDT04A<\/li>\n<li>PN: 56040649ac 56040649 05175789AA 05175786AA 05175817AA<\/li>\n<li>IC: 5461A-692427AA<\/li>\n<li>Frecuencia: 315MHz<\/li>\n<li>Chip: 46<\/li>\n<li>Botones: Bloquear, Desbloquear, P\u00e1nico<\/li>\n<\/ul>\n<h6><strong><b>El modelo de referencia:<\/b><\/strong><\/h6>\n<ul>\n<li>Chrysler 200 de 2011-2014<\/li>\n<li>Chrysler 300 2005-2007<\/li>\n<li>Chrysler Aspen de 2007-2009<\/li>\n<li>Chrysler PT Cruiser de 2006-2010<\/li>\n<li>Chrysler Sebring 2007-2009<\/li>\n<li><a href=\"https:\/\/keylessbest.com\/es\/producto\/control-remoto-de-entrada-sin-llave-dodge-jeep-chrysler-charger-grand-cherokee-300-magnum-challenger-durango-5-botones-2008-2014-m3n5wy783x-iyz-c01c-id46\/\"  data-wpil-monitor-id=\"806\">Dodge de 2008-2014<\/a> Avenger<\/li>\n<li>Dodge Caliber 2007-2012<\/li>\n<li>Dodge Charger 2006-2007<\/li>\n<li>Dodge Dakota 2005-2011<\/li>\n<li>Dodge Durango de 2004-2009<\/li>\n<li>Dodge Magnum 2005-2007<\/li>\n<li>Dodge Nitro 2007-2011<\/li>\n<li>2006-2008 <a href=\"https:\/\/keylessbest.com\/es\/producto\/2013-2019-dodge-ram-ram-1500-classic-mando-de-entrada-sin-llave-de-5-botones-gq4-53t-pn-68159655ag-68159655af-68159655ad-68159655ab-68159655ac-id46-7961\/\"  data-wpil-monitor-id=\"805\">Dodge Ram<\/a><\/li>\n<li>Jeep Commander de 2006-2007<\/li>\n<li>Jeep Compass de 2007-2016<\/li>\n<li>2005-2007 <a href=\"https:\/\/keylessbest.com\/es\/producto\/2021-2024-jeep-grand-cherokee-grand-wagoneer-mando-de-entrada-sin-llave-de-4-botones-m3nwxf0b1-pn-685169738aa-chip-hitag-aes__trashed\/\"  data-wpil-monitor-id=\"801\">Jeep Grand<\/a> Cherokee<\/li>\n<li>Jeep Liberty de 2008-2012<\/li>\n<li>Jeep Patriot de 2007-2016<\/li>\n<li>Jeep Wrangler 2006-2017<\/li>\n<\/ul>\n<h6><strong><b>Incluye en el paquete:<\/b><\/strong><\/h6>\n<ul>\n<li>Un nuevo recambio <a href=\"https:\/\/keylessbest.com\/es\/producto\/ford-fiesta-2011-2017-mando-de-entrada-sin-llave-de-3-botones-kr55wk47899-pn164-r8042-remoto-y-hoja-164-r8043-hoja-164-r8042-164-r8039-5913139-5914117-4d63-80bit__trashed\/\"  data-wpil-monitor-id=\"804\">mando a distancia sin llave<\/a><\/li>\n<li>Una llave de inserci\u00f3n de emergencia del mercado de accesorios gratuita<\/li>\n<li>Todos los transmisores vienen con una bater\u00eda<\/li>\n<li>Todas las unidades son probadas antes del env\u00edo<\/li>\n<li>Garant\u00eda de satisfacci\u00f3n y garant\u00eda de 2 a\u00f1os 100%<\/li>\n<\/ul>\n<h6><strong><b>Nota:<\/b><\/strong><\/h6>\n<ul>\n<li>El\u00a02004-2017 Chrysler Dodge Jeep inteligente <a href=\"https:\/\/keylessbest.com\/es\/producto\/1999-2004-acura-cl-tl-rl-mando-de-entrada-sin-llave-de-4-botones-e4eg8d-444h-a-reemplaza-pn-72147-s0k-a23-72147-s0k-a13__trashed\/\"  data-wpil-monitor-id=\"800\">reemplazo del mando de entrada sin llave<\/a> \u2013 \u00a0\u00a0sin \u00a0logo, con \u00a0una \u00a0llave de inserci\u00f3n de emergencia sin cortar incluida.<\/li>\n<li>No cortamos ni programamos la llave remota. Adem\u00e1s, para precios, por favor contacte con un cerrajero local o concesionario.<\/li>\n<li>Este transmisor es compatible con veh\u00edculos que cuentan con un bot\u00f3n de arranque\/parada en el tablero o una llave de giro, junto con un proxy <a href=\"https:\/\/keylessbest.com\/es\/producto\/chevrolet-volt-cruze-2016-2022-nuevo-modelo-traverse-camaro-malibu-cruze-xl8-sistemas-unicamente-control-remoto-de-entrada-sin-llave-de-4-botones-hyq4ea-pn-13508771-13584504-13529660-46\/\"  data-wpil-monitor-id=\"803\">entrada sin llave<\/a> sistema.<\/li>\n<li>El precio es por un mando de entrada sin llave de reemplazo completo, con llave de emergencia incluida.<\/li>\n<li>Por lo tanto, recomendamos encarecidamente que tenga su \u00a0<a href=\"https:\/\/keylessbest.com\/es\/como-programar-un-mando-a-distancia-de-coche-rapido-y-facil-pasos-de-bricolaje-para-cualquier-coche\/\"  data-wpil-monitor-id=\"802\">PROGRAMEN SU LLAVERO<\/a> por un cerrajero profesional o distribuidor.<\/li>\n<\/ul>\n<h6><strong><b>Recursos de programaci\u00f3n\u00a0<\/b><\/strong><\/h6>\n<p><a href=\"http:\/\/programyourfob.com\/?list_7\/\" target=\"_blank\" rel=\"noopener\">http:\/\/programyourfob.com\/?list_7\/<\/a><\/p>\n<p><a href=\"http:\/\/programyourfob.com\/?list_8\/\" target=\"_blank\" rel=\"noopener\">http:\/\/programyourfob.com\/?list_8\/<\/a><\/p>\n<p><a href=\"http:\/\/programyourfob.com\/?list_18\/\" target=\"_blank\" rel=\"noopener\"><u>http:\/\/programyourfob.com\/?list_18\/<\/u><\/a><\/p>\n<p>Gracias por elegirnos.<\/p>\n<p>Somos uno de los fabricantes m\u00e1s profesionales de llaves de coche, sistemas de entrada sin llave, <a href=\"https:\/\/keylessbest.com\/es\/producto\/2001-2007-buick-cadillac-chevrolet-gmc-oldsmobile-pontiac-lesabre-deville-eldorado-seville-astro-blazer-corvette-express-impala-malibu-monte-carlo-ssr-jimmy\/\" data-wpil-monitor-id=\"799\">control remoto de llave de coche<\/a>, chips transpondedores, programadores de llaves, carcasas de llaves de coche, cerraduras de coche, herramientas de cerrajer\u00eda y dem\u00e1s. Adem\u00e1s, nuestra empresa cuenta con un equipo profesional y l\u00ednea de producci\u00f3n. Adem\u00e1s, nos especializamos en la fabricaci\u00f3n de varias llaves de coche, carcasas de llaves de coche y herramientas de cerrajer\u00eda. Tambi\u00e9n nos encargamos del desarrollo, fabricaci\u00f3n y venta al por mayor de productos de seguridad y protecci\u00f3n para autom\u00f3viles.<\/p>\n<p>Precios competitivos y servicios dedicados te ayudar\u00e1n a ganar un buen mercado. Adem\u00e1s, un equipo de m\u00e1s de 10 j\u00f3venes y en\u00e9rgicos vendedores ofrece un servicio r\u00e1pido, profesional y amigable en cualquier momento. Adem\u00e1s, todos nuestros productos se env\u00edan directamente desde el almac\u00e9n en Espa\u00f1a, Canad\u00e1 y M\u00e9xico. Por lo tanto, los productos que compres ser\u00e1n empaquetados y enviados en 48 horas despu\u00e9s de realizar el pedido. M\u00e1s de 100% de nuestros productos est\u00e1n en stock, y el inventario es suficiente.<\/p>","protected":false},"excerpt":{"rendered":"<ul>\n<li>SKU: CA-DG032<\/li>\n<li>ID FCC: OHT692427AA, OHT692713AA, KOBDT04A<\/li>\n<li>PN: 56040649ac 56040649 05175789AA 05175786AA 05175817AA<\/li>\n<li>IC: 5461A-692427AA<\/li>\n<li>Frecuencia: 315MHz<\/li>\n<li>Chip: 46<\/li>\n<li>Botones: Bloquear, Desbloquear, P\u00e1nico<\/li>\n<\/ul>","protected":false},"featured_media":20856,"comment_status":"open","ping_status":"closed","template":"","meta":{"_bst_post_transparent":"default","_bst_post_title":"","_bst_post_layout":"default","_bst_post_sidebar_id":"","_bst_post_content_style":"default","_bst_post_vertical_padding":"default","_bst_post_feature":"","_bst_post_feature_position":"","_bst_post_header":false,"_bst_post_footer":false},"product_brand":[],"product_cat":[15,155,153,154],"product_tag":[],"2_year_make_model":[],"class_list":{"0":"post-13765","1":"product","2":"type-product","3":"status-publish","4":"has-post-thumbnail","6":"product_cat-carkeyremote","7":"product_cat-for-chrysler","8":"product_cat-for-dodge","9":"product_cat-for-jeep","11":"first","12":"instock","13":"sale","14":"shipping-taxable","15":"purchasable","16":"product-type-simple","17":"entry","18":"content-bg","19":"loop-entry"},"_links":{"self":[{"href":"https:\/\/keylessbest.com\/es\/wp-json\/wp\/v2\/product\/13765","targetHints":{"allow":["GET"]}}],"collection":[{"href":"https:\/\/keylessbest.com\/es\/wp-json\/wp\/v2\/product"}],"about":[{"href":"https:\/\/keylessbest.com\/es\/wp-json\/wp\/v2\/types\/product"}],"replies":[{"embeddable":true,"href":"https:\/\/keylessbest.com\/es\/wp-json\/wp\/v2\/comments?post=13765"}],"version-history":[{"count":3,"href":"https:\/\/keylessbest.com\/es\/wp-json\/wp\/v2\/product\/13765\/revisions"}],"predecessor-version":[{"id":18960,"href":"https:\/\/keylessbest.com\/es\/wp-json\/wp\/v2\/product\/13765\/revisions\/18960"}],"wp:featuredmedia":[{"embeddable":true,"href":"https:\/\/keylessbest.com\/es\/wp-json\/wp\/v2\/media\/20856"}],"wp:attachment":[{"href":"https:\/\/keylessbest.com\/es\/wp-json\/wp\/v2\/media?parent=13765"}],"wp:term":[{"taxonomy":"product_brand","embeddable":true,"href":"https:\/\/keylessbest.com\/es\/wp-json\/wp\/v2\/product_brand?post=13765"},{"taxonomy":"product_cat","embeddable":true,"href":"https:\/\/keylessbest.com\/es\/wp-json\/wp\/v2\/product_cat?post=13765"},{"taxonomy":"product_tag","embeddable":true,"href":"https:\/\/keylessbest.com\/es\/wp-json\/wp\/v2\/product_tag?post=13765"},{"taxonomy":"2_year_make_model","embeddable":true,"href":"https:\/\/keylessbest.com\/es\/wp-json\/wp\/v2\/2_year_make_model?post=13765"}],"curies":[{"name":"wp","href":"https:\/\/api.w.org\/{rel}","templated":true}]}}