{"id":13785,"date":"2025-08-19T08:35:41","date_gmt":"2025-08-19T08:35:41","guid":{"rendered":"https:\/\/hanwuji.shengjit.com\/?post_type=product&#038;p=13785"},"modified":"2026-02-11T07:15:44","modified_gmt":"2026-02-11T07:15:44","slug":"llavero-de-dodge-caravan-2004-2007-m3n5wy72xx-para-keylessbest","status":"publish","type":"product","link":"https:\/\/keylessbest.com\/es\/producto\/llavero-de-dodge-caravan-2004-2007-m3n5wy72xx-para-keylessbest\/","title":{"rendered":"Llavero de coche Dodge 2004-2007 M3N5WY72XX para Keylessbest"},"content":{"rendered":"<p>*La informaci\u00f3n detallada de este llavero de entrada sin llave para Chrysler de 2004 a 2007 es la siguiente. Por favor, confirme que los siguientes detalles coinciden con su veh\u00edculo antes de realizar el pedido: ID FCC, N\u00famero de pieza, A\u00f1o Modelo, IC, Frecuencia, Chip y Botones.<\/p>\n<h6><strong><b>Informaci\u00f3n del Producto: <\/b><\/strong><\/h6>\n<ul>\n<li>ID FCC: M3N5WY72XX<\/li>\n<li>PN: 05183683AA<\/li>\n<li>IC: 267F-5WY72XX<\/li>\n<li>Frecuencia: 315MHz<\/li>\n<li>Chip: ID46<\/li>\n<li>Botones: Cerrar, Abrir, P\u00e1nico, Escotilla, Izquierda <a href=\"https:\/\/keylessbest.com\/es\/producto\/2001-2012-chevrolet-hummer-gmc-oldsmobile-pontiac-isuzu-colorado-h3-venture-sin-puertas-correderas-canyon-silhouette-montana-h3t-i-280-i-290-i-350-i-370-mando-a-distancia-de-entrada-sin-llave-de-3-bot\/\"  data-wpil-monitor-id=\"641\">Puerta corredera<\/a>, Puerta corredera derecha<\/li>\n<\/ul>\n<h6><strong><b>El modelo de referencia:<\/b><\/strong><\/h6>\n<ul>\n<li>Chrysler Town &amp; Country de 2004 a 2007<\/li>\n<li>Dodge Caravan de 2004 a 2007<\/li>\n<li>Dodge Grand Caravan de 2004 a 2007<\/li>\n<\/ul>\n<h6><strong><b>Incluye en el paquete:<\/b><\/strong><\/h6>\n<ul>\n<li>Un nuevo recambio <a href=\"https:\/\/keylessbest.com\/es\/producto\/ford-fiesta-2011-2017-mando-de-entrada-sin-llave-de-3-botones-kr55wk47899-pn164-r8042-remoto-y-hoja-164-r8043-hoja-164-r8042-164-r8039-5913139-5914117-4d63-80bit__trashed\/\"  data-wpil-monitor-id=\"638\">mando a distancia sin llave<\/a><\/li>\n<li>Una llave de inserci\u00f3n de emergencia del mercado de accesorios gratuita<\/li>\n<li>Todos los transmisores vienen con una bater\u00eda<\/li>\n<li>Todas las unidades son probadas antes del env\u00edo<\/li>\n<li>Garant\u00eda de satisfacci\u00f3n y garant\u00eda de 2 a\u00f1os 100%<\/li>\n<\/ul>\n<h6><strong><b>Nota:<\/b><\/strong><\/h6>\n<ul>\n<li>El reemplazo del llavero de entrada sin llave inteligente de Chrysler de 2004 a 2007 \u2013 sin logotipo, con una llave de inserci\u00f3n de emergencia sin cortar incluida.<\/li>\n<li>No cortamos ni programamos el <a href=\"https:\/\/keylessbest.com\/es\/tienda-de-llaves-y-llaveros-sin-llave-de-keylessbestcarkeyfobshop\/\"  data-wpil-monitor-id=\"643\">llave remota<\/a>.Adem\u00e1s, para conocer los precios, p\u00f3ngase en contacto con el cerrajero o concesionario local.<\/li>\n<li>Este transmisor es compatible con veh\u00edculos que cuentan con un bot\u00f3n de arranque\/parada en el tablero o una llave de giro, junto con un proxy <a href=\"https:\/\/keylessbest.com\/es\/producto\/nissan-rogue-versa-pathfinder-2007-2013-con-sistema-inteligente-mando-de-entrada-sin-llave-de-3-botones-cwtwbu729-cwtwbu735-cwtwbu624-pn-285e3-em30d-285e3-em31d\/\"  data-wpil-monitor-id=\"639\">entrada sin llave<\/a> sistema.<\/li>\n<li>El precio es por un reemplazo completo del llavero de entrada sin llave \u00a0\u00a0<a href=\"https:\/\/keylessbest.com\/es\/producto\/chevrolet-gmc-cadillac-suburban-tahoe-yukon-silverado-escalade-sierra-avalanche-s10-pickup-sin-llave-de-entrada-remota-de-3-botones-2001-2011-koblear1xt-pn15042968\/\"  data-wpil-monitor-id=\"645\">remoto de entrada sin llave<\/a>, llave de emergencia incluida.<\/li>\n<li>Por lo tanto, recomendamos encarecidamente que tenga su \u00a0<a href=\"https:\/\/keylessbest.com\/es\/como-programar-un-mando-a-distancia-de-coche-rapido-y-facil-pasos-de-bricolaje-para-cualquier-coche\/\"  data-wpil-monitor-id=\"637\">PROGRAMEN SU LLAVERO<\/a> por un cerrajero profesional o distribuidor.<\/li>\n<\/ul>\n<h6><strong><b>Recursos de programaci\u00f3n\u00a0<\/b><\/strong><\/h6>\n<p><a href=\"http:\/\/programyourfob.com\/?list_7\/\" target=\"_blank\" rel=\"noopener\">http:\/\/programyourfob.com\/?list_7\/<\/a><\/p>\n<p>Gracias por elegirnos.<\/p>\n<p>Somos uno de los fabricantes m\u00e1s profesionales de llaves de coche,\u00a0<a href=\"https:\/\/keylessbest.com\/es\/producto\/chevrolet-volt-cruze-2016-2022-nuevo-modelo-traverse-camaro-malibu-cruze-xl8-sistemas-unicamente-control-remoto-de-entrada-sin-llave-de-4-botones-hyq4ea-pn-13508771-13584504-13529660-46\/\" data-wpil-monitor-id=\"640\">sistema de entrada sin llave<\/a>, mando a distancia de llave de coche, chips transpondedores, programadores de llaves, carcasas de llaves de coche, cerraduras de coche, herramientas de cerrajer\u00eda y m\u00e1s. Adem\u00e1s, nuestra empresa cuenta con un equipo profesional y una l\u00ednea de producci\u00f3n. Adem\u00e1s, nos especializamos en la fabricaci\u00f3n de diversos <a href=\"https:\/\/keylessbest.com\/es\/cuanto-cuesta-reemplazar-un-mando-a-distancia-de-coche-en-2025\/\" data-wpil-monitor-id=\"644\">llaves de coche<\/a>carcasas de llaves de coche y herramientas de cerrajer\u00eda. Tambi\u00e9n nos encargamos del desarrollo, fabricaci\u00f3n y venta al por mayor de productos de seguridad y protecci\u00f3n para autom\u00f3viles.<\/p>\n<p>Precios competitivos y servicios dedicados te ayudar\u00e1n a ganar un buen mercado. Adem\u00e1s, un equipo de m\u00e1s de 10 j\u00f3venes y en\u00e9rgicos vendedores ofrece un servicio r\u00e1pido, profesional y amigable en cualquier momento. Adem\u00e1s, todos nuestros productos se env\u00edan directamente desde el almac\u00e9n en Espa\u00f1a, Canad\u00e1 y M\u00e9xico. Por lo tanto, los productos que compres ser\u00e1n empaquetados y enviados en 48 horas despu\u00e9s de realizar el pedido. M\u00e1s de 100% de nuestros productos est\u00e1n en stock, y el inventario es suficiente.<\/p>","protected":false},"excerpt":{"rendered":"<ul>\n<li>SKU: CA-DG034<\/li>\n<li>ID FCC: M3N5WY72XX<\/li>\n<li>PN: 05183683AA<\/li>\n<li>IC: 267F-5WY72XX<\/li>\n<li>Frecuencia: 315MHz<\/li>\n<li>Chip: ID46<\/li>\n<li>Botones: Cerrar, Abrir, P\u00e1nico, Escotilla, Izquierda <a href=\"https:\/\/keylessbest.com\/es\/producto\/2001-2012-chevrolet-hummer-gmc-oldsmobile-pontiac-isuzu-colorado-h3-venture-sin-puertas-correderas-canyon-silhouette-montana-h3t-i-280-i-290-i-350-i-370-mando-a-distancia-de-entrada-sin-llave-de-3-bot\/\"  data-wpil-monitor-id=\"642\">Puerta corredera<\/a>, Puerta corredera derecha<\/li>\n<\/ul>","protected":false},"featured_media":20862,"comment_status":"open","ping_status":"closed","template":"","meta":{"_bst_post_transparent":"default","_bst_post_title":"","_bst_post_layout":"default","_bst_post_sidebar_id":"","_bst_post_content_style":"default","_bst_post_vertical_padding":"default","_bst_post_feature":"","_bst_post_feature_position":"","_bst_post_header":false,"_bst_post_footer":false},"product_brand":[],"product_cat":[15,155],"product_tag":[],"2_year_make_model":[],"class_list":{"0":"post-13785","1":"product","2":"type-product","3":"status-publish","4":"has-post-thumbnail","6":"product_cat-carkeyremote","7":"product_cat-for-chrysler","9":"first","10":"instock","11":"sale","12":"shipping-taxable","13":"purchasable","14":"product-type-simple","15":"entry","16":"content-bg","17":"loop-entry"},"_links":{"self":[{"href":"https:\/\/keylessbest.com\/es\/wp-json\/wp\/v2\/product\/13785","targetHints":{"allow":["GET"]}}],"collection":[{"href":"https:\/\/keylessbest.com\/es\/wp-json\/wp\/v2\/product"}],"about":[{"href":"https:\/\/keylessbest.com\/es\/wp-json\/wp\/v2\/types\/product"}],"replies":[{"embeddable":true,"href":"https:\/\/keylessbest.com\/es\/wp-json\/wp\/v2\/comments?post=13785"}],"version-history":[{"count":2,"href":"https:\/\/keylessbest.com\/es\/wp-json\/wp\/v2\/product\/13785\/revisions"}],"predecessor-version":[{"id":19539,"href":"https:\/\/keylessbest.com\/es\/wp-json\/wp\/v2\/product\/13785\/revisions\/19539"}],"wp:featuredmedia":[{"embeddable":true,"href":"https:\/\/keylessbest.com\/es\/wp-json\/wp\/v2\/media\/20862"}],"wp:attachment":[{"href":"https:\/\/keylessbest.com\/es\/wp-json\/wp\/v2\/media?parent=13785"}],"wp:term":[{"taxonomy":"product_brand","embeddable":true,"href":"https:\/\/keylessbest.com\/es\/wp-json\/wp\/v2\/product_brand?post=13785"},{"taxonomy":"product_cat","embeddable":true,"href":"https:\/\/keylessbest.com\/es\/wp-json\/wp\/v2\/product_cat?post=13785"},{"taxonomy":"product_tag","embeddable":true,"href":"https:\/\/keylessbest.com\/es\/wp-json\/wp\/v2\/product_tag?post=13785"},{"taxonomy":"2_year_make_model","embeddable":true,"href":"https:\/\/keylessbest.com\/es\/wp-json\/wp\/v2\/2_year_make_model?post=13785"}],"curies":[{"name":"wp","href":"https:\/\/api.w.org\/{rel}","templated":true}]}}