{"id":13828,"date":"2025-08-19T08:36:30","date_gmt":"2025-08-19T08:36:30","guid":{"rendered":"https:\/\/hanwuji.shengjit.com\/?post_type=product&#038;p=13828"},"modified":"2026-02-11T07:30:49","modified_gmt":"2026-02-11T07:30:49","slug":"llavero-de-ford-2006-2017-164-r8000-5921467-para-keylessbest","status":"publish","type":"product","link":"https:\/\/keylessbest.com\/es\/producto\/llavero-de-ford-2006-2017-164-r8000-5921467-para-keylessbest\/","title":{"rendered":"Llavero de Ford 2006-2017 164-R8000, 5921467 para sin llave"},"content":{"rendered":"<p>*La informaci\u00f3n detallada de este llavero sin llave para Ford Mazda Mercury Lincoln de 1998-2016 es la siguiente. Por favor, confirme que los siguientes detalles coinciden con su veh\u00edculo antes de realizar el pedido: ID FCC, N\u00famero de Parte, A\u00f1o y Modelo, IC, Frecuencia, Chip y Botones.<\/p>\n<h6><strong><b>Informaci\u00f3n del Producto:<\/b><\/strong><\/h6>\n<ul>\n<li>ID FCC: CWTWB1U793, OUC6000022<\/li>\n<li>PN: 164-R8000, 5921467<\/li>\n<li>IC: 1788A-FWB1U793<\/li>\n<li>Frecuencia: 315MHz<\/li>\n<li>Chip: 4D63 80Bits<\/li>\n<li>Botones: Cierre, Apertura, Port\u00f3n, P\u00e1nico, Arranque remoto, Maletero<\/li>\n<\/ul>\n<h6><strong><b>El modelo de referencia\uff1a<\/b><\/strong><\/h6>\n<ul>\n<li>Ford Edge 2007-2015<\/li>\n<li>Ford Escape 2007-2012<\/li>\n<li>2009-2017 <a href=\"https:\/\/keylessbest.com\/es\/producto\/2023-2024-ford-expedition-mando-de-entrada-sin-llave-de-5-botones-m3n-a3c108397-pn-164-r8355-pl1t-15k601-ga-49__trashed\/\" data-wpil-monitor-id=\"1199\">Ford Expedition<\/a><\/li>\n<li>Ford Explorer 2007-2015<\/li>\n<li>Ford Five Hundred 2007-2011<\/li>\n<li>Ford Flex 2009-2017<\/li>\n<li>2010-2011 <a href=\"https:\/\/keylessbest.com\/es\/producto\/2015-2019-ford-focus-mando-de-entrada-sin-llave-de-3-botones-kr5876268-pn-164-r8147-49\/\" data-wpil-monitor-id=\"1198\">Ford Focus<\/a><\/li>\n<li>Ford Freestyle 2007-2009<\/li>\n<li>Ford Fusion 2006-2012<\/li>\n<li>Ford Mustang 2010-2014<\/li>\n<li>2008-2015 <a href=\"https:\/\/keylessbest.com\/es\/producto\/2010-2012-ford-taurus-mando-de-entrada-sin-llave-de-4-botones-m3n5wy8406-pn-5914119__trashed\/\" data-wpil-monitor-id=\"1200\">Ford Taurus<\/a><\/li>\n<li>Ford Taurus X 2008-2009<\/li>\n<li>Lincoln MKS 2006-2012<\/li>\n<li>Lincoln MKX 2006-2013<\/li>\n<li>Lincoln MKZ 2006-2013<\/li>\n<li>Lincoln Navigator 2007-2015<\/li>\n<li>Lincoln Zephyr 2006-2009<\/li>\n<li>Mazda Tribute 2007-2011<\/li>\n<\/ul>\n<h6><strong><b>Incluye en el paquete:<\/b><\/strong><\/h6>\n<ul>\n<li>Un nuevo recambio <a href=\"https:\/\/keylessbest.com\/es\/producto\/ford-fiesta-2011-2017-mando-de-entrada-sin-llave-de-3-botones-kr55wk47899-pn164-r8042-remoto-y-hoja-164-r8043-hoja-164-r8042-164-r8039-5913139-5914117-4d63-80bit__trashed\/\" data-wpil-monitor-id=\"1197\">mando a distancia sin llave<\/a><\/li>\n<li>Una llave de inserci\u00f3n de emergencia del mercado de accesorios gratuita<\/li>\n<li>Todos los transmisores vienen con una bater\u00eda<\/li>\n<li>Todas las unidades son probadas antes del env\u00edo<\/li>\n<li>Garant\u00eda de satisfacci\u00f3n y garant\u00eda de 2 a\u00f1os 100%<\/li>\n<\/ul>\n<h6><strong><b>Nota:<\/b><\/strong><\/h6>\n<ul>\n<li>Reemplazo del llavero de entrada sin llave Ford Lincoln Mazda de 2006-2017 \u2013 sin logotipo, con llave de inserci\u00f3n de emergencia sin cortar incluida.<\/li>\n<li>No cortamos ni programamos la llave remota. Adem\u00e1s, para precios, por favor contacte con un cerrajero local o concesionario.<\/li>\n<li>Este transmisor es compatible con veh\u00edculos que cuentan con un bot\u00f3n de arranque\/parada en el tablero o un encendido con llave de giro, junto con un sistema de entrada sin llave proxy <a href=\"https:\/\/keylessbest.com\/es\/producto\/nissan-rogue-versa-pathfinder-2007-2013-con-sistema-inteligente-mando-de-entrada-sin-llave-de-3-botones-cwtwbu729-cwtwbu735-cwtwbu624-pn-285e3-em30d-285e3-em31d\/\" data-wpil-monitor-id=\"1196\">sistema de entrada sin llave<\/a>.<\/li>\n<li>El precio es por una unidad completa <a href=\"https:\/\/keylessbest.com\/es\/producto\/2015-2021-jeep-renegade-mando-de-entrada-sin-llave-de-5-botones-m3n-40821302-reemplaza-pn-6mp33dx9aa-id-47-4a__trashed\/\" data-wpil-monitor-id=\"1194\">llave de entrada sin llave de reemplazo<\/a>, llave de emergencia incluida.<\/li>\n<li>Por lo tanto, recomendamos encarecidamente que haga que su <a href=\"https:\/\/keylessbest.com\/es\/como-programar-un-mando-a-distancia-de-coche-rapido-y-facil-pasos-de-bricolaje-para-cualquier-coche\/\" data-wpil-monitor-id=\"1195\">PROGRAMEN SU LLAVERO<\/a> por un cerrajero profesional o distribuidor.<\/li>\n<\/ul>\n<h6><strong>Recursos de programaci\u00f3n\uff1a<\/strong><\/h6>\n<p><a href=\"http:\/\/programyourfob.com\/?list_9\/\" target=\"_blank\" rel=\"noopener\">http:\/\/programyourfob.com\/?list_9\/<\/a><\/p>\n<p><a href=\"http:\/\/programyourfob.com\/?list_22\/\" target=\"_blank\" rel=\"noopener\">http:\/\/programyourfob.com\/?list_22\/<\/a><\/p>\n<p><a href=\"http:\/\/programyourfob.com\/?list_23\/\" target=\"_blank\" rel=\"noopener\">http:\/\/programyourfob.com\/?list_23\/<\/a><\/p>\n<p>Gracias por elegirnos.<\/p>\n<p>Somos uno de los fabricantes m\u00e1s profesionales de llaves de coche, sistema de entrada sin llave, <a href=\"https:\/\/keylessbest.com\/es\/producto\/control-remoto-de-entrada-sin-llave-de-4-botones-para-jeep-grand-cherokee-2014-2022-m3n-40821302-pn-68141580ac-68141580ad-68143500ac-68066350ag-2\/\" data-wpil-monitor-id=\"1193\">control remoto de llave de coche<\/a>, chips transpondedores, programadores de llaves, carcasas de llaves de coche, cerraduras de coche, herramientas de cerrajero y m\u00e1s. Adem\u00e1s, nuestra empresa cuenta con un equipo profesional y l\u00ednea de producci\u00f3n. Adem\u00e1s, nos especializamos en la producci\u00f3n de varias llaves de coche, carcasas de llaves y herramientas de cerrajero. Tambi\u00e9n nos encargamos del desarrollo, fabricaci\u00f3n y venta al por mayor de productos de seguridad y protecci\u00f3n para autom\u00f3viles.<\/p>\n<p>Precios competitivos y servicios dedicados le ayudar\u00e1n a obtener un buen mercado. Adem\u00e1s, un equipo de ventas joven y en\u00e9rgico ofrece un servicio r\u00e1pido, profesional y amigable en cualquier momento. Adem\u00e1s, todos nuestros productos se env\u00edan directamente desde el almac\u00e9n en Espa\u00f1a, Canad\u00e1 y M\u00e9xico. Por lo tanto, los productos que compre ser\u00e1n empaquetados y enviados en 48 horas despu\u00e9s de realizar el pedido. M\u00e1s de 100% de nuestros productos est\u00e1n en stock, y el inventario es suficiente.<\/p>","protected":false},"excerpt":{"rendered":"<ul>\n<li>SKU: CA-FD042<\/li>\n<li>ID FCC: CWTWB1U793, OUC6000022<\/li>\n<li>PN: 164-R8000, 5921467<\/li>\n<li>IC: 1788A-FWB1U793<\/li>\n<li>Frecuencia: 315MHz<\/li>\n<li>Chip: 4D63 80Bits<\/li>\n<li>Botones: Cierre, Apertura, Port\u00f3n, P\u00e1nico, Arranque remoto, Maletero<\/li>\n<\/ul>","protected":false},"featured_media":20878,"comment_status":"open","ping_status":"closed","template":"","meta":{"_bst_post_transparent":"default","_bst_post_title":"","_bst_post_layout":"default","_bst_post_sidebar_id":"","_bst_post_content_style":"default","_bst_post_vertical_padding":"default","_bst_post_feature":"","_bst_post_feature_position":"","_bst_post_header":false,"_bst_post_footer":false},"product_brand":[],"product_cat":[15,156,379,159],"product_tag":[],"2_year_make_model":[],"class_list":{"0":"post-13828","1":"product","2":"type-product","3":"status-publish","4":"has-post-thumbnail","6":"product_cat-carkeyremote","7":"product_cat-for-ford","8":"product_cat-for-lincoln","9":"product_cat-for-mazda","11":"first","12":"instock","13":"sale","14":"shipping-taxable","15":"purchasable","16":"product-type-simple","17":"entry","18":"content-bg","19":"loop-entry"},"_links":{"self":[{"href":"https:\/\/keylessbest.com\/es\/wp-json\/wp\/v2\/product\/13828","targetHints":{"allow":["GET"]}}],"collection":[{"href":"https:\/\/keylessbest.com\/es\/wp-json\/wp\/v2\/product"}],"about":[{"href":"https:\/\/keylessbest.com\/es\/wp-json\/wp\/v2\/types\/product"}],"replies":[{"embeddable":true,"href":"https:\/\/keylessbest.com\/es\/wp-json\/wp\/v2\/comments?post=13828"}],"version-history":[{"count":2,"href":"https:\/\/keylessbest.com\/es\/wp-json\/wp\/v2\/product\/13828\/revisions"}],"predecessor-version":[{"id":19621,"href":"https:\/\/keylessbest.com\/es\/wp-json\/wp\/v2\/product\/13828\/revisions\/19621"}],"wp:featuredmedia":[{"embeddable":true,"href":"https:\/\/keylessbest.com\/es\/wp-json\/wp\/v2\/media\/20878"}],"wp:attachment":[{"href":"https:\/\/keylessbest.com\/es\/wp-json\/wp\/v2\/media?parent=13828"}],"wp:term":[{"taxonomy":"product_brand","embeddable":true,"href":"https:\/\/keylessbest.com\/es\/wp-json\/wp\/v2\/product_brand?post=13828"},{"taxonomy":"product_cat","embeddable":true,"href":"https:\/\/keylessbest.com\/es\/wp-json\/wp\/v2\/product_cat?post=13828"},{"taxonomy":"product_tag","embeddable":true,"href":"https:\/\/keylessbest.com\/es\/wp-json\/wp\/v2\/product_tag?post=13828"},{"taxonomy":"2_year_make_model","embeddable":true,"href":"https:\/\/keylessbest.com\/es\/wp-json\/wp\/v2\/2_year_make_model?post=13828"}],"curies":[{"name":"wp","href":"https:\/\/api.w.org\/{rel}","templated":true}]}}