{"id":13857,"date":"2025-08-19T08:36:55","date_gmt":"2025-08-19T08:36:55","guid":{"rendered":"https:\/\/hanwuji.shengjit.com\/?post_type=product&#038;p=13857"},"modified":"2026-02-12T02:58:15","modified_gmt":"2026-02-12T02:58:15","slug":"llavero-de-chevrolet-2014-2019-pn-13577771-para-keylessbest","status":"publish","type":"product","link":"https:\/\/keylessbest.com\/es\/producto\/llavero-de-chevrolet-2014-2019-pn-13577771-para-keylessbest\/","title":{"rendered":"Llavero de Chevrolet 2014-2019 PN: 13577771 para keylessbest"},"content":{"rendered":"<p>*La informaci\u00f3n detallada de este mando a distancia sin llave Chevrolet GMC de 2014-2019 es la siguiente. Por favor, confirme que los siguientes detalles coinciden con su veh\u00edculo antes de realizar el pedido: ID FCC, N\u00famero de pieza, <span style=\"font-size: 16px; font-style: normal; font-weight: 400;\">\u00a0<\/span><span style=\"font-size: 16px; font-style: normal; font-weight: 400;\">Modelo del a\u00f1o,<\/span><span style=\"font-size: 16px; font-style: normal; font-weight: 400;\">IC,<\/span><span style=\"font-size: 16px; font-style: normal; font-weight: 400;\">\u00a0<\/span><span style=\"font-size: 16px;\">Frecuencia, Chip y Botones.<\/span><\/p>\n<h6><strong><b>Informaci\u00f3n del Producto:<\/b><\/strong><\/h6>\n<ul>\n<li style=\"font-size: 16px;\">ID FCC: M3N32337100<\/li>\n<li style=\"font-size: 16px;\">PN: 13577771<\/li>\n<li style=\"font-size: 16px;\">IC: 7812A-32337100<\/li>\n<li>Frecuencia: 315MHz<\/li>\n<li style=\"font-size: 16px;\">Botones: Bloquear, Desbloquear, P\u00e1nico<\/li>\n<\/ul>\n<h6><strong><b>El modelo de referencia<\/b><\/strong><strong><b>\uff1a<\/b><\/strong><\/h6>\n<ul>\n<li>2015-2019 <a href=\"https:\/\/keylessbest.com\/es\/producto\/2017-2021-chevrolet-gmc-colorado-sierra-silverado-mando-de-entrada-sin-llave-de-3-botones-m3n-32337200-pn13577765__trashed\/\" data-wpil-monitor-id=\"1186\">Chevrolet Colorado<\/a><\/li>\n<li><a href=\"https:\/\/keylessbest.com\/es\/producto\/2014-2019-chevrolet-gmc-colorado-silverado-suburban-tahoe-sierra-yukon-canon-mando-a-distancia-de-entrada-sin-llave-de-3-botones-m3n32337100-pn-13577771__trashed\/\" data-wpil-monitor-id=\"1176\">Chevrolet Silverado 2014-2019<\/a><\/li>\n<li>2014-2018 <a href=\"https:\/\/keylessbest.com\/es\/producto\/2021-2024-chevrolet-suburban-tahoe-mando-de-entrada-sin-llave-de-4-botones-yg0g21tb-pn-13541561-13545334-13548432__trashed\/\" data-wpil-monitor-id=\"1181\">Chevrolet Suburban<\/a><\/li>\n<li>2014-2018 <a href=\"https:\/\/keylessbest.com\/es\/producto\/2015-2021-chevrolet-tahoe-suburban-mando-de-entrada-sin-llave-de-6-botones-hyq1ea-pn13529633-13508282-13580806-46__trashed\/\" data-wpil-monitor-id=\"1184\">Chevrolet Tahoe<\/a><\/li>\n<li>2014-2019 <a href=\"https:\/\/keylessbest.com\/es\/producto\/llave-de-entrada-sin-llave-para-chevrolet-gmc-sierra-1500-2500-3500-2019-2023-de-5-botones-hyq1ea-hyq1es-pn135083981352290413522854-46__trashed\/\" data-wpil-monitor-id=\"1182\">GMC Sierra<\/a><\/li>\n<li>2014-2018 <a href=\"https:\/\/keylessbest.com\/es\/producto\/2021-2024-gmc-yukon-sierra-mando-a-distancia-de-entrada-sin-llave-de-3-botones-yg0g21tb2-pn-13548436-13514330-49__trashed\/\" data-wpil-monitor-id=\"1185\">GMC Yukon<\/a><\/li>\n<li>2015-2019 <a href=\"https:\/\/keylessbest.com\/es\/producto\/2023-2024-gmc-canyon-sierra-mando-de-entrada-sin-llave-de-4-botones-yg0g21tb2-pn13530574-13541561-13545334-13548432-id49\/\" data-wpil-monitor-id=\"1179\">GMC Canyon<\/a><\/li>\n<\/ul>\n<h6><strong><b>Incluye en el paquete:<\/b><\/strong><\/h6>\n<ul>\n<li>Un nuevo recambio <a href=\"https:\/\/keylessbest.com\/es\/producto\/ford-fiesta-2011-2017-mando-de-entrada-sin-llave-de-3-botones-kr55wk47899-pn164-r8042-remoto-y-hoja-164-r8043-hoja-164-r8042-164-r8039-5913139-5914117-4d63-80bit__trashed\/\" data-wpil-monitor-id=\"1178\">mando a distancia sin llave<\/a><\/li>\n<li>Una llave de inserci\u00f3n de emergencia del mercado de accesorios gratuita<\/li>\n<li>Todos los transmisores vienen con una bater\u00eda<\/li>\n<li>Todas las unidades son probadas antes del env\u00edo<\/li>\n<li>Garant\u00eda de satisfacci\u00f3n y garant\u00eda de 2 a\u00f1os 100%<\/li>\n<\/ul>\n<h6><strong><b>Nota:<\/b><\/strong><\/h6>\n<ul>\n<li>El reemplazo del llavero de entrada sin llave inteligente para Chevrolet GMC Buick de 2010-2019, sin logotipo, con una llave de emergencia sin cortar incluida.<\/li>\n<li>No cortamos ni programamos el <a href=\"https:\/\/keylessbest.com\/es\/tienda-de-llaves-y-llaveros-sin-llave-de-keylessbestcarkeyfobshop\/\" data-wpil-monitor-id=\"1180\">llave remota<\/a>. Adem\u00e1s, para precios, por favor contacte con el cerrajero o distribuidor local.<\/li>\n<li>Este transmisor es compatible con veh\u00edculos que cuentan con un bot\u00f3n de arranque\/parada en el tablero o un encendido con llave de giro, junto con un sistema de entrada sin llave proxy <a href=\"https:\/\/keylessbest.com\/es\/producto\/nissan-rogue-versa-pathfinder-2007-2013-con-sistema-inteligente-mando-de-entrada-sin-llave-de-3-botones-cwtwbu729-cwtwbu735-cwtwbu624-pn-285e3-em30d-285e3-em31d\/\" data-wpil-monitor-id=\"1177\">sistema de entrada sin llave<\/a>.<\/li>\n<li>El precio es por una unidad completa <a href=\"https:\/\/keylessbest.com\/es\/producto\/2015-2021-jeep-renegade-mando-de-entrada-sin-llave-de-5-botones-m3n-40821302-reemplaza-pn-6mp33dx9aa-id-47-4a__trashed\/\" data-wpil-monitor-id=\"1174\">llave de entrada sin llave de reemplazo<\/a>, llave de emergencia incluida.<\/li>\n<li>Por lo tanto, recomendamos encarecidamente que haga que su <a href=\"https:\/\/keylessbest.com\/es\/como-programar-un-mando-a-distancia-de-coche-rapido-y-facil-pasos-de-bricolaje-para-cualquier-coche\/\" data-wpil-monitor-id=\"1175\">PROGRAMEN SU LLAVERO<\/a> por un cerrajero profesional o distribuidor.<\/li>\n<\/ul>\n<h6><strong>Recursos de programaci\u00f3n\uff1a<\/strong><\/h6>\n<p><a href=\"http:\/\/programyourfob.com\/?list_11\/\" target=\"_blank\" rel=\"noopener\">http:\/\/programyourfob.com\/?list_11\/<\/a><\/p>\n<p><a href=\"http:\/\/programyourfob.com\/?list_6\/\" target=\"_blank\" rel=\"noopener\">http:\/\/programyourfob.com\/?list_6\/<\/a><\/p>\n<p>Gracias por elegirnos.<\/p>\n<p>Somos uno de los fabricantes m\u00e1s profesionales de llaves de coche, sistema de entrada sin llave, <a href=\"https:\/\/keylessbest.com\/es\/producto\/ford-lincoln-edge-escape-expedition-explorer-five-hundred-flex-focus-fusion-mustang-taurus-mks-mkx-mkz-navigator-zephyr-de-2006-a-2019-mando-a-distancia-de-entrada-sin-llave-de-4-botones-cwtwb1u793\/\" data-wpil-monitor-id=\"1173\">control remoto de llave de coche<\/a>, chips transpondedores, programadores de llaves, carcasas de llaves, cerraduras de coches, herramientas de cerrajer\u00eda y m\u00e1s. Adem\u00e1s, nuestra empresa cuenta con un equipo profesional y una l\u00ednea de producci\u00f3n. Adem\u00e1s, nos especializamos en producir diversos <a href=\"https:\/\/keylessbest.com\/es\/cuanto-cuesta-reemplazar-un-mando-a-distancia-de-coche-en-2025\/\" data-wpil-monitor-id=\"1183\">llaves de coche<\/a>, carcasas de llaves de coche y herramientas de cerrajer\u00eda. Tambi\u00e9n nos encargamos del desarrollo, fabricaci\u00f3n y venta al por mayor de productos de seguridad y protecci\u00f3n para autom\u00f3viles.<\/p>\n<p>Precios competitivos y servicios dedicados le ayudar\u00e1n a obtener un buen mercado. Adem\u00e1s, un equipo de ventas joven y en\u00e9rgico ofrece un servicio r\u00e1pido, profesional y amigable en cualquier momento. Adem\u00e1s, todos nuestros productos se env\u00edan directamente desde el almac\u00e9n en Espa\u00f1a, Canad\u00e1 y M\u00e9xico. Por lo tanto, los productos que compre ser\u00e1n empaquetados y enviados en 48 horas despu\u00e9s de realizar el pedido. M\u00e1s de 100% de nuestros productos est\u00e1n en stock, y el inventario es suficiente.<\/p>","protected":false},"excerpt":{"rendered":"<ul>\n<li>SKU: CA-GM104<\/li>\n<li style=\"font-size: 16px;\">ID FCC: M3N32337100<\/li>\n<li style=\"font-size: 16px;\">PN: 13577771<\/li>\n<li style=\"font-size: 16px;\">IC: 7812A-32337100<\/li>\n<li>Frecuencia: 315MHz<\/li>\n<li style=\"font-size: 16px;\">Botones: Bloquear, Desbloquear, P\u00e1nico<\/li>\n<\/ul>","protected":false},"featured_media":20989,"comment_status":"open","ping_status":"closed","template":"","meta":{"_bst_post_transparent":"default","_bst_post_title":"","_bst_post_layout":"default","_bst_post_sidebar_id":"","_bst_post_content_style":"default","_bst_post_vertical_padding":"default","_bst_post_feature":"","_bst_post_feature_position":"","_bst_post_header":false,"_bst_post_footer":false},"product_brand":[],"product_cat":[15,150,152],"product_tag":[],"2_year_make_model":[],"class_list":{"0":"post-13857","1":"product","2":"type-product","3":"status-publish","4":"has-post-thumbnail","6":"product_cat-carkeyremote","7":"product_cat-for-chevrolet","8":"product_cat-for-gmc","10":"first","11":"instock","12":"sale","13":"shipping-taxable","14":"purchasable","15":"product-type-simple","16":"entry","17":"content-bg","18":"loop-entry"},"_links":{"self":[{"href":"https:\/\/keylessbest.com\/es\/wp-json\/wp\/v2\/product\/13857","targetHints":{"allow":["GET"]}}],"collection":[{"href":"https:\/\/keylessbest.com\/es\/wp-json\/wp\/v2\/product"}],"about":[{"href":"https:\/\/keylessbest.com\/es\/wp-json\/wp\/v2\/types\/product"}],"replies":[{"embeddable":true,"href":"https:\/\/keylessbest.com\/es\/wp-json\/wp\/v2\/comments?post=13857"}],"version-history":[{"count":4,"href":"https:\/\/keylessbest.com\/es\/wp-json\/wp\/v2\/product\/13857\/revisions"}],"predecessor-version":[{"id":19018,"href":"https:\/\/keylessbest.com\/es\/wp-json\/wp\/v2\/product\/13857\/revisions\/19018"}],"wp:featuredmedia":[{"embeddable":true,"href":"https:\/\/keylessbest.com\/es\/wp-json\/wp\/v2\/media\/20989"}],"wp:attachment":[{"href":"https:\/\/keylessbest.com\/es\/wp-json\/wp\/v2\/media?parent=13857"}],"wp:term":[{"taxonomy":"product_brand","embeddable":true,"href":"https:\/\/keylessbest.com\/es\/wp-json\/wp\/v2\/product_brand?post=13857"},{"taxonomy":"product_cat","embeddable":true,"href":"https:\/\/keylessbest.com\/es\/wp-json\/wp\/v2\/product_cat?post=13857"},{"taxonomy":"product_tag","embeddable":true,"href":"https:\/\/keylessbest.com\/es\/wp-json\/wp\/v2\/product_tag?post=13857"},{"taxonomy":"2_year_make_model","embeddable":true,"href":"https:\/\/keylessbest.com\/es\/wp-json\/wp\/v2\/2_year_make_model?post=13857"}],"curies":[{"name":"wp","href":"https:\/\/api.w.org\/{rel}","templated":true}]}}