{"id":13876,"date":"2025-08-19T08:37:17","date_gmt":"2025-08-19T08:37:17","guid":{"rendered":"https:\/\/hanwuji.shengjit.com\/?post_type=product&#038;p=13876"},"modified":"2026-02-11T07:44:10","modified_gmt":"2026-02-11T07:44:10","slug":"llavero-de-ford-2006-2012-oucd6000022-con-chip-63-para-sin-llave","status":"publish","type":"product","link":"https:\/\/keylessbest.com\/es\/producto\/llavero-de-ford-2006-2012-oucd6000022-con-chip-63-para-sin-llave\/","title":{"rendered":"Llavero de Ford 2006-2012 OUCD6000022 con chip 63 para sin llave"},"content":{"rendered":"<p>*La informaci\u00f3n detallada de este llavero sin llave para Ford Mazda Mercury Lincoln de 1998-2016 es la siguiente. Por favor, confirme que los siguientes detalles coinciden con su veh\u00edculo antes de realizar el pedido: ID FCC, N\u00famero de Parte, A\u00f1o y Modelo, IC, Frecuencia, Chip y Botones.<\/p>\n<h6><strong><b>Informaci\u00f3n del Producto:<\/b><\/strong><\/h6>\n<ul>\n<li>ID FCC: OUCD6000022<\/li>\n<li>PN: 164-R7040, 5914457, 6E5T-15K601-AD<\/li>\n<li>IC: 850K-D6000022<\/li>\n<li>Frecuencia: 315MHz<\/li>\n<li>Chip: 4D63 80Bits<\/li>\n<li>Botones: Cerrar, Abrir, P\u00e1nico, Maletero<\/li>\n<\/ul>\n<h6><strong><b>El modelo de referencia\uff1a<\/b><\/strong><\/h6>\n<ul>\n<li>2007 \u2013 2012 Ford Edge<\/li>\n<li>2007 \u2013 2012 Ford Escape<\/li>\n<li>2009 \u2013 2012 Ford Expedition<\/li>\n<li>2007 \u2013 2012 Ford Explorer<\/li>\n<li><a href=\"https:\/\/keylessbest.com\/es\/producto\/2009-2014-toyota-avalon-camry-corolla-mando-de-entrada-sin-llave-de-3-botones-hyq14aem-pn-89904-0r060-89904-60770-89904-0r090-89904-42140__trashed\/\" data-wpil-monitor-id=\"1107\">2007 &#8211; 2009<\/a> Ford Five Hundred<\/li>\n<li>2009 \u2013 2012 Ford Flex<\/li>\n<li>2010 &#8211; 2010 <a href=\"https:\/\/keylessbest.com\/es\/producto\/ford-lincoln-edge-escape-explorer-expedition-flex-focus-focus-bev-taurus-mks-mkt-mkx-navigator-de-2011-a-2020-mando-a-distancia-de-entrada-sin-llave-de-5-botones-m3n5wy8610-m3n5wy8609-pn-bt4t-15k6\/\" data-wpil-monitor-id=\"1112\">Ford Focus<\/a><\/li>\n<li>2007 \u2013 2009 Ford Freestyle<\/li>\n<li>2007 \u2013 2012 Ford Fusion<\/li>\n<li>2010 \u2013 2012 Ford Mustang<\/li>\n<li>2008 \u2013 2012 Ford Taurus<\/li>\n<li>Ford Taurus X 2008 \u2013 2009<\/li>\n<li>2006 \u2013 2012 Lincoln MKS<\/li>\n<li>2007 \u2013 2009 Lincoln MKX<\/li>\n<li>2006 \u2013 2012 Lincoln MKZ<\/li>\n<li>2007 \u2013 2009 Lincoln Navigator<\/li>\n<li>2006 \u2013 2009 Lincoln Zephyr<\/li>\n<li>2007 \u2013 2011 Mazda Tribute<\/li>\n<li>Mercury Mariner 2005 \u2013 2011<\/li>\n<li>2006 \u2013 2011 Mercury Milan<\/li>\n<li>2007 \u2013 2007 Mercury Montego<\/li>\n<li>2008 \u2013 2010 Mercury Sable<br \/>\nAuto-programaci\u00f3n: S\u00ed, si actualmente tiene dos llaves de f\u00e1brica que encienden y hacen funcionar su Ford en su posesi\u00f3n.<\/li>\n<\/ul>\n<h6><strong><b>Incluye en el paquete:<\/b><\/strong><\/h6>\n<ul>\n<li>Un nuevo recambio <a href=\"https:\/\/keylessbest.com\/es\/producto\/ford-fiesta-2011-2017-mando-de-entrada-sin-llave-de-3-botones-kr55wk47899-pn164-r8042-remoto-y-hoja-164-r8043-hoja-164-r8042-164-r8039-5913139-5914117-4d63-80bit__trashed\/\" data-wpil-monitor-id=\"1111\">mando a distancia sin llave<\/a><\/li>\n<li>Una llave de inserci\u00f3n de emergencia del mercado de accesorios gratuita<\/li>\n<li>Todos los transmisores vienen con una bater\u00eda<\/li>\n<li>Todas las unidades son probadas antes del env\u00edo<\/li>\n<li>Garant\u00eda de satisfacci\u00f3n y garant\u00eda de 2 a\u00f1os 100%<\/li>\n<\/ul>\n<h6><strong><b>Nota:<\/b><\/strong><\/h6>\n<ul>\n<li>Reemplazo de llavero de entrada sin llave inteligente para Ford Lincoln Mazda Mercury de 2005-2012 \u2013 sin logotipo, con una llave de inserci\u00f3n de emergencia sin cortar incluida.<\/li>\n<li>No cortamos ni programamos el <a href=\"https:\/\/keylessbest.com\/es\/tienda-de-llaves-y-llaveros-sin-llave-de-keylessbestcarkeyfobshop\/\" data-wpil-monitor-id=\"1113\">llave remota<\/a>. Adem\u00e1s, para precios, por favor contacte con el cerrajero o distribuidor local.<\/li>\n<li>Este transmisor es compatible con veh\u00edculos que cuentan con un bot\u00f3n de arranque\/parada en el tablero o un encendido con llave de giro, junto con un sistema de entrada sin llave proxy <a href=\"https:\/\/keylessbest.com\/es\/producto\/nissan-rogue-versa-pathfinder-2007-2013-con-sistema-inteligente-mando-de-entrada-sin-llave-de-3-botones-cwtwbu729-cwtwbu735-cwtwbu624-pn-285e3-em30d-285e3-em31d\/\" data-wpil-monitor-id=\"1110\">sistema de entrada sin llave<\/a>.<\/li>\n<li>El precio es por una unidad completa <a href=\"https:\/\/keylessbest.com\/es\/producto\/2015-2021-jeep-renegade-mando-de-entrada-sin-llave-de-5-botones-m3n-40821302-reemplaza-pn-6mp33dx9aa-id-47-4a__trashed\/\" data-wpil-monitor-id=\"1108\">llave de entrada sin llave de reemplazo<\/a>, llave de emergencia incluida.<\/li>\n<li>Por lo tanto, recomendamos encarecidamente que haga que su <a href=\"https:\/\/keylessbest.com\/es\/como-programar-un-mando-a-distancia-de-coche-rapido-y-facil-pasos-de-bricolaje-para-cualquier-coche\/\" data-wpil-monitor-id=\"1109\">PROGRAMEN SU LLAVERO<\/a> por un cerrajero profesional o distribuidor.<\/li>\n<\/ul>\n<h6><strong>Recursos de programaci\u00f3n\uff1a<\/strong><\/h6>\n<p><a href=\"http:\/\/programyourfob.com\/?list_9\/\" target=\"_blank\" rel=\"noopener\">http:\/\/programyourfob.com\/?list_9\/<\/a><\/p>\n<p><a href=\"http:\/\/programyourfob.com\/?list_22\/\" target=\"_blank\" rel=\"noopener\">http:\/\/programyourfob.com\/?list_22\/<\/a><\/p>\n<p><a href=\"http:\/\/programyourfob.com\/?list_23\/\" target=\"_blank\" rel=\"noopener\">http:\/\/programyourfob.com\/?list_23\/<\/a><\/p>\n<p><a href=\"http:\/\/programyourfob.com\/?list_24\/\" target=\"_blank\" rel=\"noopener\">http:\/\/programyourfob.com\/?list_24\/<\/a><\/p>\n<p>Gracias por elegirnos.<\/p>\n<p>Somos uno de los fabricantes m\u00e1s profesionales de llaves de coche, sistema de entrada sin llave, <a href=\"https:\/\/keylessbest.com\/es\/producto\/ford-lincoln-mercury-c-max-escape-focus-transit-transit-connect-f350-fiesta-edge-expedition-explorer-five-hundred-flex-freestyle-fusion-mustang-taurus-mks-mkx-mkz-zephyr-mariner-milan-sable-2006-2019\/\" data-wpil-monitor-id=\"1106\">control remoto de llave de coche<\/a>, chips transpondedores, programadores de llaves, carcasas de llaves de coche, cerraduras de coche, herramientas de cerrajero y m\u00e1s. Adem\u00e1s, nuestra empresa cuenta con un equipo profesional y l\u00ednea de producci\u00f3n. Adem\u00e1s, nos especializamos en la producci\u00f3n de varias llaves de coche, carcasas de llaves y herramientas de cerrajero. Tambi\u00e9n nos encargamos del desarrollo, fabricaci\u00f3n y venta al por mayor de productos de seguridad y protecci\u00f3n para autom\u00f3viles.<\/p>\n<p>Precios competitivos y servicios dedicados le ayudar\u00e1n a obtener un buen mercado. Adem\u00e1s, un equipo de ventas joven y en\u00e9rgico ofrece un servicio r\u00e1pido, profesional y amigable en cualquier momento. Adem\u00e1s, todos nuestros productos se env\u00edan directamente desde el almac\u00e9n en Espa\u00f1a, Canad\u00e1 y M\u00e9xico. Por lo tanto, los productos que compre ser\u00e1n empaquetados y enviados en 48 horas despu\u00e9s de realizar el pedido. M\u00e1s de 100% de nuestros productos est\u00e1n en stock, y el inventario es suficiente.<\/p>","protected":false},"excerpt":{"rendered":"<ul>\n<li>SKU: CA-FD045<\/li>\n<li>ID FCC: OUCD6000022<\/li>\n<li>PN: 164-R7040, 5914457, 6E5T-15K601-AD<\/li>\n<li>IC: 850K-D6000022<\/li>\n<li>Frecuencia: 315MHz<\/li>\n<li>Chip: 4D63 80Bits<\/li>\n<li>Botones: Cerrar, Abrir, P\u00e1nico, Maletero<\/li>\n<\/ul>","protected":false},"featured_media":20892,"comment_status":"open","ping_status":"closed","template":"","meta":{"_bst_post_transparent":"default","_bst_post_title":"","_bst_post_layout":"default","_bst_post_sidebar_id":"","_bst_post_content_style":"default","_bst_post_vertical_padding":"default","_bst_post_feature":"","_bst_post_feature_position":"","_bst_post_header":false,"_bst_post_footer":false},"product_brand":[],"product_cat":[15,156,379,159,380],"product_tag":[],"2_year_make_model":[],"class_list":{"0":"post-13876","1":"product","2":"type-product","3":"status-publish","4":"has-post-thumbnail","6":"product_cat-carkeyremote","7":"product_cat-for-ford","8":"product_cat-for-lincoln","9":"product_cat-for-mazda","10":"product_cat-for-mercury","12":"first","13":"instock","14":"sale","15":"shipping-taxable","16":"purchasable","17":"product-type-simple","18":"entry","19":"content-bg","20":"loop-entry"},"_links":{"self":[{"href":"https:\/\/keylessbest.com\/es\/wp-json\/wp\/v2\/product\/13876","targetHints":{"allow":["GET"]}}],"collection":[{"href":"https:\/\/keylessbest.com\/es\/wp-json\/wp\/v2\/product"}],"about":[{"href":"https:\/\/keylessbest.com\/es\/wp-json\/wp\/v2\/types\/product"}],"replies":[{"embeddable":true,"href":"https:\/\/keylessbest.com\/es\/wp-json\/wp\/v2\/comments?post=13876"}],"version-history":[{"count":2,"href":"https:\/\/keylessbest.com\/es\/wp-json\/wp\/v2\/product\/13876\/revisions"}],"predecessor-version":[{"id":19618,"href":"https:\/\/keylessbest.com\/es\/wp-json\/wp\/v2\/product\/13876\/revisions\/19618"}],"wp:featuredmedia":[{"embeddable":true,"href":"https:\/\/keylessbest.com\/es\/wp-json\/wp\/v2\/media\/20892"}],"wp:attachment":[{"href":"https:\/\/keylessbest.com\/es\/wp-json\/wp\/v2\/media?parent=13876"}],"wp:term":[{"taxonomy":"product_brand","embeddable":true,"href":"https:\/\/keylessbest.com\/es\/wp-json\/wp\/v2\/product_brand?post=13876"},{"taxonomy":"product_cat","embeddable":true,"href":"https:\/\/keylessbest.com\/es\/wp-json\/wp\/v2\/product_cat?post=13876"},{"taxonomy":"product_tag","embeddable":true,"href":"https:\/\/keylessbest.com\/es\/wp-json\/wp\/v2\/product_tag?post=13876"},{"taxonomy":"2_year_make_model","embeddable":true,"href":"https:\/\/keylessbest.com\/es\/wp-json\/wp\/v2\/2_year_make_model?post=13876"}],"curies":[{"name":"wp","href":"https:\/\/api.w.org\/{rel}","templated":true}]}}