{"id":13897,"date":"2025-08-19T08:37:38","date_gmt":"2025-08-19T08:37:38","guid":{"rendered":"https:\/\/hanwuji.shengjit.com\/?post_type=product&#038;p=13897"},"modified":"2026-02-12T07:14:38","modified_gmt":"2026-02-12T07:14:38","slug":"llavero-de-ford-2006-2019-oucd6000022-315mhz-para-sin-llave","status":"publish","type":"product","link":"https:\/\/keylessbest.com\/es\/producto\/llavero-de-ford-2006-2019-oucd6000022-315mhz-para-sin-llave\/","title":{"rendered":"Llavero de Ford 2006-2019 OUCD6000022 315MHz para sin llave"},"content":{"rendered":"<p>*La informaci\u00f3n detallada de este llavero sin llave para Ford Lincoln Mercury de 2006-2019 es la siguiente. Por favor, confirme que los siguientes detalles coinciden con su veh\u00edculo antes de realizar el pedido: ID FCC, N\u00famero de Parte, A\u00f1o Modelo, IC, Frecuencia, Chip y Botones.<\/p>\n<h6><strong><b>Informaci\u00f3n del Producto: <\/b><\/strong><\/h6>\n<ul>\n<li>ID FCC: OUCD6000022<\/li>\n<li>PN: 164-R8046, 164-R8126<\/li>\n<li>IC: 850K-D6000022<\/li>\n<li>Frecuencia: 315MHz<\/li>\n<li>Chip: 4D63 80Bits<\/li>\n<li>Botones: Cerrar, Abrir, P\u00e1nico, Maletero<\/li>\n<\/ul>\n<h6><strong><b>El modelo de referencia:<\/b><\/strong><\/h6>\n<ul>\n<li>2013-2019 <a href=\"https:\/\/keylessbest.com\/es\/producto\/ford-c-max-escape-focus-fiesta-transit-transit-connect-expedition-explorer-flex-taurus-de-2011-a-2019-mando-a-distancia-de-entrada-sin-llave-de-4-botones-cwtwb1u793-pn-5922964-164-r8046\/\" data-wpil-monitor-id=\"1104\">Ford C-Max<\/a><\/li>\n<li>Ford Escape 2013-2019<\/li>\n<li>Ford Focus 2012-2019<\/li>\n<li>2013-2017 <a href=\"https:\/\/keylessbest.com\/es\/producto\/2019-2020-ford-transit-transit-connect-mando-de-entrada-sin-llave-de-4-botones-n5f-a08taa-pn-164-r8236-4d-63-128-bit-49__trashed\/\" data-wpil-monitor-id=\"1103\">Ford Transit<\/a><\/li>\n<li>Ford Transit Connect 2014-2019<\/li>\n<li>Ford F350 2011-2013<\/li>\n<li>Ford Fiesta 2015-2018<\/li>\n<li>Ford Edge 2007-2010<\/li>\n<li>Ford Expedition 2009-2012<\/li>\n<li>Ford Explorer 2007-2010<\/li>\n<li>Ford Five Hundred 2007<\/li>\n<li>Ford Flex 2009-2012<\/li>\n<li>Ford Freestyle 2007<\/li>\n<li>Ford Fusion 2006-2010<\/li>\n<li><a href=\"https:\/\/keylessbest.com\/es\/producto\/2010-2012-ford-taurus-mando-de-entrada-sin-llave-de-4-botones-m3n5wy8406-pn-5914119__trashed\/\" data-wpil-monitor-id=\"1105\">Ford 2010-2012<\/a> Mustang<\/li>\n<li>Ford Taurus 2007-2010<\/li>\n<li>Lincoln MKS 2007-2009<\/li>\n<li>Lincoln MKX 2007-2009<\/li>\n<li>Lincoln MKZ 2007-2009<\/li>\n<li>Lincoln Zephyr 2006-2009<\/li>\n<li>Mercury Mariner 2007-2009<\/li>\n<li>Mercury Milan 2007-2009<\/li>\n<li>Mercury Sable 2008-2009<\/li>\n<\/ul>\n<h6><strong><b>Incluye en el paquete:<\/b><\/strong><\/h6>\n<ul>\n<li>Un nuevo recambio <a href=\"https:\/\/keylessbest.com\/es\/producto\/ford-fiesta-2011-2017-mando-de-entrada-sin-llave-de-3-botones-kr55wk47899-pn164-r8042-remoto-y-hoja-164-r8043-hoja-164-r8042-164-r8039-5913139-5914117-4d63-80bit__trashed\/\" data-wpil-monitor-id=\"1101\">mando a distancia sin llave<\/a><\/li>\n<li>Una llave de inserci\u00f3n de emergencia del mercado de accesorios gratuita<\/li>\n<li>Todos los transmisores vienen con una bater\u00eda<\/li>\n<li>Todas las unidades son probadas antes del env\u00edo<\/li>\n<li>Garant\u00eda de satisfacci\u00f3n y garant\u00eda de 2 a\u00f1os 100%<\/li>\n<\/ul>\n<h6><strong><b>Nota:<\/b><\/strong><\/h6>\n<ul>\n<li>La llave de entrada sin llave inteligente de reemplazo para Ford Lincoln Mercury de 2006-2019 \u2013 sin logotipo, con una llave de emergencia sin cortar incluida.<\/li>\n<li>No cortamos ni programamos la llave remota. Adem\u00e1s, para precios, por favor contacte con un cerrajero local o concesionario.<\/li>\n<li>Este transmisor es compatible con veh\u00edculos que cuentan con un bot\u00f3n de arranque\/parada en el tablero o una llave de giro, junto con un proxy <a href=\"https:\/\/keylessbest.com\/es\/producto\/nissan-rogue-versa-pathfinder-2007-2013-con-sistema-inteligente-mando-de-entrada-sin-llave-de-3-botones-cwtwbu729-cwtwbu735-cwtwbu624-pn-285e3-em30d-285e3-em31d\/\" data-wpil-monitor-id=\"1102\">entrada sin llave<\/a> sistema.<\/li>\n<li>El precio es por una unidad completa <a href=\"https:\/\/keylessbest.com\/es\/producto\/2015-2021-jeep-renegade-mando-de-entrada-sin-llave-de-5-botones-m3n-40821302-reemplaza-pn-6mp33dx9aa-id-47-4a__trashed\/\" data-wpil-monitor-id=\"1099\">llave de entrada sin llave de reemplazo<\/a>, llave de emergencia incluida.<\/li>\n<li>Por lo tanto, recomendamos encarecidamente que tenga su \u00a0<a href=\"https:\/\/keylessbest.com\/es\/como-programar-un-mando-a-distancia-de-coche-rapido-y-facil-pasos-de-bricolaje-para-cualquier-coche\/\" data-wpil-monitor-id=\"1100\">PROGRAMEN SU LLAVERO<\/a> por un cerrajero profesional o distribuidor.<\/li>\n<\/ul>\n<h6><strong><b>Recursos de programaci\u00f3n\u00a0<\/b><\/strong><\/h6>\n<p><a href=\"http:\/\/programyourfob.com\/?list_9\/\" target=\"_blank\" rel=\"noopener\">http:\/\/programyourfob.com\/?list_9\/<\/a><\/p>\n<p><a href=\"http:\/\/programyourfob.com\/?list_22\/\" target=\"_blank\" rel=\"noopener\">http:\/\/programyourfob.com\/?list_22\/<\/a><\/p>\n<p><a href=\"http:\/\/programyourfob.com\/?list_24\/\" target=\"_blank\" rel=\"noopener\">http:\/\/programyourfob.com\/?list_24\/<\/a><\/p>\n<p>Gracias por elegirnos.<\/p>\n<p>Somos uno de los fabricantes m\u00e1s profesionales de llaves de coche, sistemas de entrada sin llave, <a href=\"https:\/\/keylessbest.com\/es\/producto\/control-remoto-de-entrada-sin-llave-honda-acura-civic-mdx-2006-2013-4-botones-n5f-s0084a-n5f-a05taa-pn-35111-sva-306-35118-tr0-a00-id46\/\" data-wpil-monitor-id=\"1098\">control remoto de llave de coche<\/a>, chips transpondedores, programadores de llaves, carcasas de llaves de coche, cerraduras de coche, herramientas de cerrajer\u00eda y dem\u00e1s. Adem\u00e1s, nuestra empresa cuenta con un equipo profesional y l\u00ednea de producci\u00f3n. Adem\u00e1s, nos especializamos en la fabricaci\u00f3n de varias llaves de coche, carcasas de llaves de coche y herramientas de cerrajer\u00eda. Tambi\u00e9n nos encargamos del desarrollo, fabricaci\u00f3n y venta al por mayor de productos de seguridad y protecci\u00f3n para autom\u00f3viles.<\/p>\n<p>Precios competitivos y servicios dedicados le ayudar\u00e1n a obtener un buen mercado. Adem\u00e1s, un equipo de ventas joven y en\u00e9rgico ofrece un servicio r\u00e1pido, profesional y amigable en cualquier momento. Adem\u00e1s, todos nuestros productos se env\u00edan directamente desde el almac\u00e9n en Espa\u00f1a, Canad\u00e1 y M\u00e9xico. Por lo tanto, los productos que compre ser\u00e1n empaquetados y enviados en 48 horas despu\u00e9s de realizar el pedido. M\u00e1s de 100% de nuestros productos est\u00e1n en stock, y el inventario es suficiente.<\/p>","protected":false},"excerpt":{"rendered":"<ul>\n<li>SKU: CA-FD201<\/li>\n<li>ID FCC: OUCD6000022<\/li>\n<li>PN: 164-R8046, 164-R8126<\/li>\n<li>IC: 850K-D6000022<\/li>\n<li>Frecuencia: 315MHz<\/li>\n<li>Chip: 4D63 80Bits<\/li>\n<li>Botones: Cerrar, Abrir, P\u00e1nico, Maletero<\/li>\n<\/ul>","protected":false},"featured_media":21048,"comment_status":"open","ping_status":"closed","template":"","meta":{"_bst_post_transparent":"default","_bst_post_title":"","_bst_post_layout":"default","_bst_post_sidebar_id":"","_bst_post_content_style":"default","_bst_post_vertical_padding":"default","_bst_post_feature":"","_bst_post_feature_position":"","_bst_post_header":false,"_bst_post_footer":false},"product_brand":[],"product_cat":[15,156,379,380],"product_tag":[],"2_year_make_model":[],"class_list":{"0":"post-13897","1":"product","2":"type-product","3":"status-publish","4":"has-post-thumbnail","6":"product_cat-carkeyremote","7":"product_cat-for-ford","8":"product_cat-for-lincoln","9":"product_cat-for-mercury","11":"first","12":"instock","13":"sale","14":"shipping-taxable","15":"purchasable","16":"product-type-simple","17":"entry","18":"content-bg","19":"loop-entry"},"_links":{"self":[{"href":"https:\/\/keylessbest.com\/es\/wp-json\/wp\/v2\/product\/13897","targetHints":{"allow":["GET"]}}],"collection":[{"href":"https:\/\/keylessbest.com\/es\/wp-json\/wp\/v2\/product"}],"about":[{"href":"https:\/\/keylessbest.com\/es\/wp-json\/wp\/v2\/types\/product"}],"replies":[{"embeddable":true,"href":"https:\/\/keylessbest.com\/es\/wp-json\/wp\/v2\/comments?post=13897"}],"version-history":[{"count":2,"href":"https:\/\/keylessbest.com\/es\/wp-json\/wp\/v2\/product\/13897\/revisions"}],"predecessor-version":[{"id":19617,"href":"https:\/\/keylessbest.com\/es\/wp-json\/wp\/v2\/product\/13897\/revisions\/19617"}],"wp:featuredmedia":[{"embeddable":true,"href":"https:\/\/keylessbest.com\/es\/wp-json\/wp\/v2\/media\/21048"}],"wp:attachment":[{"href":"https:\/\/keylessbest.com\/es\/wp-json\/wp\/v2\/media?parent=13897"}],"wp:term":[{"taxonomy":"product_brand","embeddable":true,"href":"https:\/\/keylessbest.com\/es\/wp-json\/wp\/v2\/product_brand?post=13897"},{"taxonomy":"product_cat","embeddable":true,"href":"https:\/\/keylessbest.com\/es\/wp-json\/wp\/v2\/product_cat?post=13897"},{"taxonomy":"product_tag","embeddable":true,"href":"https:\/\/keylessbest.com\/es\/wp-json\/wp\/v2\/product_tag?post=13897"},{"taxonomy":"2_year_make_model","embeddable":true,"href":"https:\/\/keylessbest.com\/es\/wp-json\/wp\/v2\/2_year_make_model?post=13897"}],"curies":[{"name":"wp","href":"https:\/\/api.w.org\/{rel}","templated":true}]}}