{"id":13955,"date":"2025-08-19T08:38:31","date_gmt":"2025-08-19T08:38:31","guid":{"rendered":"https:\/\/hanwuji.shengjit.com\/?post_type=product&#038;p=13955"},"modified":"2026-02-12T03:25:41","modified_gmt":"2026-02-12T03:25:41","slug":"llavero-bmw-2004-2016-267t-5wk49197-315mhz-para-keylessbest","status":"publish","type":"product","link":"https:\/\/keylessbest.com\/es\/producto\/llavero-bmw-2004-2016-267t-5wk49197-315mhz-para-keylessbest\/","title":{"rendered":"Llavero BMW 2004-2016 267T-5WK49197 315MHz para Keylessbest"},"content":{"rendered":"<p>*La informaci\u00f3n detallada de este llavero remoto sin llave de BMW de 2004-2016 es la siguiente. Por favor, confirme que los siguientes detalles coinciden con su veh\u00edculo antes de realizar el pedido: ID FCC, N\u00famero de pieza, <span style=\"font-size: 16px; font-style: normal; font-weight: 400;\">\u00a0<\/span><span style=\"font-size: 16px; font-style: normal; font-weight: 400;\">Modelo del a\u00f1o,<\/span><span style=\"font-size: 16px; font-style: normal; font-weight: 400;\">IC,<\/span><span style=\"font-size: 16px; font-style: normal; font-weight: 400;\">\u00a0<\/span><span style=\"font-size: 16px;\">Frecuencia, Chip y Botones.<\/span><\/p>\n<h6><strong><b>Informaci\u00f3n del Producto:<\/b><\/strong><\/h6>\n<ul>\n<li style=\"font-size: 16px;\">ID FCC: KR55WK49127 \/ KR55WK49123<\/li>\n<li style=\"font-size: 16px;\">PN: 6986583, 698658305<\/li>\n<li style=\"font-size: 16px;\">IC: 267T-5WK49197<\/li>\n<li style=\"font-size: 16px;\">Frecuencia: 315MHz<\/li>\n<li>Chip: 46<\/li>\n<li>Botones: Bloquear, Desbloquear, Maletero<\/li>\n<\/ul>\n<h6><strong><b>El modelo de referencia<\/b><\/strong><strong><b>\uff1a<\/b><\/strong><\/h6>\n<ul>\n<li>2006 &#8211; 2011 <a href=\"https:\/\/keylessbest.com\/es\/producto\/bmw-cas-1-serie-2004-2016-cas-3-serie-cas-5-serie-cas-6-serie-m3-m5-m6-x1-x5-x6-z4-mando-de-entrada-sin-llave-de-3-botones-kr55wk49127\/\" data-wpil-monitor-id=\"1080\">BMW CAS Serie 1<\/a><\/li>\n<li>BMW CAS 3 Serie 2006 \u2013 2011<\/li>\n<li>BMW CAS 5 Serie 2004 \u2013 2011<\/li>\n<li>BMW CAS 6 Serie 2004 \u2013 2011<\/li>\n<li><a href=\"https:\/\/keylessbest.com\/es\/producto\/2009-2014-toyota-avalon-camry-corolla-mando-de-entrada-sin-llave-de-3-botones-hyq14aem-pn-89904-0r060-89904-60770-89904-0r090-89904-42140__trashed\/\" data-wpil-monitor-id=\"1073\">2007 &#8211; 2013<\/a> BMW M3 (quinta generaci\u00f3n E90, E92, E93)<\/li>\n<li>BMW M5 2004 \u2013 2010 (quinta generaci\u00f3n E60, E61)<\/li>\n<li>BMW M6 2005 \u2013 2010 (primera generaci\u00f3n E63, E64)<\/li>\n<li>BMW X1 2009 \u2013 2015 (primera generaci\u00f3n E84)<\/li>\n<li>BMW X5 2006 \u2013 2013 (segunda generaci\u00f3n E70)<\/li>\n<li>BMW X6 2008 \u2013 2014 (primera generaci\u00f3n E71, E72)<\/li>\n<li>BMW Z4 2009 \u2013 2016 (segunda generaci\u00f3n E89)<\/li>\n<\/ul>\n<h6><strong><b>Incluye en el paquete:<\/b><\/strong><\/h6>\n<ul>\n<li>Un nuevo recambio <a href=\"https:\/\/keylessbest.com\/es\/producto\/ford-fiesta-2011-2017-mando-de-entrada-sin-llave-de-3-botones-kr55wk47899-pn164-r8042-remoto-y-hoja-164-r8043-hoja-164-r8042-164-r8039-5913139-5914117-4d63-80bit__trashed\/\" data-wpil-monitor-id=\"1078\">mando a distancia sin llave<\/a><\/li>\n<li>Una llave de inserci\u00f3n de emergencia del mercado de accesorios gratuita<\/li>\n<li>Todos los transmisores vienen con una bater\u00eda<\/li>\n<li>Todas las unidades son probadas antes del env\u00edo<\/li>\n<li>Garant\u00eda de satisfacci\u00f3n y garant\u00eda de 2 a\u00f1os 100%<\/li>\n<\/ul>\n<h6><strong><b>Nota:<\/b><\/strong><\/h6>\n<ul>\n<li>BMW smart 2004-2016 <a href=\"https:\/\/keylessbest.com\/es\/producto\/1999-2004-acura-cl-tl-rl-mando-de-entrada-sin-llave-de-4-botones-e4eg8d-444h-a-reemplaza-pn-72147-s0k-a23-72147-s0k-a13__trashed\/\" data-wpil-monitor-id=\"1074\">reemplazo del mando de entrada sin llave<\/a> \u2013 sin logotipo, con una llave de emergencia sin cortar incluida.<\/li>\n<li>No cortamos ni programamos el <a href=\"https:\/\/keylessbest.com\/es\/tienda-de-llaves-y-llaveros-sin-llave-de-keylessbestcarkeyfobshop\/\" data-wpil-monitor-id=\"1079\">llave remota<\/a>. Adem\u00e1s, para precios, por favor contacte con el cerrajero o distribuidor local.<\/li>\n<li>Este transmisor es compatible con veh\u00edculos que cuentan con un bot\u00f3n de arranque\/parada en el tablero o un encendido con llave de giro, junto con un sistema de entrada sin llave proxy <a href=\"https:\/\/keylessbest.com\/es\/producto\/nissan-rogue-versa-pathfinder-2007-2013-con-sistema-inteligente-mando-de-entrada-sin-llave-de-3-botones-cwtwbu729-cwtwbu735-cwtwbu624-pn-285e3-em30d-285e3-em31d\/\" data-wpil-monitor-id=\"1077\">sistema de entrada sin llave<\/a>.<\/li>\n<li>El precio es por una unidad completa <a href=\"https:\/\/keylessbest.com\/es\/producto\/2015-2021-jeep-renegade-mando-de-entrada-sin-llave-de-5-botones-m3n-40821302-reemplaza-pn-6mp33dx9aa-id-47-4a__trashed\/\" data-wpil-monitor-id=\"1075\">llave de entrada sin llave de reemplazo<\/a>, llave de emergencia incluida.<\/li>\n<li>Por lo tanto, recomendamos encarecidamente que haga que su <a href=\"https:\/\/keylessbest.com\/es\/como-programar-un-mando-a-distancia-de-coche-rapido-y-facil-pasos-de-bricolaje-para-cualquier-coche\/\" data-wpil-monitor-id=\"1076\">PROGRAMEN SU LLAVERO<\/a> por un cerrajero profesional o distribuidor.<\/li>\n<\/ul>\n<h6><strong>Recursos de programaci\u00f3n\uff1a<\/strong><\/h6>\n<p><a href=\"http:\/\/www.programyourfob.com\/?list_3\/\" target=\"_blank\" rel=\"noopener\">BMW-Cambrian (Liaoning) Tecnolog\u00eda Electr\u00f3nica S.L.<\/a><\/p>\n<p>Gracias por elegirnos.<\/p>\n<p>Somos uno de los fabricantes m\u00e1s profesionales de llaves de coche, sistema de entrada sin llave, <a href=\"https:\/\/keylessbest.com\/es\/producto\/2001-2007-buick-oldsmobile-pontiac-century-rega-intrigue-grand-prix-rendezvous-aztek-mando-de-entrada-sin-llave-de-4-botones-l2c0007t-pn10335588-9364556-4575\/\" data-wpil-monitor-id=\"1072\">control remoto de llave de coche<\/a>, chips transpondedores, programadores de llaves, carcasas de llaves, cerraduras de coches, herramientas de cerrajer\u00eda y m\u00e1s. Adem\u00e1s, nuestra empresa cuenta con un equipo profesional y una l\u00ednea de producci\u00f3n. Adem\u00e1s, nos especializamos en producir diversos <a href=\"https:\/\/keylessbest.com\/es\/cuanto-cuesta-reemplazar-un-mando-a-distancia-de-coche-en-2025\/\" data-wpil-monitor-id=\"1081\">llaves de coche<\/a>, carcasas de llaves de coche y herramientas de cerrajer\u00eda. Tambi\u00e9n nos encargamos del desarrollo, fabricaci\u00f3n y venta al por mayor de productos de seguridad y protecci\u00f3n para autom\u00f3viles.<\/p>\n<p>Precios competitivos y servicios dedicados le ayudar\u00e1n a obtener un buen mercado. Adem\u00e1s, un equipo de ventas joven y en\u00e9rgico ofrece un servicio r\u00e1pido, profesional y amigable en cualquier momento. Adem\u00e1s, todos nuestros productos se env\u00edan directamente desde el almac\u00e9n en Espa\u00f1a, Canad\u00e1 y M\u00e9xico. Por lo tanto, los productos que compre ser\u00e1n empaquetados y enviados en 48 horas despu\u00e9s de realizar el pedido. M\u00e1s de 100% de nuestros productos est\u00e1n en stock, y el inventario es suficiente.<\/p>","protected":false},"excerpt":{"rendered":"<ul>\n<li style=\"font-size: 16px;\">SKU: CA-BM108<\/li>\n<li style=\"font-size: 16px;\">ID FCC: KR55WK49127 \/ KR55WK49123<\/li>\n<li style=\"font-size: 16px;\">PN: 6986583, 698658305<\/li>\n<li style=\"font-size: 16px;\">IC: 267T-5WK49197<\/li>\n<li style=\"font-size: 16px;\">Frecuencia: 315MHz<\/li>\n<li>Chip: 46<\/li>\n<li>Botones: Bloquear, Desbloquear, Maletero<\/li>\n<\/ul>","protected":false},"featured_media":20997,"comment_status":"open","ping_status":"closed","template":"","meta":{"_bst_post_transparent":"default","_bst_post_title":"","_bst_post_layout":"default","_bst_post_sidebar_id":"","_bst_post_content_style":"default","_bst_post_vertical_padding":"default","_bst_post_feature":"","_bst_post_feature_position":"","_bst_post_header":false,"_bst_post_footer":false},"product_brand":[],"product_cat":[15,161],"product_tag":[],"2_year_make_model":[],"class_list":{"0":"post-13955","1":"product","2":"type-product","3":"status-publish","4":"has-post-thumbnail","6":"product_cat-carkeyremote","7":"product_cat-for-bmw","9":"first","10":"instock","11":"sale","12":"shipping-taxable","13":"purchasable","14":"product-type-simple","15":"entry","16":"content-bg","17":"loop-entry"},"_links":{"self":[{"href":"https:\/\/keylessbest.com\/es\/wp-json\/wp\/v2\/product\/13955","targetHints":{"allow":["GET"]}}],"collection":[{"href":"https:\/\/keylessbest.com\/es\/wp-json\/wp\/v2\/product"}],"about":[{"href":"https:\/\/keylessbest.com\/es\/wp-json\/wp\/v2\/types\/product"}],"replies":[{"embeddable":true,"href":"https:\/\/keylessbest.com\/es\/wp-json\/wp\/v2\/comments?post=13955"}],"version-history":[{"count":4,"href":"https:\/\/keylessbest.com\/es\/wp-json\/wp\/v2\/product\/13955\/revisions"}],"predecessor-version":[{"id":20996,"href":"https:\/\/keylessbest.com\/es\/wp-json\/wp\/v2\/product\/13955\/revisions\/20996"}],"wp:featuredmedia":[{"embeddable":true,"href":"https:\/\/keylessbest.com\/es\/wp-json\/wp\/v2\/media\/20997"}],"wp:attachment":[{"href":"https:\/\/keylessbest.com\/es\/wp-json\/wp\/v2\/media?parent=13955"}],"wp:term":[{"taxonomy":"product_brand","embeddable":true,"href":"https:\/\/keylessbest.com\/es\/wp-json\/wp\/v2\/product_brand?post=13955"},{"taxonomy":"product_cat","embeddable":true,"href":"https:\/\/keylessbest.com\/es\/wp-json\/wp\/v2\/product_cat?post=13955"},{"taxonomy":"product_tag","embeddable":true,"href":"https:\/\/keylessbest.com\/es\/wp-json\/wp\/v2\/product_tag?post=13955"},{"taxonomy":"2_year_make_model","embeddable":true,"href":"https:\/\/keylessbest.com\/es\/wp-json\/wp\/v2\/2_year_make_model?post=13955"}],"curies":[{"name":"wp","href":"https:\/\/api.w.org\/{rel}","templated":true}]}}