{"id":14011,"date":"2025-08-19T08:39:25","date_gmt":"2025-08-19T08:39:25","guid":{"rendered":"https:\/\/hanwuji.shengjit.com\/?post_type=product&#038;p=14011"},"modified":"2026-04-19T23:05:15","modified_gmt":"2026-04-19T23:05:15","slug":"2001-2012-chevrolet-llave-de-mando-pn-10335583-para-keylessbest","status":"publish","type":"product","link":"https:\/\/keylessbest.com\/es\/producto\/2001-2012-chevrolet-llave-de-mando-pn-10335583-para-keylessbest\/","title":{"rendered":"2001-2012 Chevrolet Llave de mando PN: 10335583 para Keylessbest"},"content":{"rendered":"<p>*La informaci\u00f3n detallada de este llavero de entrada sin llave para Chevrolet Hummer GMC Oldsmobile Pontiac Isuzu de 2001-2012 es la siguiente. Por favor, confirme que los siguientes detalles coinciden con su veh\u00edculo antes de realizar el pedido: FCC ID, N\u00famero de pieza, <span style=\"font-size: 16px; font-style: normal; font-weight: 400;\">\u00a0<\/span><span style=\"font-size: 16px; font-style: normal; font-weight: 400;\">Modelo del a\u00f1o,<\/span><span style=\"font-size: 16px; font-style: normal; font-weight: 400;\">IC,<\/span><span style=\"font-size: 16px; font-style: normal; font-weight: 400;\">\u00a0<\/span><span style=\"font-size: 16px;\">Frecuencia, Chip y Botones.<\/span><\/p>\n<h6><strong><b>Informaci\u00f3n del Producto:<\/b><\/strong><\/h6>\n<ul>\n<li style=\"font-size: 16px;\">ID FCC: L2C0007T<\/li>\n<li style=\"font-size: 16px;\">PN: 10335583, 10335582-88<\/li>\n<li>Frecuencia: 315MHz<\/li>\n<li style=\"font-size: 16px;\">Botones: Bloquear, Desbloquear, P\u00e1nico<\/li>\n<\/ul>\n<h6><strong><b>El modelo de referencia<\/b><\/strong><strong><b>\uff1a<\/b><\/strong><\/h6>\n<ul>\n<li>Chevrolet Colorado 2004 \u2013 2012<\/li>\n<li><a href=\"https:\/\/keylessbest.com\/es\/producto\/2009-2014-toyota-avalon-camry-corolla-mando-de-entrada-sin-llave-de-3-botones-hyq14aem-pn-89904-0r060-89904-60770-89904-0r090-89904-42140__trashed\/\" data-wpil-monitor-id=\"1042\">2006 &#8211; 2010<\/a> Hummer H3<\/li>\n<li>Chevrolet Venture de 2001 a 2005 sin puertas correderas<\/li>\n<li>2004 &#8211; 2012 <a href=\"https:\/\/keylessbest.com\/es\/producto\/2023-2024-gmc-canyon-sierra-mando-de-entrada-sin-llave-de-4-botones-yg0g21tb2-pn13530574-13541561-13545334-13548432-id49\/\" data-wpil-monitor-id=\"1047\">GMC Canyon<\/a><\/li>\n<li>Oldsmobile Silhouette de 2001 a 2005<\/li>\n<li>Pontiac Montana de 2001 a 2005<\/li>\n<li>Hummer H3T de 2009 a 2010<\/li>\n<li>Isuzu I-280 de 2006 a 2008<\/li>\n<li>Isuzu I-290 de 2006 a 2008<\/li>\n<li>Isuzu I-350 de 2006 a 2008<\/li>\n<li>Isuzu I-370 de 2006 a 2008<\/li>\n<\/ul>\n<h6><strong><b>Incluye en el paquete:<\/b><\/strong><\/h6>\n<ul>\n<li>Un nuevo recambio <a href=\"https:\/\/keylessbest.com\/es\/producto\/ford-fiesta-2011-2017-mando-de-entrada-sin-llave-de-3-botones-kr55wk47899-pn164-r8042-remoto-y-hoja-164-r8043-hoja-164-r8042-164-r8039-5913139-5914117-4d63-80bit__trashed\/\" data-wpil-monitor-id=\"1046\">mando a distancia sin llave<\/a><\/li>\n<li>Una llave de inserci\u00f3n de emergencia del mercado de accesorios gratuita<\/li>\n<li>Todos los transmisores vienen con una bater\u00eda<\/li>\n<li>Todas las unidades son probadas antes del env\u00edo<\/li>\n<li>Garant\u00eda de satisfacci\u00f3n y garant\u00eda de 2 a\u00f1os 100%<\/li>\n<\/ul>\n<h6><strong><b>Nota:<\/b><\/strong><\/h6>\n<ul>\n<li>Reemplazo de llave inteligente sin llave para Chevrolet Hummer GMC Oldsmobile Pontiac Isuzu de 2001-2012 \u2013 sin logotipo, con una llave de inserci\u00f3n de emergencia sin cortar incluida.<\/li>\n<li>No cortamos ni programamos el <a href=\"https:\/\/keylessbest.com\/es\/tienda-de-llaves-y-llaveros-sin-llave-de-keylessbestcarkeyfobshop\/\" data-wpil-monitor-id=\"1048\">llave remota<\/a>. Adem\u00e1s, para precios, por favor contacte con el cerrajero o distribuidor local.<\/li>\n<li>Este transmisor es compatible con veh\u00edculos que cuentan con un bot\u00f3n de arranque\/parada en el tablero o un encendido con llave de giro, junto con un sistema de entrada sin llave proxy <a href=\"https:\/\/keylessbest.com\/es\/producto\/nissan-rogue-versa-pathfinder-2007-2013-con-sistema-inteligente-mando-de-entrada-sin-llave-de-3-botones-cwtwbu729-cwtwbu735-cwtwbu624-pn-285e3-em30d-285e3-em31d\/\" data-wpil-monitor-id=\"1045\">sistema de entrada sin llave<\/a>.<\/li>\n<li>El precio es por una unidad completa <a href=\"https:\/\/keylessbest.com\/es\/producto\/2015-2021-jeep-renegade-mando-de-entrada-sin-llave-de-5-botones-m3n-40821302-reemplaza-pn-6mp33dx9aa-id-47-4a__trashed\/\" data-wpil-monitor-id=\"1043\">llave de entrada sin llave de reemplazo<\/a>, llave de emergencia incluida.<\/li>\n<li>Por lo tanto, recomendamos encarecidamente que haga que su <a href=\"https:\/\/keylessbest.com\/es\/como-programar-un-mando-a-distancia-de-coche-rapido-y-facil-pasos-de-bricolaje-para-cualquier-coche\/\" data-wpil-monitor-id=\"1044\">PROGRAMEN SU LLAVERO<\/a> por un cerrajero profesional o distribuidor.<\/li>\n<\/ul>\n<h6><strong>Recursos de programaci\u00f3n\uff1a<\/strong><\/h6>\n<p><a href=\"http:\/\/www.programyourfob.com\/?list_6\/\" target=\"_blank\" rel=\"noopener\">Chevrolet-Cambrian (Liaoning) Electronic Technology Co., Ltd.<\/a><\/p>\n<p><a href=\"http:\/\/www.programyourfob.com\/?list_13\/\" target=\"_blank\" rel=\"noopener\">Hummer-Cambrian (Liaoning) Electronic Technology Co., Ltd.<\/a><\/p>\n<p><a href=\"http:\/\/www.programyourfob.com\/?list_11\/\" target=\"_blank\" rel=\"noopener\">GMC-Cambrian (Liaoning) Electronic Technology Co., Ltd.<\/a><\/p>\n<p><a href=\"http:\/\/www.programyourfob.com\/?list_27\/\" target=\"_blank\" rel=\"noopener\">Oldsmobile-Cambrian (Liaoning) Electronic Technology Co., Ltd.<\/a><\/p>\n<p><a href=\"http:\/\/www.programyourfob.com\/?list_30\/\" target=\"_blank\" rel=\"noopener\">Pontiac-Cambrian (Liaoning) Electronic Technology Co., Ltd.<\/a><\/p>\n<p><a href=\"http:\/\/www.programyourfob.com\/?list_16\/\" target=\"_blank\" rel=\"noopener\">Isuzu-Cambrian (Liaoning) Electronic Technology Co., Ltd.<\/a><\/p>\n<p>Gracias por elegirnos.<\/p>\n<p>Somos uno de los fabricantes m\u00e1s profesionales de llaves de coche, sistema de entrada sin llave, <a href=\"https:\/\/keylessbest.com\/es\/producto\/2001-2007-buick-oldsmobile-pontiac-century-rega-intrigue-grand-prix-rendezvous-aztek-mando-de-entrada-sin-llave-de-4-botones-l2c0007t-pn10335588-9364556-4575\/\" data-wpil-monitor-id=\"1041\">control remoto de llave de coche<\/a>, chips transpondedores, programadores de llaves, carcasas de llaves de coche, cerraduras de coche, herramientas de cerrajero y m\u00e1s. Adem\u00e1s, nuestra empresa cuenta con un equipo profesional y l\u00ednea de producci\u00f3n. Adem\u00e1s, nos especializamos en la producci\u00f3n de varias llaves de coche, carcasas de llaves y herramientas de cerrajero. Tambi\u00e9n nos encargamos del desarrollo, fabricaci\u00f3n y venta al por mayor de productos de seguridad y protecci\u00f3n para autom\u00f3viles.<\/p>\n<p>Precios competitivos y servicios dedicados le ayudar\u00e1n a obtener un buen mercado. Adem\u00e1s, un equipo de ventas joven y en\u00e9rgico ofrece un servicio r\u00e1pido, profesional y amigable en cualquier momento. Adem\u00e1s, todos nuestros productos se env\u00edan directamente desde el almac\u00e9n en Espa\u00f1a, Canad\u00e1 y M\u00e9xico. Por lo tanto, los productos que compre ser\u00e1n empaquetados y enviados en 48 horas despu\u00e9s de realizar el pedido. M\u00e1s de 100% de nuestros productos est\u00e1n en stock, y el inventario es suficiente.<\/p>","protected":false},"excerpt":{"rendered":"<ul>\n<li style=\"font-size: 16px;\">SKU: CA-GM111<\/li>\n<li style=\"font-size: 16px;\">ID FCC: L2C0007T<\/li>\n<li style=\"font-size: 16px;\">PN: 10335583, 10335582-88<\/li>\n<li>Frecuencia: 315MHz<\/li>\n<li style=\"font-size: 16px;\">Botones: Bloquear, Desbloquear, P\u00e1nico<\/li>\n<\/ul>","protected":false},"featured_media":21001,"comment_status":"open","ping_status":"closed","template":"","meta":{"_bst_post_transparent":"default","_bst_post_title":"","_bst_post_layout":"default","_bst_post_sidebar_id":"","_bst_post_content_style":"default","_bst_post_vertical_padding":"default","_bst_post_feature":"","_bst_post_feature_position":"","_bst_post_header":false,"_bst_post_footer":false},"product_brand":[],"product_cat":[15,150,152,374,383,372,373],"product_tag":[],"2_year_make_model":[],"class_list":{"0":"post-14011","1":"product","2":"type-product","3":"status-publish","4":"has-post-thumbnail","6":"product_cat-carkeyremote","7":"product_cat-for-chevrolet","8":"product_cat-for-gmc","9":"product_cat-for-hummer","10":"product_cat-for-isuzu","11":"product_cat-for-oldmobile","12":"product_cat-for-pontiac","14":"first","15":"instock","16":"sale","17":"shipping-taxable","18":"purchasable","19":"product-type-simple","20":"entry","21":"content-bg","22":"loop-entry"},"_links":{"self":[{"href":"https:\/\/keylessbest.com\/es\/wp-json\/wp\/v2\/product\/14011","targetHints":{"allow":["GET"]}}],"collection":[{"href":"https:\/\/keylessbest.com\/es\/wp-json\/wp\/v2\/product"}],"about":[{"href":"https:\/\/keylessbest.com\/es\/wp-json\/wp\/v2\/types\/product"}],"replies":[{"embeddable":true,"href":"https:\/\/keylessbest.com\/es\/wp-json\/wp\/v2\/comments?post=14011"}],"version-history":[{"count":2,"href":"https:\/\/keylessbest.com\/es\/wp-json\/wp\/v2\/product\/14011\/revisions"}],"predecessor-version":[{"id":19415,"href":"https:\/\/keylessbest.com\/es\/wp-json\/wp\/v2\/product\/14011\/revisions\/19415"}],"wp:featuredmedia":[{"embeddable":true,"href":"https:\/\/keylessbest.com\/es\/wp-json\/wp\/v2\/media\/21001"}],"wp:attachment":[{"href":"https:\/\/keylessbest.com\/es\/wp-json\/wp\/v2\/media?parent=14011"}],"wp:term":[{"taxonomy":"product_brand","embeddable":true,"href":"https:\/\/keylessbest.com\/es\/wp-json\/wp\/v2\/product_brand?post=14011"},{"taxonomy":"product_cat","embeddable":true,"href":"https:\/\/keylessbest.com\/es\/wp-json\/wp\/v2\/product_cat?post=14011"},{"taxonomy":"product_tag","embeddable":true,"href":"https:\/\/keylessbest.com\/es\/wp-json\/wp\/v2\/product_tag?post=14011"},{"taxonomy":"2_year_make_model","embeddable":true,"href":"https:\/\/keylessbest.com\/es\/wp-json\/wp\/v2\/2_year_make_model?post=14011"}],"curies":[{"name":"wp","href":"https:\/\/api.w.org\/{rel}","templated":true}]}}