{"id":14149,"date":"2025-08-19T08:41:53","date_gmt":"2025-08-19T08:41:53","guid":{"rendered":"https:\/\/hanwuji.shengjit.com\/?post_type=product&#038;p=14149"},"modified":"2026-02-12T03:46:28","modified_gmt":"2026-02-12T03:46:28","slug":"reemplazo-de-llave-hyundai-2022-2024-434mhz-95440-t1210","status":"publish","type":"product","link":"https:\/\/keylessbest.com\/es\/producto\/reemplazo-de-llave-hyundai-2022-2024-434mhz-95440-t1210\/","title":{"rendered":"Reemplazo de llave de coche Hyundai 2022-2024 434MHz 95440-T1210"},"content":{"rendered":"<p>*La informaci\u00f3n detallada de este llavero de entrada sin llave Genesis de 2022 a 2024 es la siguiente. Por favor, confirme que los siguientes detalles coinciden con su veh\u00edculo antes de realizar el pedido: ID FCC, N\u00famero de pieza, <span style=\"font-size: 16px; font-style: normal; font-weight: 400;\">\u00a0<\/span><span style=\"font-size: 16px; font-style: normal; font-weight: 400;\">Modelo del a\u00f1o,<\/span><span style=\"font-size: 16px; font-style: normal; font-weight: 400;\">IC,<\/span><span style=\"font-size: 16px; font-style: normal; font-weight: 400;\">\u00a0<\/span><span style=\"font-size: 16px;\">Frecuencia, Chip y Botones.<\/span><\/p>\n<h6><strong><b>Informaci\u00f3n del Producto:<\/b><\/strong><\/h6>\n<ul>\n<li style=\"font-size: 16px;\">ID FCC: TQ8-FOB-4F53<\/li>\n<li style=\"font-size: 16px;\">PN: 95440-T1210<\/li>\n<li>Frecuencia: 434MHz<\/li>\n<li style=\"font-size: 16px;\">Botones: Bloqueo, Desbloqueo, Maletero, P\u00e1nico, Arranque Remoto, Asistencia de Estacionamiento Adelante, Asistencia de Estacionamiento Atr\u00e1s, Luces<\/li>\n<li>Bater\u00eda: CR2032<\/li>\n<\/ul>\n<h6><strong><b>El modelo de referencia<\/b><\/strong><strong><b>\uff1a<\/b><\/strong><\/h6>\n<ul>\n<li>Genesis G80 de 2022 a 2024<\/li>\n<li>Genesis GV80 de 2023<\/li>\n<\/ul>\n<h6><strong><b>Incluye en el paquete:<\/b><\/strong><\/h6>\n<ul>\n<li>Un nuevo mando a distancia sin llave del mercado de accesorios<\/li>\n<li>Una llave de inserci\u00f3n de emergencia del mercado de accesorios gratuita<\/li>\n<li>Todos los transmisores vienen con una bater\u00eda<\/li>\n<li>Todas las unidades son probadas antes del env\u00edo<\/li>\n<li>Garant\u00eda de satisfacci\u00f3n y garant\u00eda de 2 a\u00f1os 100%<\/li>\n<\/ul>\n<h6><strong><b>Nota:<\/b><\/strong><\/h6>\n<ul>\n<li>El reemplazo del llavero de entrada sin llave inteligente Genesis de 2022 a 2024 \u2013 sin logotipo, con una llave de inserci\u00f3n de emergencia sin cortar incluida.<\/li>\n<li>No cortamos ni programamos la llave remota. Adem\u00e1s, para precios, por favor contacte con un cerrajero local o concesionario.<\/li>\n<li>Este transmisor es compatible con veh\u00edculos que cuentan con un bot\u00f3n de arranque\/parada en el tablero o una llave de giro, junto con un sistema de entrada sin llave proxy.<\/li>\n<li>El precio es por un mando de entrada sin llave completo de reemplazo, incluyendo la llave de emergencia.<\/li>\n<li>Por lo tanto, recomendamos encarecidamente que programe su LLAVERO con un cerrajero profesional o concesionario.<\/li>\n<\/ul>\n<h6><strong>Recursos de programaci\u00f3n\uff1a<\/strong><\/h6>\n<p><a href=\"http:\/\/www.programyourfob.com\/?list_10\/\" target=\"_blank\" rel=\"noopener\">Genesis-Cambrian (Liaoning) Electronic Technology Co., Ltd.<\/a><\/p>\n<p>Gracias por elegirnos.<\/p>\n<p>Somos uno de los fabricantes m\u00e1s profesionales de llaves de coche, sistemas de entrada sin llave, mandos a distancia de llave de coche, chips transpondedores, programadores de llaves, carcasas de llaves de coche, cerraduras de coche, herramientas de cerrajer\u00eda y otros. Adem\u00e1s, nuestra empresa cuenta con un equipo profesional y l\u00ednea de producci\u00f3n. Adem\u00e1s, nos especializamos en la producci\u00f3n de varias llaves de coche, carcasas de llaves y herramientas de cerrajer\u00eda. Tambi\u00e9n nos encargamos del desarrollo, fabricaci\u00f3n y venta al por mayor de productos de seguridad y protecci\u00f3n para autom\u00f3viles.<\/p>\n<p>Precios competitivos y servicios dedicados le ayudar\u00e1n a obtener un buen mercado. Adem\u00e1s, un equipo de ventas joven y en\u00e9rgico ofrece un servicio r\u00e1pido, profesional y amigable en cualquier momento. Adem\u00e1s, todos nuestros productos se env\u00edan directamente desde el almac\u00e9n en Espa\u00f1a, Canad\u00e1 y M\u00e9xico. Por lo tanto, los productos que compre ser\u00e1n empaquetados y enviados en 48 horas despu\u00e9s de realizar el pedido. M\u00e1s de 100% de nuestros productos est\u00e1n en stock, y el inventario es suficiente.<\/p>","protected":false},"excerpt":{"rendered":"<ul>\n<li>SKU: CA-HY124<\/li>\n<li style=\"font-size: 16px;\">ID FCC: TQ8-FOB-4F53<\/li>\n<li style=\"font-size: 16px;\">PN: 95440-T1210<\/li>\n<li>Frecuencia: 434MHz<\/li>\n<li style=\"font-size: 16px;\">Botones: Bloqueo, Desbloqueo, Maletero, P\u00e1nico, Arranque Remoto, Asistencia de Estacionamiento Adelante, Asistencia de Estacionamiento Atr\u00e1s, Luces<\/li>\n<li>Bater\u00eda: CR2032<\/li>\n<\/ul>","protected":false},"featured_media":21006,"comment_status":"open","ping_status":"closed","template":"","meta":{"_bst_post_transparent":"default","_bst_post_title":"","_bst_post_layout":"default","_bst_post_sidebar_id":"","_bst_post_content_style":"default","_bst_post_vertical_padding":"default","_bst_post_feature":"","_bst_post_feature_position":"","_bst_post_header":false,"_bst_post_footer":false},"product_brand":[],"product_cat":[15,387],"product_tag":[],"2_year_make_model":[],"class_list":{"0":"post-14149","1":"product","2":"type-product","3":"status-publish","4":"has-post-thumbnail","6":"product_cat-carkeyremote","7":"product_cat-for-genesis","9":"first","10":"instock","11":"sale","12":"shipping-taxable","13":"purchasable","14":"product-type-simple","15":"entry","16":"content-bg","17":"loop-entry"},"_links":{"self":[{"href":"https:\/\/keylessbest.com\/es\/wp-json\/wp\/v2\/product\/14149","targetHints":{"allow":["GET"]}}],"collection":[{"href":"https:\/\/keylessbest.com\/es\/wp-json\/wp\/v2\/product"}],"about":[{"href":"https:\/\/keylessbest.com\/es\/wp-json\/wp\/v2\/types\/product"}],"replies":[{"embeddable":true,"href":"https:\/\/keylessbest.com\/es\/wp-json\/wp\/v2\/comments?post=14149"}],"version-history":[{"count":2,"href":"https:\/\/keylessbest.com\/es\/wp-json\/wp\/v2\/product\/14149\/revisions"}],"predecessor-version":[{"id":21005,"href":"https:\/\/keylessbest.com\/es\/wp-json\/wp\/v2\/product\/14149\/revisions\/21005"}],"wp:featuredmedia":[{"embeddable":true,"href":"https:\/\/keylessbest.com\/es\/wp-json\/wp\/v2\/media\/21006"}],"wp:attachment":[{"href":"https:\/\/keylessbest.com\/es\/wp-json\/wp\/v2\/media?parent=14149"}],"wp:term":[{"taxonomy":"product_brand","embeddable":true,"href":"https:\/\/keylessbest.com\/es\/wp-json\/wp\/v2\/product_brand?post=14149"},{"taxonomy":"product_cat","embeddable":true,"href":"https:\/\/keylessbest.com\/es\/wp-json\/wp\/v2\/product_cat?post=14149"},{"taxonomy":"product_tag","embeddable":true,"href":"https:\/\/keylessbest.com\/es\/wp-json\/wp\/v2\/product_tag?post=14149"},{"taxonomy":"2_year_make_model","embeddable":true,"href":"https:\/\/keylessbest.com\/es\/wp-json\/wp\/v2\/2_year_make_model?post=14149"}],"curies":[{"name":"wp","href":"https:\/\/api.w.org\/{rel}","templated":true}]}}