{"id":14150,"date":"2025-08-19T08:41:54","date_gmt":"2025-08-19T08:41:54","guid":{"rendered":"https:\/\/hanwuji.shengjit.com\/?post_type=product&#038;p=14150"},"modified":"2026-02-12T07:38:13","modified_gmt":"2026-02-12T07:38:13","slug":"llavero-de-toyota-2013-2021-gq4-52t-314mhz-para-keylessbest-2","status":"publish","type":"product","link":"https:\/\/keylessbest.com\/es\/producto\/llavero-de-toyota-2013-2021-gq4-52t-314mhz-para-keylessbest-2\/","title":{"rendered":"Llavero de Toyota 2013-2021 GQ4-52T 314MHz para Keylessbest"},"content":{"rendered":"<p>*La informaci\u00f3n detallada de este llavero remoto sin llave de Toyota de 2013 a 2021 es la siguiente. Por favor, confirme que los siguientes detalles coinciden con su veh\u00edculo antes de realizar el pedido: ID FCC, N\u00famero de pieza, A\u00f1o Modelo, IC, Frecuencia, Chip y Botones.<\/p>\n<h6><strong><b>Informaci\u00f3n del Producto: <\/b><\/strong><\/h6>\n<ul>\n<li>ID FCC: GQ4-52T , GQ452T<\/li>\n<li>PN: 89070-0R100<\/li>\n<li>IC: 1470A-33T<\/li>\n<li>Frecuencia: 314MHz<\/li>\n<li>Chip: H<\/li>\n<li>Botones: Desbloquear, Bloquear, Liberaci\u00f3n de puerta el\u00e9ctrica, P\u00e1nico<\/li>\n<\/ul>\n<h6><strong><b>El modelo de referencia:<\/b><\/strong><\/h6>\n<ul>\n<li>2013 &#8211; 2018 <a href=\"https:\/\/keylessbest.com\/es\/producto\/toyota-4runner-rav4-rav4-sport-yaris-highlander-2010-2016-mando-de-entrada-sin-llave-de-3-botones-hyq12bby-hyq12bdc-pn89070-35170-89070-42670-89070-42660-89070-42750-89070-42770-g\/\" data-wpil-monitor-id=\"895\">Toyota RAV4<\/a> (Solo veh\u00edculos fabricados en Espa\u00f1a)<\/li>\n<li><a href=\"https:\/\/keylessbest.com\/es\/producto\/2009-2014-toyota-avalon-camry-corolla-mando-de-entrada-sin-llave-de-3-botones-hyq14aem-pn-89904-0r060-89904-60770-89904-0r090-89904-42140__trashed\/\" data-wpil-monitor-id=\"889\">Toyota de 2014 a 2019<\/a> Highlander<\/li>\n<li><a href=\"https:\/\/keylessbest.com\/es\/producto\/llave-de-entrada-sin-llave-para-cadillac-ats-ats-v-ct6-ct6-plug-in-cts-cts-v-xts-5-botones-hyq2eb-pn-13598512-13594029s-13510243-46__trashed\/\" data-wpil-monitor-id=\"888\">2016 &#8211; 2018<\/a> Toyota Tacoma<\/li>\n<li>2018 &#8211; 2021 <a href=\"https:\/\/keylessbest.com\/es\/producto\/toyota-4-runner-tundra-tacoma-sequoia-2015-2022-mando-a-distancia-de-entrada-sin-llave-de-3-botones-hyq14fbb-pn-89904-35060-89904-0c050__trashed\/\" data-wpil-monitor-id=\"898\">Toyota Tundra<\/a><\/li>\n<li>Toyota Sequoia de 2019 a 2019 Nota: El bot\u00f3n del maletero operar\u00e1 la funci\u00f3n de port\u00f3n para esta llave. Pero por favor <a href=\"https:\/\/keylessbest.com\/es\/producto\/nissan-murano-platinum-edition-2015-2018-murano-sl-pathfinder-ano-2016-debe-coincidir-con-el-numero-pn-ic-y-fcc-dividir-ano-mando-a-distancia-sin-llave-con-5-botones-kr5s180144014-pn285e3-5aa5a-285\/\" data-wpil-monitor-id=\"891\">coincida con el tipo de chip, especialmente para a\u00f1os divididos<\/a>.<\/li>\n<\/ul>\n<h6><strong><b>Incluye en el paquete:<\/b><\/strong><\/h6>\n<ul>\n<li>Un nuevo recambio <a href=\"https:\/\/keylessbest.com\/es\/producto\/ford-fiesta-2011-2017-mando-de-entrada-sin-llave-de-3-botones-kr55wk47899-pn164-r8042-remoto-y-hoja-164-r8043-hoja-164-r8042-164-r8039-5913139-5914117-4d63-80bit__trashed\/\" data-wpil-monitor-id=\"893\">mando a distancia sin llave<\/a><\/li>\n<li>Una llave de inserci\u00f3n de emergencia del mercado de accesorios gratuita<\/li>\n<li>Todos los transmisores vienen con una bater\u00eda<\/li>\n<li>Todas las unidades son probadas antes del env\u00edo<\/li>\n<li>Garant\u00eda de satisfacci\u00f3n y garant\u00eda de 2 a\u00f1os 100%<\/li>\n<\/ul>\n<h6><strong><b>Nota:<\/b><\/strong><\/h6>\n<ul>\n<li>La llave inteligente sin llave de reemplazo de Toyota de 2013 a 2021 \u2013 sin logotipo, con una llave de emergencia sin cortar incluida.<\/li>\n<li>No cortamos ni programamos el <a href=\"https:\/\/keylessbest.com\/es\/tienda-de-llaves-y-llaveros-sin-llave-de-keylessbestcarkeyfobshop\/\" data-wpil-monitor-id=\"894\">llave remota<\/a>.Adem\u00e1s, para conocer los precios, p\u00f3ngase en contacto con el cerrajero o concesionario local.<\/li>\n<li>Este transmisor es compatible con veh\u00edculos que cuentan con un bot\u00f3n de arranque\/parada en el tablero o una llave de giro, junto con un proxy <a href=\"https:\/\/keylessbest.com\/es\/producto\/nissan-rogue-versa-pathfinder-2007-2013-con-sistema-inteligente-mando-de-entrada-sin-llave-de-3-botones-cwtwbu729-cwtwbu735-cwtwbu624-pn-285e3-em30d-285e3-em31d\/\" data-wpil-monitor-id=\"892\">entrada sin llave<\/a> sistema.<\/li>\n<li>El precio es por un reemplazo completo del llavero de entrada sin llave \u00a0\u00a0<a href=\"https:\/\/keylessbest.com\/es\/producto\/2013-2019-dodge-ram-1500-classic-ram-mando-de-entrada-sin-llave-de-3-botones-gq4-53t-pn-56046955ag-56046955ac-id46-7961\/\" data-wpil-monitor-id=\"897\">remoto de entrada sin llave<\/a>, llave de emergencia incluida.<\/li>\n<li>Por lo tanto, recomendamos encarecidamente que tenga su \u00a0<a href=\"https:\/\/keylessbest.com\/es\/como-programar-un-mando-a-distancia-de-coche-rapido-y-facil-pasos-de-bricolaje-para-cualquier-coche\/\" data-wpil-monitor-id=\"890\">PROGRAMEN SU LLAVERO<\/a> por un cerrajero profesional o distribuidor.<\/li>\n<\/ul>\n<h6><strong><b>Recursos de programaci\u00f3n\u00a0<\/b><\/strong><\/h6>\n<p><a href=\"http:\/\/programyourfob.com\/?list_19\/\" target=\"_blank\" rel=\"noopener\">http:\/\/programyourfob.com\/?list_19\/<\/a><\/p>\n<p>Gracias por elegirnos.<\/p>\n<p>Somos uno de los fabricantes m\u00e1s profesionales de llaves de coche, sistemas de entrada sin llave, <a href=\"https:\/\/keylessbest.com\/es\/producto\/2006-2018-chrysler-dodge-volkswagen-jeep-town-country-grand-caravan-routan-300-town-country-limited-caravan-challenger-charger-durango-journey-magnum-dakota-ram-commander-grand-cherokee-boton-de-7\/\" data-wpil-monitor-id=\"887\">control remoto de llave de coche<\/a>, chips transpondedores, programadores de llaves, carcasas de llaves de coche, cerraduras de coche, herramientas de cerrajer\u00eda y m\u00e1s. Adem\u00e1s, nuestra empresa cuenta con un equipo profesional y una l\u00ednea de producci\u00f3n. Adem\u00e1s, nos especializamos en la fabricaci\u00f3n de diversos <a href=\"https:\/\/keylessbest.com\/es\/cuanto-cuesta-reemplazar-un-mando-a-distancia-de-coche-en-2025\/\" data-wpil-monitor-id=\"896\">llaves de coche<\/a>, carcasas de llaves de coche y herramientas de cerrajer\u00eda. Tambi\u00e9n nos encargamos del desarrollo, fabricaci\u00f3n y venta al por mayor de productos de seguridad y protecci\u00f3n para autom\u00f3viles.<\/p>\n<p>Precios competitivos y servicios dedicados le ayudar\u00e1n a obtener un buen mercado. Adem\u00e1s, un equipo de ventas joven y en\u00e9rgico ofrece un servicio r\u00e1pido, profesional y amigable en cualquier momento. Adem\u00e1s, todos nuestros productos se env\u00edan directamente desde el almac\u00e9n en Espa\u00f1a, Canad\u00e1 y M\u00e9xico. Por lo tanto, los productos que compre ser\u00e1n empaquetados y enviados en 48 horas despu\u00e9s de realizar el pedido. M\u00e1s de 100% de nuestros productos est\u00e1n en stock, y el inventario es suficiente.<\/p>","protected":false},"excerpt":{"rendered":"<ul>\n<li>SKU: CA-TA204<\/li>\n<li>ID FCC: GQ4-52T , GQ452T<\/li>\n<li>PN: 89070-0R100<\/li>\n<li>IC: 1470A-33T<\/li>\n<li>Frecuencia: 314MHz<\/li>\n<li>Chip: H<\/li>\n<li>Botones: Desbloquear, Bloquear, Liberaci\u00f3n de puerta el\u00e9ctrica, P\u00e1nico<\/li>\n<\/ul>","protected":false},"featured_media":21065,"comment_status":"open","ping_status":"closed","template":"","meta":{"_bst_post_transparent":"default","_bst_post_title":"","_bst_post_layout":"default","_bst_post_sidebar_id":"","_bst_post_content_style":"default","_bst_post_vertical_padding":"default","_bst_post_feature":"","_bst_post_feature_position":"","_bst_post_header":false,"_bst_post_footer":false},"product_brand":[],"product_cat":[15,158],"product_tag":[],"2_year_make_model":[],"class_list":{"0":"post-14150","1":"product","2":"type-product","3":"status-publish","4":"has-post-thumbnail","6":"product_cat-carkeyremote","7":"product_cat-for-toyota","9":"first","10":"instock","11":"sale","12":"shipping-taxable","13":"purchasable","14":"product-type-simple","15":"entry","16":"content-bg","17":"loop-entry"},"_links":{"self":[{"href":"https:\/\/keylessbest.com\/es\/wp-json\/wp\/v2\/product\/14150","targetHints":{"allow":["GET"]}}],"collection":[{"href":"https:\/\/keylessbest.com\/es\/wp-json\/wp\/v2\/product"}],"about":[{"href":"https:\/\/keylessbest.com\/es\/wp-json\/wp\/v2\/types\/product"}],"replies":[{"embeddable":true,"href":"https:\/\/keylessbest.com\/es\/wp-json\/wp\/v2\/comments?post=14150"}],"version-history":[{"count":4,"href":"https:\/\/keylessbest.com\/es\/wp-json\/wp\/v2\/product\/14150\/revisions"}],"predecessor-version":[{"id":18976,"href":"https:\/\/keylessbest.com\/es\/wp-json\/wp\/v2\/product\/14150\/revisions\/18976"}],"wp:featuredmedia":[{"embeddable":true,"href":"https:\/\/keylessbest.com\/es\/wp-json\/wp\/v2\/media\/21065"}],"wp:attachment":[{"href":"https:\/\/keylessbest.com\/es\/wp-json\/wp\/v2\/media?parent=14150"}],"wp:term":[{"taxonomy":"product_brand","embeddable":true,"href":"https:\/\/keylessbest.com\/es\/wp-json\/wp\/v2\/product_brand?post=14150"},{"taxonomy":"product_cat","embeddable":true,"href":"https:\/\/keylessbest.com\/es\/wp-json\/wp\/v2\/product_cat?post=14150"},{"taxonomy":"product_tag","embeddable":true,"href":"https:\/\/keylessbest.com\/es\/wp-json\/wp\/v2\/product_tag?post=14150"},{"taxonomy":"2_year_make_model","embeddable":true,"href":"https:\/\/keylessbest.com\/es\/wp-json\/wp\/v2\/2_year_make_model?post=14150"}],"curies":[{"name":"wp","href":"https:\/\/api.w.org\/{rel}","templated":true}]}}