{"id":14169,"date":"2025-08-19T08:42:20","date_gmt":"2025-08-19T08:42:20","guid":{"rendered":"https:\/\/hanwuji.shengjit.com\/?post_type=product&#038;p=14169"},"modified":"2026-04-02T00:23:14","modified_gmt":"2026-04-02T00:23:14","slug":"2000-2008-llave-de-mando-toyota-hyq12ban-hyq12bbx-314mhz-para-keylessbest","status":"publish","type":"product","link":"https:\/\/keylessbest.com\/es\/producto\/2000-2008-llave-de-mando-toyota-hyq12ban-hyq12bbx-314mhz-para-keylessbest\/","title":{"rendered":"2000 2008 llave de mando Toyota hyq12ban hyq12bbx 314mhz para keylessbest"},"content":{"rendered":"<p>*La informaci\u00f3n detallada de este mando a distancia sin llave de 2014-2019 BMW es la siguiente. Por favor, confirme que los siguientes detalles coinciden con su veh\u00edculo antes de realizar el pedido: ID FCC, N\u00famero de Parte, A\u00f1o Modelo, IC, Frecuencia, Chip y Botones.<\/p>\n<h6><strong><b>Informaci\u00f3n del Producto:<\/b><\/strong><\/h6>\n<ul>\n<li>ID FCC: HYQ12BAN, HYQ12BBX<\/li>\n<li>PN: 89742-42120, 89742-20200, 89742-0C020<\/li>\n<li>IC:1551A-12BBX<\/li>\n<li>Frecuencia: 314MHz<\/li>\n<li>Botones: Cerrar, Abrir, P\u00e1nico (en la parte trasera)<\/li>\n<\/ul>\n<h6><strong><b>El modelo de referencia\uff1a<\/b><\/strong><\/h6>\n<ul>\n<li>2004 \u2013 2007 Scion xB<\/li>\n<li>2000 \u2013 2006 Toyota Celica<\/li>\n<li>2000 \u2013 2006 Toyota Echo<\/li>\n<li>2006 \u2013 2008 Toyota FJ Cruiser<\/li>\n<li>2001 \u2013 2006 Toyota Highlander<\/li>\n<li><a href=\"https:\/\/keylessbest.com\/es\/producto\/1999-2004-acura-cl-tl-rl-mando-de-entrada-sin-llave-de-4-botones-e4eg8d-444h-a-reemplaza-pn-72147-s0k-a23-72147-s0k-a13__trashed\/\" data-wpil-monitor-id=\"1229\">2000 &#8211; 2003<\/a> Toyota Prius<\/li>\n<li>2001 &#8211; 2004 <a href=\"https:\/\/keylessbest.com\/es\/producto\/toyota-rav4-2013-2021-vehiculos-fabricados-en-espana-solo-highlander-tacoma-tundra-sequoia-4-botones-mando-de-entrada-sin-llave-gq4-52t-gq452t-pn-89070-0r100-h\/\" data-wpil-monitor-id=\"1234\">Toyota RAV4<\/a><\/li>\n<li>2000 \u2013 2006 Toyota Tacoma<\/li>\n<li><a href=\"https:\/\/keylessbest.com\/es\/producto\/2009-2014-toyota-avalon-camry-corolla-mando-de-entrada-sin-llave-de-3-botones-hyq14aem-pn-89904-0r060-89904-60770-89904-0r090-89904-42140__trashed\/\" data-wpil-monitor-id=\"1228\">2007 \u2013 2008 Toyota<\/a> Yaris<\/li>\n<\/ul>\n<h6><strong><b>Incluye en el paquete:<\/b><\/strong><\/h6>\n<ul>\n<li>Un nuevo recambio <a href=\"https:\/\/keylessbest.com\/es\/producto\/ford-fiesta-2011-2017-mando-de-entrada-sin-llave-de-3-botones-kr55wk47899-pn164-r8042-remoto-y-hoja-164-r8043-hoja-164-r8042-164-r8039-5913139-5914117-4d63-80bit__trashed\/\" data-wpil-monitor-id=\"1233\">mando a distancia sin llave<\/a><\/li>\n<li>Una llave de inserci\u00f3n de emergencia del mercado de accesorios gratuita<\/li>\n<li>Todos los transmisores vienen con una bater\u00eda<\/li>\n<li>Todas las unidades son probadas antes del env\u00edo<\/li>\n<li>Garant\u00eda de satisfacci\u00f3n y garant\u00eda de 2 a\u00f1os 100%<\/li>\n<\/ul>\n<h6><strong><b>Nota:<\/b><\/strong><\/h6>\n<ul>\n<li>Reemplazo del llavero de entrada sin llave inteligente de Toyota 2011-2019 \u2013 sin logotipo, con una llave de inserci\u00f3n de emergencia sin cortar incluida.<\/li>\n<li>No cortamos ni programamos la llave remota. Adem\u00e1s, para precios, por favor contacte con un cerrajero local o concesionario.<\/li>\n<li>Este transmisor es compatible con veh\u00edculos que cuentan con un bot\u00f3n de arranque\/parada en el tablero o un encendido con llave de giro, junto con un sistema de entrada sin llave proxy <a href=\"https:\/\/keylessbest.com\/es\/producto\/nissan-rogue-versa-pathfinder-2007-2013-con-sistema-inteligente-mando-de-entrada-sin-llave-de-3-botones-cwtwbu729-cwtwbu735-cwtwbu624-pn-285e3-em30d-285e3-em31d\/\" data-wpil-monitor-id=\"1232\">sistema de entrada sin llave<\/a>.<\/li>\n<li>El precio es por una unidad completa <a href=\"https:\/\/keylessbest.com\/es\/producto\/2015-2021-jeep-renegade-mando-de-entrada-sin-llave-de-5-botones-m3n-40821302-reemplaza-pn-6mp33dx9aa-id-47-4a__trashed\/\" data-wpil-monitor-id=\"1230\">llave de entrada sin llave de reemplazo<\/a>, llave de emergencia incluida.<\/li>\n<li>Por lo tanto, recomendamos encarecidamente que haga que su <a href=\"https:\/\/keylessbest.com\/es\/como-programar-un-mando-a-distancia-de-coche-rapido-y-facil-pasos-de-bricolaje-para-cualquier-coche\/\" data-wpil-monitor-id=\"1231\">PROGRAMEN SU LLAVERO<\/a> por un cerrajero profesional o distribuidor.<\/li>\n<\/ul>\n<h6><strong>Recursos de programaci\u00f3n\uff1a<\/strong><\/h6>\n<p><a href=\"http:\/\/programyourfob.com\/?list_36\/\" target=\"_blank\" rel=\"noopener\">http:\/\/programyourfob.com\/?list_36\/<\/a><\/p>\n<p><a href=\"http:\/\/programyourfob.com\/?list_33\/\" target=\"_blank\" rel=\"noopener\">http:\/\/programyourfob.com\/?list_33\/<\/a><\/p>\n<p>Gracias por elegirnos.<\/p>\n<p>Somos uno de los fabricantes m\u00e1s profesionales de llaves de coche, sistema de entrada sin llave, <a href=\"https:\/\/keylessbest.com\/es\/producto\/ford-lincoln-mazda-mercury-e-series-e150-e250-e350-econoline-edge-escape-escort-excursion-expedition-explorer-explorer-sport-trac-f-series-f150-f250-f350-freestar-freestyle-ranger-windstar-m-1998-2016\/\" data-wpil-monitor-id=\"1227\">control remoto de llave de coche<\/a>, chips transpondedores, programadores de llaves, carcasas de llaves de coche, cerraduras de coche, herramientas de cerrajero y m\u00e1s. Adem\u00e1s, nuestra empresa cuenta con un equipo profesional y l\u00ednea de producci\u00f3n. Adem\u00e1s, nos especializamos en la producci\u00f3n de varias llaves de coche, carcasas de llaves y herramientas de cerrajero. Tambi\u00e9n nos encargamos del desarrollo, fabricaci\u00f3n y venta al por mayor de productos de seguridad y protecci\u00f3n para autom\u00f3viles.<\/p>\n<p>Precios competitivos y servicios dedicados le ayudar\u00e1n a obtener un buen mercado. Adem\u00e1s, un equipo de ventas joven y en\u00e9rgico ofrece un servicio r\u00e1pido, profesional y amigable en cualquier momento. Adem\u00e1s, todos nuestros productos se env\u00edan directamente desde el almac\u00e9n en Espa\u00f1a, Canad\u00e1 y M\u00e9xico. Por lo tanto, los productos que compre ser\u00e1n empaquetados y enviados en 48 horas despu\u00e9s de realizar el pedido. M\u00e1s de 100% de nuestros productos est\u00e1n en stock, y el inventario es suficiente.<\/p>","protected":false},"excerpt":{"rendered":"<ul>\n<li>SKU: CA-TA073<\/li>\n<li>ID FCC: HYQ12BAN, HYQ12BBX<\/li>\n<li>PN: 89742-42120, 89742-20200, 89742-0C020<\/li>\n<li>IC:1551A-12BBX<\/li>\n<li>Frecuencia: 314MHz<\/li>\n<li>Botones: Cerrar, Abrir, P\u00e1nico (en la parte trasera)<\/li>\n<\/ul>","protected":false},"featured_media":20934,"comment_status":"open","ping_status":"closed","template":"","meta":{"_bst_post_transparent":"default","_bst_post_title":"","_bst_post_layout":"default","_bst_post_sidebar_id":"","_bst_post_content_style":"default","_bst_post_vertical_padding":"default","_bst_post_feature":"","_bst_post_feature_position":"","_bst_post_header":false,"_bst_post_footer":false},"product_brand":[],"product_cat":[15,385,158],"product_tag":[],"2_year_make_model":[],"class_list":{"0":"post-14169","1":"product","2":"type-product","3":"status-publish","4":"has-post-thumbnail","6":"product_cat-carkeyremote","7":"product_cat-for-scion","8":"product_cat-for-toyota","10":"first","11":"instock","12":"sale","13":"shipping-taxable","14":"purchasable","15":"product-type-simple","16":"entry","17":"content-bg","18":"loop-entry"},"_links":{"self":[{"href":"https:\/\/keylessbest.com\/es\/wp-json\/wp\/v2\/product\/14169","targetHints":{"allow":["GET"]}}],"collection":[{"href":"https:\/\/keylessbest.com\/es\/wp-json\/wp\/v2\/product"}],"about":[{"href":"https:\/\/keylessbest.com\/es\/wp-json\/wp\/v2\/types\/product"}],"replies":[{"embeddable":true,"href":"https:\/\/keylessbest.com\/es\/wp-json\/wp\/v2\/comments?post=14169"}],"version-history":[{"count":3,"href":"https:\/\/keylessbest.com\/es\/wp-json\/wp\/v2\/product\/14169\/revisions"}],"predecessor-version":[{"id":19786,"href":"https:\/\/keylessbest.com\/es\/wp-json\/wp\/v2\/product\/14169\/revisions\/19786"}],"wp:featuredmedia":[{"embeddable":true,"href":"https:\/\/keylessbest.com\/es\/wp-json\/wp\/v2\/media\/20934"}],"wp:attachment":[{"href":"https:\/\/keylessbest.com\/es\/wp-json\/wp\/v2\/media?parent=14169"}],"wp:term":[{"taxonomy":"product_brand","embeddable":true,"href":"https:\/\/keylessbest.com\/es\/wp-json\/wp\/v2\/product_brand?post=14169"},{"taxonomy":"product_cat","embeddable":true,"href":"https:\/\/keylessbest.com\/es\/wp-json\/wp\/v2\/product_cat?post=14169"},{"taxonomy":"product_tag","embeddable":true,"href":"https:\/\/keylessbest.com\/es\/wp-json\/wp\/v2\/product_tag?post=14169"},{"taxonomy":"2_year_make_model","embeddable":true,"href":"https:\/\/keylessbest.com\/es\/wp-json\/wp\/v2\/2_year_make_model?post=14169"}],"curies":[{"name":"wp","href":"https:\/\/api.w.org\/{rel}","templated":true}]}}