{"id":14225,"date":"2025-08-19T08:43:11","date_gmt":"2025-08-19T08:43:11","guid":{"rendered":"https:\/\/hanwuji.shengjit.com\/?post_type=product&#038;p=14225"},"modified":"2026-02-12T07:42:16","modified_gmt":"2026-02-12T07:42:16","slug":"llavero-de-chevrolet-2002-2009-myt3x6898b-para-keylessbest","status":"publish","type":"product","link":"https:\/\/keylessbest.com\/es\/producto\/llavero-de-chevrolet-2002-2009-myt3x6898b-para-keylessbest\/","title":{"rendered":"Llavero de Chevrolet 2002-2009 MYT3X6898B para Keylessbest"},"content":{"rendered":"<p>*La informaci\u00f3n detallada de este llavero de entrada sin llave para Chevrolet GMC Isuzu Oldsmobile Buick Saab de 2002 a 2009 es la siguiente. Por favor, confirme que los siguientes detalles coinciden con su veh\u00edculo antes de realizar el pedido: ID FCC, N\u00famero de pieza, A\u00f1o Modelo, IC, Frecuencia, Chip y Botones.<\/p>\n<h6><strong><b>Informaci\u00f3n del Producto: <\/b><\/strong><\/h6>\n<ul>\n<li>ID FCC: MYT3X6898B<\/li>\n<li>PN: 15008008 15008009<\/li>\n<li>Frecuencia: 315MHz<\/li>\n<li>Botones: Bloquear, Desbloquear, P\u00e1nico<\/li>\n<\/ul>\n<h6><strong><b>El modelo de referencia:<\/b><\/strong><\/h6>\n<ul>\n<li>Chevrolet Trailblazer de 2002 a 2009<\/li>\n<li>GMC Envoy de 2002 a 2009<\/li>\n<li>Isuzu Ascender de 2003 a 2006<\/li>\n<li><a href=\"https:\/\/keylessbest.com\/es\/producto\/1999-2004-acura-cl-tl-rl-mando-de-entrada-sin-llave-de-4-botones-e4eg8d-444h-a-reemplaza-pn-72147-s0k-a23-72147-s0k-a13__trashed\/\" data-wpil-monitor-id=\"1533\">2002 &#8211; 2004<\/a> Oldsmobile Bravada<\/li>\n<li>Buick Rainier de 2004 a 2007<\/li>\n<li><a href=\"https:\/\/keylessbest.com\/es\/producto\/2009-2014-toyota-avalon-camry-corolla-mando-de-entrada-sin-llave-de-3-botones-hyq14aem-pn-89904-0r060-89904-60770-89904-0r090-89904-42140__trashed\/\" data-wpil-monitor-id=\"1534\">2005 &#8211; 2007<\/a> Saab 9-7X<\/li>\n<\/ul>\n<h6><strong><b>Incluye en el paquete:<\/b><\/strong><\/h6>\n<ul>\n<li>Un nuevo recambio <a href=\"https:\/\/keylessbest.com\/es\/producto\/ford-fiesta-2011-2017-mando-de-entrada-sin-llave-de-3-botones-kr55wk47899-pn164-r8042-remoto-y-hoja-164-r8043-hoja-164-r8042-164-r8039-5913139-5914117-4d63-80bit__trashed\/\" data-wpil-monitor-id=\"1536\">mando a distancia sin llave<\/a><\/li>\n<li>Una llave de inserci\u00f3n de emergencia del mercado de accesorios gratuita<\/li>\n<li>Todos los transmisores vienen con una bater\u00eda<\/li>\n<li>Todas las unidades son probadas antes del env\u00edo<\/li>\n<li>Garant\u00eda de satisfacci\u00f3n y garant\u00eda de 2 a\u00f1os 100%<\/li>\n<\/ul>\n<h6><strong><b>Nota:<\/b><\/strong><\/h6>\n<ul>\n<li>El reemplazo del llavero de entrada sin llave inteligente para Chevrolet GMC Isuzu Oldsmobile Buick Saab de 2002 a 2009 \u2013 sin logotipo, con una llave de emergencia sin cortar incluida.<\/li>\n<li>No cortamos ni programamos el <a href=\"https:\/\/keylessbest.com\/es\/tienda-de-llaves-y-llaveros-sin-llave-de-keylessbestcarkeyfobshop\/\" data-wpil-monitor-id=\"1538\">llave remota<\/a>.Adem\u00e1s, para conocer los precios, p\u00f3ngase en contacto con el cerrajero o concesionario local.<\/li>\n<li>Este transmisor es compatible con veh\u00edculos que cuentan con un bot\u00f3n de arranque\/parada en el tablero o una llave de giro, junto con un proxy <a href=\"https:\/\/keylessbest.com\/es\/producto\/2019-2021-hyundai-nexo-mando-de-entrada-sin-llave-de-4-botones-tq8-fob-4f20-pn-95440-m5300-47\/\" data-wpil-monitor-id=\"1537\">entrada sin llave<\/a> sistema.<\/li>\n<li>El precio es por un mando de entrada sin llave de reemplazo completo, con llave de emergencia incluida.<\/li>\n<li>Por lo tanto, recomendamos encarecidamente que tenga su \u00a0<a href=\"https:\/\/keylessbest.com\/es\/como-programar-un-mando-a-distancia-de-coche-rapido-y-facil-pasos-de-bricolaje-para-cualquier-coche\/\" data-wpil-monitor-id=\"1535\">PROGRAMEN SU LLAVERO<\/a> por un cerrajero profesional o distribuidor.<\/li>\n<\/ul>\n<h6><strong><b>Recursos de programaci\u00f3n\u00a0<\/b><\/strong><\/h6>\n<p><a href=\"http:\/\/programyourfob.com\/?list_6\/\" target=\"_blank\" rel=\"noopener\">http:\/\/programyourfob.com\/?list_6\/<\/a><\/p>\n<p><a href=\"http:\/\/programyourfob.com\/?list_11\/\" target=\"_blank\" rel=\"noopener\">http:\/\/programyourfob.com\/?list_11\/<\/a><\/p>\n<p><a href=\"http:\/\/programyourfob.com\/?list_16\/\" target=\"_blank\" rel=\"noopener\">http:\/\/programyourfob.com\/?list_16\/<\/a><\/p>\n<p><a href=\"http:\/\/programyourfob.com\/?list_27\/\" target=\"_blank\" rel=\"noopener\">http:\/\/programyourfob.com\/?list_27\/<\/a><\/p>\n<p><a href=\"http:\/\/programyourfob.com\/?list_4\/\" target=\"_blank\" rel=\"noopener\">http:\/\/programyourfob.com\/?list_4\/<\/a><\/p>\n<p>Gracias por elegirnos.<\/p>\n<p>Somos uno de los fabricantes m\u00e1s profesionales de llaves de coche, sistemas de entrada sin llave, <a href=\"https:\/\/keylessbest.com\/es\/producto\/mazda-5-2006-2015-2-3-3-velocidades-cx-7-cx-9-mando-de-entrada-sin-llave-de-3-botones-bgbx1t478ske125-01-pn-cc43-67-5ryc-63-80bit\/\" data-wpil-monitor-id=\"1532\">control remoto de llave de coche<\/a>, chips transpondedores, programadores de llaves, carcasas de llaves de coche, cerraduras de coche, herramientas de cerrajer\u00eda y m\u00e1s. Adem\u00e1s, nuestra empresa cuenta con un equipo profesional y una l\u00ednea de producci\u00f3n. Adem\u00e1s, nos especializamos en la fabricaci\u00f3n de diversos <a href=\"https:\/\/keylessbest.com\/es\/que-hacer-si-pierdes-las-llaves-del-coche-guia-paso-a-paso-2025\/\" data-wpil-monitor-id=\"1539\">llavero de coche<\/a>s, carcasas de llaves de coche y herramientas de cerrajer\u00eda. Tambi\u00e9n nos encargamos del desarrollo, la fabricaci\u00f3n y la venta al por mayor de productos de seguridad y protecci\u00f3n para autom\u00f3viles.<\/p>\n<p>Precios competitivos y servicios dedicados le ayudar\u00e1n a obtener un buen mercado. Adem\u00e1s, un equipo de ventas joven y en\u00e9rgico ofrece un servicio r\u00e1pido, profesional y amigable en cualquier momento. Adem\u00e1s, todos nuestros productos se env\u00edan directamente desde el almac\u00e9n en Espa\u00f1a, Canad\u00e1 y M\u00e9xico. Por lo tanto, los productos que compre ser\u00e1n empaquetados y enviados en 48 horas despu\u00e9s de realizar el pedido. M\u00e1s de 100% de nuestros productos est\u00e1n en stock, y el inventario es suficiente.<\/p>","protected":false},"excerpt":{"rendered":"<ul>\n<li>SKU: CA-GM206<\/li>\n<li>ID FCC: MYT3X6898B<\/li>\n<li>PN: 15008008 15008009<\/li>\n<li>Frecuencia: 315MHz<\/li>\n<li>Botones: Bloquear, Desbloquear, P\u00e1nico<\/li>\n<\/ul>","protected":false},"featured_media":21072,"comment_status":"open","ping_status":"closed","template":"","meta":{"_bst_post_transparent":"default","_bst_post_title":"","_bst_post_layout":"default","_bst_post_sidebar_id":"","_bst_post_content_style":"default","_bst_post_vertical_padding":"default","_bst_post_feature":"","_bst_post_feature_position":"","_bst_post_header":false,"_bst_post_footer":false},"product_brand":[],"product_cat":[15,151,150,152,383,372,175],"product_tag":[],"2_year_make_model":[],"class_list":{"0":"post-14225","1":"product","2":"type-product","3":"status-publish","4":"has-post-thumbnail","6":"product_cat-carkeyremote","7":"product_cat-for-buick","8":"product_cat-for-chevrolet","9":"product_cat-for-gmc","10":"product_cat-for-isuzu","11":"product_cat-for-oldmobile","12":"product_cat-for-saab","14":"first","15":"instock","16":"sale","17":"shipping-taxable","18":"purchasable","19":"product-type-simple","20":"entry","21":"content-bg","22":"loop-entry"},"_links":{"self":[{"href":"https:\/\/keylessbest.com\/es\/wp-json\/wp\/v2\/product\/14225","targetHints":{"allow":["GET"]}}],"collection":[{"href":"https:\/\/keylessbest.com\/es\/wp-json\/wp\/v2\/product"}],"about":[{"href":"https:\/\/keylessbest.com\/es\/wp-json\/wp\/v2\/types\/product"}],"replies":[{"embeddable":true,"href":"https:\/\/keylessbest.com\/es\/wp-json\/wp\/v2\/comments?post=14225"}],"version-history":[{"count":3,"href":"https:\/\/keylessbest.com\/es\/wp-json\/wp\/v2\/product\/14225\/revisions"}],"predecessor-version":[{"id":19414,"href":"https:\/\/keylessbest.com\/es\/wp-json\/wp\/v2\/product\/14225\/revisions\/19414"}],"wp:featuredmedia":[{"embeddable":true,"href":"https:\/\/keylessbest.com\/es\/wp-json\/wp\/v2\/media\/21072"}],"wp:attachment":[{"href":"https:\/\/keylessbest.com\/es\/wp-json\/wp\/v2\/media?parent=14225"}],"wp:term":[{"taxonomy":"product_brand","embeddable":true,"href":"https:\/\/keylessbest.com\/es\/wp-json\/wp\/v2\/product_brand?post=14225"},{"taxonomy":"product_cat","embeddable":true,"href":"https:\/\/keylessbest.com\/es\/wp-json\/wp\/v2\/product_cat?post=14225"},{"taxonomy":"product_tag","embeddable":true,"href":"https:\/\/keylessbest.com\/es\/wp-json\/wp\/v2\/product_tag?post=14225"},{"taxonomy":"2_year_make_model","embeddable":true,"href":"https:\/\/keylessbest.com\/es\/wp-json\/wp\/v2\/2_year_make_model?post=14225"}],"curies":[{"name":"wp","href":"https:\/\/api.w.org\/{rel}","templated":true}]}}