{"id":14329,"date":"2025-08-19T08:44:48","date_gmt":"2025-08-19T08:44:48","guid":{"rendered":"https:\/\/hanwuji.shengjit.com\/?post_type=product&#038;p=14329"},"modified":"2026-02-12T08:04:09","modified_gmt":"2026-02-12T08:04:09","slug":"llavero-de-toyota-2008-2014-gq4-29t-314mhz-para-keylessbest","status":"publish","type":"product","link":"https:\/\/keylessbest.com\/es\/producto\/llavero-de-toyota-2008-2014-gq4-29t-314mhz-para-keylessbest\/","title":{"rendered":"Llavero de Toyota 2008-2014 GQ4-29T 314MHz para Keylessbest"},"content":{"rendered":"<p>*La informaci\u00f3n detallada de este mando a distancia sin llave Toyota Pontiac de 2008 a 2014 es la siguiente. Por favor, confirme que los siguientes detalles coinciden con su veh\u00edculo antes de realizar el pedido: ID FCC, N\u00famero de pieza, A\u00f1o Modelo, IC, Frecuencia, Chip y Botones.<\/p>\n<h6><strong><b>Informaci\u00f3n del Producto: <\/b><\/strong><\/h6>\n<ul>\n<li>ID FCC: GQ4-29T<\/li>\n<li>PN: 89070-12820<\/li>\n<li>IC: 1470A-29T<\/li>\n<li>Frecuencia: 314MHz<\/li>\n<li>Chip:G<\/li>\n<li>Botones: Cerrar, Abrir, P\u00e1nico, Maletero<\/li>\n<\/ul>\n<h6><strong><b>El modelo de referencia:<\/b><\/strong><\/h6>\n<ul>\n<li>Toyota Venza 2010 \u2013 2014<\/li>\n<li>Toyota Corolla 2010 \u2013 2013<\/li>\n<li>Toyota Avalon 2011 \u2013 2012<\/li>\n<li>Toyota Avalon 2011 \u2013 2013<\/li>\n<li>Pontiac Vibe 2008 \u2013 2010<\/li>\n<li>Toyota Venza 2009 \u2013 2009<\/li>\n<\/ul>\n<h6><strong><b>Incluye en el paquete:<\/b><\/strong><\/h6>\n<ul>\n<li>Un nuevo mando a distancia sin llave del mercado de accesorios<\/li>\n<li>Una llave de inserci\u00f3n de emergencia del mercado de accesorios gratuita<\/li>\n<li>Todos los transmisores vienen con una bater\u00eda<\/li>\n<li>Todas las unidades son probadas antes del env\u00edo<\/li>\n<li>Garant\u00eda de satisfacci\u00f3n y garant\u00eda de 2 a\u00f1os 100%<\/li>\n<\/ul>\n<h6><strong><b>Nota:<\/b><\/strong><\/h6>\n<ul>\n<li>El reemplazo del mando de entrada sin llave inteligente Toyota Pontiac de 2008 a 2014 \u2013 sin logotipo, con una llave de emergencia sin cortar incluida.<\/li>\n<li>No cortamos ni programamos la llave remota. Adem\u00e1s, para precios, por favor contacte con un cerrajero local o concesionario.<\/li>\n<li>Este transmisor es compatible con veh\u00edculos que cuentan con un bot\u00f3n de arranque\/parada en el tablero o encendido con perilla giratoria, junto con un sistema de entrada sin llave proxy.<\/li>\n<li>El precio es por un mando de entrada sin llave de reemplazo completo, con llave de emergencia incluida.<\/li>\n<li>Por lo tanto, recomendamos encarecidamente que su llavero sea programado por un cerrajero profesional o distribuidor.<\/li>\n<\/ul>\n<h6><strong><b>Recursos de programaci\u00f3n\u00a0<\/b><\/strong><\/h6>\n<p><a href=\"http:\/\/programyourfob.com\/?list_36\/\" target=\"_blank\" rel=\"noopener\">http:\/\/programyourfob.com\/?list_36\/<\/a><\/p>\n<p><a href=\"http:\/\/programyourfob.com\/?list_30\/\" target=\"_blank\" rel=\"noopener\">http:\/\/programyourfob.com\/?list_30\/<\/a><\/p>\n<p>Gracias por elegirnos.<\/p>\n<p>Somos uno de los fabricantes m\u00e1s profesionales de llaves de coche, sistemas de entrada sin llave, mandos a distancia de llave de coche, chips transpondedores, programadores de llaves, carcasas de llaves de coche, cerraduras de coche, herramientas de cerrajer\u00eda y otros. Adem\u00e1s, nuestra empresa cuenta con un equipo profesional y l\u00ednea de producci\u00f3n. Adem\u00e1s, nos especializamos en la producci\u00f3n de varias llaves de coche, carcasas de llaves y herramientas de cerrajer\u00eda. Tambi\u00e9n nos encargamos del desarrollo, fabricaci\u00f3n y venta al por mayor de productos de seguridad y protecci\u00f3n para autom\u00f3viles.<\/p>\n<p>Precios competitivos y servicios dedicados le ayudar\u00e1n a obtener un buen mercado. Adem\u00e1s, un equipo de ventas joven y en\u00e9rgico ofrece un servicio r\u00e1pido, profesional y amigable en cualquier momento. Adem\u00e1s, todos nuestros productos se env\u00edan directamente desde el almac\u00e9n en Espa\u00f1a, Canad\u00e1 y M\u00e9xico. Por lo tanto, los productos que compre ser\u00e1n empaquetados y enviados en 48 horas despu\u00e9s de realizar el pedido. M\u00e1s de 100% de nuestros productos est\u00e1n en stock, y el inventario es suficiente.<\/p>","protected":false},"excerpt":{"rendered":"<ul>\n<li>SKU: CA-TA213<\/li>\n<li>ID FCC: GQ4-29T<\/li>\n<li>PN: 89070-12820<\/li>\n<li>IC: 1470A-29T<\/li>\n<li>Frecuencia: 314MHz<\/li>\n<li>Chip:G<\/li>\n<li>Botones: Cerrar, Abrir, P\u00e1nico, Maletero<\/li>\n<\/ul>","protected":false},"featured_media":21081,"comment_status":"open","ping_status":"closed","template":"","meta":{"_bst_post_transparent":"default","_bst_post_title":"","_bst_post_layout":"default","_bst_post_sidebar_id":"","_bst_post_content_style":"default","_bst_post_vertical_padding":"default","_bst_post_feature":"","_bst_post_feature_position":"","_bst_post_header":false,"_bst_post_footer":false},"product_brand":[],"product_cat":[15,373,158],"product_tag":[],"2_year_make_model":[],"class_list":{"0":"post-14329","1":"product","2":"type-product","3":"status-publish","4":"has-post-thumbnail","6":"product_cat-carkeyremote","7":"product_cat-for-pontiac","8":"product_cat-for-toyota","10":"first","11":"instock","12":"sale","13":"shipping-taxable","14":"purchasable","15":"product-type-simple","16":"entry","17":"content-bg","18":"loop-entry"},"_links":{"self":[{"href":"https:\/\/keylessbest.com\/es\/wp-json\/wp\/v2\/product\/14329","targetHints":{"allow":["GET"]}}],"collection":[{"href":"https:\/\/keylessbest.com\/es\/wp-json\/wp\/v2\/product"}],"about":[{"href":"https:\/\/keylessbest.com\/es\/wp-json\/wp\/v2\/types\/product"}],"replies":[{"embeddable":true,"href":"https:\/\/keylessbest.com\/es\/wp-json\/wp\/v2\/comments?post=14329"}],"version-history":[{"count":2,"href":"https:\/\/keylessbest.com\/es\/wp-json\/wp\/v2\/product\/14329\/revisions"}],"predecessor-version":[{"id":19811,"href":"https:\/\/keylessbest.com\/es\/wp-json\/wp\/v2\/product\/14329\/revisions\/19811"}],"wp:featuredmedia":[{"embeddable":true,"href":"https:\/\/keylessbest.com\/es\/wp-json\/wp\/v2\/media\/21081"}],"wp:attachment":[{"href":"https:\/\/keylessbest.com\/es\/wp-json\/wp\/v2\/media?parent=14329"}],"wp:term":[{"taxonomy":"product_brand","embeddable":true,"href":"https:\/\/keylessbest.com\/es\/wp-json\/wp\/v2\/product_brand?post=14329"},{"taxonomy":"product_cat","embeddable":true,"href":"https:\/\/keylessbest.com\/es\/wp-json\/wp\/v2\/product_cat?post=14329"},{"taxonomy":"product_tag","embeddable":true,"href":"https:\/\/keylessbest.com\/es\/wp-json\/wp\/v2\/product_tag?post=14329"},{"taxonomy":"2_year_make_model","embeddable":true,"href":"https:\/\/keylessbest.com\/es\/wp-json\/wp\/v2\/2_year_make_model?post=14329"}],"curies":[{"name":"wp","href":"https:\/\/api.w.org\/{rel}","templated":true}]}}