{"id":14331,"date":"2025-08-19T08:44:48","date_gmt":"2025-08-19T08:44:48","guid":{"rendered":"https:\/\/hanwuji.shengjit.com\/?post_type=product&#038;p=14331"},"modified":"2026-02-11T09:31:16","modified_gmt":"2026-02-11T09:31:16","slug":"2002-2017-llave-de-mando-a-distancia-nissan-kbrastu15-315mhz-para-entrada-sin-llave-mejor-2","status":"publish","type":"product","link":"https:\/\/keylessbest.com\/es\/producto\/2002-2017-llave-de-mando-a-distancia-nissan-kbrastu15-315mhz-para-entrada-sin-llave-mejor-2\/","title":{"rendered":"2002-2017 llave de mando Nissan KBRASTU15 315MHz para Keylessbest"},"content":{"rendered":"<p>*La informaci\u00f3n detallada de este llavero sin llave para Nissan Chevrolet Infiniti de 2003-2019 es la siguiente. Por favor, confirme que los siguientes detalles coinciden con su veh\u00edculo antes de realizar el pedido: ID FCC, N\u00famero de Parte, A\u00f1o Modelo, IC, Frecuencia, Chip y Botones.<\/p>\n<h6><strong><b>Informaci\u00f3n del Producto:<\/b><\/strong><\/h6>\n<ul>\n<li>ID FCC: KBRASTU15, CWTWB1U415, CWTWB1U733, CWTWB1U821<\/li>\n<li>PN: 28268-5W501, 28268-5W500, 28268-7Z800, 28268-C990A, 28268-ZT03A, 28268-EA000, 28268-EA00A<\/li>\n<li>Frecuencia: 315MHz<\/li>\n<li>Botones: Bloquear, Desbloquear, P\u00e1nico<\/li>\n<\/ul>\n<h6><strong><b>El modelo de referencia\uff1a<\/b><\/strong><\/h6>\n<ul>\n<li>2003 \u2013 2008 Infiniti FX35<\/li>\n<li>2003 \u2013 2008 Infiniti FX45<\/li>\n<li><a href=\"https:\/\/keylessbest.com\/es\/producto\/1999-2004-acura-cl-tl-rl-mando-de-entrada-sin-llave-de-4-botones-e4eg8d-444h-a-reemplaza-pn-72147-s0k-a23-72147-s0k-a13__trashed\/\" data-wpil-monitor-id=\"1438\">2002 &#8211; 2004<\/a> Infiniti QX4<\/li>\n<li>2004 \u2013 2015 Nissan Armada<\/li>\n<li>2002 \u2013 2016 Nissan Frontier<\/li>\n<li>Nissan Murano de 2003 a 2008<\/li>\n<li>2012 \u2013 2017 Nissan NV1500, NV2500, NV3500<\/li>\n<li>2002 \u2013 2013 Nissan Pathfinder<\/li>\n<li>2004 \u2013 2015 Nissan Titan<\/li>\n<li><a href=\"https:\/\/keylessbest.com\/es\/producto\/2009-2014-toyota-avalon-camry-corolla-mando-de-entrada-sin-llave-de-3-botones-hyq14aem-pn-89904-0r060-89904-60770-89904-0r090-89904-42140__trashed\/\" data-wpil-monitor-id=\"1439\">2007 &#8211; 2012<\/a> Nissan Versa<\/li>\n<li>2002 \u2013 2015 Nissan Xterra<\/li>\n<li>2005 \u2013 2010 Nissan Quest<\/li>\n<li>2011 \u2013 2013 Nissan Juke \u201cS\u201d<\/li>\n<li>2008 &#8211; 2013 <a href=\"https:\/\/keylessbest.com\/es\/producto\/2019-2020-nissan-rogue-rogue-hibrido-de-5-botones-mando-de-entrada-sin-llave-kr5txn4-pn-285e3-6rr7a__trashed\/\" data-wpil-monitor-id=\"1444\">Nissan Rogue<\/a><\/li>\n<li>2014 \u2013 2015 Nissan Rogue Select (Espa\u00f1a)<\/li>\n<\/ul>\n<h6><strong><b>Incluye en el paquete:<\/b><\/strong><\/h6>\n<ul>\n<li>Un nuevo recambio <a href=\"https:\/\/keylessbest.com\/es\/producto\/ford-fiesta-2011-2017-mando-de-entrada-sin-llave-de-3-botones-kr55wk47899-pn164-r8042-remoto-y-hoja-164-r8043-hoja-164-r8042-164-r8039-5913139-5914117-4d63-80bit__trashed\/\" data-wpil-monitor-id=\"1443\">mando a distancia sin llave<\/a><\/li>\n<li>Una llave de inserci\u00f3n de emergencia del mercado de accesorios gratuita<\/li>\n<li>Todos los transmisores vienen con una bater\u00eda<\/li>\n<li>Todas las unidades son probadas antes del env\u00edo<\/li>\n<li>Garant\u00eda de satisfacci\u00f3n y garant\u00eda de 2 a\u00f1os 100%<\/li>\n<\/ul>\n<h6><strong><b>Nota:<\/b><\/strong><\/h6>\n<ul>\n<li>El smart de Infiniti Nissan de 2002 a 2017 <a href=\"https:\/\/keylessbest.com\/es\/producto\/llave-de-entrada-sin-llave-para-cadillac-ats-ats-v-ct6-ct6-plug-in-cts-cts-v-xts-5-botones-hyq2eb-pn-13598512-13594029s-13510243-46__trashed\/\" data-wpil-monitor-id=\"1440\">llavero de entrada sin llave<\/a> reemplazo \u2013 sin logotipo, con una llave de emergencia sin cortar incluida.<\/li>\n<li>No cortamos ni programamos la llave remota. Adem\u00e1s, para precios, por favor contacte con un cerrajero local o concesionario.<\/li>\n<li>Este transmisor es compatible con veh\u00edculos que cuentan con un bot\u00f3n de arranque\/parada en el tablero o una llave de giro, junto con un sistema de entrada sin llave proxy.<\/li>\n<li>El precio es por una unidad completa <a href=\"https:\/\/keylessbest.com\/es\/producto\/2015-2021-jeep-renegade-mando-de-entrada-sin-llave-de-5-botones-m3n-40821302-reemplaza-pn-6mp33dx9aa-id-47-4a__trashed\/\" data-wpil-monitor-id=\"1441\">llave de entrada sin llave de reemplazo<\/a>, llave de emergencia incluida.<\/li>\n<li>Por lo tanto, recomendamos encarecidamente que haga que su <a href=\"https:\/\/keylessbest.com\/es\/como-programar-un-mando-a-distancia-de-coche-rapido-y-facil-pasos-de-bricolaje-para-cualquier-coche\/\" data-wpil-monitor-id=\"1442\">PROGRAMEN SU LLAVERO<\/a> por un cerrajero profesional o distribuidor.<\/li>\n<\/ul>\n<h6><strong>Recursos de programaci\u00f3n\uff1a<\/strong><\/h6>\n<p><a href=\"http:\/\/programyourfob.com\/?list_15\/\" target=\"_blank\" rel=\"noopener\">http:\/\/programyourfob.com\/?list_15\/<\/a><\/p>\n<p><a href=\"http:\/\/programyourfob.com\/?list_26\/\" target=\"_blank\" rel=\"noopener\">http:\/\/programyourfob.com\/?list_26\/<\/a><\/p>\n<p>Gracias por elegirnos.<\/p>\n<p>Somos uno de los fabricantes m\u00e1s profesionales de llaves de coche, sistema de entrada sin llave, <a href=\"https:\/\/keylessbest.com\/es\/producto\/control-remoto-de-entrada-sin-llave-para-pontiac-toyota-vibe-corolla-matrix-venza-2008-2013-3-botones-gq4-29t-pn-89070-0t030-89070-02250-4d67\/\" data-wpil-monitor-id=\"1437\">control remoto de llave de coche<\/a>, chips transpondedores, programadores de llaves, carcasas de llaves de coche, cerraduras de coche, herramientas de cerrajero y m\u00e1s. Adem\u00e1s, nuestra empresa cuenta con un equipo profesional y l\u00ednea de producci\u00f3n. Adem\u00e1s, nos especializamos en la producci\u00f3n de varias llaves de coche, carcasas de llaves y herramientas de cerrajero. Tambi\u00e9n nos encargamos del desarrollo, fabricaci\u00f3n y venta al por mayor de productos de seguridad y protecci\u00f3n para autom\u00f3viles.<\/p>\n<p>Precios competitivos y servicios dedicados le ayudar\u00e1n a obtener un buen mercado. Adem\u00e1s, un equipo de ventas joven y en\u00e9rgico ofrece un servicio r\u00e1pido, profesional y amigable en cualquier momento. Adem\u00e1s, todos nuestros productos se env\u00edan directamente desde el almac\u00e9n en Espa\u00f1a, Canad\u00e1 y M\u00e9xico. Por lo tanto, los productos que compre ser\u00e1n empaquetados y enviados en 48 horas despu\u00e9s de realizar el pedido. M\u00e1s de 100% de nuestros productos est\u00e1n en stock, y el inventario es suficiente.<\/p>","protected":false},"excerpt":{"rendered":"<ul>\n<li>SKU: CA-NS080<\/li>\n<li>ID FCC: KBRASTU15, CWTWB1U415, CWTWB1U733, CWTWB1U821<\/li>\n<li>PN: 28268-5W501, 28268-5W500, 28268-7Z800, 28268-C990A, 28268-ZT03A, 28268-EA000, 28268-EA00A<\/li>\n<li>Frecuencia: 315MHz<\/li>\n<li>Botones: Bloquear, Desbloquear, P\u00e1nico<\/li>\n<\/ul>","protected":false},"featured_media":20945,"comment_status":"open","ping_status":"closed","template":"","meta":{"_bst_post_transparent":"default","_bst_post_title":"","_bst_post_layout":"default","_bst_post_sidebar_id":"","_bst_post_content_style":"default","_bst_post_vertical_padding":"default","_bst_post_feature":"","_bst_post_feature_position":"","_bst_post_header":false,"_bst_post_footer":false},"product_brand":[],"product_cat":[15,386,160],"product_tag":[],"2_year_make_model":[],"class_list":{"0":"post-14331","1":"product","2":"type-product","3":"status-publish","4":"has-post-thumbnail","6":"product_cat-carkeyremote","7":"product_cat-for-infiniti","8":"product_cat-for-nissan","10":"first","11":"instock","12":"sale","13":"shipping-taxable","14":"purchasable","15":"product-type-simple","16":"entry","17":"content-bg","18":"loop-entry"},"_links":{"self":[{"href":"https:\/\/keylessbest.com\/es\/wp-json\/wp\/v2\/product\/14331","targetHints":{"allow":["GET"]}}],"collection":[{"href":"https:\/\/keylessbest.com\/es\/wp-json\/wp\/v2\/product"}],"about":[{"href":"https:\/\/keylessbest.com\/es\/wp-json\/wp\/v2\/types\/product"}],"replies":[{"embeddable":true,"href":"https:\/\/keylessbest.com\/es\/wp-json\/wp\/v2\/comments?post=14331"}],"version-history":[{"count":4,"href":"https:\/\/keylessbest.com\/es\/wp-json\/wp\/v2\/product\/14331\/revisions"}],"predecessor-version":[{"id":20011,"href":"https:\/\/keylessbest.com\/es\/wp-json\/wp\/v2\/product\/14331\/revisions\/20011"}],"wp:featuredmedia":[{"embeddable":true,"href":"https:\/\/keylessbest.com\/es\/wp-json\/wp\/v2\/media\/20945"}],"wp:attachment":[{"href":"https:\/\/keylessbest.com\/es\/wp-json\/wp\/v2\/media?parent=14331"}],"wp:term":[{"taxonomy":"product_brand","embeddable":true,"href":"https:\/\/keylessbest.com\/es\/wp-json\/wp\/v2\/product_brand?post=14331"},{"taxonomy":"product_cat","embeddable":true,"href":"https:\/\/keylessbest.com\/es\/wp-json\/wp\/v2\/product_cat?post=14331"},{"taxonomy":"product_tag","embeddable":true,"href":"https:\/\/keylessbest.com\/es\/wp-json\/wp\/v2\/product_tag?post=14331"},{"taxonomy":"2_year_make_model","embeddable":true,"href":"https:\/\/keylessbest.com\/es\/wp-json\/wp\/v2\/2_year_make_model?post=14331"}],"curies":[{"name":"wp","href":"https:\/\/api.w.org\/{rel}","templated":true}]}}