{"id":14428,"date":"2025-08-19T08:46:13","date_gmt":"2025-08-19T08:46:13","guid":{"rendered":"https:\/\/hanwuji.shengjit.com\/?post_type=product&#038;p=14428"},"modified":"2026-02-12T01:24:11","modified_gmt":"2026-02-12T01:24:11","slug":"llavero-de-nissan-2007-2015-285e3-ja05a-315mhz-para-keylessbest","status":"publish","type":"product","link":"https:\/\/keylessbest.com\/es\/producto\/llavero-de-nissan-2007-2015-285e3-ja05a-315mhz-para-keylessbest\/","title":{"rendered":"Llavero de Nissan 2007-2015 285E3-JA05A 315MHz para Keylessbest"},"content":{"rendered":"<p>*La informaci\u00f3n detallada de este llavero sin llave para Nissan Chevrolet Infiniti de 2003-2019 es la siguiente. Por favor, confirme que los siguientes detalles coinciden con su veh\u00edculo antes de realizar el pedido: ID FCC, N\u00famero de Parte, A\u00f1o Modelo, IC, Frecuencia, Chip y Botones.<\/p>\n<h6><strong><b>Informaci\u00f3n del Producto:<\/b><\/strong><\/h6>\n<ul>\n<li>ID FCC: KR55WK48903, KR55WK49622<\/li>\n<li>PN: 285E3-JA05A, 285E3-JA02A, 285E3-JA000, 285E3-JK62A<\/li>\n<li>IC: 267T-5WK48903<\/li>\n<li>Frecuencia: 315MHz<\/li>\n<li>Botones: Bloquear, Desbloquear, Maletero, P\u00e1nico<\/li>\n<\/ul>\n<h6><strong><b>El modelo de referencia\uff1a<\/b><\/strong><\/h6>\n<ul>\n<li><a href=\"https:\/\/keylessbest.com\/es\/producto\/2009-2014-toyota-avalon-camry-corolla-mando-de-entrada-sin-llave-de-3-botones-hyq14aem-pn-89904-0r060-89904-60770-89904-0r090-89904-42140__trashed\/\" data-wpil-monitor-id=\"1708\">2009 &#8211; 2014<\/a> Maxima<\/li>\n<li>2007 \u2013 2012 Altima<\/li>\n<li>2013 &#8211; 2013 <a href=\"https:\/\/keylessbest.com\/es\/producto\/control-remoto-de-entrada-sin-llave-para-nissan-altima-maxima-2013-2015-de-5-botones-kr5s180144014-pn-285e3-3tp5a-285e3-9hp5b-285e3-3tp05\/\" data-wpil-monitor-id=\"1714\">Nissan Altima<\/a> (Solo coup\u00e9)<\/li>\n<li>2007 \u2013 2012 Nissan Versa (solo sed\u00e1n) (solo veh\u00edculos con bot\u00f3n de arranque)<\/li>\n<li>2008 \u2013 2012 Infiniti EX35<\/li>\n<li>2007 \u2013 2007 Infiniti G35 (solo sed\u00e1n)<\/li>\n<li>2008 \u2013 2008 Infiniti G35<\/li>\n<li>2008 \u2013 2013 Infiniti G37<\/li>\n<li>2011 \u2013 2012 Infiniti G25<\/li>\n<li>2014 \u2013 2014 Infiniti Q60<\/li>\n<li>2015 \u2013 2015 Infiniti Q40<\/li>\n<li>2009 \u2013 2014 Nissan Murano (que usan FCC ID: KR55WK49622)<\/li>\n<li>2009 \u2013 2015 Nissan 370Z (que usan FCC ID: KR55WK49622)<\/li>\n<li>2014 \u2013 2015 Infiniti QX70 (que usan FCC ID: KR55WK49622)<\/li>\n<li>2013 \u2013 2013 Infiniti FX37 (que usan FCC ID: KR55WK49622)<br \/>\nNota: El Infiniti G35 de 2007 usa llaves diferentes para los modelos sed\u00e1n y coup\u00e9: Infiniti G35 Coup\u00e9 de 2007 \u2013 FCC ID KBRTN001<br \/>\nInfiniti G35 Sed\u00e1n de 2007 \u2013 FCC ID KR55WK48903<\/li>\n<\/ul>\n<h6><strong><b>Incluye en el paquete:<\/b><\/strong><\/h6>\n<ul>\n<li>Un nuevo recambio <a href=\"https:\/\/keylessbest.com\/es\/producto\/ford-fiesta-2011-2017-mando-de-entrada-sin-llave-de-3-botones-kr55wk47899-pn164-r8042-remoto-y-hoja-164-r8043-hoja-164-r8042-164-r8039-5913139-5914117-4d63-80bit__trashed\/\" data-wpil-monitor-id=\"1712\">mando a distancia sin llave<\/a><\/li>\n<li>Una llave de inserci\u00f3n de emergencia del mercado de accesorios gratuita<\/li>\n<li>Todos los transmisores vienen con una bater\u00eda<\/li>\n<li>Todas las unidades son probadas antes del env\u00edo<\/li>\n<li>Garant\u00eda de satisfacci\u00f3n y garant\u00eda de 2 a\u00f1os 100%<\/li>\n<\/ul>\n<h6><strong><b>Nota:<\/b><\/strong><\/h6>\n<ul>\n<li>El llavero inteligente Nissan Infiniti de 2007-2015 <a href=\"https:\/\/keylessbest.com\/es\/producto\/llave-de-entrada-sin-llave-para-cadillac-ats-ats-v-ct6-ct6-plug-in-cts-cts-v-xts-5-botones-hyq2eb-pn-13598512-13594029s-13510243-46__trashed\/\" data-wpil-monitor-id=\"1709\">llavero de entrada sin llave<\/a> reemplazo \u2013 sin logotipo, con una llave de emergencia sin cortar incluida.<\/li>\n<li>No cortamos ni programamos la llave remota. Adem\u00e1s, para precios, por favor contacte con un cerrajero local o concesionario.<\/li>\n<li>Este transmisor es compatible con veh\u00edculos que cuentan con un bot\u00f3n de arranque\/parada en el tablero o una llave de giro, junto con un sistema de entrada sin llave proxy.<\/li>\n<li>El precio es por una unidad completa <a href=\"https:\/\/keylessbest.com\/es\/producto\/2015-2021-jeep-renegade-mando-de-entrada-sin-llave-de-5-botones-m3n-40821302-reemplaza-pn-6mp33dx9aa-id-47-4a__trashed\/\" data-wpil-monitor-id=\"1710\">llave de entrada sin llave de reemplazo<\/a>, llave de emergencia incluida.<\/li>\n<li>Por lo tanto, recomendamos encarecidamente que haga que su <a href=\"https:\/\/keylessbest.com\/es\/como-programar-un-mando-a-distancia-de-coche-rapido-y-facil-pasos-de-bricolaje-para-cualquier-coche\/\" data-wpil-monitor-id=\"1711\">PROGRAMEN SU LLAVERO<\/a> por un cerrajero profesional o distribuidor.<\/li>\n<\/ul>\n<h6><strong>Recursos de programaci\u00f3n\uff1a<\/strong><\/h6>\n<p><a href=\"http:\/\/programyourfob.com\/?list_15\/\" target=\"_blank\" rel=\"noopener\">http:\/\/programyourfob.com\/?list_15\/<\/a><\/p>\n<p><a href=\"http:\/\/programyourfob.com\/?list_26\/\" target=\"_blank\" rel=\"noopener\">http:\/\/programyourfob.com\/?list_26\/<\/a><\/p>\n<p>Gracias por elegirnos.<\/p>\n<p>Somos uno de los fabricantes m\u00e1s profesionales de llaves de coche, sistema de entrada sin llave, <a href=\"https:\/\/keylessbest.com\/es\/producto\/2007-2009-mazda-3-4-puertas-3-5-puertas-mazdaspeed-3-3-botones-mando-de-entrada-sin-llave-kpu41794-pn-ban66-75ry-ban6675ry\/\" data-wpil-monitor-id=\"1707\">control remoto de llave de coche<\/a>, chips transpondedores, programadores de llaves, carcasas de llaves, cerraduras de coches, herramientas de cerrajer\u00eda y m\u00e1s. Adem\u00e1s, nuestra empresa cuenta con un equipo profesional y una l\u00ednea de producci\u00f3n. Adem\u00e1s, nos especializamos en producir diversos <a href=\"https:\/\/keylessbest.com\/es\/bateria-del-llavero-remoto\/\" data-wpil-monitor-id=\"1713\">llavero de coche<\/a>s, carcasas de llaves de coche y herramientas de cerrajer\u00eda. Tambi\u00e9n nos encargamos del desarrollo, la fabricaci\u00f3n y la venta al por mayor de productos de seguridad y protecci\u00f3n para autom\u00f3viles.<\/p>\n<p>Precios competitivos y servicios dedicados le ayudar\u00e1n a obtener un buen mercado. Adem\u00e1s, un equipo de ventas joven y en\u00e9rgico ofrece un servicio r\u00e1pido, profesional y amigable en cualquier momento. Adem\u00e1s, todos nuestros productos se env\u00edan directamente desde el almac\u00e9n en Espa\u00f1a, Canad\u00e1 y M\u00e9xico. Por lo tanto, los productos que compre ser\u00e1n empaquetados y enviados en 48 horas despu\u00e9s de realizar el pedido. M\u00e1s de 100% de nuestros productos est\u00e1n en stock, y el inventario es suficiente.<\/p>","protected":false},"excerpt":{"rendered":"<ul>\n<li>SKU: CA-NS084<\/li>\n<li>ID FCC: KR55WK48903, KR55WK49622<\/li>\n<li>PN: 285E3-JA05A, 285E3-JA02A, 285E3-JA000, 285E3-JK62A<\/li>\n<li>IC: 267T-5WK48903<\/li>\n<li>Frecuencia: 315MHz<\/li>\n<li>Botones: Bloquear, Desbloquear, Maletero, P\u00e1nico<\/li>\n<\/ul>","protected":false},"featured_media":20952,"comment_status":"open","ping_status":"closed","template":"","meta":{"_bst_post_transparent":"default","_bst_post_title":"","_bst_post_layout":"default","_bst_post_sidebar_id":"","_bst_post_content_style":"default","_bst_post_vertical_padding":"default","_bst_post_feature":"","_bst_post_feature_position":"","_bst_post_header":false,"_bst_post_footer":false},"product_brand":[],"product_cat":[15,386,160],"product_tag":[],"2_year_make_model":[],"class_list":{"0":"post-14428","1":"product","2":"type-product","3":"status-publish","4":"has-post-thumbnail","6":"product_cat-carkeyremote","7":"product_cat-for-infiniti","8":"product_cat-for-nissan","10":"first","11":"instock","12":"sale","13":"shipping-taxable","14":"purchasable","15":"product-type-simple","16":"entry","17":"content-bg","18":"loop-entry"},"_links":{"self":[{"href":"https:\/\/keylessbest.com\/es\/wp-json\/wp\/v2\/product\/14428","targetHints":{"allow":["GET"]}}],"collection":[{"href":"https:\/\/keylessbest.com\/es\/wp-json\/wp\/v2\/product"}],"about":[{"href":"https:\/\/keylessbest.com\/es\/wp-json\/wp\/v2\/types\/product"}],"replies":[{"embeddable":true,"href":"https:\/\/keylessbest.com\/es\/wp-json\/wp\/v2\/comments?post=14428"}],"version-history":[{"count":3,"href":"https:\/\/keylessbest.com\/es\/wp-json\/wp\/v2\/product\/14428\/revisions"}],"predecessor-version":[{"id":20951,"href":"https:\/\/keylessbest.com\/es\/wp-json\/wp\/v2\/product\/14428\/revisions\/20951"}],"wp:featuredmedia":[{"embeddable":true,"href":"https:\/\/keylessbest.com\/es\/wp-json\/wp\/v2\/media\/20952"}],"wp:attachment":[{"href":"https:\/\/keylessbest.com\/es\/wp-json\/wp\/v2\/media?parent=14428"}],"wp:term":[{"taxonomy":"product_brand","embeddable":true,"href":"https:\/\/keylessbest.com\/es\/wp-json\/wp\/v2\/product_brand?post=14428"},{"taxonomy":"product_cat","embeddable":true,"href":"https:\/\/keylessbest.com\/es\/wp-json\/wp\/v2\/product_cat?post=14428"},{"taxonomy":"product_tag","embeddable":true,"href":"https:\/\/keylessbest.com\/es\/wp-json\/wp\/v2\/product_tag?post=14428"},{"taxonomy":"2_year_make_model","embeddable":true,"href":"https:\/\/keylessbest.com\/es\/wp-json\/wp\/v2\/2_year_make_model?post=14428"}],"curies":[{"name":"wp","href":"https:\/\/api.w.org\/{rel}","templated":true}]}}