{"id":14591,"date":"2025-08-19T08:48:44","date_gmt":"2025-08-19T08:48:44","guid":{"rendered":"https:\/\/hanwuji.shengjit.com\/?post_type=product&#038;p=14591"},"modified":"2026-02-12T09:02:55","modified_gmt":"2026-02-12T09:02:55","slug":"llavero-de-nissan-2013-2015-285e3-3tp5a-433mhz-para-keylessbest","status":"publish","type":"product","link":"https:\/\/keylessbest.com\/es\/producto\/llavero-de-nissan-2013-2015-285e3-3tp5a-433mhz-para-keylessbest\/","title":{"rendered":"Llavero de Nissan 2013-2015 285E3-3TP5A 433MHz para Keylessbest"},"content":{"rendered":"<p>*La informaci\u00f3n detallada de este mando a distancia sin llave de Nissan de 2013-2015 es la siguiente. Por favor, confirme que los siguientes detalles coinciden con su veh\u00edculo antes de realizar el pedido: ID FCC, N\u00famero de pieza, A\u00f1o y modelo, IC, Frecuencia, Chip y Botones.<\/p>\n<h6><strong><b>Informaci\u00f3n del Producto: <\/b><\/strong><\/h6>\n<ul>\n<li>ID FCC: KR5S180144014<\/li>\n<li>PN: 285E3-3TP5A , 285E3-9HP5B , 285E3-3TP05<\/li>\n<li>IC: 7812D-S180014<\/li>\n<li>Frecuencia: 433MHz<\/li>\n<li>Chip: 47<\/li>\n<li>Botones: Desbloquear, Bloquear, P\u00e1nico, Maletero, Arranque remoto<\/li>\n<\/ul>\n<h6><strong><b>El modelo de referencia:<\/b><\/strong><\/h6>\n<ul>\n<li>Nissan Altima 2013-2015<\/li>\n<li>2013-2015 <a href=\"https:\/\/keylessbest.com\/es\/producto\/2019-2020-nissan-maxima-mando-de-entrada-sin-llave-de-5-botones-kr5txn7-pn285e3-9uf7a-285e3-9uf7b\/\" data-wpil-monitor-id=\"1334\">Nissan Maxima<\/a><\/li>\n<\/ul>\n<h6><strong><b>Incluye en el paquete:<\/b><\/strong><\/h6>\n<ul>\n<li>Un nuevo recambio <a href=\"https:\/\/keylessbest.com\/es\/producto\/ford-fiesta-2011-2017-mando-de-entrada-sin-llave-de-3-botones-kr55wk47899-pn164-r8042-remoto-y-hoja-164-r8043-hoja-164-r8042-164-r8039-5913139-5914117-4d63-80bit__trashed\/\" data-wpil-monitor-id=\"1333\">mando a distancia sin llave<\/a><\/li>\n<li>Una llave de inserci\u00f3n de emergencia del mercado de accesorios gratuita<\/li>\n<li>Todos los transmisores vienen con una bater\u00eda<\/li>\n<li>Todas las unidades son probadas antes del env\u00edo<\/li>\n<li>Garant\u00eda de satisfacci\u00f3n y garant\u00eda de 2 a\u00f1os 100%<\/li>\n<\/ul>\n<h6><strong><b>Nota:<\/b><\/strong><\/h6>\n<ul>\n<li>El mando inteligente de Nissan de 2013-2015 <a href=\"https:\/\/keylessbest.com\/es\/producto\/llave-de-entrada-sin-llave-para-cadillac-ats-ats-v-ct6-ct6-plug-in-cts-cts-v-xts-5-botones-hyq2eb-pn-13598512-13594029s-13510243-46__trashed\/\" data-wpil-monitor-id=\"1329\">llavero de entrada sin llave<\/a> reemplazo \u2013 sin logotipo, con una llave de inserci\u00f3n de emergencia sin cortar incluida.<\/li>\n<li>No cortamos ni programamos el <a href=\"https:\/\/keylessbest.com\/es\/tienda-de-llaves-y-llaveros-sin-llave-de-keylessbestcarkeyfobshop\/\" data-wpil-monitor-id=\"1335\">llave remota<\/a>.Adem\u00e1s, para conocer los precios, p\u00f3ngase en contacto con el cerrajero o concesionario local.<\/li>\n<li>Este transmisor es compatible con veh\u00edculos que cuentan con un bot\u00f3n de arranque\/parada en el tablero o una ignici\u00f3n de giro, junto con un proxy <a href=\"https:\/\/keylessbest.com\/es\/producto\/chevrolet-volt-cruze-2016-2022-nuevo-modelo-traverse-camaro-malibu-cruze-xl8-sistemas-unicamente-control-remoto-de-entrada-sin-llave-de-4-botones-hyq4ea-pn-13508771-13584504-13529660-46\/\" data-wpil-monitor-id=\"1332\">entrada sin llave<\/a> sistema.<\/li>\n<li>El precio es por una unidad completa <a href=\"https:\/\/keylessbest.com\/es\/producto\/2015-2021-jeep-renegade-mando-de-entrada-sin-llave-de-5-botones-m3n-40821302-reemplaza-pn-6mp33dx9aa-id-47-4a__trashed\/\" data-wpil-monitor-id=\"1330\">llave de entrada sin llave de reemplazo<\/a>, llave de emergencia incluida.<\/li>\n<li>Por lo tanto, recomendamos encarecidamente que tenga su \u00a0<a href=\"https:\/\/keylessbest.com\/es\/como-programar-un-mando-a-distancia-de-coche-rapido-y-facil-pasos-de-bricolaje-para-cualquier-coche\/\" data-wpil-monitor-id=\"1331\">PROGRAMEN SU LLAVERO<\/a> por un cerrajero profesional o distribuidor.<\/li>\n<\/ul>\n<h6><strong><b>Recursos de programaci\u00f3n\u00a0<\/b><\/strong><\/h6>\n<p><a href=\"http:\/\/programyourfob.com\/?list_26\/\" target=\"_blank\" rel=\"noopener\">http:\/\/programyourfob.com\/?list_26\/<\/a><\/p>\n<p>Gracias por elegirnos.<\/p>\n<p>Somos uno de los fabricantes m\u00e1s profesionales de llaves de coche, sistemas de entrada sin llave, <a href=\"https:\/\/keylessbest.com\/es\/producto\/ram-1500-2500-3500-2013-2019-mando-de-entrada-sin-llave-de-4-botones-gq4-54t-pn-56046956aa-56046956ab-56046956ac-56046956ad-56046956ae-56046956af-46\/\" data-wpil-monitor-id=\"1328\">control remoto de llave de coche<\/a>, chips transpondedores, programadores de llaves, carcasas de llaves de coche, cerraduras de coche, herramientas de cerrajer\u00eda y dem\u00e1s. Adem\u00e1s, nuestra empresa cuenta con un equipo profesional y l\u00ednea de producci\u00f3n. Adem\u00e1s, nos especializamos en la fabricaci\u00f3n de varias llaves de coche, carcasas de llaves de coche y herramientas de cerrajer\u00eda. Tambi\u00e9n nos encargamos del desarrollo, fabricaci\u00f3n y venta al por mayor de productos de seguridad y protecci\u00f3n para autom\u00f3viles.<\/p>\n<p>Precios competitivos y servicios dedicados le ayudar\u00e1n a obtener un buen mercado. Adem\u00e1s, un equipo de ventas joven y en\u00e9rgico ofrece un servicio r\u00e1pido, profesional y amigable en cualquier momento. Adem\u00e1s, todos nuestros productos se env\u00edan directamente desde el almac\u00e9n en Espa\u00f1a, Canad\u00e1 y M\u00e9xico. Por lo tanto, los productos que compre ser\u00e1n empaquetados y enviados en 48 horas despu\u00e9s de realizar el pedido. M\u00e1s de 100% de nuestros productos est\u00e1n en stock, y el inventario es suficiente.<\/p>","protected":false},"excerpt":{"rendered":"<ul>\n<li>SKU: CA-NS231<\/li>\n<li>ID FCC: KR5S180144014<\/li>\n<li>PN: 285E3-3TP5A , 285E3-9HP5B , 285E3-3TP05<\/li>\n<li>IC: 7812D-S180014<\/li>\n<li>Frecuencia: 433MHz<\/li>\n<li>Chip: 47<\/li>\n<li>Botones: Desbloquear, Bloquear, P\u00e1nico, Maletero, Arranque remoto<\/li>\n<\/ul>","protected":false},"featured_media":21096,"comment_status":"open","ping_status":"closed","template":"","meta":{"_bst_post_transparent":"default","_bst_post_title":"","_bst_post_layout":"default","_bst_post_sidebar_id":"","_bst_post_content_style":"default","_bst_post_vertical_padding":"default","_bst_post_feature":"","_bst_post_feature_position":"","_bst_post_header":false,"_bst_post_footer":false},"product_brand":[],"product_cat":[15,160],"product_tag":[],"2_year_make_model":[],"class_list":{"0":"post-14591","1":"product","2":"type-product","3":"status-publish","4":"has-post-thumbnail","6":"product_cat-carkeyremote","7":"product_cat-for-nissan","9":"first","10":"instock","11":"sale","12":"shipping-taxable","13":"purchasable","14":"product-type-simple","15":"entry","16":"content-bg","17":"loop-entry"},"_links":{"self":[{"href":"https:\/\/keylessbest.com\/es\/wp-json\/wp\/v2\/product\/14591","targetHints":{"allow":["GET"]}}],"collection":[{"href":"https:\/\/keylessbest.com\/es\/wp-json\/wp\/v2\/product"}],"about":[{"href":"https:\/\/keylessbest.com\/es\/wp-json\/wp\/v2\/types\/product"}],"replies":[{"embeddable":true,"href":"https:\/\/keylessbest.com\/es\/wp-json\/wp\/v2\/comments?post=14591"}],"version-history":[{"count":2,"href":"https:\/\/keylessbest.com\/es\/wp-json\/wp\/v2\/product\/14591\/revisions"}],"predecessor-version":[{"id":20051,"href":"https:\/\/keylessbest.com\/es\/wp-json\/wp\/v2\/product\/14591\/revisions\/20051"}],"wp:featuredmedia":[{"embeddable":true,"href":"https:\/\/keylessbest.com\/es\/wp-json\/wp\/v2\/media\/21096"}],"wp:attachment":[{"href":"https:\/\/keylessbest.com\/es\/wp-json\/wp\/v2\/media?parent=14591"}],"wp:term":[{"taxonomy":"product_brand","embeddable":true,"href":"https:\/\/keylessbest.com\/es\/wp-json\/wp\/v2\/product_brand?post=14591"},{"taxonomy":"product_cat","embeddable":true,"href":"https:\/\/keylessbest.com\/es\/wp-json\/wp\/v2\/product_cat?post=14591"},{"taxonomy":"product_tag","embeddable":true,"href":"https:\/\/keylessbest.com\/es\/wp-json\/wp\/v2\/product_tag?post=14591"},{"taxonomy":"2_year_make_model","embeddable":true,"href":"https:\/\/keylessbest.com\/es\/wp-json\/wp\/v2\/2_year_make_model?post=14591"}],"curies":[{"name":"wp","href":"https:\/\/api.w.org\/{rel}","templated":true}]}}