{"id":14638,"date":"2025-08-19T08:49:31","date_gmt":"2025-08-19T08:49:31","guid":{"rendered":"https:\/\/hanwuji.shengjit.com\/?post_type=product&#038;p=14638"},"modified":"2026-02-12T09:05:08","modified_gmt":"2026-02-12T09:05:08","slug":"llavero-de-honda-civic-2016-2021-72147-tba-a11","status":"publish","type":"product","link":"https:\/\/keylessbest.com\/es\/producto\/llavero-de-honda-civic-2016-2021-72147-tba-a11\/","title":{"rendered":"Llavero de Honda Civic 2016-2021 72147-TBA-A11"},"content":{"rendered":"<p>*La informaci\u00f3n detallada de este llavero sin llave para Honda 2016-2020 es la siguiente. Por favor, confirme que los siguientes detalles coinciden con su veh\u00edculo antes de realizar el pedido: FCC ID, N\u00famero de Parte, A\u00f1o Modelo, IC, Frecuencia, Chip y Botones.<\/p>\n<h6><strong><b>Informaci\u00f3n del Producto: <\/b><\/strong><\/h6>\n<ul>\n<li>ID FCC: KR5V2X<\/li>\n<li>PN: 72147-TBA-A11, 72147-TBA-A12<\/li>\n<li>IC: 7812D-V2X<\/li>\n<li>Frecuencia: 433MHz<\/li>\n<li>Botones de Bloqueo, Desbloqueo, P\u00e1nico, Maletero, Arranque Remoto<\/li>\n<\/ul>\n<h6><strong><b>El modelo de referencia:<\/b><\/strong><\/h6>\n<ul>\n<li>Honda Civic Sed\u00e1n EX 2016 \u2013 2020 \/ Sed\u00e1n Tour<\/li>\n<li>Honda Civic EX Turbo CVT 2018 \u2013 2021<\/li>\n<li>Honda Civic LX HDM CVT 2018 \u2013 2019<\/li>\n<li>Honda Civic Coup\u00e9 EX, Sport, Tour 2020 \u2013 2020<\/li>\n<li>Honda Civic Sed\u00e1n EX, Sport, Tour 2020 \u2013 2020<\/li>\n<\/ul>\n<h6><strong><b>Incluye en el paquete:<\/b><\/strong><\/h6>\n<ul>\n<li>Un nuevo recambio <a href=\"https:\/\/keylessbest.com\/es\/producto\/ford-fiesta-2011-2017-mando-de-entrada-sin-llave-de-3-botones-kr55wk47899-pn164-r8042-remoto-y-hoja-164-r8043-hoja-164-r8042-164-r8039-5913139-5914117-4d63-80bit__trashed\/\" data-wpil-monitor-id=\"1701\">mando a distancia sin llave<\/a><\/li>\n<li>Una gratis <a href=\"https:\/\/keylessbest.com\/es\/llavero-de-repuesto\/\" data-wpil-monitor-id=\"1706\">llave de inserci\u00f3n de emergencia de mercado secundario<\/a><\/li>\n<li>Todos los transmisores vienen con una bater\u00eda<\/li>\n<li>Todas las unidades son probadas antes del env\u00edo<\/li>\n<li>Garant\u00eda de satisfacci\u00f3n y garant\u00eda de 2 a\u00f1os 100%<\/li>\n<\/ul>\n<h6><strong><b>Nota:<\/b><\/strong><\/h6>\n<ul>\n<li>El 2016-2021 <a href=\"https:\/\/keylessbest.com\/es\/producto\/1999-2004-acura-cl-tl-rl-mando-de-entrada-sin-llave-de-4-botones-e4eg8d-444h-a-reemplaza-pn-72147-s0k-a23-72147-s0k-a13__trashed\/\" data-wpil-monitor-id=\"1699\">Reemplazo del mando de entrada sin llave inteligente de Honda<\/a> \u2013 \u00a0\u00a0sin \u00a0logo, con \u00a0una \u00a0llave de inserci\u00f3n de emergencia sin cortar incluida.<\/li>\n<li>No cortamos ni programamos el <a href=\"https:\/\/keylessbest.com\/es\/tienda-de-llaves-y-llaveros-sin-llave-de-keylessbestcarkeyfobshop\/\" data-wpil-monitor-id=\"1703\">llave remota<\/a>.Adem\u00e1s, para conocer los precios, p\u00f3ngase en contacto con el cerrajero o concesionario local.<\/li>\n<li>Este transmisor es compatible con veh\u00edculos que cuentan con un bot\u00f3n de arranque\/parada en el tablero o una llave de giro, junto con un proxy <a href=\"https:\/\/keylessbest.com\/es\/producto\/2007-2017-mitsubishi-i-meiv-outlander-outlander-sport-mando-a-distancia-de-entrada-sin-llave-de-4-botones-oucg8d-625m-a-hf-pn-6370b711-id46\/\" data-wpil-monitor-id=\"1702\">entrada sin llave<\/a> sistema.<\/li>\n<li>El precio es por un reemplazo completo del llavero de entrada sin llave \u00a0\u00a0<a href=\"https:\/\/keylessbest.com\/es\/producto\/honda-hr-v-2016-2022-todos-los-modelos-fit-ex-cvt-6mt-fit-ex-l-cvt-fit-ex-ln-cvt-mando-de-entrada-sin-llave-de-4-botones-kr5v1x-pn72147-t7s-a01\/\" data-wpil-monitor-id=\"1705\">remoto de entrada sin llave<\/a>, llave de emergencia incluida.<\/li>\n<li>Por lo tanto, recomendamos encarecidamente que tenga su \u00a0<a href=\"https:\/\/keylessbest.com\/es\/como-programar-un-mando-a-distancia-de-coche-rapido-y-facil-pasos-de-bricolaje-para-cualquier-coche\/\" data-wpil-monitor-id=\"1700\">PROGRAMEN SU LLAVERO<\/a> por un cerrajero profesional o distribuidor.<\/li>\n<\/ul>\n<h6><strong><b>Recursos de programaci\u00f3n\u00a0<\/b><\/strong><\/h6>\n<p><a href=\"http:\/\/programyourfob.com\/?list_12\/\" target=\"_blank\" rel=\"noopener\">http:\/\/programyourfob.com\/?list_12\/<\/a><\/p>\n<p>Gracias por elegirnos.<\/p>\n<p>Somos uno de los fabricantes m\u00e1s profesionales de llaves de coche, sistemas de entrada sin llave, llaves remotas, chips transpondedores, programadores de llaves, carcasas de llaves, cerraduras de coche, herramientas de cerrajer\u00eda y m\u00e1s. Adem\u00e1s, nuestra empresa cuenta con un equipo profesional y l\u00ednea de producci\u00f3n. Adem\u00e1s, nos especializamos en producir diversos <a href=\"https:\/\/keylessbest.com\/es\/cuanto-cuesta-reemplazar-un-mando-a-distancia-de-coche-en-2025\/\" data-wpil-monitor-id=\"1704\">llaves de coche<\/a>carcasas de llaves de coche y herramientas de cerrajer\u00eda. Tambi\u00e9n nos encargamos del desarrollo, fabricaci\u00f3n y venta al por mayor de productos de seguridad y protecci\u00f3n para autom\u00f3viles.<\/p>\n<p>Precios competitivos y servicios dedicados te ayudar\u00e1n a ganar un buen mercado. Adem\u00e1s, un equipo de m\u00e1s de 10 j\u00f3venes y en\u00e9rgicos vendedores ofrece un servicio r\u00e1pido, profesional y amigable en cualquier momento. Adem\u00e1s, todos nuestros productos se env\u00edan directamente desde el almac\u00e9n en Espa\u00f1a, Canad\u00e1 y M\u00e9xico. Por lo tanto, los productos que compres ser\u00e1n empaquetados y enviados en 48 horas despu\u00e9s de realizar el pedido. M\u00e1s de 100% de nuestros productos est\u00e1n en stock, y el inventario es suficiente.<\/p>","protected":false},"excerpt":{"rendered":"<ul>\n<li>SKU: CA-HD233<\/li>\n<li>ID FCC: KR5V2X<\/li>\n<li>PN: 72147-TBA-A11, 72147-TBA-A12<\/li>\n<li>IC: 7812D-V2X<\/li>\n<li>Frecuencia: 433MHz<\/li>\n<li>Botones de Bloqueo, Desbloqueo, P\u00e1nico, Maletero, Arranque Remoto<\/li>\n<\/ul>","protected":false},"featured_media":21098,"comment_status":"open","ping_status":"closed","template":"","meta":{"_bst_post_transparent":"default","_bst_post_title":"","_bst_post_layout":"default","_bst_post_sidebar_id":"","_bst_post_content_style":"default","_bst_post_vertical_padding":"default","_bst_post_feature":"","_bst_post_feature_position":"","_bst_post_header":false,"_bst_post_footer":false},"product_brand":[],"product_cat":[15,157],"product_tag":[],"2_year_make_model":[],"class_list":{"0":"post-14638","1":"product","2":"type-product","3":"status-publish","4":"has-post-thumbnail","6":"product_cat-carkeyremote","7":"product_cat-for-honda","9":"first","10":"instock","11":"sale","12":"shipping-taxable","13":"purchasable","14":"product-type-simple","15":"entry","16":"content-bg","17":"loop-entry"},"_links":{"self":[{"href":"https:\/\/keylessbest.com\/es\/wp-json\/wp\/v2\/product\/14638","targetHints":{"allow":["GET"]}}],"collection":[{"href":"https:\/\/keylessbest.com\/es\/wp-json\/wp\/v2\/product"}],"about":[{"href":"https:\/\/keylessbest.com\/es\/wp-json\/wp\/v2\/types\/product"}],"replies":[{"embeddable":true,"href":"https:\/\/keylessbest.com\/es\/wp-json\/wp\/v2\/comments?post=14638"}],"version-history":[{"count":4,"href":"https:\/\/keylessbest.com\/es\/wp-json\/wp\/v2\/product\/14638\/revisions"}],"predecessor-version":[{"id":21097,"href":"https:\/\/keylessbest.com\/es\/wp-json\/wp\/v2\/product\/14638\/revisions\/21097"}],"wp:featuredmedia":[{"embeddable":true,"href":"https:\/\/keylessbest.com\/es\/wp-json\/wp\/v2\/media\/21098"}],"wp:attachment":[{"href":"https:\/\/keylessbest.com\/es\/wp-json\/wp\/v2\/media?parent=14638"}],"wp:term":[{"taxonomy":"product_brand","embeddable":true,"href":"https:\/\/keylessbest.com\/es\/wp-json\/wp\/v2\/product_brand?post=14638"},{"taxonomy":"product_cat","embeddable":true,"href":"https:\/\/keylessbest.com\/es\/wp-json\/wp\/v2\/product_cat?post=14638"},{"taxonomy":"product_tag","embeddable":true,"href":"https:\/\/keylessbest.com\/es\/wp-json\/wp\/v2\/product_tag?post=14638"},{"taxonomy":"2_year_make_model","embeddable":true,"href":"https:\/\/keylessbest.com\/es\/wp-json\/wp\/v2\/2_year_make_model?post=14638"}],"curies":[{"name":"wp","href":"https:\/\/api.w.org\/{rel}","templated":true}]}}