{"id":14667,"date":"2025-08-19T08:49:57","date_gmt":"2025-08-19T08:49:57","guid":{"rendered":"https:\/\/hanwuji.shengjit.com\/?post_type=product&#038;p=14667"},"modified":"2026-02-25T05:59:05","modified_gmt":"2026-02-25T05:59:05","slug":"1998-2008-llavero-de-toyota-gq43vt14t-314mhz-para-entrada-sin-llave-mejor-2","status":"publish","type":"product","link":"https:\/\/keylessbest.com\/es\/producto\/1998-2008-llavero-de-toyota-gq43vt14t-314mhz-para-entrada-sin-llave-mejor-2\/","title":{"rendered":"1998-2008 llave de mando Toyota GQ43VT14T 314MHz para keylessbest"},"content":{"rendered":"<p>*La informaci\u00f3n detallada de este mando a distancia sin llave Toyota Pontiac de 1998-2008 es la siguiente. Por favor, confirme que los siguientes detalles coinciden con su veh\u00edculo antes de realizar el pedido: ID FCC, N\u00famero de pieza, A\u00f1o del modelo, IC, Frecuencia, Chip y Botones.<\/p>\n<h6><strong><b>Informaci\u00f3n del Producto:<\/b><\/strong><\/h6>\n<ul>\n<li>ID FCC: GQ43VT14T<\/li>\n<li>PN: 89742-06010<\/li>\n<li>Frecuencia: 314MHz<\/li>\n<li>Botones: Cerrar, Abrir, P\u00e1nico (en la parte trasera)<\/li>\n<\/ul>\n<h6><strong><b>El modelo de referencia\uff1a<\/b><\/strong><\/h6>\n<ul>\n<li>1999-2006 <a href=\"https:\/\/keylessbest.com\/es\/producto\/2009-2014-toyota-avalon-camry-corolla-mando-de-entrada-sin-llave-de-3-botones-hyq14aem-pn-89904-0r060-89904-60770-89904-0r090-89904-42140__trashed\/\" data-wpil-monitor-id=\"1475\">Toyota Camry<\/a><\/li>\n<li>1998-2003 <a href=\"https:\/\/keylessbest.com\/es\/producto\/1998-2004-toyota-avalon-solara-mando-a-distancia-de-entrada-sin-llave-de-4-botones-hyq12bbx-hyq12ban-hyq1512y-pn-89742-ac050\/\" data-wpil-monitor-id=\"1485\">Toyota Solara<\/a><\/li>\n<li>2003-2008 <a href=\"https:\/\/keylessbest.com\/es\/producto\/2008-2014-toyota-pontiac-venza-corolla-avalon-matrix-vibe-venza-mando-a-distancia-de-entrada-sin-llave-de-4-botones-gq4-29t-pn-89070-12820-g\/\" data-wpil-monitor-id=\"1486\">Pontiac Vibe<\/a><\/li>\n<li>2003-2008 <a href=\"https:\/\/keylessbest.com\/es\/producto\/2009-2016-toyota-matrix-venza-mando-de-entrada-sin-llave-de-3-botones-gq4-29t-gq429-pn-89070-02640-g\/\" data-wpil-monitor-id=\"1480\">Toyota Matrix<\/a><\/li>\n<li>1998-2003 <a href=\"https:\/\/keylessbest.com\/es\/producto\/2004-2020-toyota-sienna-mando-de-entrada-sin-llave-de-5-botones-gq43vt20t-pn-89742-ae031-89742-ae030\/\" data-wpil-monitor-id=\"1481\">Toyota Sienna<\/a><\/li>\n<li>2003-2008 <a href=\"https:\/\/keylessbest.com\/es\/producto\/2019-2021-toyota-corolla-corolla-hybrid-mando-de-entrada-sin-llave-de-4-botones-hyq14fbn-pn-8990h-12040__trashed\/\" data-wpil-monitor-id=\"1479\">Toyota Corolla<\/a><\/li>\n<\/ul>\n<h6><strong><b>Incluye en el paquete:<\/b><\/strong><\/h6>\n<ul>\n<li>Un nuevo recambio <a href=\"https:\/\/keylessbest.com\/es\/producto\/ford-fiesta-2011-2017-mando-de-entrada-sin-llave-de-3-botones-kr55wk47899-pn164-r8042-remoto-y-hoja-164-r8043-hoja-164-r8042-164-r8039-5913139-5914117-4d63-80bit__trashed\/\" data-wpil-monitor-id=\"1478\">mando a distancia sin llave<\/a><\/li>\n<li>Una llave de inserci\u00f3n de emergencia del mercado de accesorios gratuita<\/li>\n<li>Todos los transmisores vienen con una bater\u00eda<\/li>\n<li>Todas las unidades son probadas antes del env\u00edo<\/li>\n<li>Garant\u00eda de satisfacci\u00f3n y garant\u00eda de 2 a\u00f1os 100%<\/li>\n<\/ul>\n<h6><strong><b>Nota:<\/b><\/strong><\/h6>\n<ul>\n<li>Reemplazo del mando de entrada sin llave Toyota Pontiac de 1998-2008 \u2013 sin logotipo, con una llave de inserci\u00f3n de emergencia sin cortar incluida.<\/li>\n<li>No cortamos ni programamos el <a href=\"https:\/\/keylessbest.com\/es\/tienda-de-llaves-y-llaveros-sin-llave-de-keylessbestcarkeyfobshop\/\" data-wpil-monitor-id=\"1482\">llave remota<\/a>. Adem\u00e1s, para precios, por favor contacte con el cerrajero o distribuidor local.<\/li>\n<li>Este transmisor es compatible con veh\u00edculos que cuentan con un bot\u00f3n de arranque\/parada en el tablero o un encendido con llave de giro, junto con un sistema de entrada sin llave proxy <a href=\"https:\/\/keylessbest.com\/es\/producto\/chevrolet-gmc-cadillac-suburban-tahoe-yukon-silverado-escalade-sierra-avalanche-s10-pickup-sin-llave-de-entrada-remota-de-3-botones-2001-2011-koblear1xt-pn15042968\/\" data-wpil-monitor-id=\"1483\">entrada sin llave<\/a> sistema.<\/li>\n<li>El precio es por una unidad completa <a href=\"https:\/\/keylessbest.com\/es\/producto\/2015-2021-jeep-renegade-mando-de-entrada-sin-llave-de-5-botones-m3n-40821302-reemplaza-pn-6mp33dx9aa-id-47-4a__trashed\/\" data-wpil-monitor-id=\"1476\">llave de entrada sin llave de reemplazo<\/a>, llave de emergencia incluida.<\/li>\n<li>Por lo tanto, recomendamos encarecidamente que haga que su <a href=\"https:\/\/keylessbest.com\/es\/como-programar-un-mando-a-distancia-de-coche-rapido-y-facil-pasos-de-bricolaje-para-cualquier-coche\/\" data-wpil-monitor-id=\"1477\">PROGRAMEN SU LLAVERO<\/a> por un cerrajero profesional o distribuidor.<\/li>\n<\/ul>\n<h6><strong>Recursos de programaci\u00f3n\uff1a<\/strong><\/h6>\n<p><a href=\"http:\/\/programyourfob.com\/?list_30\/\" target=\"_blank\" rel=\"noopener\">http:\/\/programyourfob.com\/?list_30\/<\/a><\/p>\n<p><a href=\"http:\/\/programyourfob.com\/?list_36\/\" target=\"_blank\" rel=\"noopener\">http:\/\/programyourfob.com\/?list_36\/<\/a><\/p>\n<p>Gracias por elegirnos.<\/p>\n<p>Somos uno de los fabricantes m\u00e1s profesionales de llaves de coche, sistema de entrada sin llave, <a href=\"https:\/\/keylessbest.com\/es\/producto\/infiniti-nissan-fx35-fx45-qx4-armada-frontier-murano-nv1500-nv2500-nv3500-pathfinder-titan-versa-xterra-quest-juke-s-rogue-rogue-select-de-2002-a-2017-mando-de-entrada-sin-llave-de-3-botones-kbrastu1\/\" data-wpil-monitor-id=\"1474\">control remoto de llave de coche<\/a>, chips transpondedores, programadores de llaves, carcasas de llaves, cerraduras de coches, herramientas de cerrajer\u00eda y m\u00e1s. Adem\u00e1s, nuestra empresa cuenta con un equipo profesional y una l\u00ednea de producci\u00f3n. Adem\u00e1s, nos especializamos en producir diversos <a href=\"https:\/\/keylessbest.com\/es\/cuanto-cuesta-reemplazar-un-mando-a-distancia-de-coche-en-2025\/\" data-wpil-monitor-id=\"1484\">llaves de coche<\/a>, carcasas de llaves de coche y herramientas de cerrajer\u00eda. Tambi\u00e9n nos encargamos del desarrollo, fabricaci\u00f3n y venta al por mayor de productos de seguridad y protecci\u00f3n para autom\u00f3viles.<\/p>\n<p>Precios competitivos y servicios dedicados le ayudar\u00e1n a obtener un buen mercado. Adem\u00e1s, un equipo de ventas joven y en\u00e9rgico ofrece un servicio r\u00e1pido, profesional y amigable en cualquier momento. Adem\u00e1s, todos nuestros productos se env\u00edan directamente desde el almac\u00e9n en Espa\u00f1a, Canad\u00e1 y M\u00e9xico. Por lo tanto, los productos que compre ser\u00e1n empaquetados y enviados en 48 horas despu\u00e9s de realizar el pedido. M\u00e1s de 100% de nuestros productos est\u00e1n en stock, y el inventario es suficiente.<\/p>","protected":false},"excerpt":{"rendered":"<ul>\n<li>SKU: CA-TA403<\/li>\n<li>ID FCC: GQ43VT14T<\/li>\n<li>PN: 89742-06010<\/li>\n<li>Frecuencia: 314MHz<\/li>\n<li>Botones: Cerrar, Abrir, P\u00e1nico (en la parte trasera)<\/li>\n<\/ul>","protected":false},"featured_media":21588,"comment_status":"open","ping_status":"closed","template":"","meta":{"_bst_post_transparent":"default","_bst_post_title":"","_bst_post_layout":"default","_bst_post_sidebar_id":"","_bst_post_content_style":"default","_bst_post_vertical_padding":"default","_bst_post_feature":"","_bst_post_feature_position":"","_bst_post_header":false,"_bst_post_footer":false},"product_brand":[],"product_cat":[15,373,158],"product_tag":[],"2_year_make_model":[],"class_list":{"0":"post-14667","1":"product","2":"type-product","3":"status-publish","4":"has-post-thumbnail","6":"product_cat-carkeyremote","7":"product_cat-for-pontiac","8":"product_cat-for-toyota","10":"first","11":"instock","12":"sale","13":"shipping-taxable","14":"purchasable","15":"product-type-simple","16":"entry","17":"content-bg","18":"loop-entry"},"_links":{"self":[{"href":"https:\/\/keylessbest.com\/es\/wp-json\/wp\/v2\/product\/14667","targetHints":{"allow":["GET"]}}],"collection":[{"href":"https:\/\/keylessbest.com\/es\/wp-json\/wp\/v2\/product"}],"about":[{"href":"https:\/\/keylessbest.com\/es\/wp-json\/wp\/v2\/types\/product"}],"replies":[{"embeddable":true,"href":"https:\/\/keylessbest.com\/es\/wp-json\/wp\/v2\/comments?post=14667"}],"version-history":[{"count":3,"href":"https:\/\/keylessbest.com\/es\/wp-json\/wp\/v2\/product\/14667\/revisions"}],"predecessor-version":[{"id":19806,"href":"https:\/\/keylessbest.com\/es\/wp-json\/wp\/v2\/product\/14667\/revisions\/19806"}],"wp:featuredmedia":[{"embeddable":true,"href":"https:\/\/keylessbest.com\/es\/wp-json\/wp\/v2\/media\/21588"}],"wp:attachment":[{"href":"https:\/\/keylessbest.com\/es\/wp-json\/wp\/v2\/media?parent=14667"}],"wp:term":[{"taxonomy":"product_brand","embeddable":true,"href":"https:\/\/keylessbest.com\/es\/wp-json\/wp\/v2\/product_brand?post=14667"},{"taxonomy":"product_cat","embeddable":true,"href":"https:\/\/keylessbest.com\/es\/wp-json\/wp\/v2\/product_cat?post=14667"},{"taxonomy":"product_tag","embeddable":true,"href":"https:\/\/keylessbest.com\/es\/wp-json\/wp\/v2\/product_tag?post=14667"},{"taxonomy":"2_year_make_model","embeddable":true,"href":"https:\/\/keylessbest.com\/es\/wp-json\/wp\/v2\/2_year_make_model?post=14667"}],"curies":[{"name":"wp","href":"https:\/\/api.w.org\/{rel}","templated":true}]}}