{"id":14990,"date":"2025-08-19T08:55:08","date_gmt":"2025-08-19T08:55:08","guid":{"rendered":"https:\/\/hanwuji.shengjit.com\/?post_type=product&#038;p=14990"},"modified":"2026-02-13T01:14:28","modified_gmt":"2026-02-13T01:14:28","slug":"llave-de-mando-chevrolet-1996-2005-pn-15732805-para-keylessbest","status":"publish","type":"product","link":"https:\/\/keylessbest.com\/es\/producto\/llave-de-mando-chevrolet-1996-2005-pn-15732805-para-keylessbest\/","title":{"rendered":"Llave de mando Chevrolet 1996-2005 PN: 15732805 para Keylessbest"},"content":{"rendered":"<p>*La informaci\u00f3n detallada de este llavero de entrada sin llave para Buick Cadillac Chevrolet GMC Oldsmobile Pontiac de 1996 a 2005 es la siguiente. Por favor, confirme que los siguientes detalles coinciden con su veh\u00edculo antes de realizar el pedido: ID FCC, N\u00famero de pieza, A\u00f1o y modelo, IC, Frecuencia, Chip y Botones.<\/p>\n<h6><strong><b>Informaci\u00f3n del Producto: <\/b><\/strong><\/h6>\n<ul>\n<li>ID FCC: KOBUT1BT<\/li>\n<li>PN: 15732805, 25628814, 25668603, 25678792, 15732805, 25656444, 25656445, 25665574, 25665575<\/li>\n<li>Frecuencia: 315MHz<\/li>\n<li>Botones: Bloquear, Desbloquear, P\u00e1nico, 2x Trasero<\/li>\n<\/ul>\n<h6><strong><b>El modelo de referencia:<\/b><\/strong><\/h6>\n<ul>\n<li>Buick Lesabre 2000***<\/li>\n<li>Buick Park Avenue 2000-2005***<\/li>\n<li>Buick Lesabre 1996-1999<\/li>\n<li>Buick Park Avenue 1996-1999<\/li>\n<li>Buick Riviera 1996-1999<\/li>\n<li>Cadillac Eldorado 1998-2000***<\/li>\n<li>Cadillac Seville 1998-2000***<\/li>\n<li>Chevrolet Astro 2000-2001<\/li>\n<li>Chevrolet Blazer 1998-2001 (SUV \u2013 no pickup)<\/li>\n<li>Chevrolet Impala 2000<\/li>\n<li>2000 <a href=\"https:\/\/keylessbest.com\/es\/producto\/2004-2012-buick-chevrolet-pontiac-saturn-allure-lacrosse-malibu-malibu-maxx-cobalt-hhr-g5-g6-gran-premio-solstice-aura-sky-4-botones-mando-de-entrada-sin-llave-kobgt04a-pn15252034-22733523\/\" data-wpil-monitor-id=\"716\">Chevrolet Malibu<\/a><\/li>\n<li>2000 <a href=\"https:\/\/keylessbest.com\/es\/producto\/cadillac-chevrolet-buick-monte-carlo-suburban-tahoe-yukon-silverado-escalade-sierra-avalanche-s10-pickup-de-4-botones-mando-de-entrada-sin-llave-ouc60270-pnouc60221-850k60270-850k60221-15912\/\" data-wpil-monitor-id=\"713\">Chevrolet Monte Carlo<\/a><\/li>\n<li>GMC Envoy 1998-2000<\/li>\n<li>GMC Jimmy 1998-2001<\/li>\n<li>GMC Safari 2000-2001<\/li>\n<li>GMC Bravada 1998-2001<\/li>\n<li>Oldsmobile Aurora 2001-2002<\/li>\n<li>Oldsmobile Alero 1999-2000***<\/li>\n<li>1996-1999 Oldsmobile Aurora<\/li>\n<li>Oldsmobile Eighty-Eight 1996-1999<\/li>\n<li>1996-1999 Oldsmobile LSS<\/li>\n<li>1996 Oldsmobile Ninety Eight<\/li>\n<li>1997-1999 Oldsmobile Regency<\/li>\n<li>1996-1999 Pontiac Bonneville<\/li>\n<li>Pontiac Bonneville 2000***<\/li>\n<li>1999-2000 <a href=\"https:\/\/keylessbest.com\/es\/producto\/1996-2005-buick-cadillac-gmc-oldsmobile-pontiac-grand-am-bonneville-regency-lss-ninety-eight-ochenta-y-ocho-alero-aurora-bravada-safari-jimmy-envoy\/\" data-wpil-monitor-id=\"717\">Pontiac Grand<\/a> Am***<br \/>\n***la programaci\u00f3n a bordo no est\u00e1 disponible para:<\/li>\n<li>Buick Lesabre 2000<\/li>\n<li>Buick Park Avenue 2000-2005<\/li>\n<li>Cadillac Eldorado 1998-2000<\/li>\n<li>Cadillac Seville 1998-2000<\/li>\n<li>Oldsmobile Alero 1999-2000<\/li>\n<li>2000 Pontiac Bonneville<\/li>\n<li>1999 Pontiac Grand Am<\/li>\n<\/ul>\n<h6><strong><b>Incluye en el paquete:<\/b><\/strong><\/h6>\n<ul>\n<li>Un nuevo recambio <a href=\"https:\/\/keylessbest.com\/es\/producto\/ford-fiesta-2011-2017-mando-de-entrada-sin-llave-de-3-botones-kr55wk47899-pn164-r8042-remoto-y-hoja-164-r8043-hoja-164-r8042-164-r8039-5913139-5914117-4d63-80bit__trashed\/\" data-wpil-monitor-id=\"715\">mando a distancia sin llave<\/a><\/li>\n<li>Una llave de inserci\u00f3n de emergencia del mercado de accesorios gratuita<\/li>\n<li>Todos los transmisores vienen con una bater\u00eda<\/li>\n<li>Todas las unidades son probadas antes del env\u00edo<\/li>\n<li>Garant\u00eda de satisfacci\u00f3n y garant\u00eda de 2 a\u00f1os 100%<\/li>\n<\/ul>\n<h6><strong><b>Nota:<\/b><\/strong><\/h6>\n<ul>\n<li>El reemplazo del llavero de entrada sin llave inteligente para Buick Cadillac Chevrolet GMC Oldsmobile Pontiac de 1996 a 2005 \u2013 sin logotipo, con una llave de emergencia sin cortar incluida.<\/li>\n<li>No cortamos ni programamos el <a href=\"https:\/\/keylessbest.com\/es\/tienda-de-llaves-y-llaveros-sin-llave-de-keylessbestcarkeyfobshop\/\" data-wpil-monitor-id=\"718\">llave remota<\/a>.Adem\u00e1s, para conocer los precios, p\u00f3ngase en contacto con el cerrajero o concesionario local.<\/li>\n<li>Este transmisor es compatible con veh\u00edculos que cuentan con un bot\u00f3n de arranque\/parada en el tablero o una ignici\u00f3n de giro, junto con un proxy <a href=\"https:\/\/keylessbest.com\/es\/producto\/nissan-rogue-versa-pathfinder-2007-2013-con-sistema-inteligente-mando-de-entrada-sin-llave-de-3-botones-cwtwbu729-cwtwbu735-cwtwbu624-pn-285e3-em30d-285e3-em31d\/\" data-wpil-monitor-id=\"714\">entrada sin llave<\/a> sistema.<\/li>\n<li>El precio es por un mando de entrada sin llave de reemplazo completo, con llave de emergencia incluida.<\/li>\n<li>Por lo tanto, recomendamos encarecidamente que tenga su \u00a0<a href=\"https:\/\/keylessbest.com\/es\/como-programar-un-mando-a-distancia-de-coche-rapido-y-facil-pasos-de-bricolaje-para-cualquier-coche\/\" data-wpil-monitor-id=\"712\">PROGRAMEN SU LLAVERO<\/a> por un cerrajero profesional o distribuidor.<\/li>\n<\/ul>\n<h6><strong><b>Recursos de programaci\u00f3n<\/b><\/strong><\/h6>\n<p><a href=\"http:\/\/programyourfob.com\/?list_4\/\" target=\"_blank\" rel=\"noopener\">http:\/\/programyourfob.com\/?list_4\/<\/a><\/p>\n<p><a href=\"http:\/\/programyourfob.com\/?list_5\/\" target=\"_blank\" rel=\"noopener\">http:\/\/programyourfob.com\/?list_5\/<\/a><\/p>\n<p><a href=\"http:\/\/programyourfob.com\/?list_6\/\" target=\"_blank\" rel=\"noopener\">http:\/\/programyourfob.com\/?list_6\/<\/a><\/p>\n<p><a href=\"http:\/\/programyourfob.com\/?list_11\/\" target=\"_blank\" rel=\"noopener\">http:\/\/programyourfob.com\/?list_11\/<\/a><\/p>\n<p><a href=\"http:\/\/programyourfob.com\/?list_27\/\" target=\"_blank\" rel=\"noopener\">http:\/\/programyourfob.com\/?list_27\/<\/a><\/p>\n<p><a href=\"http:\/\/programyourfob.com\/?list_30\/\" target=\"_blank\" rel=\"noopener\">http:\/\/programyourfob.com\/?list_30\/<\/a><\/p>\n<p>Gracias por elegirnos.<\/p>\n<p>Somos uno de los fabricantes m\u00e1s profesionales de llaves de coche, sistemas de entrada sin llave, <a href=\"https:\/\/keylessbest.com\/es\/producto\/2008-2014-acura-honda-tl-tsx-zdx-accord-mando-de-entrada-sin-llave-de-4-botones-mlbhlik-1t-pn-2500a-hlik1t-hlik-1t-hlik-1r-rlvhohl06-297-35118-te0-a10-35113-tk4-a00-35113-tk4-a10-35113-tl0-a00\/\" data-wpil-monitor-id=\"711\">control remoto de llave de coche<\/a>, chips transpondedores, programadores de llaves, carcasas de llaves de coche, cerraduras de coche, herramientas de cerrajer\u00eda y dem\u00e1s. Adem\u00e1s, nuestra empresa cuenta con un equipo profesional y l\u00ednea de producci\u00f3n. Adem\u00e1s, nos especializamos en la fabricaci\u00f3n de varias llaves de coche, carcasas de llaves de coche y herramientas de cerrajer\u00eda. Tambi\u00e9n nos encargamos del desarrollo, fabricaci\u00f3n y venta al por mayor de productos de seguridad y protecci\u00f3n para autom\u00f3viles.<\/p>\n<p>Precios competitivos y servicios dedicados te ayudar\u00e1n a ganar un buen mercado. Adem\u00e1s, un equipo de m\u00e1s de 10 j\u00f3venes y en\u00e9rgicos vendedores ofrece un servicio r\u00e1pido, profesional y amigable en cualquier momento. Adem\u00e1s, todos nuestros productos se env\u00edan directamente desde el almac\u00e9n en Espa\u00f1a, Canad\u00e1 y M\u00e9xico. Por lo tanto, los productos que compres ser\u00e1n empaquetados y enviados en 48 horas despu\u00e9s de realizar el pedido. M\u00e1s de 100% de nuestros productos est\u00e1n en stock, y el inventario es suficiente.<\/p>","protected":false},"excerpt":{"rendered":"<ul>\n<li>SKU: CA-GM257<\/li>\n<li>ID FCC: KOBUT1BT<\/li>\n<li>PN: 15732805, 25628814, 25668603, 25678792, 15732805, 25656444, 25656445, 25665574, 25665575<\/li>\n<li>Frecuencia: 315MHz<\/li>\n<li>Botones: Bloquear, Desbloquear, P\u00e1nico, 2x Trasero<\/li>\n<\/ul>","protected":false},"featured_media":21150,"comment_status":"open","ping_status":"closed","template":"","meta":{"_bst_post_transparent":"default","_bst_post_title":"","_bst_post_layout":"default","_bst_post_sidebar_id":"","_bst_post_content_style":"default","_bst_post_vertical_padding":"default","_bst_post_feature":"","_bst_post_feature_position":"","_bst_post_header":false,"_bst_post_footer":false},"product_brand":[],"product_cat":[15,151,149,150,152,372,373],"product_tag":[],"2_year_make_model":[],"class_list":{"0":"post-14990","1":"product","2":"type-product","3":"status-publish","4":"has-post-thumbnail","6":"product_cat-carkeyremote","7":"product_cat-for-buick","8":"product_cat-for-cadillac","9":"product_cat-for-chevrolet","10":"product_cat-for-gmc","11":"product_cat-for-oldmobile","12":"product_cat-for-pontiac","14":"first","15":"instock","16":"sale","17":"shipping-taxable","18":"purchasable","19":"product-type-simple","20":"entry","21":"content-bg","22":"loop-entry"},"_links":{"self":[{"href":"https:\/\/keylessbest.com\/es\/wp-json\/wp\/v2\/product\/14990","targetHints":{"allow":["GET"]}}],"collection":[{"href":"https:\/\/keylessbest.com\/es\/wp-json\/wp\/v2\/product"}],"about":[{"href":"https:\/\/keylessbest.com\/es\/wp-json\/wp\/v2\/types\/product"}],"replies":[{"embeddable":true,"href":"https:\/\/keylessbest.com\/es\/wp-json\/wp\/v2\/comments?post=14990"}],"version-history":[{"count":3,"href":"https:\/\/keylessbest.com\/es\/wp-json\/wp\/v2\/product\/14990\/revisions"}],"predecessor-version":[{"id":19440,"href":"https:\/\/keylessbest.com\/es\/wp-json\/wp\/v2\/product\/14990\/revisions\/19440"}],"wp:featuredmedia":[{"embeddable":true,"href":"https:\/\/keylessbest.com\/es\/wp-json\/wp\/v2\/media\/21150"}],"wp:attachment":[{"href":"https:\/\/keylessbest.com\/es\/wp-json\/wp\/v2\/media?parent=14990"}],"wp:term":[{"taxonomy":"product_brand","embeddable":true,"href":"https:\/\/keylessbest.com\/es\/wp-json\/wp\/v2\/product_brand?post=14990"},{"taxonomy":"product_cat","embeddable":true,"href":"https:\/\/keylessbest.com\/es\/wp-json\/wp\/v2\/product_cat?post=14990"},{"taxonomy":"product_tag","embeddable":true,"href":"https:\/\/keylessbest.com\/es\/wp-json\/wp\/v2\/product_tag?post=14990"},{"taxonomy":"2_year_make_model","embeddable":true,"href":"https:\/\/keylessbest.com\/es\/wp-json\/wp\/v2\/2_year_make_model?post=14990"}],"curies":[{"name":"wp","href":"https:\/\/api.w.org\/{rel}","templated":true}]}}