{"id":15038,"date":"2025-08-19T08:56:00","date_gmt":"2025-08-19T08:56:00","guid":{"rendered":"https:\/\/hanwuji.shengjit.com\/?post_type=product&#038;p=15038"},"modified":"2026-02-13T06:02:11","modified_gmt":"2026-02-13T06:02:11","slug":"llavero-lexus-2004-2010-hyq12bbt-3144mhz-para-keylessbest","status":"publish","type":"product","link":"https:\/\/keylessbest.com\/es\/producto\/llavero-lexus-2004-2010-hyq12bbt-3144mhz-para-keylessbest\/","title":{"rendered":"Llavero de Lexus 2004-2010 HYQ12BBT 314.4MHz para Keylessbest"},"content":{"rendered":"<p>*La informaci\u00f3n detallada de este llavero sin llave para Lexus de 2004-2010 es la siguiente. Por favor, confirme que los siguientes detalles coinciden con su veh\u00edculo antes de realizar el pedido: ID FCC, N\u00famero de Parte, A\u00f1o Modelo, IC, Frecuencia, Chip y Botones.<\/p>\n<h6><strong><b>Informaci\u00f3n del Producto: <\/b><\/strong><\/h6>\n<ul>\n<li>ID FCC: HYQ12BBT<\/li>\n<li>PN: RHK-LEXUS-3B2 89070-48821 89070-48820<\/li>\n<li>IC: 1551A-12BBT<\/li>\n<li>Frecuencia: 314.4MHz<\/li>\n<li>Chip: 4D 68<\/li>\n<li>Botones: Bloquear, Desbloquear, Maletero<\/li>\n<li>Bater\u00eda: CR2016<\/li>\n<\/ul>\n<h6><strong><b>El modelo de referencia:<\/b><\/strong><\/h6>\n<ul>\n<li>Lexus ES330 de 2004 a 2007<\/li>\n<li>Lexus RX330 de 2004 a 2006<\/li>\n<li><a href=\"https:\/\/keylessbest.com\/es\/producto\/2009-2014-toyota-avalon-camry-corolla-mando-de-entrada-sin-llave-de-3-botones-hyq14aem-pn-89904-0r060-89904-60770-89904-0r090-89904-42140__trashed\/\" data-wpil-monitor-id=\"606\">2007 &#8211; 2009<\/a> Lexus RX350<\/li>\n<li>Lexus RX400h de 2006 a 2008<\/li>\n<li>Lexus RX450h de 2010<\/li>\n<\/ul>\n<h6><strong><b>Incluye en el paquete:<\/b><\/strong><\/h6>\n<ul>\n<li>Un nuevo recambio <a href=\"https:\/\/keylessbest.com\/es\/producto\/ford-fiesta-2011-2017-mando-de-entrada-sin-llave-de-3-botones-kr55wk47899-pn164-r8042-remoto-y-hoja-164-r8043-hoja-164-r8042-164-r8039-5913139-5914117-4d63-80bit__trashed\/\" data-wpil-monitor-id=\"609\">mando a distancia sin llave<\/a><\/li>\n<li>Una llave de inserci\u00f3n de emergencia del mercado de accesorios gratuita<\/li>\n<li>Todos los transmisores vienen con una bater\u00eda<\/li>\n<li>Todas las unidades son probadas antes del env\u00edo<\/li>\n<li>Garant\u00eda de satisfacci\u00f3n y garant\u00eda de 2 a\u00f1os 100%<\/li>\n<\/ul>\n<h6><strong><b>Nota:<\/b><\/strong><\/h6>\n<ul>\n<li>El llavero inteligente Lexus de 2004-2010 <a href=\"https:\/\/keylessbest.com\/es\/producto\/1999-2004-acura-cl-tl-rl-mando-de-entrada-sin-llave-de-4-botones-e4eg8d-444h-a-reemplaza-pn-72147-s0k-a23-72147-s0k-a13__trashed\/\" data-wpil-monitor-id=\"607\">reemplazo del mando de entrada sin llave<\/a> \u2013 \u00a0\u00a0sin \u00a0logo, con \u00a0una \u00a0llave de inserci\u00f3n de emergencia sin cortar incluida.<\/li>\n<li>No cortamos ni programamos el <a href=\"https:\/\/keylessbest.com\/es\/tienda-de-llaves-y-llaveros-sin-llave-de-keylessbestcarkeyfobshop\/\" data-wpil-monitor-id=\"611\">llave remota<\/a>.Adem\u00e1s, para conocer los precios, p\u00f3ngase en contacto con el cerrajero o concesionario local.<\/li>\n<li>Este transmisor es compatible con veh\u00edculos que cuentan con un bot\u00f3n de encendido\/apagado en el tablero o un encendido con perilla giratoria, junto con un proxy <a href=\"https:\/\/keylessbest.com\/es\/producto\/chevrolet-volt-cruze-2016-2022-nuevo-modelo-traverse-camaro-malibu-cruze-xl8-sistemas-unicamente-control-remoto-de-entrada-sin-llave-de-4-botones-hyq4ea-pn-13508771-13584504-13529660-46\/\" data-wpil-monitor-id=\"610\">entrada sin llave<\/a> sistema.<\/li>\n<li>El precio es por una unidad completa <a href=\"https:\/\/keylessbest.com\/es\/producto\/2015-2021-jeep-renegade-mando-de-entrada-sin-llave-de-5-botones-m3n-40821302-reemplaza-pn-6mp33dx9aa-id-47-4a__trashed\/\" data-wpil-monitor-id=\"608\">llave de entrada sin llave de reemplazo<\/a>, llave de emergencia incluida.<\/li>\n<li>Por lo tanto, recomendamos encarecidamente que haga programar su llavero por un cerrajero profesional o concesionario.<\/li>\n<\/ul>\n<h6><strong><b>\u00a0Recursos de programaci\u00f3n\u00a0<\/b><\/strong><\/h6>\n<p><a href=\"http:\/\/programyourfob.com\/?list_21\/\" target=\"_blank\" rel=\"noopener\">http:\/\/programyourfob.com\/?list_21\/<\/a><\/p>\n<p>Gracias por elegirnos.<\/p>\n<p>Somos uno de los fabricantes m\u00e1s profesionales de llaves de coche, sistemas de entrada sin llave, <a href=\"https:\/\/keylessbest.com\/es\/producto\/2011-2021-dodge-chrysler-fiat-cargador-dart-challenger-300-200-500x-journey-durango-cargador-challenger-srt-hellcat-mando-de-entrada-sin-llave-4-botones-m3n-40821302-m3n40821302-pn-68066350ad-6806\/\" data-wpil-monitor-id=\"605\">control remoto de llave de coche<\/a>, chips transpondedores, programadores de llaves, carcasas de llaves de coche, cerraduras de coche, herramientas de cerrajer\u00eda y m\u00e1s. Adem\u00e1s, nuestra empresa cuenta con un equipo profesional y una l\u00ednea de producci\u00f3n. Adem\u00e1s, nos especializamos en la fabricaci\u00f3n de diversos <a href=\"https:\/\/keylessbest.com\/es\/que-hacer-si-pierdes-las-llaves-del-coche-guia-paso-a-paso-2025\/\" data-wpil-monitor-id=\"612\">llavero de coche<\/a>s, carcasas de llaves de coche y herramientas de cerrajer\u00eda. Tambi\u00e9n nos encargamos del desarrollo, la fabricaci\u00f3n y la venta al por mayor de productos de seguridad y protecci\u00f3n para autom\u00f3viles.<\/p>\n<p>Precios competitivos y servicios dedicados le ayudar\u00e1n a obtener un buen mercado. Adem\u00e1s, un equipo de ventas joven y en\u00e9rgico ofrece un servicio r\u00e1pido, profesional y amigable en cualquier momento. Adem\u00e1s, todos nuestros productos se env\u00edan directamente desde el almac\u00e9n en Espa\u00f1a, Canad\u00e1 y M\u00e9xico. Por lo tanto, los productos que compre ser\u00e1n empaquetados y enviados en 48 horas despu\u00e9s de realizar el pedido. M\u00e1s de 100% de nuestros productos est\u00e1n en stock, y el inventario es suficiente.<\/p>","protected":false},"excerpt":{"rendered":"<ul>\n<li>SKU: CA-TA362<\/li>\n<li>ID FCC: HYQ12BBT<\/li>\n<li>PN: RHK-LEXUS-3B2 89070-48821 89070-48820<\/li>\n<li>IC: 1551A-12BBT<\/li>\n<li>Frecuencia: 314.4MHz<\/li>\n<li>Chip: 4D 68<\/li>\n<li>Botones: Bloquear, Desbloquear, Maletero<\/li>\n<li>Bater\u00eda: CR2016<\/li>\n<\/ul>","protected":false},"featured_media":21270,"comment_status":"open","ping_status":"closed","template":"","meta":{"_bst_post_transparent":"default","_bst_post_title":"","_bst_post_layout":"default","_bst_post_sidebar_id":"","_bst_post_content_style":"default","_bst_post_vertical_padding":"default","_bst_post_feature":"","_bst_post_feature_position":"","_bst_post_header":false,"_bst_post_footer":false},"product_brand":[],"product_cat":[15,384],"product_tag":[],"2_year_make_model":[],"class_list":{"0":"post-15038","1":"product","2":"type-product","3":"status-publish","4":"has-post-thumbnail","6":"product_cat-carkeyremote","7":"product_cat-for-lexus","9":"first","10":"instock","11":"sale","12":"shipping-taxable","13":"purchasable","14":"product-type-simple","15":"entry","16":"content-bg","17":"loop-entry"},"_links":{"self":[{"href":"https:\/\/keylessbest.com\/es\/wp-json\/wp\/v2\/product\/15038","targetHints":{"allow":["GET"]}}],"collection":[{"href":"https:\/\/keylessbest.com\/es\/wp-json\/wp\/v2\/product"}],"about":[{"href":"https:\/\/keylessbest.com\/es\/wp-json\/wp\/v2\/types\/product"}],"replies":[{"embeddable":true,"href":"https:\/\/keylessbest.com\/es\/wp-json\/wp\/v2\/comments?post=15038"}],"version-history":[{"count":3,"href":"https:\/\/keylessbest.com\/es\/wp-json\/wp\/v2\/product\/15038\/revisions"}],"predecessor-version":[{"id":19751,"href":"https:\/\/keylessbest.com\/es\/wp-json\/wp\/v2\/product\/15038\/revisions\/19751"}],"wp:featuredmedia":[{"embeddable":true,"href":"https:\/\/keylessbest.com\/es\/wp-json\/wp\/v2\/media\/21270"}],"wp:attachment":[{"href":"https:\/\/keylessbest.com\/es\/wp-json\/wp\/v2\/media?parent=15038"}],"wp:term":[{"taxonomy":"product_brand","embeddable":true,"href":"https:\/\/keylessbest.com\/es\/wp-json\/wp\/v2\/product_brand?post=15038"},{"taxonomy":"product_cat","embeddable":true,"href":"https:\/\/keylessbest.com\/es\/wp-json\/wp\/v2\/product_cat?post=15038"},{"taxonomy":"product_tag","embeddable":true,"href":"https:\/\/keylessbest.com\/es\/wp-json\/wp\/v2\/product_tag?post=15038"},{"taxonomy":"2_year_make_model","embeddable":true,"href":"https:\/\/keylessbest.com\/es\/wp-json\/wp\/v2\/2_year_make_model?post=15038"}],"curies":[{"name":"wp","href":"https:\/\/api.w.org\/{rel}","templated":true}]}}