{"id":15235,"date":"2025-08-19T08:59:58","date_gmt":"2025-08-19T08:59:58","guid":{"rendered":"https:\/\/hanwuji.shengjit.com\/?post_type=product&#038;p=15235"},"modified":"2026-02-13T02:03:11","modified_gmt":"2026-02-13T02:03:11","slug":"llavero-de-nissan-2012-2016-285e3-3aa0a-315mhz-para-keylessbest","status":"publish","type":"product","link":"https:\/\/keylessbest.com\/es\/producto\/llavero-de-nissan-2012-2016-285e3-3aa0a-315mhz-para-keylessbest\/","title":{"rendered":"Llavero de Nissan 2012-2016 285E3-3AA0A 315MHz para Keylessbest"},"content":{"rendered":"<p>*La informaci\u00f3n detallada de este llavero remoto sin llave de 2012 a 2016 de NISSAN es la siguiente. Por favor, confirme que los siguientes detalles coinciden con su veh\u00edculo antes de realizar el pedido: FCC ID, N\u00famero de Parte, Modelo A\u00f1o, IC, Frecuencia, Chip y Botones.<\/p>\n<h6><strong><b>Informaci\u00f3n del Producto: <\/b><\/strong><\/h6>\n<ul>\n<li>ID de FCC: CWTWB1U815<\/li>\n<li>PN: 285E3-3AA0A<\/li>\n<li>IC: 1788D-FWB1U815<\/li>\n<li>Frecuencia: 315MHz<\/li>\n<li>Chip:ID46<\/li>\n<li>BotonesDesbloqueo, Bloqueo, P\u00e1nico, Maletero<\/li>\n<\/ul>\n<h6><strong><b>El modelo de referencia:<\/b><\/strong><\/h6>\n<ul>\n<li>2012 2013 2014 2015 2016<br \/>\nNISSAN SENTRA<br \/>\nNISSAN VERSAImportante: Hay 2 mandos posibles para el Sentra de 2013 (CWTWB1U840 y CWTWB1U815) \u2013 por favor, compare el FCC ID con la llave original. La mayor\u00eda de los veh\u00edculos fabricados antes de 5\/13 usar\u00e1n CWTWB1U815. La mayor\u00eda de los veh\u00edculos fabricados despu\u00e9s de 5\/13 usar\u00e1n CWTWB1U840. Por favor, verifique antes de comprar.<\/li>\n<\/ul>\n<h6><strong><b>Incluye en el paquete:<\/b><\/strong><\/h6>\n<ul>\n<li>Un nuevo mando a distancia sin llave del mercado de accesorios<\/li>\n<li>Una llave de inserci\u00f3n de emergencia del mercado de accesorios gratuita<\/li>\n<li>Todos los transmisores vienen con una bater\u00eda<\/li>\n<li>Todas las unidades son probadas antes del env\u00edo<\/li>\n<li>Garant\u00eda de satisfacci\u00f3n y garant\u00eda de 2 a\u00f1os 100%<\/li>\n<\/ul>\n<h6><strong><b>Nota:<\/b><\/strong><\/h6>\n<ul>\n<li>El reemplazo del llavero de entrada sin llave inteligente de 2012 a 2016 de NISSAN \u2013 sin logotipo, con una llave de inserci\u00f3n de emergencia sin cortar incluida.<\/li>\n<li>No cortamos ni programamos la llave remota. Adem\u00e1s, para precios, por favor contacte con un cerrajero local o concesionario.<\/li>\n<li>Este transmisor es compatible con veh\u00edculos que cuentan con un bot\u00f3n de arranque\/parada en el tablero o encendido con perilla giratoria, junto con un sistema de entrada sin llave proxy.<\/li>\n<li>El precio es por un mando de entrada sin llave completo de reemplazo, incluyendo la llave de emergencia.<\/li>\n<li>Por lo tanto, recomendamos encarecidamente que su llavero sea programado por un cerrajero profesional o distribuidor.<\/li>\n<\/ul>\n<h6><strong><b>Recursos de programaci\u00f3n<\/b><\/strong><\/h6>\n<p><a href=\"http:\/\/programyourfob.com\/?list_26\/\" target=\"_blank\" rel=\"noopener\">http:\/\/programyourfob.com\/?list_26\/<\/a><\/p>\n<p>Gracias por elegirnos.<\/p>\n<p>Somos uno de los fabricantes m\u00e1s profesionales de llaves de coche, sistemas de entrada sin llave, mandos a distancia para llaves de coche, chips transpondedores, programadores de llaves, carcasas de llaves de coche, cerraduras de coche, herramientas de cerrajero y m\u00e1s. Adem\u00e1s, nuestra empresa cuenta con un equipo profesional y l\u00ednea de producci\u00f3n. Asimismo, nos especializamos en la producci\u00f3n de varias llaves de coche, carcasas de llaves y herramientas de cerrajero. Tambi\u00e9n nos encargamos del desarrollo, fabricaci\u00f3n y venta al por mayor de productos de seguridad y protecci\u00f3n para autom\u00f3viles.<\/p>\n<p>Precios competitivos y servicios dedicados te ayudar\u00e1n a ganar un buen mercado. Adem\u00e1s, un equipo de m\u00e1s de 10 j\u00f3venes y en\u00e9rgicos vendedores ofrece un servicio r\u00e1pido, profesional y amigable en cualquier momento. Adem\u00e1s, todos nuestros productos se env\u00edan directamente desde el almac\u00e9n en Espa\u00f1a, Canad\u00e1 y M\u00e9xico. Por lo tanto, los productos que compres ser\u00e1n empaquetados y enviados en 48 horas despu\u00e9s de realizar el pedido. M\u00e1s de 100% de nuestros productos est\u00e1n en stock, y el inventario es suficiente.<\/p>","protected":false},"excerpt":{"rendered":"<ul>\n<li>SKU: CA-NS286<\/li>\n<li>ID de FCC: CWTWB1U815<\/li>\n<li>PN: 285E3-3AA0A<\/li>\n<li>IC: 1788D-FWB1U815<\/li>\n<li>Frecuencia: 315MHz<\/li>\n<li>Chip:ID46<\/li>\n<li>BotonesDesbloqueo, Bloqueo, P\u00e1nico, Maletero<\/li>\n<\/ul>","protected":false},"featured_media":21169,"comment_status":"open","ping_status":"closed","template":"","meta":{"_bst_post_transparent":"default","_bst_post_title":"","_bst_post_layout":"default","_bst_post_sidebar_id":"","_bst_post_content_style":"default","_bst_post_vertical_padding":"default","_bst_post_feature":"","_bst_post_feature_position":"","_bst_post_header":false,"_bst_post_footer":false},"product_brand":[],"product_cat":[15,160],"product_tag":[],"2_year_make_model":[],"class_list":{"0":"post-15235","1":"product","2":"type-product","3":"status-publish","4":"has-post-thumbnail","6":"product_cat-carkeyremote","7":"product_cat-for-nissan","9":"first","10":"instock","11":"sale","12":"shipping-taxable","13":"purchasable","14":"product-type-simple","15":"entry","16":"content-bg","17":"loop-entry"},"_links":{"self":[{"href":"https:\/\/keylessbest.com\/es\/wp-json\/wp\/v2\/product\/15235","targetHints":{"allow":["GET"]}}],"collection":[{"href":"https:\/\/keylessbest.com\/es\/wp-json\/wp\/v2\/product"}],"about":[{"href":"https:\/\/keylessbest.com\/es\/wp-json\/wp\/v2\/types\/product"}],"replies":[{"embeddable":true,"href":"https:\/\/keylessbest.com\/es\/wp-json\/wp\/v2\/comments?post=15235"}],"version-history":[{"count":2,"href":"https:\/\/keylessbest.com\/es\/wp-json\/wp\/v2\/product\/15235\/revisions"}],"predecessor-version":[{"id":20034,"href":"https:\/\/keylessbest.com\/es\/wp-json\/wp\/v2\/product\/15235\/revisions\/20034"}],"wp:featuredmedia":[{"embeddable":true,"href":"https:\/\/keylessbest.com\/es\/wp-json\/wp\/v2\/media\/21169"}],"wp:attachment":[{"href":"https:\/\/keylessbest.com\/es\/wp-json\/wp\/v2\/media?parent=15235"}],"wp:term":[{"taxonomy":"product_brand","embeddable":true,"href":"https:\/\/keylessbest.com\/es\/wp-json\/wp\/v2\/product_brand?post=15235"},{"taxonomy":"product_cat","embeddable":true,"href":"https:\/\/keylessbest.com\/es\/wp-json\/wp\/v2\/product_cat?post=15235"},{"taxonomy":"product_tag","embeddable":true,"href":"https:\/\/keylessbest.com\/es\/wp-json\/wp\/v2\/product_tag?post=15235"},{"taxonomy":"2_year_make_model","embeddable":true,"href":"https:\/\/keylessbest.com\/es\/wp-json\/wp\/v2\/2_year_make_model?post=15235"}],"curies":[{"name":"wp","href":"https:\/\/api.w.org\/{rel}","templated":true}]}}