{"id":15752,"date":"2025-08-19T09:08:08","date_gmt":"2025-08-19T09:08:08","guid":{"rendered":"https:\/\/hanwuji.shengjit.com\/?post_type=product&#038;p=15752"},"modified":"2026-02-12T07:07:19","modified_gmt":"2026-02-12T07:07:19","slug":"1999-2009-llavero-bmw-lx8fzv-315mhz-para-entrada-sin-llave-mejor-2","status":"publish","type":"product","link":"https:\/\/keylessbest.com\/es\/producto\/1999-2009-llavero-bmw-lx8fzv-315mhz-para-entrada-sin-llave-mejor-2\/","title":{"rendered":"Llavero BMW 1999-2009 LX8FZV 315MHz para Keylessbest"},"content":{"rendered":"<p>*La informaci\u00f3n detallada de este llavero sin llave BMW de 1999-2009 es la siguiente. Por favor, confirme que los siguientes detalles coinciden con su veh\u00edculo antes de realizar el pedido: ID FCC, N\u00famero de pieza, <span style=\"font-size: 16px; font-style: normal; font-weight: 400;\">\u00a0<\/span><span style=\"font-size: 16px; font-style: normal; font-weight: 400;\">Modelo del a\u00f1o,<\/span><span style=\"font-size: 16px; font-style: normal; font-weight: 400;\">IC,<\/span><span style=\"font-size: 16px; font-style: normal; font-weight: 400;\">\u00a0<\/span><span style=\"font-size: 16px;\">Frecuencia, Chip y Botones.<\/span><\/p>\n<h6><strong><b>Informaci\u00f3n del Producto:<\/b><\/strong><\/h6>\n<ul>\n<li style=\"font-size: 16px;\">FCC ID: LX8FZV<\/li>\n<li style=\"font-size: 16px;\">PN: 6955750<\/li>\n<li style=\"font-size: 16px;\">IC: BMW6955750<\/li>\n<li>Frecuencia: 315MHz<\/li>\n<li>Chip: PCF7935 44 Chip<\/li>\n<li style=\"font-size: 16px;\">Botones: Bloquear, Desbloquear, Maletero, P\u00e1nico<\/li>\n<\/ul>\n<h6><strong><b>El modelo de referencia<\/b><\/strong><strong><b>\uff1a<\/b><\/strong><\/h6>\n<ul>\n<li>BMW Serie 3 de 1999 a 2005<\/li>\n<li>BMW Serie 5 de 1999 a 2005<\/li>\n<li>BMW Serie 6 de 2004 a 2005<\/li>\n<li>BMW Serie 7 de 1999 a 2005<\/li>\n<li>BMW M3 de 1999 a 2005<\/li>\n<li><a href=\"https:\/\/keylessbest.com\/es\/producto\/1999-2004-acura-cl-tl-rl-mando-de-entrada-sin-llave-de-4-botones-e4eg8d-444h-a-reemplaza-pn-72147-s0k-a23-72147-s0k-a13__trashed\/\" data-wpil-monitor-id=\"459\">2000 &#8211; 2003<\/a> BMW Z8<\/li>\n<li>BMW Z3 de 2000 a 2002<\/li>\n<li>BMW X5 de 2000 a 2006<\/li>\n<li>BMW M5 de 2000 a 2003<\/li>\n<li>BMW X3 de 2003 a 2009<\/li>\n<li>BMW Z4 de 2002 a 2009<br \/>\nTenga en cuenta: la parte remota requiere programaci\u00f3n en el veh\u00edculo por separado<\/li>\n<\/ul>\n<h6><strong><b>Incluye en el paquete:<\/b><\/strong><\/h6>\n<ul>\n<li>Un nuevo mando a distancia sin llave del mercado de accesorios<\/li>\n<li>Una llave de inserci\u00f3n de emergencia del mercado de accesorios gratuita<\/li>\n<li>Todos los transmisores vienen con una bater\u00eda<\/li>\n<li>Todas las unidades son probadas antes del env\u00edo<\/li>\n<li>Garant\u00eda de satisfacci\u00f3n y garant\u00eda de 2 a\u00f1os 100%<\/li>\n<\/ul>\n<h6><strong><b>Nota:<\/b><\/strong><\/h6>\n<ul>\n<li>El BMW inteligente de 1999-2009 <a href=\"https:\/\/keylessbest.com\/es\/producto\/2009-2014-toyota-avalon-camry-corolla-mando-de-entrada-sin-llave-de-3-botones-hyq14aem-pn-89904-0r060-89904-60770-89904-0r090-89904-42140__trashed\/\" data-wpil-monitor-id=\"460\">llavero de entrada sin llave<\/a> reemplazo \u2013 sin logotipo, con una llave de emergencia sin cortar incluida.<\/li>\n<li>No cortamos ni programamos la llave remota. Adem\u00e1s, para precios, por favor contacte con un cerrajero local o concesionario.<\/li>\n<li>Este transmisor es compatible con veh\u00edculos que cuentan con un bot\u00f3n de arranque\/parada en el tablero o una llave de giro, junto con un sistema de entrada sin llave proxy.<\/li>\n<li>El precio es por un mando de entrada sin llave completo de reemplazo, incluyendo la llave de emergencia.<\/li>\n<li>Por lo tanto, recomendamos encarecidamente que haga que su <a href=\"https:\/\/keylessbest.com\/es\/como-programar-un-mando-a-distancia-de-coche-rapido-y-facil-pasos-de-bricolaje-para-cualquier-coche\/\" data-wpil-monitor-id=\"461\">PROGRAMEN SU LLAVERO<\/a> por un cerrajero profesional o distribuidor.<\/li>\n<\/ul>\n<h6><strong>Recursos de programaci\u00f3n\uff1a<\/strong><\/h6>\n<p><a href=\"http:\/\/www.programyourfob.com\/?list_3\/\" target=\"_blank\" rel=\"noopener\">BMW-Cambrian (Liaoning) Tecnolog\u00eda Electr\u00f3nica S.L.<\/a><\/p>\n<p>Gracias por elegirnos.<\/p>\n<p>Somos uno de los fabricantes m\u00e1s profesionales de llaves de coche, sistema de entrada sin llave, <a href=\"https:\/\/keylessbest.com\/es\/producto\/nissan-infiniti-350z-altima-armada-maxima-murano-pathfinder-sentra-versa-quest-ex35-fx35-fx45-g35-i35-qx56-de-2002-a-2017-mando-de-entrada-sin-llave-con-4-botones-kbrastu15-cwtwb1u415-cwtwb1u733-cwtwb\/\" data-wpil-monitor-id=\"458\">control remoto de llave de coche<\/a>, chips transpondedores, programadores de llaves, carcasas de llaves de coche, cerraduras de coche, herramientas de cerrajero y m\u00e1s. Adem\u00e1s, nuestra empresa cuenta con un equipo profesional y l\u00ednea de producci\u00f3n. Adem\u00e1s, nos especializamos en la producci\u00f3n de varias llaves de coche, carcasas de llaves y herramientas de cerrajero. Tambi\u00e9n nos encargamos del desarrollo, fabricaci\u00f3n y venta al por mayor de productos de seguridad y protecci\u00f3n para autom\u00f3viles.<\/p>\n<p>Precios competitivos y servicios dedicados le ayudar\u00e1n a obtener un buen mercado. Adem\u00e1s, un equipo de ventas joven y en\u00e9rgico ofrece un servicio r\u00e1pido, profesional y amigable en cualquier momento. Adem\u00e1s, todos nuestros productos se env\u00edan directamente desde el almac\u00e9n en Espa\u00f1a, Canad\u00e1 y M\u00e9xico. Por lo tanto, los productos que compre ser\u00e1n empaquetados y enviados en 48 horas despu\u00e9s de realizar el pedido. M\u00e1s de 100% de nuestros productos est\u00e1n en stock, y el inventario es suficiente.<\/p>","protected":false},"excerpt":{"rendered":"<ul>\n<li style=\"font-size: 16px;\">SKU: CA-BM200<\/li>\n<li style=\"font-size: 16px;\">FCC ID: LX8FZV<\/li>\n<li style=\"font-size: 16px;\">PN: 6955750<\/li>\n<li style=\"font-size: 16px;\">IC: BMW6955750<\/li>\n<li>Frecuencia: 315MHz<\/li>\n<li>Chip: PCF7935 44 Chip<\/li>\n<li style=\"font-size: 16px;\">Botones: Bloquear, Desbloquear, Maletero, P\u00e1nico<\/li>\n<\/ul>","protected":false},"featured_media":21047,"comment_status":"open","ping_status":"closed","template":"","meta":{"_bst_post_transparent":"default","_bst_post_title":"","_bst_post_layout":"default","_bst_post_sidebar_id":"","_bst_post_content_style":"default","_bst_post_vertical_padding":"default","_bst_post_feature":"","_bst_post_feature_position":"","_bst_post_header":false,"_bst_post_footer":false},"product_brand":[],"product_cat":[15,161],"product_tag":[],"2_year_make_model":[],"class_list":{"0":"post-15752","1":"product","2":"type-product","3":"status-publish","4":"has-post-thumbnail","6":"product_cat-carkeyremote","7":"product_cat-for-bmw","9":"first","10":"instock","11":"sale","12":"shipping-taxable","13":"purchasable","14":"product-type-simple","15":"entry","16":"content-bg","17":"loop-entry"},"_links":{"self":[{"href":"https:\/\/keylessbest.com\/es\/wp-json\/wp\/v2\/product\/15752","targetHints":{"allow":["GET"]}}],"collection":[{"href":"https:\/\/keylessbest.com\/es\/wp-json\/wp\/v2\/product"}],"about":[{"href":"https:\/\/keylessbest.com\/es\/wp-json\/wp\/v2\/types\/product"}],"replies":[{"embeddable":true,"href":"https:\/\/keylessbest.com\/es\/wp-json\/wp\/v2\/comments?post=15752"}],"version-history":[{"count":3,"href":"https:\/\/keylessbest.com\/es\/wp-json\/wp\/v2\/product\/15752\/revisions"}],"predecessor-version":[{"id":20144,"href":"https:\/\/keylessbest.com\/es\/wp-json\/wp\/v2\/product\/15752\/revisions\/20144"}],"wp:featuredmedia":[{"embeddable":true,"href":"https:\/\/keylessbest.com\/es\/wp-json\/wp\/v2\/media\/21047"}],"wp:attachment":[{"href":"https:\/\/keylessbest.com\/es\/wp-json\/wp\/v2\/media?parent=15752"}],"wp:term":[{"taxonomy":"product_brand","embeddable":true,"href":"https:\/\/keylessbest.com\/es\/wp-json\/wp\/v2\/product_brand?post=15752"},{"taxonomy":"product_cat","embeddable":true,"href":"https:\/\/keylessbest.com\/es\/wp-json\/wp\/v2\/product_cat?post=15752"},{"taxonomy":"product_tag","embeddable":true,"href":"https:\/\/keylessbest.com\/es\/wp-json\/wp\/v2\/product_tag?post=15752"},{"taxonomy":"2_year_make_model","embeddable":true,"href":"https:\/\/keylessbest.com\/es\/wp-json\/wp\/v2\/2_year_make_model?post=15752"}],"curies":[{"name":"wp","href":"https:\/\/api.w.org\/{rel}","templated":true}]}}