{"id":16036,"date":"2025-08-19T09:12:28","date_gmt":"2025-08-19T09:12:28","guid":{"rendered":"https:\/\/hanwuji.shengjit.com\/?post_type=product&#038;p=16036"},"modified":"2026-02-26T02:42:37","modified_gmt":"2026-02-26T02:42:37","slug":"2015-2020-gmc-chevrolet-terrain-yukon-yukon-xl-suburban-tahoe-mando-de-entrada-sin-llave-de-5-botones-hyq1aa-pn13584502","status":"publish","type":"product","link":"https:\/\/keylessbest.com\/es\/producto\/2015-2020-gmc-chevrolet-terrain-yukon-yukon-xl-suburban-tahoe-mando-de-entrada-sin-llave-de-5-botones-hyq1aa-pn13584502\/","title":{"rendered":"Llave de entrada sin llave GMC Chevrolet 2015-2020 HYQ1AA PN:13584502"},"content":{"rendered":"<p>*La informaci\u00f3n detallada de este llavero de entrada sin llave para GMC Chevrolet 2015-2020 es la siguiente. Por favor, confirme que los siguientes detalles coinciden con su veh\u00edculo antes de realizar el pedido: ID FCC, N\u00famero de pieza, <span style=\"font-size: 16px; font-style: normal; font-weight: 400;\">\u00a0<\/span><span style=\"font-size: 16px; font-style: normal; font-weight: 400;\">Modelo del a\u00f1o,<\/span><span style=\"font-size: 16px; font-style: normal; font-weight: 400;\">IC,<\/span><span style=\"font-size: 16px; font-style: normal; font-weight: 400;\">\u00a0<\/span><span style=\"font-size: 16px;\">Frecuencia, Chip y Botones.<\/span><\/p>\n<h6><strong><b>Informaci\u00f3n del Producto:<\/b><\/strong><\/h6>\n<ul>\n<li style=\"font-size: 16px;\">ID FCC: HYQ1AA<\/li>\n<li style=\"font-size: 16px;\">PN: 13584502<\/li>\n<li style=\"font-size: 16px;\">IC: 1551A-AA<\/li>\n<li>Frecuencia: 315MHz<\/li>\n<li style=\"font-size: 16px;\">Botones: Bloquear, Desbloquear, Arranque remoto, Port\u00f3n, P\u00e1nico<\/li>\n<\/ul>\n<h6><strong><b>El modelo de referencia<\/b><\/strong><strong><b>\uff1a<\/b><\/strong><\/h6>\n<ul>\n<li>GMC Terrain 2018 \u2013 2020<\/li>\n<li><a href=\"https:\/\/keylessbest.com\/es\/producto\/llave-de-entrada-sin-llave-para-cadillac-ats-ats-v-ct6-ct6-plug-in-cts-cts-v-xts-5-botones-hyq2eb-pn-13598512-13594029s-13510243-46__trashed\/\" data-wpil-monitor-id=\"398\">2015 &#8211; 2019<\/a> GMC Yukon<\/li>\n<li>GMC Yukon XL 2015 \u2013 2019<\/li>\n<li>Chevrolet Suburban 2015 \u2013 2019<\/li>\n<li>Chevrolet Tahoe 2015 \u2013 2019<br \/>\nNOTA: Algunos de los botones pueden no coincidir con el mando a distancia original.<\/li>\n<\/ul>\n<h6><strong><b>Incluye en el paquete:<\/b><\/strong><\/h6>\n<ul>\n<li>Un nuevo mando a distancia sin llave del mercado de accesorios<\/li>\n<li>Una llave de inserci\u00f3n de emergencia del mercado de accesorios gratuita<\/li>\n<li>Todos los transmisores vienen con una bater\u00eda<\/li>\n<li>Todas las unidades son probadas antes del env\u00edo<\/li>\n<li>Garant\u00eda de satisfacci\u00f3n y garant\u00eda de 2 a\u00f1os 100%<\/li>\n<\/ul>\n<h6><strong><b>Nota:<\/b><\/strong><\/h6>\n<ul>\n<li>El llavero de entrada sin llave inteligente de reemplazo para GMC Chevrolet 2015-2020 \u2013 sin logotipo, con una llave de inserci\u00f3n de emergencia sin cortar incluida.<\/li>\n<li>No cortamos ni programamos la llave remota. Adem\u00e1s, para precios, por favor contacte con un cerrajero local o concesionario.<\/li>\n<li>Este transmisor es compatible con veh\u00edculos que cuentan con un bot\u00f3n de arranque\/parada en el tablero o una llave de giro, junto con un sistema de entrada sin llave proxy.<\/li>\n<li>El precio es por una unidad completa <a href=\"https:\/\/keylessbest.com\/es\/producto\/2015-2021-jeep-renegade-mando-de-entrada-sin-llave-de-5-botones-m3n-40821302-reemplaza-pn-6mp33dx9aa-id-47-4a__trashed\/\" data-wpil-monitor-id=\"399\">llave de entrada sin llave de reemplazo<\/a>, llave de emergencia incluida.<\/li>\n<li>Por lo tanto, recomendamos encarecidamente que programe su LLAVERO con un cerrajero profesional o concesionario.<\/li>\n<\/ul>\n<h6><strong>Recursos de programaci\u00f3n\uff1a<\/strong><\/h6>\n<p><a href=\"http:\/\/www.programyourfob.com\/?list_11\/\" target=\"_blank\" rel=\"noopener\">GMC-Cambrian (Liaoning) Electronic Technology Co., Ltd.<\/a><\/p>\n<p><a href=\"http:\/\/www.programyourfob.com\/?list_6\/\" target=\"_blank\" rel=\"noopener\">Chevrolet-Cambrian (Liaoning) Electronic Technology Co., Ltd.<\/a><\/p>\n<p>Gracias por elegirnos.<\/p>\n<p>Somos uno de los fabricantes m\u00e1s profesionales de llaves de coche, sistema de entrada sin llave, <a href=\"https:\/\/keylessbest.com\/es\/producto\/2007-2018-volvo-s60-s60-cross-country-s60l-s80-v60-v60-cross-country-v70-xc60-xc70-mando-de-entrada-sin-llave-de-6-botones-kr55wk49266-pn-30659498-id46\/\" data-wpil-monitor-id=\"397\">control remoto de llave de coche<\/a>, chips transpondedores, programadores de llaves, carcasas de llaves de coche, cerraduras de coche, herramientas de cerrajero y m\u00e1s. Adem\u00e1s, nuestra empresa cuenta con un equipo profesional y l\u00ednea de producci\u00f3n. Adem\u00e1s, nos especializamos en la producci\u00f3n de varias llaves de coche, carcasas de llaves y herramientas de cerrajero. Tambi\u00e9n nos encargamos del desarrollo, fabricaci\u00f3n y venta al por mayor de productos de seguridad y protecci\u00f3n para autom\u00f3viles.<\/p>\n<p>Precios competitivos y servicios dedicados le ayudar\u00e1n a obtener un buen mercado. Adem\u00e1s, un equipo de ventas joven y en\u00e9rgico ofrece un servicio r\u00e1pido, profesional y amigable en cualquier momento. Adem\u00e1s, todos nuestros productos se env\u00edan directamente desde el almac\u00e9n en Espa\u00f1a, Canad\u00e1 y M\u00e9xico. Por lo tanto, los productos que compre ser\u00e1n empaquetados y enviados en 48 horas despu\u00e9s de realizar el pedido. M\u00e1s de 100% de nuestros productos est\u00e1n en stock, y el inventario es suficiente.<\/p>","protected":false},"excerpt":{"rendered":"<ul>\n<li style=\"font-size: 16px;\">SKU: CA-GM534<\/li>\n<li style=\"font-size: 16px;\">ID FCC: HYQ1AA<\/li>\n<li style=\"font-size: 16px;\">PN: 13584502<\/li>\n<li style=\"font-size: 16px;\">IC: 1551A-AA<\/li>\n<li>Frecuencia: 315MHz<\/li>\n<li style=\"font-size: 16px;\">Botones: Bloquear, Desbloquear, Arranque remoto, Port\u00f3n, P\u00e1nico<\/li>\n<\/ul>","protected":false},"featured_media":21662,"comment_status":"open","ping_status":"closed","template":"","meta":{"_bst_post_transparent":"default","_bst_post_title":"","_bst_post_layout":"default","_bst_post_sidebar_id":"","_bst_post_content_style":"default","_bst_post_vertical_padding":"default","_bst_post_feature":"","_bst_post_feature_position":"","_bst_post_header":false,"_bst_post_footer":false},"product_brand":[],"product_cat":[15,150,152],"product_tag":[],"2_year_make_model":[],"class_list":{"0":"post-16036","1":"product","2":"type-product","3":"status-publish","4":"has-post-thumbnail","6":"product_cat-carkeyremote","7":"product_cat-for-chevrolet","8":"product_cat-for-gmc","10":"first","11":"instock","12":"sale","13":"shipping-taxable","14":"purchasable","15":"product-type-simple","16":"entry","17":"content-bg","18":"loop-entry"},"_links":{"self":[{"href":"https:\/\/keylessbest.com\/es\/wp-json\/wp\/v2\/product\/16036","targetHints":{"allow":["GET"]}}],"collection":[{"href":"https:\/\/keylessbest.com\/es\/wp-json\/wp\/v2\/product"}],"about":[{"href":"https:\/\/keylessbest.com\/es\/wp-json\/wp\/v2\/types\/product"}],"replies":[{"embeddable":true,"href":"https:\/\/keylessbest.com\/es\/wp-json\/wp\/v2\/comments?post=16036"}],"version-history":[{"count":1,"href":"https:\/\/keylessbest.com\/es\/wp-json\/wp\/v2\/product\/16036\/revisions"}],"predecessor-version":[{"id":18857,"href":"https:\/\/keylessbest.com\/es\/wp-json\/wp\/v2\/product\/16036\/revisions\/18857"}],"wp:featuredmedia":[{"embeddable":true,"href":"https:\/\/keylessbest.com\/es\/wp-json\/wp\/v2\/media\/21662"}],"wp:attachment":[{"href":"https:\/\/keylessbest.com\/es\/wp-json\/wp\/v2\/media?parent=16036"}],"wp:term":[{"taxonomy":"product_brand","embeddable":true,"href":"https:\/\/keylessbest.com\/es\/wp-json\/wp\/v2\/product_brand?post=16036"},{"taxonomy":"product_cat","embeddable":true,"href":"https:\/\/keylessbest.com\/es\/wp-json\/wp\/v2\/product_cat?post=16036"},{"taxonomy":"product_tag","embeddable":true,"href":"https:\/\/keylessbest.com\/es\/wp-json\/wp\/v2\/product_tag?post=16036"},{"taxonomy":"2_year_make_model","embeddable":true,"href":"https:\/\/keylessbest.com\/es\/wp-json\/wp\/v2\/2_year_make_model?post=16036"}],"curies":[{"name":"wp","href":"https:\/\/api.w.org\/{rel}","templated":true}]}}