{"id":16161,"date":"2025-08-19T09:14:26","date_gmt":"2025-08-19T09:14:26","guid":{"rendered":"https:\/\/hanwuji.shengjit.com\/?post_type=product&#038;p=16161"},"modified":"2026-02-25T07:39:55","modified_gmt":"2026-02-25T07:39:55","slug":"llavero-ford-2013-2020-7812a-5wy8609-para-keylessbest","status":"publish","type":"product","link":"https:\/\/keylessbest.com\/es\/producto\/llavero-ford-2013-2020-7812a-5wy8609-para-keylessbest\/","title":{"rendered":"Llavero de Ford 2013-2020 7812A-5WY8609 para llave sin llave"},"content":{"rendered":"<p>*La informaci\u00f3n detallada de este mando a distancia sin llave para Ford de 2013-2020 es la siguiente. Por favor, confirme que los siguientes detalles coinciden con su veh\u00edculo antes de realizar el pedido: ID FCC, N\u00famero de pieza, <span style=\"font-size: 16px; font-style: normal; font-weight: 400;\">\u00a0<\/span><span style=\"font-size: 16px; font-style: normal; font-weight: 400;\">Modelo del a\u00f1o,<\/span><span style=\"font-size: 16px; font-style: normal; font-weight: 400;\">IC,<\/span><span style=\"font-size: 16px; font-style: normal; font-weight: 400;\">\u00a0<\/span><span style=\"font-size: 16px;\">Frecuencia, Chip y Botones.<\/span><\/p>\n<h6><strong><b>Informaci\u00f3n del Producto:<\/b><\/strong><\/h6>\n<ul>\n<li style=\"font-size: 16px;\">ID FCC: M3N5WY8609<\/li>\n<li style=\"font-size: 16px;\">PN: 164-R7995, CJ5T-15K601-DX, 5923790<\/li>\n<li style=\"font-size: 16px;\">IC: 7812A-5WY8609<\/li>\n<li>Frecuencia: 315MHz<\/li>\n<li>Chip: 83<\/li>\n<li>Clave de prueba: HU101<\/li>\n<li style=\"font-size: 16px;\">Botones: Cerrar, Abrir, P\u00e1nico, Maletero, Arranque remoto<\/li>\n<\/ul>\n<h6><strong><b>El modelo de referencia<\/b><\/strong><strong><b>\uff1a<\/b><\/strong><\/h6>\n<ul>\n<li>Ford Escape Titanium 2013 \u2013 2016<\/li>\n<li>Ford Escape 2017 \u2013 2020<\/li>\n<li>Ford Focus SE y Titanium 2013 \u2013 2016<\/li>\n<li>2017 <a href=\"https:\/\/keylessbest.com\/es\/producto\/2015-2019-ford-focus-mando-de-entrada-sin-llave-de-3-botones-kr5876268-pn-164-r8147-49\/\"  data-wpil-monitor-id=\"356\">Ford Focus<\/a><\/li>\n<li>2013 &#8211; 2017 <a href=\"https:\/\/keylessbest.com\/es\/producto\/ford-c-max-escape-focus-fiesta-transit-transit-connect-expedition-explorer-flex-taurus-de-2011-a-2019-mando-a-distancia-de-entrada-sin-llave-de-4-botones-cwtwb1u793-pn-5922964-164-r8046\/\"  data-wpil-monitor-id=\"357\">Ford C-max<\/a> ENERGI (Veh\u00edculo el\u00e9ctrico)<\/li>\n<li>Ford Focus BEV 2015 \u2013 2017<\/li>\n<li>Ford Maverick 2020 NOTA: Esto no es intercambiable con prox\u2019s que utilizan la hoja de emergencia H75 est\u00e1ndar. Aseg\u00farese de que la llave original que est\u00e1 reemplazando tenga una Llave de Emergencia de Alta Seguridad PN: 164-R8022 (ver foto del producto). Si la llave original ven\u00eda con una Llave de Emergencia H75 Est\u00e1ndar PN: 164-R8041, esta llave no funcionar\u00e1. RSK-FD-HSGLS Repuesto de mercado aftermarket completamente nuevo para:\n<p>ID FCC: M3N5WY8609<\/p>\n<p>Chip: Chip integrado en la placa \/ Mismo funcionamiento<\/p>\n<p>Frecuencia: 315 MHz<\/p>\n<p>Bater\u00eda: CR2032<\/p>\n<p>Botones: Cerrar, Abrir, P\u00e1nico, Maletero, Arranque remoto<\/p>\n<p>Llave de emergencia incluida: EKB-FD-HS-01 \u2013 * Alta Seguridad<\/p>\n<p>Clave de prueba: HU101<\/p>\n<p>Reemplaza PN: 164-R7995, CJ5T-15K601-DX, 5923790<\/p>\n<p>Compatible con los siguientes:<\/p>\n<p>Ford Escape Titanium 2013 \u2013 2016<\/p>\n<p>Ford Escape 2017 \u2013 2020<\/p>\n<p>Ford Focus SE y Titanium 2013 \u2013 2016<\/p>\n<p>Ford Focus 2017<\/p>\n<p>2013 \u2013 2017 Ford C-max ENERGI (Veh\u00edculo el\u00e9ctrico)<\/p>\n<p>Ford Focus BEV 2015 \u2013 2017<\/p>\n<p>2020 Ford Maverick<\/p>\n<p>NOTA: Esto no es intercambiable con las pr\u00f3x\u2019s que usan la hoja de emergencia est\u00e1ndar H75.<\/p>\n<p>Aseg\u00farese de que la llave original que est\u00e1 reemplazando tenga una llave de emergencia de alta seguridad HU101 PN: 164-R8022 (ver foto del producto)<\/p>\n<p>Si la llave original ven\u00eda con una llave de emergencia est\u00e1ndar H75 PN: 164-R8041, entonces esta llave no funcionar\u00e1<\/li>\n<\/ul>\n<h6><strong><b>Incluye en el paquete:<\/b><\/strong><\/h6>\n<ul>\n<li>Un nuevo recambio <a href=\"https:\/\/keylessbest.com\/es\/producto\/ford-fiesta-2011-2017-mando-de-entrada-sin-llave-de-3-botones-kr55wk47899-pn164-r8042-remoto-y-hoja-164-r8043-hoja-164-r8042-164-r8039-5913139-5914117-4d63-80bit__trashed\/\"  data-wpil-monitor-id=\"355\">mando a distancia sin llave<\/a><\/li>\n<li>Una llave de inserci\u00f3n de emergencia del mercado de accesorios gratuita<\/li>\n<li>Todos los transmisores vienen con una bater\u00eda<\/li>\n<li>Todas las unidades son probadas antes del env\u00edo<\/li>\n<li>Garant\u00eda de satisfacci\u00f3n y garant\u00eda de 2 a\u00f1os 100%<\/li>\n<\/ul>\n<h6><strong><b>Nota:<\/b><\/strong><\/h6>\n<ul>\n<li>El Ford inteligente de 2013-2020 <a href=\"https:\/\/keylessbest.com\/es\/producto\/2009-2014-toyota-avalon-camry-corolla-mando-de-entrada-sin-llave-de-3-botones-hyq14aem-pn-89904-0r060-89904-60770-89904-0r090-89904-42140__trashed\/\" data-wpil-monitor-id=\"351\">llavero de entrada sin llave<\/a> reemplazo \u2013 sin logotipo, con una llave de emergencia sin cortar incluida.<\/li>\n<li>No cortamos ni programamos la llave remota. Adem\u00e1s, para precios, por favor contacte con un cerrajero local o concesionario.<\/li>\n<li>Este transmisor es compatible con veh\u00edculos que cuentan con un bot\u00f3n de arranque\/parada en el tablero o un encendido con llave de giro, junto con un sistema de entrada sin llave proxy <a href=\"https:\/\/keylessbest.com\/es\/producto\/chevrolet-volt-cruze-2016-2022-nuevo-modelo-traverse-camaro-malibu-cruze-xl8-sistemas-unicamente-control-remoto-de-entrada-sin-llave-de-4-botones-hyq4ea-pn-13508771-13584504-13529660-46\/\" data-wpil-monitor-id=\"354\">sistema de entrada sin llave<\/a>.<\/li>\n<li>El precio es por una unidad completa <a href=\"https:\/\/keylessbest.com\/es\/producto\/2015-2021-jeep-renegade-mando-de-entrada-sin-llave-de-5-botones-m3n-40821302-reemplaza-pn-6mp33dx9aa-id-47-4a__trashed\/\" data-wpil-monitor-id=\"352\">llave de entrada sin llave de reemplazo<\/a>, llave de emergencia incluida.<\/li>\n<li>Por lo tanto, recomendamos encarecidamente que haga que su <a href=\"https:\/\/keylessbest.com\/es\/como-programar-un-mando-a-distancia-de-coche-rapido-y-facil-pasos-de-bricolaje-para-cualquier-coche\/\" data-wpil-monitor-id=\"353\">PROGRAMEN SU LLAVERO<\/a> por un cerrajero profesional o distribuidor.<\/li>\n<\/ul>\n<h6><strong>Recursos de programaci\u00f3n\uff1a<\/strong><\/h6>\n<p><a href=\"http:\/\/programyourfob.com\/?list_9\/\" target=\"_blank\" rel=\"noopener\">http:\/\/programyourfob.com\/?list_9\/<\/a><\/p>\n<p>Gracias por elegirnos.<\/p>\n<p>Somos uno de los fabricantes m\u00e1s profesionales de llaves de coche, sistema de entrada sin llave, <a href=\"https:\/\/keylessbest.com\/es\/producto\/2019-2023-dodge-ram-pickup-2500-3500-4500-5500-mando-de-entrada-sin-llave-de-3-botones-gq4-76t-pn-68374994ab-68538050aa-68475385aa\/\" data-wpil-monitor-id=\"350\">control remoto de llave de coche<\/a>, chips transpondedores, programadores de llaves, carcasas de llaves de coche, cerraduras de coche, herramientas de cerrajero y m\u00e1s. Adem\u00e1s, nuestra empresa cuenta con un equipo profesional y l\u00ednea de producci\u00f3n. Adem\u00e1s, nos especializamos en la producci\u00f3n de varias llaves de coche, carcasas de llaves y herramientas de cerrajero. Tambi\u00e9n nos encargamos del desarrollo, fabricaci\u00f3n y venta al por mayor de productos de seguridad y protecci\u00f3n para autom\u00f3viles.<\/p>\n<p>Precios competitivos y servicios dedicados le ayudar\u00e1n a obtener un buen mercado. Adem\u00e1s, un equipo de ventas joven y en\u00e9rgico ofrece un servicio r\u00e1pido, profesional y amigable en cualquier momento. Adem\u00e1s, todos nuestros productos se env\u00edan directamente desde el almac\u00e9n en Espa\u00f1a, Canad\u00e1 y M\u00e9xico. Por lo tanto, los productos que compre ser\u00e1n empaquetados y enviados en 48 horas despu\u00e9s de realizar el pedido. M\u00e1s de 100% de nuestros productos est\u00e1n en stock, y el inventario es suficiente.<\/p>","protected":false},"excerpt":{"rendered":"<ul>\n<li style=\"font-size: 16px;\">SKU: CA-FD561<\/li>\n<li style=\"font-size: 16px;\">ID FCC: M3N5WY8609<\/li>\n<li style=\"font-size: 16px;\">PN: 164-R7995, CJ5T-15K601-DX, 5923790<\/li>\n<li style=\"font-size: 16px;\">IC: 7812A-5WY8609<\/li>\n<li>Frecuencia: 315MHz<\/li>\n<li>Chip: 83<\/li>\n<li>Clave de prueba: HU101<\/li>\n<li style=\"font-size: 16px;\">Botones: Cerrar, Abrir, P\u00e1nico, Maletero, Arranque remoto<\/li>\n<\/ul>","protected":false},"featured_media":21595,"comment_status":"open","ping_status":"closed","template":"","meta":{"_bst_post_transparent":"default","_bst_post_title":"","_bst_post_layout":"default","_bst_post_sidebar_id":"","_bst_post_content_style":"default","_bst_post_vertical_padding":"default","_bst_post_feature":"","_bst_post_feature_position":"","_bst_post_header":false,"_bst_post_footer":false},"product_brand":[],"product_cat":[15,156],"product_tag":[],"2_year_make_model":[],"class_list":{"0":"post-16161","1":"product","2":"type-product","3":"status-publish","4":"has-post-thumbnail","6":"product_cat-carkeyremote","7":"product_cat-for-ford","9":"first","10":"instock","11":"sale","12":"shipping-taxable","13":"purchasable","14":"product-type-simple","15":"entry","16":"content-bg","17":"loop-entry"},"_links":{"self":[{"href":"https:\/\/keylessbest.com\/es\/wp-json\/wp\/v2\/product\/16161","targetHints":{"allow":["GET"]}}],"collection":[{"href":"https:\/\/keylessbest.com\/es\/wp-json\/wp\/v2\/product"}],"about":[{"href":"https:\/\/keylessbest.com\/es\/wp-json\/wp\/v2\/types\/product"}],"replies":[{"embeddable":true,"href":"https:\/\/keylessbest.com\/es\/wp-json\/wp\/v2\/comments?post=16161"}],"version-history":[{"count":5,"href":"https:\/\/keylessbest.com\/es\/wp-json\/wp\/v2\/product\/16161\/revisions"}],"predecessor-version":[{"id":19603,"href":"https:\/\/keylessbest.com\/es\/wp-json\/wp\/v2\/product\/16161\/revisions\/19603"}],"wp:featuredmedia":[{"embeddable":true,"href":"https:\/\/keylessbest.com\/es\/wp-json\/wp\/v2\/media\/21595"}],"wp:attachment":[{"href":"https:\/\/keylessbest.com\/es\/wp-json\/wp\/v2\/media?parent=16161"}],"wp:term":[{"taxonomy":"product_brand","embeddable":true,"href":"https:\/\/keylessbest.com\/es\/wp-json\/wp\/v2\/product_brand?post=16161"},{"taxonomy":"product_cat","embeddable":true,"href":"https:\/\/keylessbest.com\/es\/wp-json\/wp\/v2\/product_cat?post=16161"},{"taxonomy":"product_tag","embeddable":true,"href":"https:\/\/keylessbest.com\/es\/wp-json\/wp\/v2\/product_tag?post=16161"},{"taxonomy":"2_year_make_model","embeddable":true,"href":"https:\/\/keylessbest.com\/es\/wp-json\/wp\/v2\/2_year_make_model?post=16161"}],"curies":[{"name":"wp","href":"https:\/\/api.w.org\/{rel}","templated":true}]}}