{"id":16319,"date":"2025-08-19T09:16:54","date_gmt":"2025-08-19T09:16:54","guid":{"rendered":"https:\/\/hanwuji.shengjit.com\/?post_type=product&#038;p=16319"},"modified":"2026-02-23T06:48:58","modified_gmt":"2026-02-23T06:48:58","slug":"2017-2022-ford-llave-fob-m3n-a2c93142300-para-keylessbest","status":"publish","type":"product","link":"https:\/\/keylessbest.com\/es\/producto\/2017-2022-ford-llave-fob-m3n-a2c93142300-para-keylessbest\/","title":{"rendered":"2017-2022 Ford Llave de mando M3N-A2C93142300 para keylessbest"},"content":{"rendered":"<p>*La informaci\u00f3n detallada de este mando a distancia sin llave para Toyota de 2004-2018 es la siguiente. Por favor, confirme que los siguientes detalles coinciden con su veh\u00edculo antes de realizar el pedido: ID FCC, N\u00famero de pieza, A\u00f1o y modelo, IC, Frecuencia, Chip y Botones.<\/p>\n<h6><strong><b>Informaci\u00f3n del Producto:<\/b><\/strong><\/h6>\n<ul>\n<li>ID FCC: M3N-A2C93142300<\/li>\n<li>PN: 164-R8150, 5929506, HS7T-15K601-AC<\/li>\n<li>IC: 7812A-A2C93142300<\/li>\n<li>Frecuencia: 315MHz<\/li>\n<li>Clave de prueba: HU101<\/li>\n<li>Botones: Cerrar, Abrir, P\u00e1nico, Maletero<\/li>\n<li>Bater\u00eda: CR2450<\/li>\n<\/ul>\n<h6><strong><b>El modelo de referencia\uff1a<\/b><\/strong><\/h6>\n<ul>\n<li>Ford Edge 2018 \u2013 2022<\/li>\n<li>Ford Explorer 2018 \u2013 2022<\/li>\n<li>2017 &#8211; 2021 <a href=\"https:\/\/keylessbest.com\/es\/producto\/2015-2017-ford-fusion-edge-explorer-mustang-mando-de-entrada-sin-llave-de-4-botones-m3n-a2c31243800-pn5926060-164-r8109-164-r8120-49\/\" data-wpil-monitor-id=\"335\">Ford Fusion<\/a><\/li>\n<li>Ford Mustang 2018 \u2013 2022<\/li>\n<\/ul>\n<p>NOTA: Esta llave tiene una frecuencia de 315 MHz. Por favor, aseg\u00farese de que coincide la frecuencia. Existe otra versi\u00f3n de esta llave con diferentes frecuencias (902 MHz). Si necesita una con 902 MHz, siga el enlace.<\/p>\n<h6><strong><b>Incluye en el paquete:<\/b><\/strong><\/h6>\n<ul>\n<li>Un nuevo mando a distancia sin llave del mercado de accesorios<\/li>\n<li>Una llave de inserci\u00f3n de emergencia del mercado de accesorios gratuita<\/li>\n<li>Todos los transmisores vienen con una bater\u00eda<\/li>\n<li>Todas las unidades son probadas antes del env\u00edo<\/li>\n<li>Garant\u00eda de satisfacci\u00f3n y garant\u00eda de 2 a\u00f1os 100%<\/li>\n<\/ul>\n<h6><strong><b>Nota:<\/b><\/strong><\/h6>\n<ul>\n<li>El Ford inteligente de 2017-2022 <a href=\"https:\/\/keylessbest.com\/es\/producto\/2021-2024-jeep-grand-cherokee-grand-wagoneer-mando-de-entrada-sin-llave-de-4-botones-m3nwxf0b1-pn-685169738aa-chip-hitag-aes__trashed\/\" data-wpil-monitor-id=\"332\">llavero de entrada sin llave<\/a> reemplazo \u2013 sin logotipo, con una llave de emergencia sin cortar incluida.<\/li>\n<li>No cortamos ni programamos la llave remota. Adem\u00e1s, para precios, por favor contacte con un cerrajero local o concesionario.<\/li>\n<li>Este transmisor es compatible con veh\u00edculos que cuentan con un bot\u00f3n de arranque\/parada en el tablero o una llave de giro, junto con un sistema de entrada sin llave proxy.<\/li>\n<li>El precio es por una unidad completa <a href=\"https:\/\/keylessbest.com\/es\/producto\/2015-2021-jeep-renegade-mando-de-entrada-sin-llave-de-5-botones-m3n-40821302-reemplaza-pn-6mp33dx9aa-id-47-4a__trashed\/\" data-wpil-monitor-id=\"333\">llave de entrada sin llave de reemplazo<\/a>, llave de emergencia incluida.<\/li>\n<li>Por lo tanto, recomendamos encarecidamente que haga que su <a href=\"https:\/\/keylessbest.com\/es\/como-programar-un-mando-a-distancia-de-coche-rapido-y-facil-pasos-de-bricolaje-para-cualquier-coche\/\" data-wpil-monitor-id=\"334\">PROGRAMEN SU LLAVERO<\/a> por un cerrajero profesional o distribuidor.<\/li>\n<\/ul>\n<h6><strong>Recursos de programaci\u00f3n\uff1a<\/strong><\/h6>\n<p><a href=\"http:\/\/programyourfob.com\/?list_9\/\" target=\"_blank\" rel=\"noopener\">http:\/\/programyourfob.com\/?list_9\/<\/a><\/p>\n<p>Gracias por elegirnos.<\/p>\n<p>Somos uno de los fabricantes m\u00e1s profesionales de llaves de coche, sistema de entrada sin llave, <a href=\"https:\/\/keylessbest.com\/es\/producto\/ford-expedition-escape-explorer-maverick-2018-2022-mando-de-entrada-sin-llave-de-4-botones-m3n-a2c931423-pn-164-r8197-5933984-49-hitag-pro__trashed\/\" data-wpil-monitor-id=\"331\">control remoto de llave de coche<\/a>, chips transpondedores, programadores de llaves, carcasas de llaves de coche, cerraduras de coche, herramientas de cerrajero y m\u00e1s. Adem\u00e1s, nuestra empresa cuenta con un equipo profesional y l\u00ednea de producci\u00f3n. Adem\u00e1s, nos especializamos en la producci\u00f3n de varias llaves de coche, carcasas de llaves y herramientas de cerrajero. Tambi\u00e9n nos encargamos del desarrollo, fabricaci\u00f3n y venta al por mayor de productos de seguridad y protecci\u00f3n para autom\u00f3viles.<\/p>\n<p>Precios competitivos y servicios dedicados le ayudar\u00e1n a obtener un buen mercado. Adem\u00e1s, un equipo de ventas joven y en\u00e9rgico ofrece un servicio r\u00e1pido, profesional y amigable en cualquier momento. Adem\u00e1s, todos nuestros productos se env\u00edan directamente desde el almac\u00e9n en Espa\u00f1a, Canad\u00e1 y M\u00e9xico. Por lo tanto, los productos que compre ser\u00e1n empaquetados y enviados en 48 horas despu\u00e9s de realizar el pedido. M\u00e1s de 100% de nuestros productos est\u00e1n en stock, y el inventario es suficiente.<\/p>","protected":false},"excerpt":{"rendered":"<ul>\n<li>SKU: CA-FD820<\/li>\n<li>ID FCC: M3N-A2C93142300<\/li>\n<li>PN: 164-R8150, 5929506, HS7T-15K601-AC<\/li>\n<li>IC: 7812A-A2C93142300<\/li>\n<li>Frecuencia: 315MHz<\/li>\n<li>Clave de prueba: HU101<\/li>\n<li>Botones: Cerrar, Abrir, P\u00e1nico, Maletero<\/li>\n<li>Bater\u00eda: CR2450<\/li>\n<\/ul>","protected":false},"featured_media":21387,"comment_status":"open","ping_status":"closed","template":"","meta":{"_bst_post_transparent":"default","_bst_post_title":"","_bst_post_layout":"default","_bst_post_sidebar_id":"","_bst_post_content_style":"default","_bst_post_vertical_padding":"default","_bst_post_feature":"","_bst_post_feature_position":"","_bst_post_header":false,"_bst_post_footer":false},"product_brand":[],"product_cat":[15,156],"product_tag":[],"2_year_make_model":[],"class_list":{"0":"post-16319","1":"product","2":"type-product","3":"status-publish","4":"has-post-thumbnail","6":"product_cat-carkeyremote","7":"product_cat-for-ford","9":"first","10":"instock","11":"sale","12":"shipping-taxable","13":"purchasable","14":"product-type-simple","15":"entry","16":"content-bg","17":"loop-entry"},"_links":{"self":[{"href":"https:\/\/keylessbest.com\/es\/wp-json\/wp\/v2\/product\/16319","targetHints":{"allow":["GET"]}}],"collection":[{"href":"https:\/\/keylessbest.com\/es\/wp-json\/wp\/v2\/product"}],"about":[{"href":"https:\/\/keylessbest.com\/es\/wp-json\/wp\/v2\/types\/product"}],"replies":[{"embeddable":true,"href":"https:\/\/keylessbest.com\/es\/wp-json\/wp\/v2\/comments?post=16319"}],"version-history":[{"count":2,"href":"https:\/\/keylessbest.com\/es\/wp-json\/wp\/v2\/product\/16319\/revisions"}],"predecessor-version":[{"id":19602,"href":"https:\/\/keylessbest.com\/es\/wp-json\/wp\/v2\/product\/16319\/revisions\/19602"}],"wp:featuredmedia":[{"embeddable":true,"href":"https:\/\/keylessbest.com\/es\/wp-json\/wp\/v2\/media\/21387"}],"wp:attachment":[{"href":"https:\/\/keylessbest.com\/es\/wp-json\/wp\/v2\/media?parent=16319"}],"wp:term":[{"taxonomy":"product_brand","embeddable":true,"href":"https:\/\/keylessbest.com\/es\/wp-json\/wp\/v2\/product_brand?post=16319"},{"taxonomy":"product_cat","embeddable":true,"href":"https:\/\/keylessbest.com\/es\/wp-json\/wp\/v2\/product_cat?post=16319"},{"taxonomy":"product_tag","embeddable":true,"href":"https:\/\/keylessbest.com\/es\/wp-json\/wp\/v2\/product_tag?post=16319"},{"taxonomy":"2_year_make_model","embeddable":true,"href":"https:\/\/keylessbest.com\/es\/wp-json\/wp\/v2\/2_year_make_model?post=16319"}],"curies":[{"name":"wp","href":"https:\/\/api.w.org\/{rel}","templated":true}]}}