{"id":16367,"date":"2025-08-19T09:17:39","date_gmt":"2025-08-19T09:17:39","guid":{"rendered":"https:\/\/hanwuji.shengjit.com\/?post_type=product&#038;p=16367"},"modified":"2026-02-23T06:33:55","modified_gmt":"2026-02-23T06:33:55","slug":"llavero-ford-2018-2022-164-r8197-para-keylessbest","status":"publish","type":"product","link":"https:\/\/keylessbest.com\/es\/producto\/llavero-ford-2018-2022-164-r8197-para-keylessbest\/","title":{"rendered":"Llavero de Ford 2018-2022 164-R8197 para llave sin llave"},"content":{"rendered":"<p>*La informaci\u00f3n detallada de este mando a distancia sin llave para Toyota de 2004-2018 es la siguiente. Por favor, confirme que los siguientes detalles coinciden con su veh\u00edculo antes de realizar el pedido: ID FCC, N\u00famero de pieza, A\u00f1o y modelo, IC, Frecuencia, Chip y Botones.<\/p>\n<h6><strong><b>Informaci\u00f3n del Producto:<\/b><\/strong><\/h6>\n<ul>\n<li>ID FCC: M3N-A2C931423<\/li>\n<li>PN: 164-R8197, 5933984<\/li>\n<li>IC: 7812A-A2C931423<\/li>\n<li>Frecuencia: 315MHz<\/li>\n<li>Chip: 49 HITAG PRO<\/li>\n<li>Clave de prueba: HU101<\/li>\n<li>Botones: Bloquear, Desbloquear, Maletero, P\u00e1nico<\/li>\n<li>Bater\u00eda: CR2450<\/li>\n<\/ul>\n<h6><strong><b>El modelo de referencia\uff1a<\/b><\/strong><\/h6>\n<ul>\n<li>Ford Expedition 2018 \u2013 2022<\/li>\n<li>Ford Escape 2020 \u2013 2022<\/li>\n<li>Ford Explorer 2018 \u2013 2022<\/li>\n<li>Ford Maverick 2022<\/li>\n<\/ul>\n<h6><strong><b>Incluye en el paquete:<\/b><\/strong><\/h6>\n<ul>\n<li>Un nuevo recambio <a href=\"https:\/\/keylessbest.com\/es\/producto\/ford-fiesta-2011-2017-mando-de-entrada-sin-llave-de-3-botones-kr55wk47899-pn164-r8042-remoto-y-hoja-164-r8043-hoja-164-r8042-164-r8039-5913139-5914117-4d63-80bit__trashed\/\" data-wpil-monitor-id=\"324\">mando a distancia sin llave<\/a><\/li>\n<li>Una llave de inserci\u00f3n de emergencia del mercado de accesorios gratuita<\/li>\n<li>Todos los transmisores vienen con una bater\u00eda<\/li>\n<li>Todas las unidades son probadas antes del env\u00edo<\/li>\n<li>Garant\u00eda de satisfacci\u00f3n y garant\u00eda de 2 a\u00f1os 100%<\/li>\n<\/ul>\n<h6><strong><b>Nota:<\/b><\/strong><\/h6>\n<ul>\n<li>El Ford inteligente de 2018-2022 <a href=\"https:\/\/keylessbest.com\/es\/producto\/llave-de-entrada-sin-llave-para-cadillac-ats-ats-v-ct6-ct6-plug-in-cts-cts-v-xts-5-botones-hyq2eb-pn-13598512-13594029s-13510243-46__trashed\/\" data-wpil-monitor-id=\"322\">llavero de entrada sin llave<\/a> reemplazo \u2013 sin logotipo, con una llave de emergencia sin cortar incluida.<\/li>\n<li>No cortamos ni programamos la llave remota. Adem\u00e1s, para precios, por favor contacte con un cerrajero local o concesionario.<\/li>\n<li>Este transmisor es compatible con veh\u00edculos que cuentan con un bot\u00f3n de arranque\/parada en el tablero o un encendido con llave de giro, junto con un sistema de entrada sin llave proxy <a href=\"https:\/\/keylessbest.com\/es\/producto\/chevrolet-volt-cruze-2016-2022-nuevo-modelo-traverse-camaro-malibu-cruze-xl8-sistemas-unicamente-control-remoto-de-entrada-sin-llave-de-4-botones-hyq4ea-pn-13508771-13584504-13529660-46\/\" data-wpil-monitor-id=\"323\">sistema de entrada sin llave<\/a>.<\/li>\n<li>El precio es por un mando de entrada sin llave completo de reemplazo, incluyendo la llave de emergencia.<\/li>\n<li>Por lo tanto, recomendamos encarecidamente que programe su LLAVERO con un cerrajero profesional o concesionario.<\/li>\n<\/ul>\n<h6><strong>Recursos de programaci\u00f3n\uff1a<\/strong><\/h6>\n<p><a href=\"http:\/\/programyourfob.com\/?list_9\/\" target=\"_blank\" rel=\"noopener\">http:\/\/programyourfob.com\/?list_9\/<\/a><\/p>\n<p>Gracias por elegirnos.<\/p>\n<p>Somos uno de los fabricantes m\u00e1s profesionales de llaves de coche, sistema de entrada sin llave, <a href=\"https:\/\/keylessbest.com\/es\/producto\/honda-cr-v-2023-2024-cr-v-hibrido-hr-v-piloto-remoto-de-entrada-sin-llave-de-5-botones-kr5tp-4-pn-72147-t43-a11-72147-3a0-a01__trashed\/\" data-wpil-monitor-id=\"321\">control remoto de llave de coche<\/a>, chips transpondedores, programadores de llaves, carcasas de llaves de coche, cerraduras de coche, herramientas de cerrajero y m\u00e1s. Adem\u00e1s, nuestra empresa cuenta con un equipo profesional y l\u00ednea de producci\u00f3n. Adem\u00e1s, nos especializamos en la producci\u00f3n de varias llaves de coche, carcasas de llaves y herramientas de cerrajero. Tambi\u00e9n nos encargamos del desarrollo, fabricaci\u00f3n y venta al por mayor de productos de seguridad y protecci\u00f3n para autom\u00f3viles.<\/p>\n<p>Precios competitivos y servicios dedicados le ayudar\u00e1n a obtener un buen mercado. Adem\u00e1s, un equipo de ventas joven y en\u00e9rgico ofrece un servicio r\u00e1pido, profesional y amigable en cualquier momento. Adem\u00e1s, todos nuestros productos se env\u00edan directamente desde el almac\u00e9n en Espa\u00f1a, Canad\u00e1 y M\u00e9xico. Por lo tanto, los productos que compre ser\u00e1n empaquetados y enviados en 48 horas despu\u00e9s de realizar el pedido. M\u00e1s de 100% de nuestros productos est\u00e1n en stock, y el inventario es suficiente.<\/p>","protected":false},"excerpt":{"rendered":"<ul>\n<li>SKU: CA-FD822<\/li>\n<li>ID FCC: M3N-A2C931423<\/li>\n<li>PN: 164-R8197, 5933984<\/li>\n<li>IC: 7812A-A2C931423<\/li>\n<li>Frecuencia: 315MHz<\/li>\n<li>Chip: 49 HITAG PRO<\/li>\n<li>Clave de prueba: HU101<\/li>\n<li>Botones: Bloquear, Desbloquear, Maletero, P\u00e1nico<\/li>\n<li>Bater\u00eda: CR2450<\/li>\n<\/ul>","protected":false},"featured_media":21386,"comment_status":"open","ping_status":"closed","template":"","meta":{"_bst_post_transparent":"default","_bst_post_title":"","_bst_post_layout":"default","_bst_post_sidebar_id":"","_bst_post_content_style":"default","_bst_post_vertical_padding":"default","_bst_post_feature":"","_bst_post_feature_position":"","_bst_post_header":false,"_bst_post_footer":false},"product_brand":[],"product_cat":[15,156],"product_tag":[],"2_year_make_model":[],"class_list":{"0":"post-16367","1":"product","2":"type-product","3":"status-publish","4":"has-post-thumbnail","6":"product_cat-carkeyremote","7":"product_cat-for-ford","9":"first","10":"instock","11":"sale","12":"shipping-taxable","13":"purchasable","14":"product-type-simple","15":"entry","16":"content-bg","17":"loop-entry"},"_links":{"self":[{"href":"https:\/\/keylessbest.com\/es\/wp-json\/wp\/v2\/product\/16367","targetHints":{"allow":["GET"]}}],"collection":[{"href":"https:\/\/keylessbest.com\/es\/wp-json\/wp\/v2\/product"}],"about":[{"href":"https:\/\/keylessbest.com\/es\/wp-json\/wp\/v2\/types\/product"}],"replies":[{"embeddable":true,"href":"https:\/\/keylessbest.com\/es\/wp-json\/wp\/v2\/comments?post=16367"}],"version-history":[{"count":2,"href":"https:\/\/keylessbest.com\/es\/wp-json\/wp\/v2\/product\/16367\/revisions"}],"predecessor-version":[{"id":19599,"href":"https:\/\/keylessbest.com\/es\/wp-json\/wp\/v2\/product\/16367\/revisions\/19599"}],"wp:featuredmedia":[{"embeddable":true,"href":"https:\/\/keylessbest.com\/es\/wp-json\/wp\/v2\/media\/21386"}],"wp:attachment":[{"href":"https:\/\/keylessbest.com\/es\/wp-json\/wp\/v2\/media?parent=16367"}],"wp:term":[{"taxonomy":"product_brand","embeddable":true,"href":"https:\/\/keylessbest.com\/es\/wp-json\/wp\/v2\/product_brand?post=16367"},{"taxonomy":"product_cat","embeddable":true,"href":"https:\/\/keylessbest.com\/es\/wp-json\/wp\/v2\/product_cat?post=16367"},{"taxonomy":"product_tag","embeddable":true,"href":"https:\/\/keylessbest.com\/es\/wp-json\/wp\/v2\/product_tag?post=16367"},{"taxonomy":"2_year_make_model","embeddable":true,"href":"https:\/\/keylessbest.com\/es\/wp-json\/wp\/v2\/2_year_make_model?post=16367"}],"curies":[{"name":"wp","href":"https:\/\/api.w.org\/{rel}","templated":true}]}}