{"id":17010,"date":"2025-08-19T09:27:46","date_gmt":"2025-08-19T09:27:46","guid":{"rendered":"https:\/\/hanwuji.shengjit.com\/?post_type=product&#038;p=17010"},"modified":"2026-02-27T05:05:17","modified_gmt":"2026-02-27T05:05:17","slug":"llavero-bmw-2004-2016-267t-5wk49197-434mhz-para-keylessbest","status":"publish","type":"product","link":"https:\/\/keylessbest.com\/es\/producto\/llavero-bmw-2004-2016-267t-5wk49197-434mhz-para-keylessbest\/","title":{"rendered":"Llavero BMW 2004-2016 267T-5WK49197 434MHz para Keylessbest"},"content":{"rendered":"<p>*La informaci\u00f3n detallada de este llavero sin llave para BMW de 2009 a 2016 es la siguiente. Por favor, confirme que los siguientes detalles coinciden con su veh\u00edculo antes de realizar el pedido: ID FCC, N\u00famero de Parte, A\u00f1o Modelo, IC, Frecuencia, Chip y Botones.<\/p>\n<h6><strong><b>Informaci\u00f3n del Producto:<\/b><\/strong><\/h6>\n<ul>\n<li>ID FCC: <a href=\"https:\/\/keylessbest.com\/es\/producto\/2004-2016-bmw-cas-1-3-5-6-series-m3-m5-m6-x1-x5-x6-z4-3-botones-mando-de-entrada-sin-llave-kr55wk49127-kr55wk49123-pn6986583-698658305-46\/\" data-wpil-monitor-id=\"248\">KR55WK49127 \/ KR55WK49123<\/a><\/li>\n<li>PN: 267T-5WK49197<\/li>\n<li>IC: <a href=\"https:\/\/keylessbest.com\/es\/producto\/cadillac-chevrolet-buick-monte-carlo-suburban-tahoe-yukon-silverado-escalade-sierra-avalanche-s10-pickup-de-4-botones-mando-de-entrada-sin-llave-ouc60270-pnouc60221-850k60270-850k60221-15912\/\" data-wpil-monitor-id=\"241\">850K60270 \/ 850K60221<\/a><\/li>\n<li>Frecuencia: 434MHz<\/li>\n<li>Chip: 46<\/li>\n<li>Botones: Bloquear, Desbloquear, Maletero<\/li>\n<\/ul>\n<h6><strong><b>El modelo de referencia\uff1a<\/b><\/strong><\/h6>\n<ul>\n<li>2006 &#8211; 2011 <a href=\"https:\/\/keylessbest.com\/es\/producto\/bmw-cas-1-serie-2004-2016-cas-3-serie-cas-5-serie-cas-6-serie-m3-m5-m6-x1-x5-x6-z4-mando-de-entrada-sin-llave-de-3-botones-kr55wk49127\/\" data-wpil-monitor-id=\"250\">BMW CAS Serie 1<\/a><\/li>\n<li>2006 &#8211; 2011 <a href=\"https:\/\/keylessbest.com\/es\/producto\/2014-2019-bmw-serie-3-serie-5-x5-x6-mando-de-entrada-sin-llave-de-4-botones-nbgidgng1-49-hitag-pro\/\" data-wpil-monitor-id=\"251\">BMW CAS Serie 3<\/a><\/li>\n<li>2004 &#8211; 2011 <a href=\"https:\/\/keylessbest.com\/es\/producto\/bmw-serie-7-2002-2008-745i-745li-750i-750li-760i-760li-mando-de-entrada-sin-llave-de-4-botones-lx8766s-pn-2911a-12133-2\/\" data-wpil-monitor-id=\"252\">BMW CAS Serie 5<\/a><\/li>\n<li>2004 &#8211; 2011 <a href=\"https:\/\/keylessbest.com\/es\/producto\/bmw-serie-3-5-6-7-m3-z8-z3-x5-m5-x3-z4-de-1999-a-2009-mando-a-distancia-de-entrada-sin-llave-de-4-botones-lx8fzv-pn6955750-pcf7935-45\/\" data-wpil-monitor-id=\"253\">BMW CAS Serie 6<\/a><\/li>\n<li><a href=\"https:\/\/keylessbest.com\/es\/producto\/2009-2014-toyota-avalon-camry-corolla-mando-de-entrada-sin-llave-de-3-botones-hyq14aem-pn-89904-0r060-89904-60770-89904-0r090-89904-42140__trashed\/\" data-wpil-monitor-id=\"238\">2007 &#8211; 2013<\/a> BMW M3 (quinta generaci\u00f3n E90, E92, E93)<\/li>\n<li>BMW M5 2004 \u2013 2010 (quinta generaci\u00f3n E60, E61)<\/li>\n<li>BMW M6 2005 \u2013 2010 (primera generaci\u00f3n E63, E64)<\/li>\n<li>BMW X1 2009 \u2013 2015 (primera generaci\u00f3n E84)<\/li>\n<li>BMW X5 2006 \u2013 2013 (segunda generaci\u00f3n E70)<\/li>\n<li>BMW X6 2008 \u2013 2014 (primera generaci\u00f3n E71, E72)<\/li>\n<li>BMW Z4 2009 \u2013 2016 (segunda generaci\u00f3n E89)<\/li>\n<\/ul>\n<h6><strong><b>Incluye en el paquete:<\/b><\/strong><\/h6>\n<ul>\n<li>Un nuevo recambio <a href=\"https:\/\/keylessbest.com\/es\/producto\/chevrolet-gmc-cadillac-suburban-tahoe-yukon-silverado-escalade-sierra-avalanche-s10-pickup-sin-llave-de-entrada-remota-de-3-botones-2001-2011-koblear1xt-pn15042968\/\" data-wpil-monitor-id=\"247\">control remoto sin llave<\/a> llavero<\/li>\n<li>Una llave de inserci\u00f3n de emergencia del mercado de accesorios gratuita<\/li>\n<li>Todos los transmisores vienen con una bater\u00eda<\/li>\n<li>Todas las unidades son probadas antes del env\u00edo<\/li>\n<li>Garant\u00eda de satisfacci\u00f3n y garant\u00eda de 2 a\u00f1os 100%<\/li>\n<\/ul>\n<h6><strong><b>Nota:<\/b><\/strong><\/h6>\n<ul>\n<li>BMW smart 2004-2016 <a href=\"https:\/\/keylessbest.com\/es\/producto\/1999-2004-acura-cl-tl-rl-mando-de-entrada-sin-llave-de-4-botones-e4eg8d-444h-a-reemplaza-pn-72147-s0k-a23-72147-s0k-a13__trashed\/\" data-wpil-monitor-id=\"239\">reemplazo del mando de entrada sin llave<\/a> \u2013 sin logotipo, con una llave de emergencia sin cortar incluida.<\/li>\n<li>No cortamos ni programamos el <a href=\"https:\/\/keylessbest.com\/es\/tienda-de-llaves-y-llaveros-sin-llave-de-keylessbestcarkeyfobshop\/\" data-wpil-monitor-id=\"245\">llave remota<\/a>. Adem\u00e1s, para precios, por favor contacte con el cerrajero o distribuidor local.<\/li>\n<li>Este transmisor es compatible con veh\u00edculos que cuentan con un bot\u00f3n de arranque\/parada en el tablero o un encendido con llave de giro, junto con un sistema de entrada sin llave proxy <a href=\"https:\/\/keylessbest.com\/es\/producto\/nissan-rogue-versa-pathfinder-2007-2013-con-sistema-inteligente-mando-de-entrada-sin-llave-de-3-botones-cwtwbu729-cwtwbu735-cwtwbu624-pn-285e3-em30d-285e3-em31d\/\" data-wpil-monitor-id=\"244\">sistema de entrada sin llave<\/a>.<\/li>\n<li>El precio es por una unidad completa <a href=\"https:\/\/keylessbest.com\/es\/producto\/2015-2021-jeep-renegade-mando-de-entrada-sin-llave-de-5-botones-m3n-40821302-reemplaza-pn-6mp33dx9aa-id-47-4a__trashed\/\" data-wpil-monitor-id=\"240\">llave de entrada sin llave de reemplazo<\/a>, llave de emergencia incluida.<\/li>\n<li>Por lo tanto, recomendamos encarecidamente que haga que su <a href=\"https:\/\/keylessbest.com\/es\/como-programar-un-mando-a-distancia-de-coche-rapido-y-facil-pasos-de-bricolaje-para-cualquier-coche\/\" data-wpil-monitor-id=\"243\">PROGRAMEN SU LLAVERO<\/a> por un cerrajero profesional o distribuidor.<\/li>\n<\/ul>\n<h6><strong>Recursos de programaci\u00f3n\uff1a<\/strong><\/h6>\n<p><a href=\"http:\/\/programyourfob.com\/?list_3\/\" target=\"_blank\" rel=\"noopener\">http:\/\/programyourfob.com\/?list_3\/<\/a><\/p>\n<p>Gracias por elegirnos.<\/p>\n<p>Somos uno de los fabricantes m\u00e1s profesionales de llaves de coche, sistema de entrada sin llave, <a href=\"https:\/\/keylessbest.com\/es\/producto\/__trashed-17\/\" data-wpil-monitor-id=\"237\">control remoto de llave de coche<\/a>, chips transpondedores, programadores de llaves, carcasas de llaves, cerraduras de coches, herramientas de cerrajer\u00eda y m\u00e1s. Adem\u00e1s, nuestra empresa cuenta con un equipo profesional y una l\u00ednea de producci\u00f3n. Adem\u00e1s, nos especializamos en producir diversos <a href=\"https:\/\/keylessbest.com\/es\/cuanto-cuesta-reemplazar-un-mando-a-distancia-de-coche-en-2025\/\" data-wpil-monitor-id=\"246\">llaves de coche<\/a>, carcasas de llaves de coche y herramientas de cerrajer\u00eda. Tambi\u00e9n nos encargamos del desarrollo, fabricaci\u00f3n y venta al por mayor de productos de seguridad y protecci\u00f3n para autom\u00f3viles.<\/p>\n<p>Precios competitivos y servicios dedicados le ayudar\u00e1n a obtener un buen mercado. Adem\u00e1s, un equipo de ventas joven y en\u00e9rgico ofrece un servicio r\u00e1pido, profesional y amigable en cualquier momento. Adem\u00e1s, todos nuestros productos se env\u00edan directamente desde el almac\u00e9n en Espa\u00f1a, Canad\u00e1 y M\u00e9xico. Por lo tanto, los productos que compre ser\u00e1n empaquetados y enviados en 48 horas despu\u00e9s de realizar el pedido. M\u00e1s de 100% de nuestros productos est\u00e1n en stock, y el inventario es suficiente.<\/p>","protected":false},"excerpt":{"rendered":"<ul>\n<li>SKU: CA-BM759<\/li>\n<li>ID FCC: <a href=\"https:\/\/keylessbest.com\/es\/producto\/2004-2016-bmw-cas-1-3-5-6-series-m3-m5-m6-x1-x5-x6-z4-3-botones-mando-de-entrada-sin-llave-kr55wk49127-kr55wk49123-pn6986583-698658305-46\/\" data-wpil-monitor-id=\"249\">KR55WK49127 \/ KR55WK49123<\/a><\/li>\n<li>PN: 267T-5WK49197<\/li>\n<li>IC: <a href=\"https:\/\/keylessbest.com\/es\/producto\/cadillac-chevrolet-buick-monte-carlo-suburban-tahoe-yukon-silverado-escalade-sierra-avalanche-s10-pickup-de-4-botones-mando-de-entrada-sin-llave-ouc60270-pnouc60221-850k60270-850k60221-15912\/\" data-wpil-monitor-id=\"242\">850K60270 \/ 850K60221<\/a><\/li>\n<li>Frecuencia: 434MHz<\/li>\n<li>Chip: 46<\/li>\n<li>Botones: Bloquear, Desbloquear, Maletero<\/li>\n<\/ul>","protected":false},"featured_media":21439,"comment_status":"open","ping_status":"closed","template":"","meta":{"_bst_post_transparent":"default","_bst_post_title":"","_bst_post_layout":"default","_bst_post_sidebar_id":"","_bst_post_content_style":"default","_bst_post_vertical_padding":"default","_bst_post_feature":"","_bst_post_feature_position":"","_bst_post_header":false,"_bst_post_footer":false},"product_brand":[],"product_cat":[15,161],"product_tag":[],"2_year_make_model":[],"class_list":{"0":"post-17010","1":"product","2":"type-product","3":"status-publish","4":"has-post-thumbnail","6":"product_cat-carkeyremote","7":"product_cat-for-bmw","9":"first","10":"instock","11":"sale","12":"shipping-taxable","13":"purchasable","14":"product-type-simple","15":"entry","16":"content-bg","17":"loop-entry"},"_links":{"self":[{"href":"https:\/\/keylessbest.com\/es\/wp-json\/wp\/v2\/product\/17010","targetHints":{"allow":["GET"]}}],"collection":[{"href":"https:\/\/keylessbest.com\/es\/wp-json\/wp\/v2\/product"}],"about":[{"href":"https:\/\/keylessbest.com\/es\/wp-json\/wp\/v2\/types\/product"}],"replies":[{"embeddable":true,"href":"https:\/\/keylessbest.com\/es\/wp-json\/wp\/v2\/comments?post=17010"}],"version-history":[{"count":4,"href":"https:\/\/keylessbest.com\/es\/wp-json\/wp\/v2\/product\/17010\/revisions"}],"predecessor-version":[{"id":20106,"href":"https:\/\/keylessbest.com\/es\/wp-json\/wp\/v2\/product\/17010\/revisions\/20106"}],"wp:featuredmedia":[{"embeddable":true,"href":"https:\/\/keylessbest.com\/es\/wp-json\/wp\/v2\/media\/21439"}],"wp:attachment":[{"href":"https:\/\/keylessbest.com\/es\/wp-json\/wp\/v2\/media?parent=17010"}],"wp:term":[{"taxonomy":"product_brand","embeddable":true,"href":"https:\/\/keylessbest.com\/es\/wp-json\/wp\/v2\/product_brand?post=17010"},{"taxonomy":"product_cat","embeddable":true,"href":"https:\/\/keylessbest.com\/es\/wp-json\/wp\/v2\/product_cat?post=17010"},{"taxonomy":"product_tag","embeddable":true,"href":"https:\/\/keylessbest.com\/es\/wp-json\/wp\/v2\/product_tag?post=17010"},{"taxonomy":"2_year_make_model","embeddable":true,"href":"https:\/\/keylessbest.com\/es\/wp-json\/wp\/v2\/2_year_make_model?post=17010"}],"curies":[{"name":"wp","href":"https:\/\/api.w.org\/{rel}","templated":true}]}}