{"id":17152,"date":"2025-08-19T09:30:02","date_gmt":"2025-08-19T09:30:02","guid":{"rendered":"https:\/\/hanwuji.shengjit.com\/?post_type=product&#038;p=17152"},"modified":"2026-02-11T06:19:46","modified_gmt":"2026-02-11T06:19:46","slug":"llave-de-mando-jeep-2021-2024-l7812a-wxf081-para-keylessbest","status":"publish","type":"product","link":"https:\/\/keylessbest.com\/es\/producto\/llave-de-mando-jeep-2021-2024-l7812a-wxf081-para-keylessbest\/","title":{"rendered":"L7812A-WXF081 Llave de mando para Jeep 2021-2024 para Keylessbest"},"content":{"rendered":"<p>*La informaci\u00f3n detallada de este llavero sin llave de Jeep 2015-2021 es la siguiente. Por favor, confirme que los siguientes detalles coinciden con su veh\u00edculo antes de realizar el pedido: ID FCC, N\u00famero de pieza, A\u00f1o del modelo, IC, Frecuencia, Chip y Botones.<\/p>\n<h6><strong><b>Informaci\u00f3n del Producto: <\/b><\/strong><\/h6>\n<ul>\n<li>FCC ID: M3NWXF0B1<\/li>\n<li>PN: <a href=\"https:\/\/keylessbest.com\/es\/producto\/2021-2024-jeep-grand-cherokee-grand-wagoneer-mando-de-entrada-sin-llave-de-3-botones-m3nwxf0b1-pn-68377534ab-685169738aa__trashed-2\/\" data-wpil-monitor-id=\"204\">68377534AB 685169738AA<\/a><\/li>\n<li>IC: L7812A-WXF081<\/li>\n<li>Frecuencia: 433.92MHz<\/li>\n<li>Botones: Bloquear, Desbloquear, P\u00e1nico<\/li>\n<\/ul>\n<h6><strong><b>El modelo de referencia:<\/b><\/strong><\/h6>\n<ul>\n<li>Jeep Grand Cherokee 2021 2022 2023 2024<\/li>\n<li>Jeep Grand Wagoneer 2021 \u2013 2023<\/li>\n<\/ul>\n<h6><strong><b>Incluye en el paquete:<\/b><\/strong><\/h6>\n<ul>\n<li>Un nuevo mando a distancia sin llave del mercado de accesorios<\/li>\n<li>Una llave de inserci\u00f3n de emergencia del mercado de accesorios gratuita<\/li>\n<li>Todos los transmisores vienen con una bater\u00eda<\/li>\n<li>Todas las unidades son probadas antes del env\u00edo<\/li>\n<li>Garant\u00eda de satisfacci\u00f3n y garant\u00eda de 2 a\u00f1os 100%<\/li>\n<\/ul>\n<h6><strong><b>Nota:<\/b><\/strong><\/h6>\n<ul>\n<li>El\u00a0 <a href=\"https:\/\/keylessbest.com\/es\/producto\/2021-2024-jeep-grand-cherokee-grand-wagoneer-mando-de-entrada-sin-llave-de-4-botones-m3nwxf0b1-pn-685169738aa-chip-hitag-aes__trashed\/\" data-wpil-monitor-id=\"201\">Llave de entrada sin llave inteligente Jeep 2021-2024<\/a> reemplazo \u2013 sin logotipo, con una llave de inserci\u00f3n de emergencia sin cortar incluida.<\/li>\n<li>No cortamos ni programamos la llave remota. Adem\u00e1s, para precios, por favor contacte con un cerrajero local o concesionario.<\/li>\n<li>Este transmisor es compatible con veh\u00edculos que cuentan con un bot\u00f3n de arranque\/parada en el tablero o una llave de giro, junto con un sistema de entrada sin llave proxy.<\/li>\n<li>El precio es por una unidad completa <a href=\"https:\/\/keylessbest.com\/es\/producto\/2015-2021-jeep-renegade-mando-de-entrada-sin-llave-de-5-botones-m3n-40821302-reemplaza-pn-6mp33dx9aa-id-47-4a__trashed\/\" data-wpil-monitor-id=\"203\">llave de entrada sin llave de reemplazo<\/a>, llave de emergencia incluida.<\/li>\n<li>Por lo tanto, recomendamos encarecidamente que su llavero sea programado por un cerrajero profesional o distribuidor.<\/li>\n<\/ul>\n<h6><strong><b>Recursos de programaci\u00f3n\u00a0<\/b><\/strong><\/h6>\n<p><a href=\"http:\/\/programyourfob.com\/?list_18\/\" target=\"_blank\" rel=\"noopener\">http:\/\/programyourfob.com\/?list_18\/<\/a><\/p>\n<p>Gracias por elegirnos.<\/p>\n<p>Somos uno de los fabricantes m\u00e1s profesionales de llaves de coche, sistema de entrada sin llave, <a href=\"https:\/\/keylessbest.com\/es\/producto\/2014-2019-chevrolet-gmc-colorado-silverado-suburban-tahoe-sierra-yukon-canon-mando-de-entrada-sin-llave-de-4-botones-m3n32337100-pn-22881480-13577761__trashed\/\" data-wpil-monitor-id=\"202\">control remoto de llave de coche<\/a>, chips transpondedores, programadores de llaves, carcasas de llaves de coche, cerraduras de coche, herramientas de cerrajer\u00eda y m\u00e1s. Adem\u00e1s, nuestra empresa cuenta con un equipo profesional y una l\u00ednea de producci\u00f3n. Adem\u00e1s, nos especializamos en la fabricaci\u00f3n de varias llaves de coche, carcasas de llaves y herramientas de cerrajer\u00eda. Tambi\u00e9n nos encargamos del desarrollo, fabricaci\u00f3n y venta al por mayor de productos de seguridad y protecci\u00f3n para autom\u00f3viles.<\/p>\n<p>Precios competitivos y servicios dedicados le ayudar\u00e1n a obtener un buen mercado. Adem\u00e1s, un equipo de ventas joven y en\u00e9rgico ofrece un servicio r\u00e1pido, profesional y amigable en cualquier momento. Adem\u00e1s, todos nuestros productos se env\u00edan directamente desde el almac\u00e9n en Espa\u00f1a, Canad\u00e1 y M\u00e9xico. Por lo tanto, los productos que compre ser\u00e1n empaquetados y enviados en 48 horas despu\u00e9s de realizar el pedido. M\u00e1s de 100% de nuestros productos est\u00e1n en stock, y el inventario es suficiente.<\/p>","protected":false},"excerpt":{"rendered":"<ul>\n<li>SKU: CA-DG951<\/li>\n<li>FCC ID: M3NWXF0B1<\/li>\n<li>PN: <a href=\"https:\/\/keylessbest.com\/es\/producto\/2021-2024-jeep-grand-cherokee-grand-wagoneer-mando-de-entrada-sin-llave-de-3-botones-m3nwxf0b1-pn-68377534ab-685169738aa__trashed-2\/\" data-wpil-monitor-id=\"205\">68377534AB 685169738AA<\/a><\/li>\n<li>IC: L7812A-WXF081<\/li>\n<li>Frecuencia: 433.92MHz<\/li>\n<li>Botones: Bloquear, Desbloquear, P\u00e1nico<\/li>\n<\/ul>","protected":false},"featured_media":20829,"comment_status":"open","ping_status":"closed","template":"","meta":{"_bst_post_transparent":"default","_bst_post_title":"","_bst_post_layout":"default","_bst_post_sidebar_id":"","_bst_post_content_style":"default","_bst_post_vertical_padding":"default","_bst_post_feature":"","_bst_post_feature_position":"","_bst_post_header":false,"_bst_post_footer":false},"product_brand":[],"product_cat":[15,154],"product_tag":[],"2_year_make_model":[],"class_list":{"0":"post-17152","1":"product","2":"type-product","3":"status-publish","4":"has-post-thumbnail","6":"product_cat-carkeyremote","7":"product_cat-for-jeep","9":"first","10":"instock","11":"sale","12":"shipping-taxable","13":"purchasable","14":"product-type-simple","15":"entry","16":"content-bg","17":"loop-entry"},"_links":{"self":[{"href":"https:\/\/keylessbest.com\/es\/wp-json\/wp\/v2\/product\/17152","targetHints":{"allow":["GET"]}}],"collection":[{"href":"https:\/\/keylessbest.com\/es\/wp-json\/wp\/v2\/product"}],"about":[{"href":"https:\/\/keylessbest.com\/es\/wp-json\/wp\/v2\/types\/product"}],"replies":[{"embeddable":true,"href":"https:\/\/keylessbest.com\/es\/wp-json\/wp\/v2\/comments?post=17152"}],"version-history":[{"count":2,"href":"https:\/\/keylessbest.com\/es\/wp-json\/wp\/v2\/product\/17152\/revisions"}],"predecessor-version":[{"id":19561,"href":"https:\/\/keylessbest.com\/es\/wp-json\/wp\/v2\/product\/17152\/revisions\/19561"}],"wp:featuredmedia":[{"embeddable":true,"href":"https:\/\/keylessbest.com\/es\/wp-json\/wp\/v2\/media\/20829"}],"wp:attachment":[{"href":"https:\/\/keylessbest.com\/es\/wp-json\/wp\/v2\/media?parent=17152"}],"wp:term":[{"taxonomy":"product_brand","embeddable":true,"href":"https:\/\/keylessbest.com\/es\/wp-json\/wp\/v2\/product_brand?post=17152"},{"taxonomy":"product_cat","embeddable":true,"href":"https:\/\/keylessbest.com\/es\/wp-json\/wp\/v2\/product_cat?post=17152"},{"taxonomy":"product_tag","embeddable":true,"href":"https:\/\/keylessbest.com\/es\/wp-json\/wp\/v2\/product_tag?post=17152"},{"taxonomy":"2_year_make_model","embeddable":true,"href":"https:\/\/keylessbest.com\/es\/wp-json\/wp\/v2\/2_year_make_model?post=17152"}],"curies":[{"name":"wp","href":"https:\/\/api.w.org\/{rel}","templated":true}]}}