{"id":17153,"date":"2025-08-19T09:30:02","date_gmt":"2025-08-19T09:30:02","guid":{"rendered":"https:\/\/hanwuji.shengjit.com\/?post_type=product&#038;p=17153"},"modified":"2026-02-23T07:39:34","modified_gmt":"2026-02-23T07:39:34","slug":"2010-2019-buick-chevrolet-llave-de-mando-ic-5461a-01060512-para-keylessbest","status":"publish","type":"product","link":"https:\/\/keylessbest.com\/es\/producto\/2010-2019-buick-chevrolet-llave-de-mando-ic-5461a-01060512-para-keylessbest\/","title":{"rendered":"2010-2019 Buick Chevrolet Llave de mando IC: 5461A-01060512 para Keylessbest"},"content":{"rendered":"<p>*La informaci\u00f3n detallada de este llavero sin llave para Chevrolet GMC Buick de 2010-2019 es la siguiente. Por favor, confirme que los siguientes detalles coinciden con su veh\u00edculo antes de realizar el pedido: ID FCC, N\u00famero de pieza, A\u00f1o y modelo, IC, Frecuencia, Chip y botones.<\/p>\n<h6><strong><b>Informaci\u00f3n del Producto:<\/b><\/strong><\/h6>\n<ul>\n<li>ID FCC: OHT01060512, OHT01060512, V2T01060512, V2T01060514, AVL-B01T1AC, AVL-B01T2AC<\/li>\n<li>PN: 13500319, 13504202, 13500224, 13585206 5912559, 5927058, 5921873<\/li>\n<li>IC: 5461A-01060512<\/li>\n<li>Frecuencia: 315MHz<\/li>\n<li>Chip: 46<\/li>\n<li>Botones: Bloqueo, Desbloqueo, Maletero, P\u00e1nico, Arranque remoto<\/li>\n<\/ul>\n<h6><strong><b>El modelo de referencia\uff1a<\/b><\/strong><\/h6>\n<ul>\n<li>Chevrolet Cruze 2011-2016*<\/li>\n<li><a href=\"https:\/\/keylessbest.com\/es\/producto\/buick-gmc-chevrolet-spark-sonic-trax-equinox-terrain-encore-de-2010-a-2019-mando-a-distancia-de-entrada-sin-llave-de-3-botones-oht01060512-oht01060512-v2t01060512-v2t01060514-pn20873621\/\" data-wpil-monitor-id=\"210\">Chevrolet Equinox 2010-2019<\/a><\/li>\n<li>Chevrolet Impala 2014-2019<\/li>\n<li>Chevrolet Malibu 2014-2016<\/li>\n<li>Chevrolet Sonic 2012-2017<\/li>\n<li><a href=\"https:\/\/keylessbest.com\/es\/producto\/chevrolet-gmc-buick-camaro-cruze-equino-impala-malibu-sonic-terrain-lacrosse-regal-verano-encore-allure-de-2010-a-2019-mando-a-distancia-de-entrada-sin-llave-oht01060512-pn13504200-13504205-13585811\/\" data-wpil-monitor-id=\"212\">GMC Terrain 2010-2019<\/a><\/li>\n<li>2010-2016 <a href=\"https:\/\/keylessbest.com\/es\/producto\/2017-2020-buick-lacrosse-mando-de-entrada-sin-llave-de-5-botones-hyq4ea-pn-13508414\/\" data-wpil-monitor-id=\"213\">Buick LaCrosse<\/a><\/li>\n<li>Buick Regal 2011-2017<\/li>\n<li>Buick Verano 2012-2017<\/li>\n<li>Buick Encore 2014-2019<\/li>\n<li>\n<ol>\n<li>1. Presione el bot\u00f3n BLOQUEAR y DESBLOQUEAR al mismo tiempo durante unos 5 segundos<\/li>\n<li>2. Suelte solo el bot\u00f3n BLOQUEAR (siga manteniendo presionado desbloquear)<\/li>\n<li>Presione el bot\u00f3n BLOQUEO 3 veces<\/li>\n<li>Suelte todos los botones, presione cualquier bot\u00f3n 1 vez, finalice el desbloqueo. 2010-2012 Buick Allure. Nota 2016 <a href=\"https:\/\/keylessbest.com\/es\/producto\/chevrolet-cruze-xl7-sonic-volt-bolt-spark-2016-2020-mando-de-entrada-sin-llave-de-5-botones-hyq4aa-pn-13508768-13585722-13585723-13529661-13529664-13508770-46\/\" data-wpil-monitor-id=\"211\">El Chevrolet Cruze tiene 3 posibles mandos a distancia<\/a> llaves plegables, por favor verifique la llave que necesita. Las otras opciones son 13514135 (veh\u00edculos con actualizaci\u00f3n XL8 433 MHz) y 13588756 (veh\u00edculos con XL7 315 MHz). Esta llave puede reutilizarse despu\u00e9s de realizar el siguiente paso<\/li>\n<li>Tenga en cuenta: debe presionar los botones r\u00e1pidamente. Si mantiene cada bot\u00f3n durante 1 segundo, es demasiado tiempo. Use esta llave cuando se pierdan todas las llaves y el veh\u00edculo requiera 2 llaves nuevas, luego restablezca la llave para usarla nuevamente en otro veh\u00edculo! RFK-GM-REPRX. Esta llave plegable es una llave REUTILIZABLE para veh\u00edculos GM (ver instrucciones abajo)<\/li>\n<\/ol>\n<\/li>\n<\/ul>\n<h6><strong><b>Incluye en el paquete:<\/b><\/strong><\/h6>\n<ul>\n<li>Un nuevo mando a distancia sin llave del mercado de accesorios<\/li>\n<li>Una llave de inserci\u00f3n de emergencia del mercado de accesorios gratuita<\/li>\n<li>Todos los transmisores vienen con una bater\u00eda<\/li>\n<li>Todas las unidades son probadas antes del env\u00edo<\/li>\n<li>Garant\u00eda de satisfacci\u00f3n y garant\u00eda de 2 a\u00f1os 100%<\/li>\n<\/ul>\n<h6><strong><b>Nota:<\/b><\/strong><\/h6>\n<ul>\n<li>El reemplazo del llavero de entrada sin llave inteligente para Chevrolet GMC Buick de 2010-2019, sin logotipo, con una llave de emergencia sin cortar incluida.<\/li>\n<li>No cortamos ni programamos la llave remota. Adem\u00e1s, para precios, por favor contacte con un cerrajero local o concesionario.<\/li>\n<li>Este transmisor es compatible con veh\u00edculos que cuentan con un bot\u00f3n de arranque\/parada en el tablero o un encendido con llave de giro, junto con un sistema de entrada sin llave proxy <a href=\"https:\/\/keylessbest.com\/es\/producto\/nissan-rogue-versa-pathfinder-2007-2013-con-sistema-inteligente-mando-de-entrada-sin-llave-de-3-botones-cwtwbu729-cwtwbu735-cwtwbu624-pn-285e3-em30d-285e3-em31d\/\" data-wpil-monitor-id=\"209\">sistema de entrada sin llave<\/a>.<\/li>\n<li>El precio es por una unidad completa <a href=\"https:\/\/keylessbest.com\/es\/producto\/2015-2021-jeep-renegade-mando-de-entrada-sin-llave-de-5-botones-m3n-40821302-reemplaza-pn-6mp33dx9aa-id-47-4a__trashed\/\" data-wpil-monitor-id=\"207\">llave de entrada sin llave de reemplazo<\/a>, llave de emergencia incluida.<\/li>\n<li>Por lo tanto, recomendamos encarecidamente que haga que su <a href=\"https:\/\/keylessbest.com\/es\/como-programar-un-mando-a-distancia-de-coche-rapido-y-facil-pasos-de-bricolaje-para-cualquier-coche\/\" data-wpil-monitor-id=\"208\">PROGRAMEN SU LLAVERO<\/a> por un cerrajero profesional o distribuidor.<\/li>\n<\/ul>\n<h6><strong>Recursos de programaci\u00f3n\uff1a<\/strong><\/h6>\n<p><a href=\"http:\/\/programyourfob.com\/?list_4\/\" target=\"_blank\" rel=\"noopener\">http:\/\/programyourfob.com\/?list_4\/<\/a><\/p>\n<p><a href=\"http:\/\/programyourfob.com\/?list_6\/\" target=\"_blank\" rel=\"noopener\">http:\/\/programyourfob.com\/?list_6\/<\/a><\/p>\n<p><a href=\"http:\/\/programyourfob.com\/?list_11\/\" target=\"_blank\" rel=\"noopener\">http:\/\/programyourfob.com\/?list_11\/<\/a><\/p>\n<p>Gracias por elegirnos.<\/p>\n<p>Somos uno de los fabricantes m\u00e1s profesionales de llaves de coche, sistema de entrada sin llave, <a href=\"https:\/\/keylessbest.com\/es\/producto\/2014-2019-chevrolet-gmc-colorado-silverado-suburban-tahoe-sierra-yukon-canon-mando-de-entrada-sin-llave-de-4-botones-m3n32337100-pn-22881480-13577761__trashed\/\" data-wpil-monitor-id=\"206\">control remoto de llave de coche<\/a>, chips transpondedores, programadores de llaves, carcasas de llaves de coche, cerraduras de coche, herramientas de cerrajero y m\u00e1s. Adem\u00e1s, nuestra empresa cuenta con un equipo profesional y l\u00ednea de producci\u00f3n. Adem\u00e1s, nos especializamos en la producci\u00f3n de varias llaves de coche, carcasas de llaves y herramientas de cerrajero. Tambi\u00e9n nos encargamos del desarrollo, fabricaci\u00f3n y venta al por mayor de productos de seguridad y protecci\u00f3n para autom\u00f3viles.<\/p>\n<p>Precios competitivos y servicios dedicados le ayudar\u00e1n a obtener un buen mercado. Adem\u00e1s, un equipo de ventas joven y en\u00e9rgico ofrece un servicio r\u00e1pido, profesional y amigable en cualquier momento. Adem\u00e1s, todos nuestros productos se env\u00edan directamente desde el almac\u00e9n en Espa\u00f1a, Canad\u00e1 y M\u00e9xico. Por lo tanto, los productos que compre ser\u00e1n empaquetados y enviados en 48 horas despu\u00e9s de realizar el pedido. M\u00e1s de 100% de nuestros productos est\u00e1n en stock, y el inventario es suficiente.<\/p>\n<p>&nbsp;<\/p>","protected":false},"excerpt":{"rendered":"<ul>\n<li>SKU:CA-GM776<\/li>\n<li>ID FCC: OHT01060512, OHT01060512, V2T01060512, V2T01060514, AVL-B01T1AC, AVL-B01T2AC<\/li>\n<li>PN: 13500319, 13504202, 13500224, 13585206 5912559, 5927058, 5921873<\/li>\n<li>IC: 5461A-01060512<\/li>\n<li>Frecuencia: 315MHz<\/li>\n<li>Chip: 46<\/li>\n<li>Botones: Bloqueo, Desbloqueo, Maletero, P\u00e1nico, Arranque remoto<\/li>\n<\/ul>","protected":false},"featured_media":21425,"comment_status":"open","ping_status":"closed","template":"","meta":{"_bst_post_transparent":"default","_bst_post_title":"","_bst_post_layout":"default","_bst_post_sidebar_id":"","_bst_post_content_style":"default","_bst_post_vertical_padding":"default","_bst_post_feature":"","_bst_post_feature_position":"","_bst_post_header":false,"_bst_post_footer":false},"product_brand":[],"product_cat":[15,151,150,152],"product_tag":[],"2_year_make_model":[],"class_list":{"0":"post-17153","1":"product","2":"type-product","3":"status-publish","4":"has-post-thumbnail","6":"product_cat-carkeyremote","7":"product_cat-for-buick","8":"product_cat-for-chevrolet","9":"product_cat-for-gmc","11":"first","12":"instock","13":"sale","14":"shipping-taxable","15":"purchasable","16":"product-type-simple","17":"entry","18":"content-bg","19":"loop-entry"},"_links":{"self":[{"href":"https:\/\/keylessbest.com\/es\/wp-json\/wp\/v2\/product\/17153","targetHints":{"allow":["GET"]}}],"collection":[{"href":"https:\/\/keylessbest.com\/es\/wp-json\/wp\/v2\/product"}],"about":[{"href":"https:\/\/keylessbest.com\/es\/wp-json\/wp\/v2\/types\/product"}],"replies":[{"embeddable":true,"href":"https:\/\/keylessbest.com\/es\/wp-json\/wp\/v2\/comments?post=17153"}],"version-history":[{"count":3,"href":"https:\/\/keylessbest.com\/es\/wp-json\/wp\/v2\/product\/17153\/revisions"}],"predecessor-version":[{"id":19399,"href":"https:\/\/keylessbest.com\/es\/wp-json\/wp\/v2\/product\/17153\/revisions\/19399"}],"wp:featuredmedia":[{"embeddable":true,"href":"https:\/\/keylessbest.com\/es\/wp-json\/wp\/v2\/media\/21425"}],"wp:attachment":[{"href":"https:\/\/keylessbest.com\/es\/wp-json\/wp\/v2\/media?parent=17153"}],"wp:term":[{"taxonomy":"product_brand","embeddable":true,"href":"https:\/\/keylessbest.com\/es\/wp-json\/wp\/v2\/product_brand?post=17153"},{"taxonomy":"product_cat","embeddable":true,"href":"https:\/\/keylessbest.com\/es\/wp-json\/wp\/v2\/product_cat?post=17153"},{"taxonomy":"product_tag","embeddable":true,"href":"https:\/\/keylessbest.com\/es\/wp-json\/wp\/v2\/product_tag?post=17153"},{"taxonomy":"2_year_make_model","embeddable":true,"href":"https:\/\/keylessbest.com\/es\/wp-json\/wp\/v2\/2_year_make_model?post=17153"}],"curies":[{"name":"wp","href":"https:\/\/api.w.org\/{rel}","templated":true}]}}