{"id":17234,"date":"2025-08-19T09:32:49","date_gmt":"2025-08-19T09:32:49","guid":{"rendered":"https:\/\/hanwuji.shengjit.com\/?post_type=product&#038;p=17234"},"modified":"2026-02-13T01:00:52","modified_gmt":"2026-02-13T01:00:52","slug":"2010-2014-kia-llavero-pinha-t008-315mhz-para-sin-llave-mejor","status":"publish","type":"product","link":"https:\/\/keylessbest.com\/es\/producto\/2010-2014-kia-llavero-pinha-t008-315mhz-para-sin-llave-mejor\/","title":{"rendered":"Llavero KIA 2010-2014 PINHA-T008 315MHz para Keylessbest"},"content":{"rendered":"<p>*La informaci\u00f3n detallada de este mando a distancia sin llave Kia de 2014-2015 es la siguiente. Por favor, confirme que los siguientes detalles coinciden con su veh\u00edculo antes de realizar el pedido: ID FCC, N\u00famero de pieza, A\u00f1o del modelo, IC, Frecuencia, Chip y Botones.<\/p>\n<h6><strong><b>Informaci\u00f3n del Producto:<\/b><\/strong><\/h6>\n<ul>\n<li>ID FCC: PINHA-T008<\/li>\n<li>PN: 95430-1M100<\/li>\n<li>IC: 4018A-HAT008<\/li>\n<li>Frecuencia: 315MHz<\/li>\n<li>Botones: Bloquear, Desbloquear, Maletero, P\u00e1nico<\/li>\n<\/ul>\n<h6><strong><b>El modelo de referencia\uff1a<\/b><\/strong><\/h6>\n<ul>\n<li>2010 \u2013 2013 Kia Forte<\/li>\n<li>2010 \u2013 2013 Kia Forte Koup<\/li>\n<li>2010 \u2013 2014 Hyundai Elantra<\/li>\n<\/ul>\n<h6><strong><b>Incluye en el paquete:<\/b><\/strong><\/h6>\n<ul>\n<li>Un nuevo mando a distancia sin llave del mercado de accesorios<\/li>\n<li>Una llave de inserci\u00f3n de emergencia del mercado de accesorios gratuita<\/li>\n<li>Todos los transmisores vienen con una bater\u00eda<\/li>\n<li>Todas las unidades son probadas antes del env\u00edo<\/li>\n<li>Garant\u00eda de satisfacci\u00f3n y garant\u00eda de 2 a\u00f1os 100%<\/li>\n<\/ul>\n<h6><strong><b>Nota:<\/b><\/strong><\/h6>\n<ul>\n<li>La r\u00e9plica del llavero de entrada sin llave inteligente de los modelos Kia Hyundai de 2010-2014 \u2013 sin logotipo, con una llave de emergencia sin cortar incluida.<\/li>\n<li>No cortamos ni programamos la llave remota. Adem\u00e1s, para precios, por favor contacte con un cerrajero local o concesionario.<\/li>\n<li>Este transmisor es compatible con veh\u00edculos que cuentan con un bot\u00f3n de arranque\/parada en el tablero o una llave de giro, junto con un sistema de entrada sin llave proxy.<\/li>\n<li>El precio es por un mando de entrada sin llave completo de reemplazo, incluyendo la llave de emergencia.<\/li>\n<li>Por lo tanto, recomendamos encarecidamente que programe su LLAVERO con un cerrajero profesional o concesionario.<\/li>\n<\/ul>\n<h6><strong>Recursos de programaci\u00f3n\uff1a<\/strong><\/h6>\n<p><a href=\"http:\/\/programyourfob.com\/?list_19\/\" target=\"_blank\" rel=\"noopener\">http:\/\/programyourfob.com\/?list_19\/<\/a><\/p>\n<p><a href=\"http:\/\/programyourfob.com\/?list_14\/\" target=\"_blank\" rel=\"noopener\">http:\/\/programyourfob.com\/?list_14\/<\/a><\/p>\n<p>Gracias por elegirnos.<\/p>\n<p>Somos uno de los fabricantes m\u00e1s profesionales de llaves de coche, sistemas de entrada sin llave, mandos a distancia de llave de coche, chips transpondedores, programadores de llaves, carcasas de llaves de coche, cerraduras de coche, herramientas de cerrajer\u00eda y otros. Adem\u00e1s, nuestra empresa cuenta con un equipo profesional y l\u00ednea de producci\u00f3n. Adem\u00e1s, nos especializamos en la producci\u00f3n de varias llaves de coche, carcasas de llaves y herramientas de cerrajer\u00eda. Tambi\u00e9n nos encargamos del desarrollo, fabricaci\u00f3n y venta al por mayor de productos de seguridad y protecci\u00f3n para autom\u00f3viles.<\/p>\n<p>Precios competitivos y servicios dedicados le ayudar\u00e1n a obtener un buen mercado. Adem\u00e1s, un equipo de ventas joven y en\u00e9rgico ofrece un servicio r\u00e1pido, profesional y amigable en cualquier momento. Adem\u00e1s, todos nuestros productos se env\u00edan directamente desde el almac\u00e9n en Espa\u00f1a, Canad\u00e1 y M\u00e9xico. Por lo tanto, los productos que compre ser\u00e1n empaquetados y enviados en 48 horas despu\u00e9s de realizar el pedido. M\u00e1s de 100% de nuestros productos est\u00e1n en stock, y el inventario es suficiente.<\/p>","protected":false},"excerpt":{"rendered":"<ul>\n<li>SKU: CA-HY919<\/li>\n<li>ID FCC: PINHA-T008<\/li>\n<li>PN: 95430-1M100<\/li>\n<li>IC: 4018A-HAT008<\/li>\n<li>Frecuencia: 315MHz<\/li>\n<li>Botones: Bloquear, Desbloquear, Maletero, P\u00e1nico<\/li>\n<\/ul>","protected":false},"featured_media":21134,"comment_status":"open","ping_status":"closed","template":"","meta":{"_bst_post_transparent":"default","_bst_post_title":"","_bst_post_layout":"default","_bst_post_sidebar_id":"","_bst_post_content_style":"default","_bst_post_vertical_padding":"default","_bst_post_feature":"","_bst_post_feature_position":"","_bst_post_header":false,"_bst_post_footer":false},"product_brand":[],"product_cat":[15,168,169],"product_tag":[],"2_year_make_model":[],"class_list":{"0":"post-17234","1":"product","2":"type-product","3":"status-publish","4":"has-post-thumbnail","6":"product_cat-carkeyremote","7":"product_cat-for-hyundai","8":"product_cat-for-kia","10":"first","11":"instock","12":"sale","13":"shipping-taxable","14":"purchasable","15":"product-type-simple","16":"entry","17":"content-bg","18":"loop-entry"},"_links":{"self":[{"href":"https:\/\/keylessbest.com\/es\/wp-json\/wp\/v2\/product\/17234","targetHints":{"allow":["GET"]}}],"collection":[{"href":"https:\/\/keylessbest.com\/es\/wp-json\/wp\/v2\/product"}],"about":[{"href":"https:\/\/keylessbest.com\/es\/wp-json\/wp\/v2\/types\/product"}],"replies":[{"embeddable":true,"href":"https:\/\/keylessbest.com\/es\/wp-json\/wp\/v2\/comments?post=17234"}],"version-history":[{"count":3,"href":"https:\/\/keylessbest.com\/es\/wp-json\/wp\/v2\/product\/17234\/revisions"}],"predecessor-version":[{"id":20359,"href":"https:\/\/keylessbest.com\/es\/wp-json\/wp\/v2\/product\/17234\/revisions\/20359"}],"wp:featuredmedia":[{"embeddable":true,"href":"https:\/\/keylessbest.com\/es\/wp-json\/wp\/v2\/media\/21134"}],"wp:attachment":[{"href":"https:\/\/keylessbest.com\/es\/wp-json\/wp\/v2\/media?parent=17234"}],"wp:term":[{"taxonomy":"product_brand","embeddable":true,"href":"https:\/\/keylessbest.com\/es\/wp-json\/wp\/v2\/product_brand?post=17234"},{"taxonomy":"product_cat","embeddable":true,"href":"https:\/\/keylessbest.com\/es\/wp-json\/wp\/v2\/product_cat?post=17234"},{"taxonomy":"product_tag","embeddable":true,"href":"https:\/\/keylessbest.com\/es\/wp-json\/wp\/v2\/product_tag?post=17234"},{"taxonomy":"2_year_make_model","embeddable":true,"href":"https:\/\/keylessbest.com\/es\/wp-json\/wp\/v2\/2_year_make_model?post=17234"}],"curies":[{"name":"wp","href":"https:\/\/api.w.org\/{rel}","templated":true}]}}