{"id":17430,"date":"2025-08-19T09:40:08","date_gmt":"2025-08-19T09:40:08","guid":{"rendered":"https:\/\/hanwuji.shengjit.com\/?post_type=product&#038;p=17430"},"modified":"2026-02-12T09:23:12","modified_gmt":"2026-02-12T09:23:12","slug":"llavero-de-ford-lincoln-mercury-1999-2016-cwtwb1u345-para-sin-llave","status":"publish","type":"product","link":"https:\/\/keylessbest.com\/es\/producto\/llavero-de-ford-lincoln-mercury-1999-2016-cwtwb1u345-para-sin-llave\/","title":{"rendered":"Llavero de Ford Lincoln Mercury 1999-2016 CWTWB1U345 para sin llave"},"content":{"rendered":"<p>*La informaci\u00f3n detallada de este llavero sin llave para Ford Mazda Mercury Lincoln de 1998-2016 es la siguiente. Por favor, confirme que los siguientes detalles coinciden con su veh\u00edculo antes de realizar el pedido: ID FCC, N\u00famero de Parte, A\u00f1o y Modelo, IC, Frecuencia, Chip y Botones.<\/p>\n<h6><strong><b>Informaci\u00f3n del Producto:<\/b><\/strong><\/h6>\n<ul>\n<li>ID FCC: CWTWB1U345<\/li>\n<li>Frecuencia: 315MHz<\/li>\n<\/ul>\n<h6><strong><b>El modelo de referencia\uff1a<\/b><\/strong><\/h6>\n<ul>\n<li>Ford Crown Victoria 2006-2011<\/li>\n<li>Ford Edge 2008-2015<\/li>\n<li>Ford Escape 2001-2014<\/li>\n<li>Ford Escort 1999-2003<\/li>\n<li>Ford Excursion 2001-2005<\/li>\n<li>Ford Expedition 1999-2016<\/li>\n<li>Ford Explorer 1999-2015<\/li>\n<li>Ford Explorer Sport Trac 2001-2009<\/li>\n<li>Ford Flex 2009-2016<\/li>\n<li>Ford Focus 2003-2014<\/li>\n<li>Ford Freestar 2004-2007<\/li>\n<li>Ford Freestyle 2005-2007<\/li>\n<li>Ford Fusion 2010-2012<\/li>\n<li>Ford GT 2005-2006<\/li>\n<li>Ford Mustang 1999-2014<\/li>\n<li>Ford Taurus 1999-2009<\/li>\n<li>Ford Taurus X 2008-2009<\/li>\n<li>Ford Thunderbird 2002-2005<\/li>\n<li>Lincoln LS 2001-2006<\/li>\n<li>Lincoln MKS 2009-2013<\/li>\n<li>Lincoln MKX 2007-2013<\/li>\n<li>Lincoln MKZ 2008-2016<\/li>\n<li>2001-2015 Lincoln Navigator<\/li>\n<li>2003-2005 Lincoln Aviator<\/li>\n<li>1999-2011 Lincoln Town Car<\/li>\n<li>Lincoln Zephyr 2006<\/li>\n<li>2006-2011 Mercury Grand Marquis<\/li>\n<li>Mercury Marauder 2003<\/li>\n<li>2005-2011 Mercury Mariner<\/li>\n<li>2006-2011 Mercury Milan<\/li>\n<li>2005-2007 Mercury Montego<\/li>\n<li>2005-2007 Mercury Monterey<\/li>\n<li>1999-2010 Mercury Mountaineer<\/li>\n<li>1999-2002 Mercury Cougar<\/li>\n<li>1999-2009 Mercury Sable<\/li>\n<li>Mercury Tracer 1999<\/li>\n<li>2008-2011 Mazda Tribute<\/li>\n<\/ul>\n<h6><strong><b>Incluye en el paquete:<\/b><\/strong><\/h6>\n<ul>\n<li>Un nuevo mando a distancia sin llave del mercado de accesorios<\/li>\n<li>Una llave de inserci\u00f3n de emergencia del mercado de accesorios gratuita<\/li>\n<li>Todos los transmisores vienen con una bater\u00eda<\/li>\n<li>Todas las unidades son probadas antes del env\u00edo<\/li>\n<li>Garant\u00eda de satisfacci\u00f3n y garant\u00eda de 2 a\u00f1os 100%<\/li>\n<\/ul>\n<h6><strong><b>Nota:<\/b><\/strong><\/h6>\n<ul>\n<li>Reemplazo de llave inteligente sin logotipo, sin inserto de emergencia sin cortar, para Ford Mazda Mercury Lincoln de 1998 a 2016.<\/li>\n<li>No cortamos ni programamos la llave remota. Adem\u00e1s, para precios, por favor contacte con un cerrajero local o concesionario.<\/li>\n<li>Este transmisor es compatible con veh\u00edculos que cuentan con un bot\u00f3n de arranque\/parada en el tablero o una llave de giro, junto con un sistema de entrada sin llave proxy.<\/li>\n<li>El precio es por un mando de entrada sin llave completo de reemplazo, incluyendo la llave de emergencia.<\/li>\n<li>Por lo tanto, recomendamos encarecidamente que programe su LLAVERO con un cerrajero profesional o concesionario.<\/li>\n<\/ul>\n<h6><strong>Recursos de programaci\u00f3n\uff1a<\/strong><\/h6>\n<p><a href=\"http:\/\/programyourfob.com\/?list_9\/\" target=\"_blank\" rel=\"noopener\">http:\/\/programyourfob.com\/?list_9\/<\/a><\/p>\n<p><a href=\"http:\/\/programyourfob.com\/?list_22\/\" target=\"_blank\" rel=\"noopener\">http:\/\/programyourfob.com\/?list_22\/<\/a><\/p>\n<p><a href=\"http:\/\/programyourfob.com\/?list_24\/\" target=\"_blank\" rel=\"noopener\">http:\/\/programyourfob.com\/?list_24\/<\/a><\/p>\n<p><a href=\"http:\/\/programyourfob.com\/?list_23\/\" target=\"_blank\" rel=\"noopener\">http:\/\/programyourfob.com\/?list_23\/<\/a><\/p>\n<p>Gracias por elegirnos.<\/p>\n<p>Somos uno de los fabricantes m\u00e1s profesionales de llaves de coche, sistemas de entrada sin llave, mandos a distancia de llave de coche, chips transpondedores, programadores de llaves, carcasas de llaves de coche, cerraduras de coche, herramientas de cerrajer\u00eda y otros. Adem\u00e1s, nuestra empresa cuenta con un equipo profesional y l\u00ednea de producci\u00f3n. Adem\u00e1s, nos especializamos en la producci\u00f3n de varias llaves de coche, carcasas de llaves y herramientas de cerrajer\u00eda. Tambi\u00e9n nos encargamos del desarrollo, fabricaci\u00f3n y venta al por mayor de productos de seguridad y protecci\u00f3n para autom\u00f3viles.<\/p>\n<p>Precios competitivos y servicios dedicados le ayudar\u00e1n a obtener un buen mercado. Adem\u00e1s, un equipo de ventas joven y en\u00e9rgico ofrece un servicio r\u00e1pido, profesional y amigable en cualquier momento. Adem\u00e1s, todos nuestros productos se env\u00edan directamente desde el almac\u00e9n en Espa\u00f1a, Canad\u00e1 y M\u00e9xico. Por lo tanto, los productos que compre ser\u00e1n empaquetados y enviados en 48 horas despu\u00e9s de realizar el pedido. M\u00e1s de 100% de nuestros productos est\u00e1n en stock, y el inventario es suficiente.<\/p>","protected":false},"excerpt":{"rendered":"<ul>\n<li>ID FCC: CWTWB1U345<\/li>\n<li>Frecuencia: 315MHz<\/li>\n<\/ul>","protected":false},"featured_media":21113,"comment_status":"open","ping_status":"closed","template":"","meta":{"_bst_post_transparent":"default","_bst_post_title":"","_bst_post_layout":"default","_bst_post_sidebar_id":"","_bst_post_content_style":"default","_bst_post_vertical_padding":"default","_bst_post_feature":"","_bst_post_feature_position":"","_bst_post_header":false,"_bst_post_footer":false},"product_brand":[],"product_cat":[15,156,379,159,380],"product_tag":[],"2_year_make_model":[],"class_list":{"0":"post-17430","1":"product","2":"type-product","3":"status-publish","4":"has-post-thumbnail","6":"product_cat-carkeyremote","7":"product_cat-for-ford","8":"product_cat-for-lincoln","9":"product_cat-for-mazda","10":"product_cat-for-mercury","12":"first","13":"instock","14":"sale","15":"shipping-taxable","16":"purchasable","17":"product-type-simple","18":"entry","19":"content-bg","20":"loop-entry"},"_links":{"self":[{"href":"https:\/\/keylessbest.com\/es\/wp-json\/wp\/v2\/product\/17430","targetHints":{"allow":["GET"]}}],"collection":[{"href":"https:\/\/keylessbest.com\/es\/wp-json\/wp\/v2\/product"}],"about":[{"href":"https:\/\/keylessbest.com\/es\/wp-json\/wp\/v2\/types\/product"}],"replies":[{"embeddable":true,"href":"https:\/\/keylessbest.com\/es\/wp-json\/wp\/v2\/comments?post=17430"}],"version-history":[{"count":1,"href":"https:\/\/keylessbest.com\/es\/wp-json\/wp\/v2\/product\/17430\/revisions"}],"predecessor-version":[{"id":19585,"href":"https:\/\/keylessbest.com\/es\/wp-json\/wp\/v2\/product\/17430\/revisions\/19585"}],"wp:featuredmedia":[{"embeddable":true,"href":"https:\/\/keylessbest.com\/es\/wp-json\/wp\/v2\/media\/21113"}],"wp:attachment":[{"href":"https:\/\/keylessbest.com\/es\/wp-json\/wp\/v2\/media?parent=17430"}],"wp:term":[{"taxonomy":"product_brand","embeddable":true,"href":"https:\/\/keylessbest.com\/es\/wp-json\/wp\/v2\/product_brand?post=17430"},{"taxonomy":"product_cat","embeddable":true,"href":"https:\/\/keylessbest.com\/es\/wp-json\/wp\/v2\/product_cat?post=17430"},{"taxonomy":"product_tag","embeddable":true,"href":"https:\/\/keylessbest.com\/es\/wp-json\/wp\/v2\/product_tag?post=17430"},{"taxonomy":"2_year_make_model","embeddable":true,"href":"https:\/\/keylessbest.com\/es\/wp-json\/wp\/v2\/2_year_make_model?post=17430"}],"curies":[{"name":"wp","href":"https:\/\/api.w.org\/{rel}","templated":true}]}}