{"id":17628,"date":"2025-08-19T09:48:27","date_gmt":"2025-08-19T09:48:27","guid":{"rendered":"https:\/\/hanwuji.shengjit.com\/?post_type=product&#038;p=17628"},"modified":"2026-02-25T05:22:36","modified_gmt":"2026-02-25T05:22:36","slug":"llavero-de-toyota-2004-2010-gq43vt20t-315mhz-para-keylessbest","status":"publish","type":"product","link":"https:\/\/keylessbest.com\/es\/producto\/llavero-de-toyota-2004-2010-gq43vt20t-315mhz-para-keylessbest\/","title":{"rendered":"Llavero de Toyota 2004-2010 GQ43VT20T 315MHz para Keylessbest"},"content":{"rendered":"<p>*La informaci\u00f3n detallada de este llavero sin llave para Lexus de 2004-2010 es la siguiente. Por favor, confirme que los siguientes detalles coinciden con su veh\u00edculo antes de realizar el pedido: ID FCC, N\u00famero de Parte, A\u00f1o Modelo, IC, Frecuencia, Chip y Botones.<\/p>\n<h6><strong><b>Informaci\u00f3n del Producto: <\/b><\/strong><\/h6>\n<ul>\n<li>ID FCC: GQ43VT20T<\/li>\n<li>PN: 89742-AE011<\/li>\n<li>Frecuencia: 315MHz<\/li>\n<li>Chip: 67<\/li>\n<li>Botones: Bloquear, Desbloquear, Maletero, P\u00e1nico<\/li>\n<\/ul>\n<h6><strong><b>El modelo de referencia:<\/b><\/strong><\/h6>\n<ul>\n<li>2008-2010 <a href=\"https:\/\/keylessbest.com\/es\/producto\/2009-2014-toyota-avalon-camry-corolla-mando-de-entrada-sin-llave-de-3-botones-hyq14aem-pn-89904-0r060-89904-60770-89904-0r090-89904-42140__trashed\/\" data-wpil-monitor-id=\"117\">Toyota<\/a> Highlander<\/li>\n<li>2008-2010 <a href=\"https:\/\/keylessbest.com\/es\/producto\/control-remoto-de-entrada-sin-llave-para-toyota-sequoia-solara-avalon-highlander-sienna-tacoma-2004-2018-4-botones-gq43vt20t-pn-89742-0c040\/\" data-wpil-monitor-id=\"120\">Toyota Sequoia<\/a><\/li>\n<li>2004-2010 <a href=\"https:\/\/keylessbest.com\/es\/producto\/2004-2020-toyota-sienna-mando-de-entrada-sin-llave-de-5-botones-gq43vt20t-pn-89742-ae031-89742-ae030\/\" data-wpil-monitor-id=\"121\">Toyota Sienna<\/a><\/li>\n<li>Toyota Tundra 2005-2010<\/li>\n<li>Toyota Tacoma 2005-2010<\/li>\n<\/ul>\n<h6><strong><b>Incluye en el paquete:<\/b><\/strong><\/h6>\n<ul>\n<li>Un nuevo mando a distancia sin llave del mercado de accesorios<\/li>\n<li>Una llave de inserci\u00f3n de emergencia del mercado de accesorios gratuita<\/li>\n<li>Todos los transmisores vienen con una bater\u00eda<\/li>\n<li>Todas las unidades son probadas antes del env\u00edo<\/li>\n<li>Garant\u00eda de satisfacci\u00f3n y garant\u00eda de 2 a\u00f1os 100%<\/li>\n<\/ul>\n<h6><strong><b>Nota:<\/b><\/strong><\/h6>\n<ul>\n<li>El Toyota inteligente de 2004-2010 <a href=\"https:\/\/keylessbest.com\/es\/producto\/1999-2004-acura-cl-tl-rl-mando-de-entrada-sin-llave-de-4-botones-e4eg8d-444h-a-reemplaza-pn-72147-s0k-a23-72147-s0k-a13__trashed\/\" data-wpil-monitor-id=\"118\">reemplazo del mando de entrada sin llave<\/a> \u2013 sin logotipo, con una llave de inserci\u00f3n de emergencia sin cortar incluida.<\/li>\n<li>No cortamos ni programamos la llave remota. Adem\u00e1s, para precios, por favor contacte con un cerrajero local o concesionario.<\/li>\n<li>Este transmisor es compatible con veh\u00edculos que cuentan con un bot\u00f3n de arranque\/parada en el tablero o una llave de giro, junto con un transpondedor proxy <a href=\"https:\/\/keylessbest.com\/es\/producto\/2017-2018-nissan-rogue-mando-de-entrada-sin-llave-de-4-botones-kr5s180144106-pn285e3-6fl2b-4a\/\" data-wpil-monitor-id=\"119\">entrada sin llave<\/a> sistema.<\/li>\n<li>El precio es por un mando de entrada sin llave completo de reemplazo, incluyendo la llave de emergencia.<\/li>\n<li>Por lo tanto, recomendamos encarecidamente que su llavero sea programado por un cerrajero profesional o distribuidor.<\/li>\n<\/ul>\n<h6><strong><b>Recursos de programaci\u00f3n\u00a0<\/b><\/strong><\/h6>\n<p><a href=\"http:\/\/programyourfob.com\/?list_6\/\" target=\"_blank\" rel=\"noopener\"><u>http:\/\/programyourfob.com\/?list_6\/<\/u><\/a><\/p>\n<p>Gracias por elegirnos.<\/p>\n<p>Somos uno de los fabricantes m\u00e1s profesionales de llaves de coche, sistema de entrada sin llave, <a href=\"https:\/\/keylessbest.com\/es\/producto\/2010-2019-mitsubishi-lancer-outlander-outlander-sport-3-botones-mando-de-entrada-sin-llave-oucj166n-pn-6370b944-id-46-mits__trashed\/\" data-wpil-monitor-id=\"116\">control remoto de llave de coche<\/a>, chips transpondedores, programadores de llaves, carcasas de llaves de coche, cerraduras de coche, herramientas de cerrajer\u00eda y m\u00e1s. Adem\u00e1s, nuestra empresa cuenta con un equipo profesional y l\u00ednea de producci\u00f3n. Adem\u00e1s, nos especializamos en la fabricaci\u00f3n de varias llaves de coche, carcasas de llaves y herramientas de cerrajer\u00eda. Tambi\u00e9n nos encargamos del desarrollo, fabricaci\u00f3n y venta al por mayor de productos de seguridad y protecci\u00f3n para autom\u00f3viles.<\/p>\n<p>Precios competitivos y servicios dedicados le ayudar\u00e1n a obtener un buen mercado. Adem\u00e1s, un equipo de ventas joven y en\u00e9rgico ofrece un servicio r\u00e1pido, profesional y amigable en cualquier momento. Adem\u00e1s, todos nuestros productos se env\u00edan directamente desde el almac\u00e9n en Espa\u00f1a, Canad\u00e1 y M\u00e9xico. Por lo tanto, los productos que compre ser\u00e1n empaquetados y enviados en 48 horas despu\u00e9s de realizar el pedido. M\u00e1s de 100% de nuestros productos est\u00e1n en stock, y el inventario es suficiente.<\/p>","protected":false},"excerpt":{"rendered":"<ul>\n<li>SKU: CA-TA620<\/li>\n<li>ID FCC: GQ43VT20T<\/li>\n<li>PN: 89742-AE011<\/li>\n<li>Frecuencia: 315MHz<\/li>\n<li>Chip: 67<\/li>\n<li>Botones: Bloquear, Desbloquear, Maletero, P\u00e1nico<\/li>\n<\/ul>","protected":false},"featured_media":21572,"comment_status":"open","ping_status":"closed","template":"","meta":{"_bst_post_transparent":"default","_bst_post_title":"","_bst_post_layout":"default","_bst_post_sidebar_id":"","_bst_post_content_style":"default","_bst_post_vertical_padding":"default","_bst_post_feature":"","_bst_post_feature_position":"","_bst_post_header":false,"_bst_post_footer":false},"product_brand":[],"product_cat":[15,158],"product_tag":[],"2_year_make_model":[],"class_list":{"0":"post-17628","1":"product","2":"type-product","3":"status-publish","4":"has-post-thumbnail","6":"product_cat-carkeyremote","7":"product_cat-for-toyota","9":"first","10":"instock","11":"sale","12":"shipping-taxable","13":"purchasable","14":"product-type-simple","15":"entry","16":"content-bg","17":"loop-entry"},"_links":{"self":[{"href":"https:\/\/keylessbest.com\/es\/wp-json\/wp\/v2\/product\/17628","targetHints":{"allow":["GET"]}}],"collection":[{"href":"https:\/\/keylessbest.com\/es\/wp-json\/wp\/v2\/product"}],"about":[{"href":"https:\/\/keylessbest.com\/es\/wp-json\/wp\/v2\/types\/product"}],"replies":[{"embeddable":true,"href":"https:\/\/keylessbest.com\/es\/wp-json\/wp\/v2\/comments?post=17628"}],"version-history":[{"count":3,"href":"https:\/\/keylessbest.com\/es\/wp-json\/wp\/v2\/product\/17628\/revisions"}],"predecessor-version":[{"id":19950,"href":"https:\/\/keylessbest.com\/es\/wp-json\/wp\/v2\/product\/17628\/revisions\/19950"}],"wp:featuredmedia":[{"embeddable":true,"href":"https:\/\/keylessbest.com\/es\/wp-json\/wp\/v2\/media\/21572"}],"wp:attachment":[{"href":"https:\/\/keylessbest.com\/es\/wp-json\/wp\/v2\/media?parent=17628"}],"wp:term":[{"taxonomy":"product_brand","embeddable":true,"href":"https:\/\/keylessbest.com\/es\/wp-json\/wp\/v2\/product_brand?post=17628"},{"taxonomy":"product_cat","embeddable":true,"href":"https:\/\/keylessbest.com\/es\/wp-json\/wp\/v2\/product_cat?post=17628"},{"taxonomy":"product_tag","embeddable":true,"href":"https:\/\/keylessbest.com\/es\/wp-json\/wp\/v2\/product_tag?post=17628"},{"taxonomy":"2_year_make_model","embeddable":true,"href":"https:\/\/keylessbest.com\/es\/wp-json\/wp\/v2\/2_year_make_model?post=17628"}],"curies":[{"name":"wp","href":"https:\/\/api.w.org\/{rel}","templated":true}]}}