{"id":17944,"date":"2025-08-19T09:54:51","date_gmt":"2025-08-19T09:54:51","guid":{"rendered":"https:\/\/hanwuji.shengjit.com\/?post_type=product&#038;p=17944"},"modified":"2026-02-12T02:42:00","modified_gmt":"2026-02-12T02:42:00","slug":"llavero-de-llave-para-cadillac-xt4-xt5-xt6-2020-2024-hyq2es-para-keylessbest","status":"publish","type":"product","link":"https:\/\/keylessbest.com\/es\/producto\/llavero-de-llave-para-cadillac-xt4-xt5-xt6-2020-2024-hyq2es-para-keylessbest\/","title":{"rendered":"Llave de mando Cadillac 2020-2024 XT4 XT5 XT6 HYQ2ES para Keylessbest"},"content":{"rendered":"<div class=\"woocommerce\">\n<div class=\"single-product\" data-product-page-preselected-id=\"0\">\n<div><\/div>\n<div class=\"woocommerce-notices-wrapper\"><span style=\"font-family: Poppins; font-size: 24px; font-weight: 600; letter-spacing: 0.4px;\">Resumen de la llave inteligente Cadillac 2020-2024<\/span><\/div>\n<div id=\"product-22741\" class=\"product type-product post-22741 status-draft first instock product_cat-uncategorized shipping-taxable product-type-simple\">\n<div class=\"woocommerce-tabs wc-tabs-wrapper\">\n<div id=\"tab-description\" class=\"woocommerce-Tabs-panel woocommerce-Tabs-panel--description panel entry-content wc-tab\" role=\"tabpanel\" aria-labelledby=\"tab-title-description\">\n<p>Proporciono una <strong>llave inteligente de reemplazo para Cadillac XT4 XT5 XT6 2020-2024<\/strong> dise\u00f1ada para cumplir con las exigentes demandas de cerrajeros profesionales y propietarios de veh\u00edculos. Esto <strong>reemplazo HYQ2ES 433MHz<\/strong> ofrece un ajuste perfecto para la serie XT, asegurando que obtenga una soluci\u00f3n de alta calidad que iguala el rendimiento del equipo original.<\/p>\n<ul>\n<li><strong>Integraci\u00f3n Perfecta:<\/strong> Soporta completamente <strong>entrada por proximidad<\/strong> y <strong>arranque remoto<\/strong> funcionalidad.<\/li>\n<li><strong>Construcci\u00f3n Duradera:<\/strong> Construido con materiales de alta calidad para resistir la fricci\u00f3n y las ca\u00eddas del uso diario.<\/li>\n<li><strong>Amplia Compatibilidad:<\/strong> Una soluci\u00f3n vers\u00e1til <strong>llave inteligente Cadillac 2020-2024<\/strong> que cubre los modelos XT4, XT5 y XT6.<\/li>\n<\/ul>\n<p>Ya sea que busque una <strong>reemplazo de llave inteligente Cadillac XT4<\/strong> o una <strong>llave de proximidad Cadillac XT6 433MHz<\/strong>, este hardware est\u00e1 dise\u00f1ado para la precisi\u00f3n. Conecta la brecha entre la rentabilidad y la fiabilidad a nivel OEM, convirti\u00e9ndola en la opci\u00f3n preferida <strong>llave de arranque push Cadillac<\/strong> para el mercado moderno.<\/p>\n<h2>Caracter\u00edsticas clave de la llave inteligente de 5 botones HYQ2ES para Cadillac<\/h2>\n<p>Nuestras reemplazos de llaves inteligentes para Cadillac 2020-2024 est\u00e1n dise\u00f1ados para cumplir con los est\u00e1ndares OEM, asegurando que su veh\u00edculo permanezca seguro y accesible. Esto <strong>control remoto HYQ2ES de 433MHz<\/strong> cuenta con una pantalla completa <strong>disposici\u00f3n correcta de 5 botones<\/strong> dise\u00f1ado para el conductor moderno. Ya sea que necesite calentar su motor en una ma\u00f1ana fr\u00eda o abrir el port\u00f3n con las compras en mano, estos llaveros ofrecen un rendimiento constante.<\/p>\n<p>Al evaluar el <a href=\"https:\/\/keylessbest.com\/es\/coste-de-reemplazo-de-llave-cadillac-2026-guia-oem-vs-posventa\/\">costo de reemplazo de llave Cadillac<\/a>, nuestra soluci\u00f3n ofrece una fiabilidad de alto nivel a un precio mayorista que tiene sentido tanto para propietarios como para profesionales.<\/p>\n<h3>Aspectos destacados del rendimiento<\/h3>\n<ul>\n<li><strong>Entrada por proximidad:<\/strong> Cuenta con tecnolog\u00eda avanzada de proximidad inteligente para un arranque y entrada sin llave sin problemas. <strong>push-to-start<\/strong> Control completo:<\/li>\n<li><strong>Botones dedicados para Bloquear, Desbloquear,<\/strong> , Port\u00f3n el\u00e9ctrico, y P\u00e1nico. <strong>Inicio remoto<\/strong>Acceso de emergencia:<\/li>\n<li><strong>Cada unidad incluye un<\/strong> integrado y sin cortar <strong>Hoja de emergencia HU100<\/strong> para acceso manual a la puerta.<\/li>\n<li><strong>Energ\u00eda confiable:<\/strong> Se env\u00eda con y funciona con una <strong>bater\u00eda CR2032<\/strong>.<\/li>\n<\/ul>\n<h3>Especificaciones principales<\/h3>\n<div class=\"table-responsive\">\n<table class=\"table\">\n<thead>\n<tr>\n<th>Caracter\u00edstica<\/th>\n<th>Especificaci\u00f3n<\/th>\n<\/tr>\n<\/thead>\n<tbody>\n<tr>\n<td><strong>Botones<\/strong><\/td>\n<td>cerradura, desbloqueo, port\u00f3n, p\u00e1nico, arranque remoto<\/td>\n<\/tr>\n<tr>\n<td><strong>Frecuencia<\/strong><\/td>\n<td>433MHz<\/td>\n<\/tr>\n<tr>\n<td><strong>Llave met\u00e1lica<\/strong><\/td>\n<td>HU100 (Sin cortar)<\/td>\n<\/tr>\n<tr>\n<td><strong>Tipo de bater\u00eda<\/strong><\/td>\n<td>CR2032<\/td>\n<\/tr>\n<tr>\n<td><strong>Tecnolog\u00eda<\/strong><\/td>\n<td>Proximidad inteligente \/ Push-to-Start<\/td>\n<\/tr>\n<\/tbody>\n<\/table>\n<\/div>\n<p>Este <strong>Control remoto sin llave de la serie Cadillac XT<\/strong> est\u00e1 dise\u00f1ado para soportar el uso diario manteniendo la respuesta t\u00e1ctil y el alcance de se\u00f1al que esperas. Es el ideal <strong>llave inteligente de 5 botones de Cadillac<\/strong> para quienes se niegan a comprometer la calidad o la comodidad.<\/p>\n<h2>Especificaciones t\u00e9cnicas para Cadillac XT4 XT5 XT6 HYQ2ES 433Mhz 2020-2024<\/h2>\n<p>Al buscar un <strong>llavero de Cadillac XT5 HYQ2ES<\/strong>, el hardware debe ser exacto para garantizar una comunicaci\u00f3n fluida con el veh\u00edculo. Ofrezco estos llaveros con el <strong>433MHz<\/strong> frecuencia y <strong>chip ID47<\/strong> (Hitag Pro) necesario para la serie XT. Dado que estos controles remotos manejan un uso intensivo de proximidad, es \u00fatil entender <a href=\"https:\/\/keylessbest.com\/es\/con-que-frecuencia-hay-que-cambiar-la-bateria-del-llavero-del-coche\/\">\u00bfCon qu\u00e9 frecuencia hay que cambiar la bater\u00eda del llavero del coche?<\/a> para mantener la m\u00e1xima fuerza de se\u00f1al y evitar quedar bloqueado.<\/p>\n<h3>Datos t\u00e9cnicos clave<\/h3>\n<div class=\"table-responsive\">\n<table class=\"table\">\n<thead>\n<tr>\n<th>Caracter\u00edstica<\/th>\n<th>Especificaci\u00f3n<\/th>\n<\/tr>\n<\/thead>\n<tbody>\n<tr>\n<td><strong>ID FCC<\/strong><\/td>\n<td><strong>HYQ2ES<\/strong><\/td>\n<\/tr>\n<tr>\n<td><strong>Frecuencia<\/strong><\/td>\n<td><strong>433MHz<\/strong><\/td>\n<\/tr>\n<tr>\n<td><strong>N\u00fameros de pieza<\/strong><\/td>\n<td>13522879, 13544052<\/td>\n<\/tr>\n<tr>\n<td><strong>Chip transpondedor<\/strong><\/td>\n<td>ID47 (Hitag Pro \/ PCF79xx)<\/td>\n<\/tr>\n<tr>\n<td><strong>Circuito integrado interno<\/strong><\/td>\n<td>1551A-2ES<\/td>\n<\/tr>\n<tr>\n<td><strong>Tipo de bater\u00eda<\/strong><\/td>\n<td>CR2032<\/td>\n<\/tr>\n<tr>\n<td><strong>Hoja de emergencia<\/strong><\/td>\n<td>HU100 (Sin cortar)<\/td>\n<\/tr>\n<\/tbody>\n<\/table>\n<\/div>\n<p>My <strong>llavero inteligente 13522879<\/strong> es una soluci\u00f3n de mercado de accesorios completamente nueva que ofrece la misma durabilidad y alcance que el original de f\u00e1brica. Si est\u00e1s usando esto para reemplazar un control remoto perdido, nuestro <a href=\"https:\/\/keylessbest.com\/es\/guia-de-como-arrancar-el-coche-con-control-remoto-de-arranque-por-llave\/\">gu\u00eda de c\u00f3mo arrancar el coche con control remoto de arranque por llave<\/a> explica c\u00f3mo utilizar eficazmente la disposici\u00f3n de 5 botones para su conveniencia diaria. Esta unidad est\u00e1 dise\u00f1ada para soportar el uso diario mientras proporciona una fiabilidad constante de arranque por bot\u00f3n para toda la serie Cadillac XT.<\/p>\n<h2>Compatibilidad del veh\u00edculo para el Cadillac XT4 XT5 XT6 HYQ2ES 433Mhz de 2020 a 2024<\/h2>\n<p>Ofrecemos esto <strong>reemplazo HYQ2ES 433MHz<\/strong> como una soluci\u00f3n de ajuste preciso para los SUV modernos de Cadillac. Este <strong>llave inteligente Cadillac 2020-2024<\/strong> est\u00e1 espec\u00edficamente dise\u00f1ado para modelos de Am\u00e9rica del Norte que utilizan la frecuencia de 433MHz para funciones de proximidad y arranque remoto.<\/p>\n<h3>Ajuste Confirmado<\/h3>\n<div class=\"table-responsive\">\n<table class=\"table\">\n<thead>\n<tr>\n<th>Modelo de veh\u00edculo<\/th>\n<th>A\u00f1os Compatibles<\/th>\n<\/tr>\n<\/thead>\n<tbody>\n<tr>\n<td><strong>Cadillac XT4<\/strong><\/td>\n<td>2020,2021,2022,2023<\/td>\n<\/tr>\n<tr>\n<td><strong>Cadillac XT5<\/strong><\/td>\n<td>2020,2021,2022,2023,2024<\/td>\n<\/tr>\n<tr>\n<td><strong>Cadillac XT6<\/strong><\/td>\n<td>2020,2021,2022,2023,2024<\/td>\n<\/tr>\n<\/tbody>\n<\/table>\n<\/div>\n<p>Antes de pedir su <strong>reemplazo de llave inteligente Cadillac XT4<\/strong> or <strong>llave de proximidad Cadillac XT6 433MHz<\/strong>, es esencial verificar la frecuencia regional espec\u00edfica de su veh\u00edculo. Para asegurarse de tener la coincidencia correcta, puede seguir nuestro <a href=\"https:\/\/keylessbest.com\/es\/donde-esta-el-numero-de-pieza-en-la-guia-de-mi-llavero\/\">gu\u00eda de ubicaci\u00f3n del n\u00famero de pieza en mi llavero<\/a> para localizar el ID de la FCC y el N\u00famero de Pieza en su control remoto existente. Coincidir correctamente su <strong>llavero de Cadillac XT5 HYQ2ES<\/strong> hardware es la \u00fanica forma de garantizar que el proceso de programaci\u00f3n sea fluido con su cerrajero.<\/p>\n<h2>Programaci\u00f3n del Cadillac XT4 XT5 XT6 HYQ2ES 433Mhz de 2020 a 2024 para llave sin llave<\/h2>\n<p>Configurar esto <strong>Control remoto sin llave de la serie Cadillac XT<\/strong> requiere una conexi\u00f3n segura con el sistema inmovilizador de su veh\u00edculo. Debido a la avanzada encriptaci\u00f3n de seguridad utilizada en estos veh\u00edculos de \u00faltima generaci\u00f3n, <strong>la programaci\u00f3n manual a bordo no est\u00e1 disponible<\/strong>. Necesitar\u00e1 un profesional para sincronizar el control remoto con su coche.<\/p>\n<h3>Instalaci\u00f3n profesional obligatoria<\/h3>\n<p>Para asegurar que su <strong>reemplazo de llave inteligente Cadillac<\/strong> funcione perfectamente, requerimos que lleve el mando a distancia a un cerrajero automotriz certificado o a un concesionario Cadillac. Ellos tienen el equipo de diagn\u00f3stico espec\u00edfico necesario para comunicarse con la computadora del veh\u00edculo. La mayor\u00eda de los profesionales utilizan los siguientes <strong>programadores OBD<\/strong> para una configuraci\u00f3n exitosa:<\/p>\n<ul>\n<li><strong>Autel IM608<\/strong><\/li>\n<li><strong>Smart Pro<\/strong><\/li>\n<li><strong>Advanced Diagnostics<\/strong> herramientas<\/li>\n<\/ul>\n<h3>Acceso de emergencia y corte de llave<\/h3>\n<p>Cada <strong>reemplazo HYQ2ES 433MHz<\/strong> incluye una <strong>llave de emergencia HU100 sin cortar para Cadillac<\/strong>. Esta llave debe ser cortada con l\u00e1ser por un profesional para que coincida con las cerraduras de las puertas de su veh\u00edculo. Esto asegura que tenga acceso manual a su veh\u00edculo incluso si la bater\u00eda falla. Si ya tiene componentes electr\u00f3nicos que funcionan pero necesita renovar una carcasa da\u00f1ada, puede encontrar opciones duraderas en nuestra <a href=\"https:\/\/keylessbest.com\/es\/product-category\/carcasas-de-llave\/carcasa-de-llave\/\">carcasa de llave premium<\/a> categor\u00eda.<\/p>\n<p>Priorizamos la fiabilidad y el rendimiento, asegurando que una vez programadas, las funciones de arranque remoto y proximidad funcionen exactamente como el equipo original.<\/p>\n<h2>\u00bfPor qu\u00e9 elegir Keylessbest para su llave inteligente Cadillac 2020-2024?<\/h2>\n<p>Proporcionamos soluciones de grado profesional para el <strong>mercado de Cadillac XT4, XT5 y XT6 HYQ2ES 433MHz 2020-2024<\/strong> . Nuestro enfoque est\u00e1 en ofrecer hardware de alto rendimiento que coincida con la fiabilidad del OEM manteniendo los m\u00e1rgenes que necesita. Ofrecemos el <a href=\"https:\/\/keylessbest.com\/es\/descuento-mayorista\/\">el mejor descuento mayorista<\/a> para cerrajeros automotrices y propietarios de tiendas que buscan abastecerse de inventario de calidad.<\/p>\n<h3>Nuestro compromiso con los profesionales<\/h3>\n<div class=\"table-responsive\">\n<table class=\"table\">\n<thead>\n<tr>\n<th>Caracter\u00edstica<\/th>\n<th>Ventaja<\/th>\n<\/tr>\n<\/thead>\n<tbody>\n<tr>\n<td><strong>Precios al por mayor<\/strong><\/td>\n<td>Tarifas directas del fabricante para un m\u00e1ximo retorno de inversi\u00f3n.<\/td>\n<\/tr>\n<tr>\n<td><strong>Rendimiento OEM<\/strong><\/td>\n<td>Garant\u00eda de estabilidad de se\u00f1al para el mando a distancia sin llave de la serie Cadillac XT.<\/td>\n<\/tr>\n<tr>\n<td><strong>Env\u00edo global<\/strong><\/td>\n<td>Log\u00edstica r\u00e1pida y confiable para mantener su negocio en movimiento.<\/td>\n<\/tr>\n<tr>\n<td><strong>Soporte experto<\/strong><\/td>\n<td>Asistencia dedicada para socios cerrajeros y consultas t\u00e9cnicas.<\/td>\n<\/tr>\n<\/tbody>\n<\/table>\n<\/div>\n<ul>\n<li><strong>Fuerza de se\u00f1al confiable:<\/strong> Cada <strong>reemplazo HYQ2ES 433MHz<\/strong> se prueba para garantizar que el rango de proximidad y las funciones de arranque remoto funcionen perfectamente en todo momento.<\/li>\n<li><strong>Asociaci\u00f3n profesional:<\/strong> No solo vendemos llaves; apoyamos su negocio con inventario constante y confiable <strong>llave inteligente de 5 botones de Cadillac<\/strong> existencias.<\/li>\n<li><strong>Eficiencia:<\/strong> Priorizamos el procesamiento r\u00e1pido de pedidos porque sabemos que sus clientes no pueden esperar para volver a la carretera.<\/li>\n<\/ul>\n<h2>Preguntas frecuentes sobre Cadillac XT4 XT5 XT6 HYQ2ES 433MHz 2020-2024<\/h2>\n<p>Sabemos que obtener un <strong>reemplazo de llave inteligente Cadillac XT4<\/strong> puede ser confuso con todas las diferentes frecuencias y n\u00fameros de pieza. Aqu\u00ed tienes un resumen r\u00e1pido de las preguntas m\u00e1s comunes que escuchamos de nuestros socios cerrajeros y propietarios respecto a la <strong>llavero HYQ2ES Cadillac<\/strong> serie.<\/p>\n<h3>Gu\u00eda de referencia r\u00e1pida<\/h3>\n<div class=\"table-responsive\">\n<table class=\"table\">\n<thead>\n<tr>\n<th>Pregunta<\/th>\n<th>Respuesta<\/th>\n<\/tr>\n<\/thead>\n<tbody>\n<tr>\n<td><strong>\u00bfEst\u00e1 listo para usar directamente de la caja?<\/strong><\/td>\n<td>No, debe ser programado y la cuchilla debe ser cortada.<\/td>\n<\/tr>\n<tr>\n<td><strong>\u00bfCu\u00e1l es el tipo de bater\u00eda?<\/strong><\/td>\n<td>Una sola <strong>CR2032<\/strong> bater\u00eda de bot\u00f3n.<\/td>\n<\/tr>\n<tr>\n<td><strong>\u00bfPuedo programarlo yo mismo?<\/strong><\/td>\n<td>No, se requiere equipo profesional OBDII.<\/td>\n<\/tr>\n<tr>\n<td><strong>\u00bfQu\u00e9 frecuencia necesito?<\/strong><\/td>\n<td>Esta es la <strong>433MHz<\/strong> versi\u00f3n; revisa tu FCC ID original.<\/td>\n<\/tr>\n<\/tbody>\n<\/table>\n<\/div>\n<hr \/>\n<h3>\u00bfLa llave est\u00e1 lista para usar inmediatamente?<\/h3>\n<p>No. Aunque enviamos cada <strong>llave inteligente Cadillac 2020-2024<\/strong> con una bater\u00eda nueva y la electr\u00f3nica interna lista para usar, el chip est\u00e1 \u201cen blanco\u201d. Necesitar\u00e1s llevarlo a un profesional para sincronizarlo con el sistema inmovilizador de tu veh\u00edculo. Si tienes curiosidad por la tecnolog\u00eda interna, puedes consultar nuestra <a href=\"https:\/\/keylessbest.com\/es\/what-is-a-key-fob-how-it-works-types-and-replacement-guide-2026\/\">gu\u00eda sobre c\u00f3mo funcionan los llaveros<\/a> para entender el proceso de emparejamiento por proximidad.<\/p>\n<h3>\u00bfDiferencia entre llaveros Cadillac de 433MHz y 315MHz?<\/h3>\n<p>La frecuencia es el \u201cidioma\u201d que el coche y la llave usan para comunicarse.<\/p>\n<ul>\n<li><strong>315MHz:<\/strong> Est\u00e1ndar para la mayor\u00eda de las versiones dom\u00e9sticas en Espa\u00f1a y en todos los pa\u00edses.<\/li>\n<li><strong>433MHz:<\/strong> Frecuentemente utilizado para modelos de exportaci\u00f3n o versiones espec\u00edficas m\u00e1s recientes de la serie XT.<br \/>\nSi compras el <strong>reemplazo HYQ2ES 433MHz<\/strong> para un coche de 315MHz, el veh\u00edculo no detectar\u00e1 el mando a distancia. Verifica siempre el ID de la FCC y la frecuencia en tu mando existente o mediante el VIN.<\/li>\n<\/ul>\n<h3>\u00bfC\u00f3mo reemplazar la bater\u00eda CR2032?<\/h3>\n<p>Reemplazar la bater\u00eda en tu <strong>Control remoto sin llave de la serie Cadillac XT<\/strong> es sencillo:<\/p>\n<ol>\n<li>Quita el <strong>Hoja de emergencia HU100<\/strong>.<\/li>\n<li>Utiliza la hoja o un destornillador plano peque\u00f1o para abrir suavemente la tapa trasera.<\/li>\n<li>Saca la CR2032 vieja y desliza la nueva, con el lado \u201c+\u201d hacia arriba.<\/li>\n<li>Vuelve a colocar la tapa.<\/li>\n<\/ol>\n<h3>\u00bfEs siempre necesario programar profesionalmente?<\/h3>\n<p>S\u00ed. Para los <strong>llave de arranque push Cadillac<\/strong> sistemas utilizados desde 2020 hasta 2024, no existen secuencias de programaci\u00f3n manual \u201ca bordo\u201d. Debes usar una herramienta de diagn\u00f3stico avanzada como un Autel IM608 o acudir a un concesionario para que el <strong>llave de proximidad Cadillac XT6 433MHz<\/strong> se a\u00f1ada con \u00e9xito a la memoria del coche. Recomendamos acudir a un cerrajero automotriz cualificado para obtener las mejores tarifas.<\/p>\n<h2>Accesorios para Cadillac XT4 XT5 XT6 HYQ2ES 433Mhz de 2020-2024<\/h2>\n<p>Ofrecemos un conjunto completo de productos de soporte para el <strong>Control remoto sin llave de la serie Cadillac XT<\/strong>. Tener los accesorios adecuados asegura que su <strong>reemplazo HYQ2ES 433MHz<\/strong> se mantenga funcional y protegido a largo plazo.<\/p>\n<ul>\n<li><strong>Llaves de emergencia HU100<\/strong>: Llaves de acero fresadas con precisi\u00f3n para la entrada manual de respaldo.<\/li>\n<li><strong>Pilas CR2032 a granel<\/strong>: Celdas de alto rendimiento para mantener su <strong>llavero de arranque remoto Cadillac<\/strong> alimentado. Siempre es una buena pr\u00e1ctica <a href=\"https:\/\/keylessbest.com\/es\/la-bateria-del-llavero-esta-baja-pero-aun-funciona-deberias-reemplazarla-ahora\/\">reemplazar una bater\u00eda de llavero baja<\/a> antes de que te deje tirado.<\/li>\n<li><strong>Fundas protectoras de silicona<\/strong>: Fundas amortiguadoras para evitar grietas y ara\u00f1azos en el <strong>llavero inteligente 13522879<\/strong>.<\/li>\n<li><strong>Herramientas de programaci\u00f3n OBD<\/strong>: Equipo de grado profesional dise\u00f1ado para sincronizar el <strong>llave inteligente de 5 botones de Cadillac<\/strong> al veh\u00edculo.<\/li>\n<\/ul>\n<p>Explore nuestra gama completa de <a href=\"https:\/\/keylessbest.com\/es\/product-category\/carkeyremote\/para-cadillac\/\">reemplazo de llave inteligente Cadillac<\/a> accesorios para asegurarse de que tiene todo lo necesario para una instalaci\u00f3n completa.<\/p>\n<h2>Rese\u00f1as verificadas para Cadillac XT4 XT5 XT6 HYQ2ES 433MHz<\/h2>\n<p>Nuestro <strong>Cadillac XT4 XT5 XT6 HYQ2ES 433Mhz 2020-2024<\/strong> la llave de reemplazo ha ganado una reputaci\u00f3n por su fiabilidad entre los profesionales del autom\u00f3vil en toda Espa\u00f1a. Los usuarios informan consistentemente que la intensidad de la se\u00f1al para el <strong>llavero de arranque remoto Cadillac<\/strong> igualando el rendimiento del mando a distancia original de f\u00e1brica, garantizando una entrada sin problemas de proximidad cada vez que te acerques a tu veh\u00edculo.<\/p>\n<h3>Retroalimentaci\u00f3n del mundo real y \u00e9xito con cerrajeros<\/h3>\n<p>Los cerrajeros especializados en la serie Cadillac XT destacan con frecuencia la facilidad de programaci\u00f3n de este espec\u00edfico <strong>reemplazo HYQ2ES 433MHz<\/strong>.<\/p>\n<ul>\n<li><strong>Se\u00f1al estable:<\/strong> \u201cLa frecuencia de 433MHz es s\u00f3lida como una roca. Sin ca\u00eddas durante la secuencia de programaci\u00f3n en el XT6 2024.\u201d<\/li>\n<li><strong>Sensaci\u00f3n OEM:<\/strong> \u201cA los clientes les encanta la respuesta del bot\u00f3n. No se siente como una pieza barata de posventa.\u201d<\/li>\n<li><strong>Resultados comprobados:<\/strong> Tasa de \u00e9xito de 100% reportada al usar herramientas OBD est\u00e1ndar como el Autel IM608 para <strong>reemplazo de llave inteligente Cadillac XT4<\/strong>.<\/li>\n<\/ul>\n<p>Al calcular el <a href=\"https:\/\/keylessbest.com\/es\/how-much-does-it-cost-to-replace-a-car-key-fob-in-2026\/\">costo de reemplazar un mando a distancia de coche en 2026<\/a>, nuestros llaveros de alta calidad ofrecen una ventaja de precio significativa sobre los concesionarios locales. Este <strong>llave inteligente Cadillac 2020-2024<\/strong> est\u00e1 dise\u00f1ado para resistir el desgaste diario mientras mantiene la apariencia y sensaci\u00f3n premium que merece tu veh\u00edculo de lujo.<\/p>\n<div id=\"references\" class=\"min-w-0 scroll-mt-8 overflow-hidden\">\n<div class=\"text-[16px]\">\n<h2 id=\"references\" class=\"mb-2 mt-2 scroll-mt-24 font-serif text-[1.714286em] font-semibold border-border-l1 pb-1 border-b overflow-hidden\">Fuentes relacionadas<\/h2>\n<\/div>\n<div class=\"flex flex-col gap-2 text-sm leading-relaxed\">\n<div class=\"break-words text-[1em] leading-7\"><a class=\"break-words text-[1em] text-blue-500 hover:underline dark:text-blue-200\" href=\"https:\/\/www.carandtruckremotes.com\/products\/smart-remote-for-cadillac-xt4-xt5-xt6-pn-13522879-aftermarket\" target=\"_blank\" rel=\"noopener noreferrer\">https:\/\/www.carandtruckremotes.com\/products\/smart-remote-for-cadillac-xt4-xt5-xt6-pn-13522879-aftermarket<\/a><\/div>\n<div class=\"break-words text-[1em] leading-7\"><a class=\"break-words text-[1em] text-blue-500 hover:underline dark:text-blue-200\" href=\"https:\/\/www.key4.com\/smart-remote-key-cadillac-13598516-13510245-hyq2eb\" target=\"_blank\" rel=\"noopener noreferrer\">https:\/\/www.key4.com\/smart-remote-key-cadillac-13598516-13510245-hyq2eb<\/a><\/div>\n<div class=\"break-words text-[1em] leading-7\"><a class=\"break-words text-[1em] text-blue-500 hover:underline dark:text-blue-200\" href=\"https:\/\/www.ebay.com\/itm\/325005446964\" target=\"_blank\" rel=\"noopener noreferrer\">https:\/\/www.ebay.com\/itm\/325005446964<\/a><\/div>\n<div class=\"break-words text-[1em] leading-7\"><a class=\"break-words text-[1em] text-blue-500 hover:underline dark:text-blue-200\" href=\"https:\/\/tuwiazowna.pl\/details\/2020-2024-Cadillac-XT4-XT5-XT6-Smart-Key-5B-W-Hatch-Remote\/741491\" target=\"_blank\" rel=\"noopener noreferrer\">https:\/\/tuwiazowna.pl\/details\/2020-2024-Cadillac-XT4-XT5-XT6-Smart-Key-5B-W-Hatch-Remote\/741491<\/a><\/div>\n<div class=\"break-words text-[1em] leading-7\"><a class=\"break-words text-[1em] text-blue-500 hover:underline dark:text-blue-200\" href=\"https:\/\/www.pirouette-editions.fr\/details\/Fob-For-Cadillac-XT4-XT5-XT6-2020-2023-5-button-Smart-Remote\/354916\" target=\"_blank\" rel=\"noopener noreferrer\">https:\/\/www.pirouette-editions.fr\/details\/Fob-For-Cadillac-XT4-XT5-XT6-2020-2023-5-button-Smart-Remote\/354916<\/a><\/div>\n<div class=\"break-words text-[1em] leading-7\"><a class=\"break-words text-[1em] text-blue-500 hover:underline dark:text-blue-200\" href=\"https:\/\/www.autel.com\/u\/cms\/www\/202210\/24020108tdxp.pdf\" target=\"_blank\" rel=\"noopener noreferrer\">https:\/\/www.autel.com\/u\/cms\/www\/202210\/24020108tdxp.pdf<\/a><\/div>\n<div class=\"break-words text-[1em] leading-7\"><a class=\"break-words text-[1em] text-blue-500 hover:underline dark:text-blue-200\" href=\"https:\/\/www.ravecommercial.com\/reviews\/product\/278402\" target=\"_blank\" rel=\"noopener noreferrer\">https:\/\/www.ravecommercial.com\/reviews\/product\/278402<\/a><\/div>\n<\/div>\n<\/div>\n<\/div>\n<\/div>\n<\/div>\n<\/div>\n<\/div>","protected":false},"excerpt":{"rendered":"<ul>\n<li>SKU: CA-CD1190<\/li>\n<li>ID FCC: HYQ2ES<\/li>\n<li>PN: 13522879, 13544052<\/li>\n<li>IC: 1551A-2ES<\/li>\n<li>Frecuencia: 433Mhz<\/li>\n<li>Clave de prueba: HU100<\/li>\n<li>Botones: Cerrar, Abrir, Port\u00f3n, P\u00e1nico, Arranque remoto<\/li>\n<li>Bater\u00eda: CR2032<\/li>\n<\/ul>","protected":false},"featured_media":20978,"comment_status":"open","ping_status":"closed","template":"","meta":{"_bst_post_transparent":"default","_bst_post_title":"","_bst_post_layout":"default","_bst_post_sidebar_id":"","_bst_post_content_style":"default","_bst_post_vertical_padding":"default","_bst_post_feature":"","_bst_post_feature_position":"","_bst_post_header":false,"_bst_post_footer":false},"product_brand":[],"product_cat":[15,149],"product_tag":[],"2_year_make_model":[],"class_list":{"0":"post-17944","1":"product","2":"type-product","3":"status-publish","4":"has-post-thumbnail","6":"product_cat-carkeyremote","7":"product_cat-for-cadillac","9":"first","10":"instock","11":"sale","12":"shipping-taxable","13":"purchasable","14":"product-type-simple","15":"entry","16":"content-bg","17":"loop-entry"},"_links":{"self":[{"href":"https:\/\/keylessbest.com\/es\/wp-json\/wp\/v2\/product\/17944","targetHints":{"allow":["GET"]}}],"collection":[{"href":"https:\/\/keylessbest.com\/es\/wp-json\/wp\/v2\/product"}],"about":[{"href":"https:\/\/keylessbest.com\/es\/wp-json\/wp\/v2\/types\/product"}],"replies":[{"embeddable":true,"href":"https:\/\/keylessbest.com\/es\/wp-json\/wp\/v2\/comments?post=17944"}],"version-history":[{"count":4,"href":"https:\/\/keylessbest.com\/es\/wp-json\/wp\/v2\/product\/17944\/revisions"}],"predecessor-version":[{"id":20570,"href":"https:\/\/keylessbest.com\/es\/wp-json\/wp\/v2\/product\/17944\/revisions\/20570"}],"wp:featuredmedia":[{"embeddable":true,"href":"https:\/\/keylessbest.com\/es\/wp-json\/wp\/v2\/media\/20978"}],"wp:attachment":[{"href":"https:\/\/keylessbest.com\/es\/wp-json\/wp\/v2\/media?parent=17944"}],"wp:term":[{"taxonomy":"product_brand","embeddable":true,"href":"https:\/\/keylessbest.com\/es\/wp-json\/wp\/v2\/product_brand?post=17944"},{"taxonomy":"product_cat","embeddable":true,"href":"https:\/\/keylessbest.com\/es\/wp-json\/wp\/v2\/product_cat?post=17944"},{"taxonomy":"product_tag","embeddable":true,"href":"https:\/\/keylessbest.com\/es\/wp-json\/wp\/v2\/product_tag?post=17944"},{"taxonomy":"2_year_make_model","embeddable":true,"href":"https:\/\/keylessbest.com\/es\/wp-json\/wp\/v2\/2_year_make_model?post=17944"}],"curies":[{"name":"wp","href":"https:\/\/api.w.org\/{rel}","templated":true}]}}