{"id":17969,"date":"2025-08-19T09:55:12","date_gmt":"2025-08-19T09:55:12","guid":{"rendered":"https:\/\/hanwuji.shengjit.com\/?post_type=product&#038;p=17969"},"modified":"2026-02-11T06:56:05","modified_gmt":"2026-02-11T06:56:05","slug":"2020-2025-chevrolet-llave-de-mando-pn-13545335-para-keylessbest","status":"publish","type":"product","link":"https:\/\/keylessbest.com\/es\/producto\/2020-2025-chevrolet-llave-de-mando-pn-13545335-para-keylessbest\/","title":{"rendered":"2020 2025 Chevrolet llave de mando PN 13545335 para keylessbest"},"content":{"rendered":"<p>*La informaci\u00f3n detallada de este llavero sin llave de Chevrolet 2021-2024 es la siguiente. Por favor, confirme que los siguientes detalles coinciden con su veh\u00edculo antes de realizar el pedido: ID FCC, N\u00famero de pieza, A\u00f1o Modelo, IC, Frecuencia, Chip y Botones.<\/p>\n<h6><strong><b>Informaci\u00f3n del Producto: <\/b><\/strong><\/h6>\n<ul>\n<li>ID FCC: YG0G21TB2, HUFGM2718<\/li>\n<li>PN: 13545335, 13541559, 13536127, 13537958, 13548433<\/li>\n<li>Frecuencia: 433MHz<\/li>\n<li>Chip:49<\/li>\n<li>Clave de prueba: HU100<\/li>\n<li>Botones: Bloqueo, Desbloqueo, P\u00e1nico, Port\u00f3n\/Ventana, Arranque remoto<\/li>\n<li>Bater\u00eda: CR2450<\/li>\n<\/ul>\n<h6><strong><b>El modelo de referencia:<\/b><\/strong><\/h6>\n<ul>\n<li>Chevrolet Suburban 2020 \u2013 2024<\/li>\n<li>Chevrolet Tahoe 2020 \u2013 2024<\/li>\n<\/ul>\n<h6><strong><b>Incluye en el paquete:<\/b><\/strong><\/h6>\n<ul>\n<li>Un nuevo mando a distancia sin llave del mercado de accesorios<\/li>\n<li>Una gratis <a href=\"https:\/\/keylessbest.com\/es\/diferencias-entre-llavero-de-repuesto-y-oem-y-guia-de-compra\/\"  data-wpil-monitor-id=\"1931\">llave de inserci\u00f3n de emergencia de mercado secundario<\/a><\/li>\n<li>Todos los transmisores vienen con una bater\u00eda<\/li>\n<li>Todas las unidades son probadas antes del env\u00edo<\/li>\n<li>Garant\u00eda de satisfacci\u00f3n y garant\u00eda de 2 a\u00f1os 100%<\/li>\n<\/ul>\n<h6><strong><b>Nota:<\/b><\/strong><\/h6>\n<ul>\n<li>Reemplazo del llavero de entrada sin llave inteligente de Chevrolet 2021-2024 \u2013 sin logotipo, con una llave de inserci\u00f3n de emergencia sin cortar incluida.<\/li>\n<li>No cortamos ni programamos la llave remota. Adem\u00e1s, para precios, por favor contacte con un cerrajero local o concesionario.<\/li>\n<li>Este transmisor es compatible con veh\u00edculos que cuentan con un bot\u00f3n de arranque\/parada en el tablero o una ignici\u00f3n de giro, junto con un proxy <a href=\"https:\/\/keylessbest.com\/es\/producto\/mazda-3-2004-2011-hatchback-6-puertas-sedan-6-puertas-wagon-miata-mx-5-rx-8-remoto-de-entrada-sin-llave-de-4-botones-kpu41788-pngp7a-67-5ryb-4238a-41524-ff14-67-5ry-63-80bit\/\"  data-wpil-monitor-id=\"1930\">entrada sin llave<\/a> sistema.<\/li>\n<li>El precio es por un mando de entrada sin llave completo de reemplazo, incluyendo la llave de emergencia.<\/li>\n<li>Por lo tanto, recomendamos encarecidamente que haga programar su llavero por un cerrajero profesional o un concesionario.<\/li>\n<\/ul>\n<h6><strong><b>Recursos de programaci\u00f3n\u00a0<\/b><\/strong><\/h6>\n<p><a href=\"http:\/\/programyourfob.com\/?list_6\/\" target=\"_blank\" rel=\"noopener\"><u>http:\/\/programyourfob.com\/?list_6\/<\/u><\/a><\/p>\n<p>Gracias por elegirnos.<\/p>\n<p>We are one of the most professional manufacturers of car keys, keyless entry system, car key remote, transponder chips, key programmers, car key shells, car locks, locksmith tools and so on. Moreover, Our company has professional team and production line. Furthermore , we specialize in producing various <a href=\"https:\/\/keylessbest.com\/es\/que-hacer-si-pierdes-las-llaves-del-coche-guia-paso-a-paso-2025\/\" data-wpil-monitor-id=\"1929\">llaves de coche<\/a>, carcasas de llaves de coche y herramientas de cerrajer\u00eda. Tambi\u00e9n nos encargamos del desarrollo, fabricaci\u00f3n y venta al por mayor de productos de seguridad y protecci\u00f3n para autom\u00f3viles.<\/p>\n<p>Precios competitivos y servicios dedicados le ayudar\u00e1n a obtener un buen mercado. Adem\u00e1s, un equipo de ventas joven y en\u00e9rgico ofrece un servicio r\u00e1pido, profesional y amigable en cualquier momento. Adem\u00e1s, todos nuestros productos se env\u00edan directamente desde el almac\u00e9n en Espa\u00f1a, Canad\u00e1 y M\u00e9xico. Por lo tanto, los productos que compre ser\u00e1n empaquetados y enviados en 48 horas despu\u00e9s de realizar el pedido. M\u00e1s de 100% de nuestros productos est\u00e1n en stock, y el inventario es suficiente.<\/p>","protected":false},"excerpt":{"rendered":"<ul>\n<li>SKU: CA-GM955<\/li>\n<li>ID FCC: YG0G21TB2, HUFGM2718<\/li>\n<li>PN: 13545335, 13541559, 13536127, 13537958, 13548433<\/li>\n<li>Frecuencia: 433MHz<\/li>\n<li>Chip:49<\/li>\n<li>Clave de prueba: HU100<\/li>\n<li>Botones: Bloqueo, Desbloqueo, P\u00e1nico, Port\u00f3n\/Ventana, Arranque remoto<\/li>\n<li>Bater\u00eda: CR2450<\/li>\n<\/ul>","protected":false},"featured_media":20841,"comment_status":"open","ping_status":"closed","template":"","meta":{"_bst_post_transparent":"default","_bst_post_title":"","_bst_post_layout":"default","_bst_post_sidebar_id":"","_bst_post_content_style":"default","_bst_post_vertical_padding":"default","_bst_post_feature":"","_bst_post_feature_position":"","_bst_post_header":false,"_bst_post_footer":false},"product_brand":[],"product_cat":[15,150],"product_tag":[],"2_year_make_model":[],"class_list":{"0":"post-17969","1":"product","2":"type-product","3":"status-publish","4":"has-post-thumbnail","6":"product_cat-carkeyremote","7":"product_cat-for-chevrolet","9":"first","10":"instock","11":"sale","12":"shipping-taxable","13":"purchasable","14":"product-type-simple","15":"entry","16":"content-bg","17":"loop-entry"},"_links":{"self":[{"href":"https:\/\/keylessbest.com\/es\/wp-json\/wp\/v2\/product\/17969","targetHints":{"allow":["GET"]}}],"collection":[{"href":"https:\/\/keylessbest.com\/es\/wp-json\/wp\/v2\/product"}],"about":[{"href":"https:\/\/keylessbest.com\/es\/wp-json\/wp\/v2\/types\/product"}],"replies":[{"embeddable":true,"href":"https:\/\/keylessbest.com\/es\/wp-json\/wp\/v2\/comments?post=17969"}],"version-history":[{"count":4,"href":"https:\/\/keylessbest.com\/es\/wp-json\/wp\/v2\/product\/17969\/revisions"}],"predecessor-version":[{"id":20842,"href":"https:\/\/keylessbest.com\/es\/wp-json\/wp\/v2\/product\/17969\/revisions\/20842"}],"wp:featuredmedia":[{"embeddable":true,"href":"https:\/\/keylessbest.com\/es\/wp-json\/wp\/v2\/media\/20841"}],"wp:attachment":[{"href":"https:\/\/keylessbest.com\/es\/wp-json\/wp\/v2\/media?parent=17969"}],"wp:term":[{"taxonomy":"product_brand","embeddable":true,"href":"https:\/\/keylessbest.com\/es\/wp-json\/wp\/v2\/product_brand?post=17969"},{"taxonomy":"product_cat","embeddable":true,"href":"https:\/\/keylessbest.com\/es\/wp-json\/wp\/v2\/product_cat?post=17969"},{"taxonomy":"product_tag","embeddable":true,"href":"https:\/\/keylessbest.com\/es\/wp-json\/wp\/v2\/product_tag?post=17969"},{"taxonomy":"2_year_make_model","embeddable":true,"href":"https:\/\/keylessbest.com\/es\/wp-json\/wp\/v2\/2_year_make_model?post=17969"}],"curies":[{"name":"wp","href":"https:\/\/api.w.org\/{rel}","templated":true}]}}