{"id":17993,"date":"2025-08-19T09:55:35","date_gmt":"2025-08-19T09:55:35","guid":{"rendered":"https:\/\/hanwuji.shengjit.com\/?post_type=product&#038;p=17993"},"modified":"2026-02-11T07:20:52","modified_gmt":"2026-02-11T07:20:52","slug":"reemplazo-de-llave-de-kia-2019-2021-434mhz-cqotd00660","status":"publish","type":"product","link":"https:\/\/keylessbest.com\/es\/producto\/reemplazo-de-llave-de-kia-2019-2021-434mhz-cqotd00660\/","title":{"rendered":"Reemplazo de llave de Kia 2019-2021 434MHz CQOTD00660"},"content":{"rendered":"<p>*La informaci\u00f3n detallada de este llavero de entrada sin llave para Cadillac 2019-2021 es la siguiente. Por favor, confirme que los siguientes detalles coinciden con su veh\u00edculo antes de realizar el pedido: ID FCC, N\u00famero de pieza, A\u00f1o del modelo, IC, Frecuencia, Chip y Botones.<\/p>\n<h6><strong><b>Informaci\u00f3n del Producto: <\/b><\/strong><\/h6>\n<ul>\n<li>ID FCC:CQOTD00660<\/li>\n<li>PN: 95430-M6000<\/li>\n<li>IC: 1551E-TD00660<\/li>\n<li>Frecuencia: 434MHz<\/li>\n<li>Botones: Cerrar, Abrir, Mantener, P\u00e1nico<\/li>\n<\/ul>\n<h6><strong><b>El modelo de referencia:<\/b><\/strong><\/h6>\n<ul>\n<li><a href=\"https:\/\/keylessbest.com\/es\/producto\/reemplazo-de-mando-a-distancia-kia-2018-2021-434mhz-95440-j5200\/\"  data-wpil-monitor-id=\"1936\">2019 &#8211; 2021 Kia<\/a> Forte<br \/>\nPOR FAVOR, VERIFIQUE LA PARTE # SEG\u00daN EL VIN DEL VEH\u00cdCULO# ALGUNOS VEH\u00cdCULOS HYUNDAI \/ KIA PUEDEN TENER 2 M\u00d3DULOS REMOTOS POSIBLES<\/li>\n<\/ul>\n<h6><strong><b>Incluye en el paquete:<\/b><\/strong><\/h6>\n<ul>\n<li>Un nuevo mando a distancia sin llave del mercado de accesorios<\/li>\n<li>Una llave de inserci\u00f3n de emergencia del mercado de accesorios gratuita<\/li>\n<li>Todos los transmisores vienen con una bater\u00eda<\/li>\n<li>Todas las unidades son probadas antes del env\u00edo<\/li>\n<li>Garant\u00eda de satisfacci\u00f3n y garant\u00eda de 2 a\u00f1os 100%<\/li>\n<\/ul>\n<h6><strong><b>Nota:<\/b><\/strong><\/h6>\n<ul>\n<li>La sustituci\u00f3n del llavero de entrada sin llave y con sistema inteligente de Kia 2019-2021 \u2013 sin logotipo, con una llave de inserci\u00f3n de emergencia sin cortar incluida.<\/li>\n<li>No cortamos ni programamos la llave remota. Adem\u00e1s, para precios, por favor contacte con un cerrajero local o concesionario.<\/li>\n<li>Este transmisor es compatible con veh\u00edculos que cuentan con un bot\u00f3n de arranque\/parada en el tablero o encendido con perilla giratoria, junto con un sistema de entrada sin llave proxy.<\/li>\n<li>El precio es por un mando de entrada sin llave completo de reemplazo, incluyendo la llave de emergencia.<\/li>\n<li>Por lo tanto, recomendamos encarecidamente que tenga su\u00a0<a href=\"https:\/\/keylessbest.com\/es\/guia-de-como-arrancar-el-coche-con-control-remoto-de-arranque-por-llave\/\"  data-wpil-monitor-id=\"1937\">KEY FOB<\/a> programmed by a professional locksmith or dealer.<\/li>\n<\/ul>\n<h6><strong><b>Recursos de programaci\u00f3n\u00a0<\/b><\/strong><\/h6>\n<p><a href=\"http:\/\/programyourfob.com\/?list_19\/\" target=\"_blank\" rel=\"noopener\">http:\/\/programyourfob.com\/?list_19\/<\/a><\/p>\n<p>Gracias por elegirnos.<\/p>\n<p>Somos uno de los fabricantes m\u00e1s profesionales de llaves de coche, sistemas de entrada sin llave, mandos a distancia de llave de coche, chips transpondedores, programadores de llaves, carcasas de llaves de coche, cerraduras de coche, herramientas de cerrajer\u00eda y otros. Adem\u00e1s, nuestra empresa cuenta con un equipo profesional y l\u00ednea de producci\u00f3n. Adem\u00e1s, nos especializamos en la producci\u00f3n de varias llaves de coche, carcasas de llaves y herramientas de cerrajer\u00eda. Tambi\u00e9n nos encargamos del desarrollo, fabricaci\u00f3n y venta al por mayor de productos de seguridad y protecci\u00f3n para autom\u00f3viles.<\/p>\n<p>Precios competitivos y servicios dedicados le ayudar\u00e1n a obtener un buen mercado. Adem\u00e1s, un equipo de ventas joven y en\u00e9rgico ofrece un servicio r\u00e1pido, profesional y amigable en cualquier momento. Adem\u00e1s, todos nuestros productos se env\u00edan directamente desde el almac\u00e9n en Espa\u00f1a, Canad\u00e1 y M\u00e9xico. Por lo tanto, los productos que compre ser\u00e1n empaquetados y enviados en 48 horas despu\u00e9s de realizar el pedido. M\u00e1s de 100% de nuestros productos est\u00e1n en stock, y el inventario es suficiente.<\/p>","protected":false},"excerpt":{"rendered":"<ul>\n<li>SKU: CA-HY969<\/li>\n<li>ID FCC:CQOTD00660<\/li>\n<li>PN: 95430-M6000<\/li>\n<li>IC: 1551E-TD00660<\/li>\n<li>Frecuencia: 434MHz<\/li>\n<li>Botones: Cerrar, Abrir, Mantener, P\u00e1nico<\/li>\n<\/ul>","protected":false},"featured_media":20866,"comment_status":"open","ping_status":"closed","template":"","meta":{"_bst_post_transparent":"default","_bst_post_title":"","_bst_post_layout":"default","_bst_post_sidebar_id":"","_bst_post_content_style":"default","_bst_post_vertical_padding":"default","_bst_post_feature":"","_bst_post_feature_position":"","_bst_post_header":false,"_bst_post_footer":false},"product_brand":[],"product_cat":[15,169],"product_tag":[],"2_year_make_model":[],"class_list":{"0":"post-17993","1":"product","2":"type-product","3":"status-publish","4":"has-post-thumbnail","6":"product_cat-carkeyremote","7":"product_cat-for-kia","8":"pa_make-alfa-romeo","9":"pa_make-audi","10":"pa_make-bmw","11":"pa_make-buick","12":"pa_make-cadillac","13":"pa_make-chevrolet","14":"pa_make-chrysler","15":"pa_make-dodge","16":"pa_make-fiat","17":"pa_make-ford","18":"pa_make-gmc","19":"pa_make-honda","20":"pa_model-ats","21":"pa_model-ct4","22":"pa_model-ct5","23":"pa_model-ct6","24":"pa_model-cts","25":"pa_model-dts","26":"pa_model-srx","27":"pa_model-sts","28":"pa_year-model-244","29":"pa_year-model-245","30":"pa_year-model-246","32":"first","33":"instock","34":"sale","35":"shipping-taxable","36":"purchasable","37":"product-type-simple","38":"entry","39":"content-bg","40":"loop-entry"},"_links":{"self":[{"href":"https:\/\/keylessbest.com\/es\/wp-json\/wp\/v2\/product\/17993","targetHints":{"allow":["GET"]}}],"collection":[{"href":"https:\/\/keylessbest.com\/es\/wp-json\/wp\/v2\/product"}],"about":[{"href":"https:\/\/keylessbest.com\/es\/wp-json\/wp\/v2\/types\/product"}],"replies":[{"embeddable":true,"href":"https:\/\/keylessbest.com\/es\/wp-json\/wp\/v2\/comments?post=17993"}],"version-history":[{"count":3,"href":"https:\/\/keylessbest.com\/es\/wp-json\/wp\/v2\/product\/17993\/revisions"}],"predecessor-version":[{"id":20868,"href":"https:\/\/keylessbest.com\/es\/wp-json\/wp\/v2\/product\/17993\/revisions\/20868"}],"wp:featuredmedia":[{"embeddable":true,"href":"https:\/\/keylessbest.com\/es\/wp-json\/wp\/v2\/media\/20866"}],"wp:attachment":[{"href":"https:\/\/keylessbest.com\/es\/wp-json\/wp\/v2\/media?parent=17993"}],"wp:term":[{"taxonomy":"product_brand","embeddable":true,"href":"https:\/\/keylessbest.com\/es\/wp-json\/wp\/v2\/product_brand?post=17993"},{"taxonomy":"product_cat","embeddable":true,"href":"https:\/\/keylessbest.com\/es\/wp-json\/wp\/v2\/product_cat?post=17993"},{"taxonomy":"product_tag","embeddable":true,"href":"https:\/\/keylessbest.com\/es\/wp-json\/wp\/v2\/product_tag?post=17993"},{"taxonomy":"2_year_make_model","embeddable":true,"href":"https:\/\/keylessbest.com\/es\/wp-json\/wp\/v2\/2_year_make_model?post=17993"}],"curies":[{"name":"wp","href":"https:\/\/api.w.org\/{rel}","templated":true}]}}