{"id":18157,"date":"2025-11-26T03:14:28","date_gmt":"2025-11-26T03:14:28","guid":{"rendered":"https:\/\/keylessbest.com\/?post_type=product&#038;p=18157"},"modified":"2026-02-11T05:31:12","modified_gmt":"2026-02-11T05:31:12","slug":"2004-2013-buick-chevrolet-llavero-de-mando-kobgt04a-para-keylessbest","status":"publish","type":"product","link":"https:\/\/keylessbest.com\/es\/producto\/2004-2013-buick-chevrolet-llavero-de-mando-kobgt04a-para-keylessbest\/","title":{"rendered":"Llavero de 2004-2013 Buick Chevrolet KOBGT04A para Keylessbest"},"content":{"rendered":"<p>*La informaci\u00f3n detallada de este llavero de entrada sin llave para Buick Chevrolet Pontiac Saturn de 2004-2013 es la siguiente. Por favor, confirme que los siguientes detalles coinciden con su veh\u00edculo antes de realizar el pedido: ID FCC, N\u00famero de Parte, A\u00f1o Modelo, IC, Frecuencia, Chip y Botones.<\/p>\n<h6><strong><b>Informaci\u00f3n del Producto: <\/b><\/strong><\/h6>\n<ul>\n<li>ID de la FCC: KOBGT04A<\/li>\n<li>PN: 22733524<\/li>\n<li>IC: 3521A-T04A<\/li>\n<li>Frecuencia: 315MHz<\/li>\n<li>Botones: Bloqueo, Desbloqueo, P\u00e1nico, Maletero, Arranque remoto<\/li>\n<\/ul>\n<h6><strong><b>El modelo de referencia:<\/b><\/strong><\/h6>\n<ul>\n<li>\n<div>2005 &#8211; 2009 <a href=\"https:\/\/keylessbest.com\/es\/producto\/2017-2020-buick-lacrosse-mando-de-entrada-sin-llave-de-5-botones-hyq4ea-pn-13508414\/\" data-wpil-monitor-id=\"86\">Buick LaCrosse<\/a><\/div>\n<div><\/div>\n<\/li>\n<li>\n<div>Chevrolet Cobalt 2006 \u2013 2013<\/div>\n<div><\/div>\n<\/li>\n<li>\n<div>2004 &#8211; 2013 <a href=\"https:\/\/keylessbest.com\/es\/producto\/2004-2012-buick-chevrolet-pontiac-saturn-allure-lacrosse-malibu-malibu-maxx-cobalt-hhr-g5-g6-gran-premio-solstice-aura-sky-4-botones-mando-de-entrada-sin-llave-kobgt04a-pn15252034-22733523\/\" data-wpil-monitor-id=\"87\">Chevrolet Malibu<\/a><\/div>\n<div><\/div>\n<\/li>\n<li>\n<div>Pontiac G5 2007 \u2013 2009<\/div>\n<div><\/div>\n<\/li>\n<li>\n<div>Pontiac G6 2005 \u2013 2010<\/div>\n<div><\/div>\n<\/li>\n<li>\n<div>Pontiac Grand Prix 2005 \u2013 2008<\/div>\n<div><\/div>\n<\/li>\n<li>\n<div>Saturn Aura 2007 \u2013 2010<\/div>\n<div><\/div>\n<\/li>\n<li>\n<div>Saturn Sky 2007 \u2013 2010<\/div>\n<\/li>\n<\/ul>\n<h6><strong><b>Incluye en el paquete:<\/b><\/strong><\/h6>\n<ul>\n<li>Un nuevo recambio <a href=\"https:\/\/keylessbest.com\/es\/producto\/toyota-camry-2018-2022-camry-hibrido-corolla-mando-de-entrada-sin-llave-de-4-botones-hyq12bfb-pn-89070-06790-h\/\" data-wpil-monitor-id=\"88\">control remoto sin llave<\/a> llavero<\/li>\n<li>Una llave de inserci\u00f3n de emergencia del mercado de accesorios gratuita<\/li>\n<li>Todos los transmisores vienen con una bater\u00eda<\/li>\n<li>Todas las unidades son probadas antes del env\u00edo<\/li>\n<li>Garant\u00eda de satisfacci\u00f3n y garant\u00eda de 2 a\u00f1os 100%<\/li>\n<\/ul>\n<h6><strong><b>Nota:<\/b><\/strong><\/h6>\n<ul>\n<li>Reemplazo del llavero de entrada sin llave inteligente de 2004-2013 para Buick Chevrolet Pontiac Saturn \u2013 sin logotipo, con una llave de inserci\u00f3n de emergencia sin cortar incluida.<\/li>\n<li>No cortamos ni programamos la llave remota. Adem\u00e1s, para precios, por favor contacte con un cerrajero local o concesionario.<\/li>\n<li>Este transmisor es compatible con veh\u00edculos que cuentan con un bot\u00f3n de arranque\/parada en el tablero o una ignici\u00f3n de giro, junto con un proxy <a href=\"https:\/\/keylessbest.com\/es\/producto\/chevrolet-volt-cruze-2016-2022-nuevo-modelo-traverse-camaro-malibu-cruze-xl8-sistemas-unicamente-control-remoto-de-entrada-sin-llave-de-4-botones-hyq4ea-pn-13508771-13584504-13529660-46\/\" data-wpil-monitor-id=\"85\">entrada sin llave<\/a> sistema.<\/li>\n<li>El precio es por una unidad completa <a href=\"https:\/\/keylessbest.com\/es\/producto\/2005-2007-cadillac-sts-mando-de-entrada-sin-llave-de-5-botones-m3n65981403-reemplaza-pn-15212382__trashed\/\" data-wpil-monitor-id=\"83\">llave de entrada sin llave de reemplazo<\/a>, llave de emergencia incluida.<\/li>\n<li>Por lo tanto, recomendamos encarecidamente que tenga su\u00a0<a href=\"https:\/\/keylessbest.com\/es\/como-programar-un-mando-a-distancia-de-coche-rapido-y-facil-pasos-de-bricolaje-para-cualquier-coche\/\" data-wpil-monitor-id=\"84\">PROGRAMEN SU LLAVERO<\/a> por un cerrajero profesional o distribuidor.<\/li>\n<\/ul>\n<h6><strong><b>Recursos de programaci\u00f3n\u00a0<\/b><\/strong><\/h6>\n<p><a href=\"https:\/\/programyourfob.com\/?list_4\/\" target=\"_blank\" rel=\"noopener\">https:\/\/programyourfob.com\/?list_4\/<\/a><\/p>\n<p><a href=\"https:\/\/programyourfob.com\/?list_6\/\" target=\"_blank\" rel=\"noopener\">https:\/\/programyourfob.com\/?list_6\/<\/a><\/p>\n<p><a href=\"https:\/\/programyourfob.com\/?list_30\/\" target=\"_blank\" rel=\"noopener\">https:\/\/programyourfob.com\/?list_30\/<\/a><\/p>\n<p><a href=\"https:\/\/programyourfob.com\/?list_32\/\" target=\"_blank\" rel=\"noopener\">https:\/\/programyourfob.com\/?list_32\/<\/a><\/p>\n<p>Gracias por elegirnos.<\/p>\n<p>Somos uno de los fabricantes m\u00e1s profesionales de llaves de coche, sistema de entrada sin llave, <a href=\"https:\/\/keylessbest.com\/es\/producto\/porsche-911-2010-2018-boxster-cayenne-cayman-macan-panamera-mando-de-entrada-sin-llave-de-3-botones-kr55wk50138-pn-7pp959753ak-7pp-959-753-ak-7pp-959-753-bl\/\" data-wpil-monitor-id=\"82\">control remoto de llave de coche<\/a>, chips transpondedores, programadores de llaves, carcasas de llaves de coche, cerraduras de coche, herramientas de cerrajer\u00eda y m\u00e1s. Adem\u00e1s, nuestra empresa cuenta con un equipo profesional y una l\u00ednea de producci\u00f3n. Adem\u00e1s, nos especializamos en la fabricaci\u00f3n de varias llaves de coche, carcasas de llaves y herramientas de cerrajer\u00eda. Tambi\u00e9n nos encargamos del desarrollo, fabricaci\u00f3n y venta al por mayor de productos de seguridad y protecci\u00f3n para autom\u00f3viles.<\/p>\n<p>Precios competitivos y servicios dedicados le ayudar\u00e1n a obtener un buen mercado. Adem\u00e1s, un equipo de ventas joven y en\u00e9rgico ofrece un servicio r\u00e1pido, profesional y amigable en cualquier momento. Adem\u00e1s, todos nuestros productos se env\u00edan directamente desde el almac\u00e9n en Espa\u00f1a, Canad\u00e1 y M\u00e9xico. Por lo tanto, los productos que compre ser\u00e1n empaquetados y enviados en 48 horas despu\u00e9s de realizar el pedido. M\u00e1s de 100% de nuestros productos est\u00e1n en stock, y el inventario es suficiente.<\/p>","protected":false},"excerpt":{"rendered":"<ul>\n<li>SKU: CA-GM011<\/li>\n<li>ID de la FCC: KOBGT04A<\/li>\n<li>PN: 22733524<\/li>\n<li>IC: 3521A-T04A<\/li>\n<li>Frecuencia: 315MHz<\/li>\n<li>Botones: Bloqueo, Desbloqueo, P\u00e1nico, Maletero, Arranque remoto<\/li>\n<\/ul>","protected":false},"featured_media":20815,"comment_status":"open","ping_status":"closed","template":"","meta":{"_bst_post_transparent":"default","_bst_post_title":"","_bst_post_layout":"default","_bst_post_sidebar_id":"","_bst_post_content_style":"default","_bst_post_vertical_padding":"default","_bst_post_feature":"","_bst_post_feature_position":"","_bst_post_header":false,"_bst_post_footer":false},"product_brand":[],"product_cat":[150,15,151,373,167],"product_tag":[],"2_year_make_model":[],"class_list":{"0":"post-18157","1":"product","2":"type-product","3":"status-publish","4":"has-post-thumbnail","6":"product_cat-for-chevrolet","7":"product_cat-carkeyremote","8":"product_cat-for-buick","9":"product_cat-for-pontiac","10":"product_cat-for-subaru","12":"first","13":"instock","14":"sale","15":"shipping-taxable","16":"purchasable","17":"product-type-simple","18":"entry","19":"content-bg","20":"loop-entry"},"_links":{"self":[{"href":"https:\/\/keylessbest.com\/es\/wp-json\/wp\/v2\/product\/18157","targetHints":{"allow":["GET"]}}],"collection":[{"href":"https:\/\/keylessbest.com\/es\/wp-json\/wp\/v2\/product"}],"about":[{"href":"https:\/\/keylessbest.com\/es\/wp-json\/wp\/v2\/types\/product"}],"replies":[{"embeddable":true,"href":"https:\/\/keylessbest.com\/es\/wp-json\/wp\/v2\/comments?post=18157"}],"version-history":[{"count":4,"href":"https:\/\/keylessbest.com\/es\/wp-json\/wp\/v2\/product\/18157\/revisions"}],"predecessor-version":[{"id":19445,"href":"https:\/\/keylessbest.com\/es\/wp-json\/wp\/v2\/product\/18157\/revisions\/19445"}],"wp:featuredmedia":[{"embeddable":true,"href":"https:\/\/keylessbest.com\/es\/wp-json\/wp\/v2\/media\/20815"}],"wp:attachment":[{"href":"https:\/\/keylessbest.com\/es\/wp-json\/wp\/v2\/media?parent=18157"}],"wp:term":[{"taxonomy":"product_brand","embeddable":true,"href":"https:\/\/keylessbest.com\/es\/wp-json\/wp\/v2\/product_brand?post=18157"},{"taxonomy":"product_cat","embeddable":true,"href":"https:\/\/keylessbest.com\/es\/wp-json\/wp\/v2\/product_cat?post=18157"},{"taxonomy":"product_tag","embeddable":true,"href":"https:\/\/keylessbest.com\/es\/wp-json\/wp\/v2\/product_tag?post=18157"},{"taxonomy":"2_year_make_model","embeddable":true,"href":"https:\/\/keylessbest.com\/es\/wp-json\/wp\/v2\/2_year_make_model?post=18157"}],"curies":[{"name":"wp","href":"https:\/\/api.w.org\/{rel}","templated":true}]}}