{"id":18181,"date":"2025-11-26T03:33:21","date_gmt":"2025-11-26T03:33:21","guid":{"rendered":"https:\/\/keylessbest.com\/?post_type=product&#038;p=18181"},"modified":"2026-02-26T02:46:23","modified_gmt":"2026-02-26T02:46:23","slug":"2022-hyundai-key-fob-replacement-433mhz-tq8-fob-4f28","status":"publish","type":"product","link":"https:\/\/keylessbest.com\/es\/producto\/2022-hyundai-key-fob-replacement-433mhz-tq8-fob-4f28\/","title":{"rendered":"2022 Hyundai Key Fob Replacement 433MHz TQ8-FOB-4F28"},"content":{"rendered":"<p>*La informaci\u00f3n detallada de este mando a distancia sin llave Hyundai 2022 es la siguiente. Por favor, confirme que los siguientes detalles coinciden con su veh\u00edculo antes de realizar el pedido: ID FCC, N\u00famero de pieza, A\u00f1o Modelo, IC, Frecuencia, Chip y Botones.<\/p>\n<h6><strong><b>Informaci\u00f3n del Producto: <\/b><\/strong><\/h6>\n<ul>\n<li>ID FCC: FOB-4F28<\/li>\n<li>PN: 95440 \u2013 CG030<\/li>\n<li>Frecuencia: 433MHz<\/li>\n<\/ul>\n<h6><strong><b>El modelo de referencia:<\/b><\/strong><\/h6>\n<ul>\n<li>Hyundai Staria 2022<\/li>\n<\/ul>\n<h6><strong><b>Incluye en el paquete:<\/b><\/strong><\/h6>\n<ul>\n<li>Un nuevo recambio <a href=\"https:\/\/keylessbest.com\/es\/producto\/ford-fiesta-2011-2017-mando-de-entrada-sin-llave-de-3-botones-kr55wk47899-pn164-r8042-remoto-y-hoja-164-r8043-hoja-164-r8042-164-r8039-5913139-5914117-4d63-80bit__trashed\/\" data-wpil-monitor-id=\"1637\">mando a distancia sin llave<\/a><\/li>\n<li>Una llave de inserci\u00f3n de emergencia del mercado de accesorios gratuita<\/li>\n<li>Todos los transmisores vienen con una bater\u00eda<\/li>\n<li>Todas las unidades son probadas antes del env\u00edo<\/li>\n<li>Garant\u00eda de satisfacci\u00f3n y garant\u00eda de 2 a\u00f1os 100%<\/li>\n<\/ul>\n<h6><strong><b>Nota:<\/b><\/strong><\/h6>\n<ul>\n<li>El <a href=\"https:\/\/keylessbest.com\/es\/producto\/hyundai-santa-cruz-2022-mando-de-entrada-sin-llave-de-5-botones-tq8-fob-4f27-pn-95440-k5000-47__trashed\/\" data-wpil-monitor-id=\"1641\">Llave inteligente sin llave Hyundai 2022<\/a> reemplazo \u2013 sin logotipo, con una llave de emergencia sin cortar incluida.<\/li>\n<li>No cortamos ni programamos el <a href=\"https:\/\/keylessbest.com\/es\/tienda-de-llaves-y-llaveros-sin-llave-de-keylessbestcarkeyfobshop\/\" data-wpil-monitor-id=\"1639\">llave remota<\/a>.Adem\u00e1s, para conocer los precios, p\u00f3ngase en contacto con el cerrajero o concesionario local.<\/li>\n<li>Este transmisor es compatible con veh\u00edculos que cuentan con un bot\u00f3n de arranque\/parada en el tablero o una ignici\u00f3n de giro, junto con un proxy <a href=\"https:\/\/keylessbest.com\/es\/producto\/2021-2022-hyundai-tucson-mando-de-entrada-sin-llave-de-5-botones-tq8-fob-4f27-pn-95440-n9072-47\/\" data-wpil-monitor-id=\"1638\">entrada sin llave<\/a> sistema.<\/li>\n<li>El precio es por una unidad completa <a href=\"https:\/\/keylessbest.com\/es\/producto\/2014-2015-hyundai-tucson-mando-a-distancia-de-entrada-sin-llave-de-4-botones-tq8-fob-4f03-reemplaza-pn-95440-2s600-47-hitag3__trashed\/\" data-wpil-monitor-id=\"1635\">llave de entrada sin llave de reemplazo<\/a>, llave de emergencia incluida.<\/li>\n<li>Por lo tanto, recomendamos encarecidamente que tenga su\u00a0<a href=\"https:\/\/keylessbest.com\/es\/como-programar-un-mando-a-distancia-de-coche-rapido-y-facil-pasos-de-bricolaje-para-cualquier-coche\/\" data-wpil-monitor-id=\"1636\">PROGRAMEN SU LLAVERO<\/a> por un cerrajero profesional o distribuidor.<\/li>\n<\/ul>\n<h6><strong><b>Recursos de programaci\u00f3n\u00a0<\/b><\/strong><\/h6>\n<p><a href=\"https:\/\/programyourfob.com\/?list_14\/\" target=\"_blank\" rel=\"noopener\">https:\/\/programyourfob.com\/?list_14\/<\/a><\/p>\n<p>Gracias por elegirnos.<\/p>\n<p>Somos uno de los fabricantes m\u00e1s profesionales de llaves de coche, sistema de entrada sin llave, <a href=\"https:\/\/keylessbest.com\/es\/producto\/2007-2009-mazda-3-4-puertas-3-5-puertas-mazdaspeed-3-3-botones-mando-de-entrada-sin-llave-kpu41794-pn-ban66-75ry-ban6675ry\/\" data-wpil-monitor-id=\"1634\">control remoto de llave de coche<\/a>, chips transpondedores, programadores de llaves, carcasas de llaves de coche, cerraduras de coche, herramientas de cerrajer\u00eda y m\u00e1s. Adem\u00e1s, nuestra empresa cuenta con un equipo profesional y l\u00ednea de producci\u00f3n. Adem\u00e1s, nos especializamos en producir varias <a href=\"https:\/\/keylessbest.com\/es\/por-que-la-bateria-de-litio-cr2025-de-3v-para-llavero-de-coche-destaca\/\" data-wpil-monitor-id=\"1640\">llaves de coche<\/a>, carcasas de llaves de coche y herramientas de cerrajer\u00eda. Tambi\u00e9n nos encargamos del desarrollo, fabricaci\u00f3n y venta al por mayor de productos de seguridad y protecci\u00f3n para autom\u00f3viles.<\/p>\n<p>Precios competitivos y servicios dedicados le ayudar\u00e1n a obtener un buen mercado. Adem\u00e1s, un equipo de ventas joven y en\u00e9rgico ofrece un servicio r\u00e1pido, profesional y amigable en cualquier momento. Adem\u00e1s, todos nuestros productos se env\u00edan directamente desde el almac\u00e9n en Espa\u00f1a, Canad\u00e1 y M\u00e9xico. Por lo tanto, los productos que compre ser\u00e1n empaquetados y enviados en 48 horas despu\u00e9s de realizar el pedido. M\u00e1s de 100% de nuestros productos est\u00e1n en stock, y el inventario es suficiente.<\/p>","protected":false},"excerpt":{"rendered":"<ul>\n<li>SKU: CA-HY470<\/li>\n<li>ID FCC:FOB-4F28<\/li>\n<li>PN: 95440 \u2013 CG030<\/li>\n<li>Frecuencia: 433MHz<\/li>\n<\/ul>","protected":false},"featured_media":21660,"comment_status":"open","ping_status":"closed","template":"","meta":{"_bst_post_transparent":"default","_bst_post_title":"","_bst_post_layout":"default","_bst_post_sidebar_id":"","_bst_post_content_style":"default","_bst_post_vertical_padding":"default","_bst_post_feature":"","_bst_post_feature_position":"","_bst_post_header":false,"_bst_post_footer":false},"product_brand":[],"product_cat":[168,15],"product_tag":[],"2_year_make_model":[],"class_list":{"0":"post-18181","1":"product","2":"type-product","3":"status-publish","4":"has-post-thumbnail","6":"product_cat-for-hyundai","7":"product_cat-carkeyremote","9":"first","10":"instock","11":"sale","12":"shipping-taxable","13":"purchasable","14":"product-type-simple","15":"entry","16":"content-bg","17":"loop-entry"},"_links":{"self":[{"href":"https:\/\/keylessbest.com\/es\/wp-json\/wp\/v2\/product\/18181","targetHints":{"allow":["GET"]}}],"collection":[{"href":"https:\/\/keylessbest.com\/es\/wp-json\/wp\/v2\/product"}],"about":[{"href":"https:\/\/keylessbest.com\/es\/wp-json\/wp\/v2\/types\/product"}],"replies":[{"embeddable":true,"href":"https:\/\/keylessbest.com\/es\/wp-json\/wp\/v2\/comments?post=18181"}],"version-history":[{"count":6,"href":"https:\/\/keylessbest.com\/es\/wp-json\/wp\/v2\/product\/18181\/revisions"}],"predecessor-version":[{"id":20480,"href":"https:\/\/keylessbest.com\/es\/wp-json\/wp\/v2\/product\/18181\/revisions\/20480"}],"wp:featuredmedia":[{"embeddable":true,"href":"https:\/\/keylessbest.com\/es\/wp-json\/wp\/v2\/media\/21660"}],"wp:attachment":[{"href":"https:\/\/keylessbest.com\/es\/wp-json\/wp\/v2\/media?parent=18181"}],"wp:term":[{"taxonomy":"product_brand","embeddable":true,"href":"https:\/\/keylessbest.com\/es\/wp-json\/wp\/v2\/product_brand?post=18181"},{"taxonomy":"product_cat","embeddable":true,"href":"https:\/\/keylessbest.com\/es\/wp-json\/wp\/v2\/product_cat?post=18181"},{"taxonomy":"product_tag","embeddable":true,"href":"https:\/\/keylessbest.com\/es\/wp-json\/wp\/v2\/product_tag?post=18181"},{"taxonomy":"2_year_make_model","embeddable":true,"href":"https:\/\/keylessbest.com\/es\/wp-json\/wp\/v2\/2_year_make_model?post=18181"}],"curies":[{"name":"wp","href":"https:\/\/api.w.org\/{rel}","templated":true}]}}