{"id":18282,"date":"2025-09-03T03:02:03","date_gmt":"2025-09-03T03:02:03","guid":{"rendered":"https:\/\/keylessbest.com\/?post_type=product&#038;p=18282"},"modified":"2026-02-25T09:23:20","modified_gmt":"2026-02-25T09:23:20","slug":"1996-2002-chevrolet-gmc-llave-de-mando-pn-16245105-para-keylessbest","status":"publish","type":"product","link":"https:\/\/keylessbest.com\/es\/producto\/1996-2002-chevrolet-gmc-llave-de-mando-pn-16245105-para-keylessbest\/","title":{"rendered":"1996 2002 Chevrolet GMC llave de mando PN 16245105 para keylessbest"},"content":{"rendered":"<p>*La informaci\u00f3n detallada de este llavero de entrada sin llave para Chevrolet GMC de 1996-2000 es la siguiente. Por favor, confirme que los siguientes detalles coincidan con su veh\u00edculo antes de realizar el pedido: FCC ID, N\u00famero de pieza, A\u00f1o Modelo, IC, Frecuencia, Chip y Botones.<\/p>\n<h6><strong><b>Informaci\u00f3n del Producto: <\/b><\/strong><\/h6>\n<ul>\n<li>FCC ID: AB01502T, ABO1502T<\/li>\n<li>PN: 16245105<\/li>\n<li>Frecuencia: 315MHz<\/li>\n<li>Botones: Bloquear, Desbloquear, Trasero<\/li>\n<\/ul>\n<h6><strong><b>El modelo de referencia:<\/b><\/strong><\/h6>\n<ul>\n<li>1998 &#8211; 1999 <a href=\"https:\/\/keylessbest.com\/es\/producto\/chevrolet-gmc-astro-blazer-suburban-tahoe-jimmy-safari-yukon-1996-2000-mando-a-distancia-de-entrada-sin-llave-de-3-botones-ab01502t-abo1502t-pn-16245106\/\" data-wpil-monitor-id=\"1656\">Chevrolet Astro<\/a><\/li>\n<li>1997 &#8211; 1997 <a href=\"https:\/\/keylessbest.com\/es\/producto\/control-remoto-de-entrada-sin-llave-chevrolet-blazer-equinox-traverse-trailblazer-2018-2022-5-botones-hyq4aa-pn13584498-13585723-13529650-46-suv__trashed\/\" data-wpil-monitor-id=\"1654\">Chevrolet Blazer<\/a><\/li>\n<li>Chevrolet Suburban de 1996 a 2000<\/li>\n<li>Chevrolet Tahoe de 1996 a 2000<\/li>\n<li>GMC Jimmy de 1997 a 1997<\/li>\n<li>GMC Safari de 1998 a 1999<\/li>\n<li>1996 &#8211; 2000 <a href=\"https:\/\/keylessbest.com\/es\/producto\/2015-2020-gmc-chevrolet-tahoe-suburban-terrain-yukon-yukon-xl-mando-de-entrada-sin-llave-de-3-botones-hyq1aa-pn13591388__trashed\/\" data-wpil-monitor-id=\"1655\">GMC Yukon<\/a><br \/>\nTenga en cuenta que este es un llavero reacondicionado... el tercer bot\u00f3n puede ser un bot\u00f3n de Maletero o un bot\u00f3n Trasero 2X... dependiendo del material disponible (Ver imagen)<\/li>\n<\/ul>\n<h6><strong><b>Incluye en el paquete:<\/b><\/strong><\/h6>\n<ul>\n<li>Un nuevo recambio <a href=\"https:\/\/keylessbest.com\/es\/producto\/ford-fiesta-2011-2017-mando-de-entrada-sin-llave-de-3-botones-kr55wk47899-pn164-r8042-remoto-y-hoja-164-r8043-hoja-164-r8042-164-r8039-5913139-5914117-4d63-80bit__trashed\/\" data-wpil-monitor-id=\"1650\">mando a distancia sin llave<\/a><\/li>\n<li>Una llave de inserci\u00f3n de emergencia del mercado de accesorios gratuita<\/li>\n<li>Todos los transmisores vienen con una bater\u00eda<\/li>\n<li>Todas las unidades son probadas antes del env\u00edo<\/li>\n<li>Garant\u00eda de satisfacci\u00f3n y garant\u00eda de 2 a\u00f1os 100%<\/li>\n<\/ul>\n<h6><strong><b>Nota:<\/b><\/strong><\/h6>\n<ul>\n<li>Reemplazo del llavero de entrada sin llave inteligente Chevrolet GMC de 1996-2000 \u2013 sin logotipo, con una llave de inserci\u00f3n de emergencia sin cortar incluida.<\/li>\n<li>No cortamos ni programamos el <a href=\"https:\/\/keylessbest.com\/es\/tienda-de-llaves-y-llaveros-sin-llave-de-keylessbestcarkeyfobshop\/\" data-wpil-monitor-id=\"1652\">llave remota<\/a>.Adem\u00e1s, para conocer los precios, p\u00f3ngase en contacto con el cerrajero o concesionario local.<\/li>\n<li>Este transmisor es compatible con veh\u00edculos que cuentan con un bot\u00f3n de arranque\/parada en el tablero o una ignici\u00f3n de giro, junto con un proxy <a href=\"https:\/\/keylessbest.com\/es\/producto\/2021-2022-hyundai-tucson-mando-de-entrada-sin-llave-de-5-botones-tq8-fob-4f27-pn-95440-n9072-47\/\" data-wpil-monitor-id=\"1651\">entrada sin llave<\/a> sistema.<\/li>\n<li>El precio es por una unidad completa <a href=\"https:\/\/keylessbest.com\/es\/producto\/2005-2007-cadillac-sts-mando-de-entrada-sin-llave-de-5-botones-m3n65981403-reemplaza-pn-15212382__trashed\/\" data-wpil-monitor-id=\"25\">llave de entrada sin llave de reemplazo<\/a>, llave de emergencia incluida.<\/li>\n<li>Por lo tanto, recomendamos encarecidamente que tenga su\u00a0<a href=\"https:\/\/keylessbest.com\/es\/como-programar-un-mando-a-distancia-de-coche-rapido-y-facil-pasos-de-bricolaje-para-cualquier-coche\/\" data-wpil-monitor-id=\"26\">PROGRAMEN SU LLAVERO<\/a> por un cerrajero profesional o distribuidor.<\/li>\n<\/ul>\n<h6><strong><b>Recursos de programaci\u00f3n\u00a0<\/b><\/strong><\/h6>\n<p><a href=\"https:\/\/programyourfob.com\/?list_6\/\" target=\"_blank\" rel=\"noopener\">https:\/\/programyourfob.com\/?list_6\/<\/a><\/p>\n<p><a href=\"https:\/\/programyourfob.com\/?list_11\/\" target=\"_blank\" rel=\"noopener\">https:\/\/programyourfob.com\/?list_11\/<\/a><\/p>\n<p>Gracias por elegirnos.<\/p>\n<p>Somos uno de los fabricantes m\u00e1s profesionales de llaves de coche, sistema de entrada sin llave, <a href=\"https:\/\/keylessbest.com\/es\/producto\/porsche-911-2010-2018-boxster-cayenne-cayman-macan-panamera-mando-de-entrada-sin-llave-de-3-botones-kr55wk50138-pn-7pp959753ak-7pp-959-753-ak-7pp-959-753-bl\/\" data-wpil-monitor-id=\"24\">control remoto de llave de coche<\/a>, chips transpondedores, programadores de llaves, carcasas de llaves de coche, cerraduras de coche, herramientas de cerrajer\u00eda y m\u00e1s. Adem\u00e1s, nuestra empresa cuenta con un equipo profesional y l\u00ednea de producci\u00f3n. Adem\u00e1s, nos especializamos en producir varias <a href=\"https:\/\/keylessbest.com\/es\/cuanto-cuesta-reemplazar-un-mando-a-distancia-de-coche-en-2025\/\" data-wpil-monitor-id=\"1653\">llaves de coche<\/a>, carcasas de llaves de coche y herramientas de cerrajer\u00eda. Tambi\u00e9n nos encargamos del desarrollo, fabricaci\u00f3n y venta al por mayor de productos de seguridad y protecci\u00f3n para autom\u00f3viles.<\/p>\n<p>Precios competitivos y servicios dedicados le ayudar\u00e1n a obtener un buen mercado. Adem\u00e1s, un equipo de ventas joven y en\u00e9rgico ofrece un servicio r\u00e1pido, profesional y amigable en cualquier momento. Adem\u00e1s, todos nuestros productos se env\u00edan directamente desde el almac\u00e9n en Espa\u00f1a, Canad\u00e1 y M\u00e9xico. Por lo tanto, los productos que compre ser\u00e1n empaquetados y enviados en 48 horas despu\u00e9s de realizar el pedido. M\u00e1s de 100% de nuestros productos est\u00e1n en stock, y el inventario es suficiente.<\/p>","protected":false},"excerpt":{"rendered":"<ul>\n<li>SKU:CA-GM546<\/li>\n<li>FCC ID: AB01502T, ABO1502T<\/li>\n<li>PN: 16245105<\/li>\n<li>Frecuencia: 315MHz<\/li>\n<li>Botones: Bloquear, Desbloquear, Trasero<\/li>\n<\/ul>","protected":false},"featured_media":21623,"comment_status":"open","ping_status":"closed","template":"","meta":{"_bst_post_transparent":"default","_bst_post_title":"","_bst_post_layout":"default","_bst_post_sidebar_id":"","_bst_post_content_style":"default","_bst_post_vertical_padding":"default","_bst_post_feature":"","_bst_post_feature_position":"","_bst_post_header":false,"_bst_post_footer":false},"product_brand":[],"product_cat":[150,152],"product_tag":[],"2_year_make_model":[],"class_list":{"0":"post-18282","1":"product","2":"type-product","3":"status-publish","4":"has-post-thumbnail","6":"product_cat-for-chevrolet","7":"product_cat-for-gmc","9":"first","10":"instock","11":"sale","12":"shipping-taxable","13":"purchasable","14":"product-type-simple","15":"entry","16":"content-bg","17":"loop-entry"},"_links":{"self":[{"href":"https:\/\/keylessbest.com\/es\/wp-json\/wp\/v2\/product\/18282","targetHints":{"allow":["GET"]}}],"collection":[{"href":"https:\/\/keylessbest.com\/es\/wp-json\/wp\/v2\/product"}],"about":[{"href":"https:\/\/keylessbest.com\/es\/wp-json\/wp\/v2\/types\/product"}],"replies":[{"embeddable":true,"href":"https:\/\/keylessbest.com\/es\/wp-json\/wp\/v2\/comments?post=18282"}],"version-history":[{"count":6,"href":"https:\/\/keylessbest.com\/es\/wp-json\/wp\/v2\/product\/18282\/revisions"}],"predecessor-version":[{"id":19382,"href":"https:\/\/keylessbest.com\/es\/wp-json\/wp\/v2\/product\/18282\/revisions\/19382"}],"wp:featuredmedia":[{"embeddable":true,"href":"https:\/\/keylessbest.com\/es\/wp-json\/wp\/v2\/media\/21623"}],"wp:attachment":[{"href":"https:\/\/keylessbest.com\/es\/wp-json\/wp\/v2\/media?parent=18282"}],"wp:term":[{"taxonomy":"product_brand","embeddable":true,"href":"https:\/\/keylessbest.com\/es\/wp-json\/wp\/v2\/product_brand?post=18282"},{"taxonomy":"product_cat","embeddable":true,"href":"https:\/\/keylessbest.com\/es\/wp-json\/wp\/v2\/product_cat?post=18282"},{"taxonomy":"product_tag","embeddable":true,"href":"https:\/\/keylessbest.com\/es\/wp-json\/wp\/v2\/product_tag?post=18282"},{"taxonomy":"2_year_make_model","embeddable":true,"href":"https:\/\/keylessbest.com\/es\/wp-json\/wp\/v2\/2_year_make_model?post=18282"}],"curies":[{"name":"wp","href":"https:\/\/api.w.org\/{rel}","templated":true}]}}