{"id":18317,"date":"2025-09-10T01:08:37","date_gmt":"2025-09-10T01:08:37","guid":{"rendered":"https:\/\/keylessbest.com\/?post_type=product&#038;p=18317"},"modified":"2026-03-09T02:21:44","modified_gmt":"2026-03-09T02:21:44","slug":"2017-2023-ford-key-fob-m3n-a2c94078000-for-keylessbest","status":"publish","type":"product","link":"https:\/\/keylessbest.com\/es\/producto\/2017-2023-ford-key-fob-m3n-a2c94078000-for-keylessbest\/","title":{"rendered":"2017-2023 Ford Key Fob M3N-A2C94078000 for keylessbest"},"content":{"rendered":"<p>*La informaci\u00f3n detallada de este llavero sin llave Lincoln 2017-2022 es la siguiente. Por favor, confirme que los siguientes detalles coinciden con su veh\u00edculo antes de realizar el pedido: ID FCC, N\u00famero de pieza, A\u00f1o del modelo, IC, Frecuencia, Chip y Botones.<\/p>\n<h6><strong><b>Informaci\u00f3n del Producto: <\/b><\/strong><\/h6>\n<ul>\n<li>ID FCC: M3N-A2C940780<\/li>\n<li>PN: 164-R8154<\/li>\n<li>IC: 7812A-A2C94078000<\/li>\n<li>Frecuencia: 902 MHz<\/li>\n<li>Chip:49<\/li>\n<li>Clave de prueba: HU101<\/li>\n<li>Botones: Bloquear, Desbloquear, P\u00e1nico, Arranque remoto, Maletero<\/li>\n<\/ul>\n<h6><strong><b>El modelo de referencia:<\/b><\/strong><\/h6>\n<ul>\n<li>2017 &#8211; 2023 Lincoln Continental<\/li>\n<li>2017 &#8211; 2023 Lincoln MKC<\/li>\n<li>2017 &#8211; 2023 Lincoln MKX<\/li>\n<li>2017 &#8211; 2023 Lincoln MKZ<\/li>\n<li>2018 &#8211; 2023 <a href=\"https:\/\/keylessbest.com\/es\/producto\/control-remoto-de-entrada-sin-llave-lincoln-navigator-2018-2021-de-5-botones-m3n-a2c940780-pn-jl7t-15k601-bb-5933990-164-r8226-49__trashed\/\" data-wpil-monitor-id=\"23\">Lincoln Navigator<\/a><\/li>\n<li>2020 &#8211; 2023 Lincoln Nautilus<\/li>\n<\/ul>\n<h6><strong><b>Incluye en el paquete:<\/b><\/strong><\/h6>\n<ul>\n<li>Un nuevo mando a distancia sin llave del mercado de accesorios<\/li>\n<li>Una llave de inserci\u00f3n de emergencia del mercado de accesorios gratuita<\/li>\n<li>Todos los transmisores vienen con una bater\u00eda<\/li>\n<li>Todas las unidades son probadas antes del env\u00edo<\/li>\n<li>Garant\u00eda de satisfacci\u00f3n y garant\u00eda de 2 a\u00f1os 100%<\/li>\n<\/ul>\n<h6><strong><b>Nota:<\/b><\/strong><\/h6>\n<ul>\n<li>The 2017-2023 Lincoln smart <a href=\"https:\/\/keylessbest.com\/es\/producto\/2018-2021-hyundai-accent-limited-mando-a-distancia-de-entrada-sin-llave-de-4-botones-nyosyec4fob1608-pn-95440-j0100-6a\/\" data-wpil-monitor-id=\"20\">llavero de entrada sin llave<\/a> reemplazo \u2013 sin logotipo, con una llave de emergencia sin cortar incluida.<\/li>\n<li>No cortamos ni programamos la llave remota. Adem\u00e1s, para precios, por favor contacte con un cerrajero local o concesionario.<\/li>\n<li>Este transmisor es compatible con veh\u00edculos que cuentan con un bot\u00f3n de arranque\/parada en el tablero o una ignici\u00f3n de giro, junto con un proxy <a href=\"https:\/\/keylessbest.com\/es\/producto\/honda-fit-ex-2015-2017-fit-ex-l-fit-ex-ln-hr-v-mando-de-entrada-sin-llave-de-3-botones-kr5v1x-pn72147-t5a-a01\/\" data-wpil-monitor-id=\"22\">entrada sin llave<\/a> sistema.<\/li>\n<li>El precio es por una unidad completa <a href=\"https:\/\/keylessbest.com\/es\/producto\/2005-2007-cadillac-sts-mando-de-entrada-sin-llave-de-5-botones-m3n65981403-reemplaza-pn-15212382__trashed\/\" data-wpil-monitor-id=\"19\">llave de entrada sin llave de reemplazo<\/a>, llave de emergencia incluida.<\/li>\n<li>Por lo tanto, recomendamos encarecidamente que tenga su\u00a0<a href=\"https:\/\/keylessbest.com\/es\/como-programar-un-mando-a-distancia-de-coche-rapido-y-facil-pasos-de-bricolaje-para-cualquier-coche\/\" data-wpil-monitor-id=\"21\">PROGRAMEN SU LLAVERO<\/a> por un cerrajero profesional o distribuidor.<\/li>\n<\/ul>\n<h6><strong><b>Recursos de programaci\u00f3n\u00a0<\/b><\/strong><\/h6>\n<p><a href=\"https:\/\/programyourfob.com\/?list_22\/\" target=\"_blank\" rel=\"noopener\">https:\/\/programyourfob.com\/?list_22\/<\/a><\/p>\n<p>Gracias por elegirnos.<\/p>\n<p>Somos uno de los fabricantes m\u00e1s profesionales de llaves de coche, sistemas de entrada sin llave, mandos a distancia de llave de coche, chips transpondedores, programadores de llaves, carcasas de llaves de coche, cerraduras de coche, herramientas de cerrajer\u00eda y otros. Adem\u00e1s, nuestra empresa cuenta con un equipo profesional y l\u00ednea de producci\u00f3n. Adem\u00e1s, nos especializamos en la producci\u00f3n de varias llaves de coche, carcasas de llaves y herramientas de cerrajer\u00eda. Tambi\u00e9n nos encargamos del desarrollo, fabricaci\u00f3n y venta al por mayor de productos de seguridad y protecci\u00f3n para autom\u00f3viles.<\/p>\n<p>Precios competitivos y servicios dedicados le ayudar\u00e1n a obtener un buen mercado. Adem\u00e1s, un equipo de ventas joven y en\u00e9rgico ofrece un servicio r\u00e1pido, profesional y amigable en cualquier momento. Adem\u00e1s, todos nuestros productos se env\u00edan directamente desde el almac\u00e9n en Espa\u00f1a, Canad\u00e1 y M\u00e9xico. Por lo tanto, los productos que compre ser\u00e1n empaquetados y enviados en 48 horas despu\u00e9s de realizar el pedido. M\u00e1s de 100% de nuestros productos est\u00e1n en stock, y el inventario es suficiente.<\/p>","protected":false},"excerpt":{"rendered":"<ul>\n<li>SKU: CA-FD985<\/li>\n<li>ID FCC: M3N-A2C940780<\/li>\n<li>PN: 164-R8154<\/li>\n<li>IC: 7812A-A2C94078000<\/li>\n<li>Frecuencia: 902 MHz<\/li>\n<li>Chip:49<\/li>\n<li>Clave de prueba: HU101<\/li>\n<li>Botones: Bloquear, Desbloquear, P\u00e1nico, Arranque remoto, Maletero<\/li>\n<\/ul>","protected":false},"featured_media":20894,"comment_status":"open","ping_status":"closed","template":"","meta":{"_bst_post_transparent":"default","_bst_post_title":"","_bst_post_layout":"default","_bst_post_sidebar_id":"","_bst_post_content_style":"default","_bst_post_vertical_padding":"default","_bst_post_feature":"","_bst_post_feature_position":"","_bst_post_header":false,"_bst_post_footer":false},"product_brand":[],"product_cat":[379,15],"product_tag":[],"2_year_make_model":[],"class_list":{"0":"post-18317","1":"product","2":"type-product","3":"status-publish","4":"has-post-thumbnail","6":"product_cat-for-lincoln","7":"product_cat-carkeyremote","9":"first","10":"instock","11":"sale","12":"shipping-taxable","13":"purchasable","14":"product-type-simple","15":"entry","16":"content-bg","17":"loop-entry"},"_links":{"self":[{"href":"https:\/\/keylessbest.com\/es\/wp-json\/wp\/v2\/product\/18317","targetHints":{"allow":["GET"]}}],"collection":[{"href":"https:\/\/keylessbest.com\/es\/wp-json\/wp\/v2\/product"}],"about":[{"href":"https:\/\/keylessbest.com\/es\/wp-json\/wp\/v2\/types\/product"}],"replies":[{"embeddable":true,"href":"https:\/\/keylessbest.com\/es\/wp-json\/wp\/v2\/comments?post=18317"}],"version-history":[{"count":5,"href":"https:\/\/keylessbest.com\/es\/wp-json\/wp\/v2\/product\/18317\/revisions"}],"predecessor-version":[{"id":21836,"href":"https:\/\/keylessbest.com\/es\/wp-json\/wp\/v2\/product\/18317\/revisions\/21836"}],"wp:featuredmedia":[{"embeddable":true,"href":"https:\/\/keylessbest.com\/es\/wp-json\/wp\/v2\/media\/20894"}],"wp:attachment":[{"href":"https:\/\/keylessbest.com\/es\/wp-json\/wp\/v2\/media?parent=18317"}],"wp:term":[{"taxonomy":"product_brand","embeddable":true,"href":"https:\/\/keylessbest.com\/es\/wp-json\/wp\/v2\/product_brand?post=18317"},{"taxonomy":"product_cat","embeddable":true,"href":"https:\/\/keylessbest.com\/es\/wp-json\/wp\/v2\/product_cat?post=18317"},{"taxonomy":"product_tag","embeddable":true,"href":"https:\/\/keylessbest.com\/es\/wp-json\/wp\/v2\/product_tag?post=18317"},{"taxonomy":"2_year_make_model","embeddable":true,"href":"https:\/\/keylessbest.com\/es\/wp-json\/wp\/v2\/2_year_make_model?post=18317"}],"curies":[{"name":"wp","href":"https:\/\/api.w.org\/{rel}","templated":true}]}}