{"id":19226,"date":"2025-12-09T08:06:21","date_gmt":"2025-12-09T08:06:21","guid":{"rendered":"https:\/\/keylessbest.com\/?post_type=product&#038;p=19226"},"modified":"2026-01-05T08:40:23","modified_gmt":"2026-01-05T08:40:23","slug":"celdas-y-baterias-electricas-lithducell-almacenamiento-de-energia-duradero","status":"publish","type":"product","link":"https:\/\/keylessbest.com\/es\/producto\/celdas-y-baterias-electricas-lithducell-almacenamiento-de-energia-duradero\/","title":{"rendered":"C\u00e9lulas y Bater\u00edas El\u00e9ctricas Lithdurcell - Bater\u00edas de Iones de Litio Almacenamiento de Energ\u00eda Duradero"},"content":{"rendered":"<p>Marca: Lithdurcell<\/p>\n<p>\u3010Por qu\u00e9 elegir Lithdurcell\u3011<\/p>\n<p>\u2705 Bater\u00edas de Iones de Litio<\/p>\n<p>\u2705 Mayor duraci\u00f3n gracias al grafeno<\/p>\n<p>\u2705 Resistencia a temperaturas extremas<\/p>\n<p>\u2705 Kit de reemplazo sin complicaciones<\/p>\n<p>\u2705 Amplia compatibilidad<\/p>\n<p>\u2705 Calidad recientemente mejorada<\/p>\n<p>\u3010Lo que obtienes\u3011 4 x Bater\u00edas Lithdurcell 1 x Herramienta profesional para desmontar llavero 1 x Estuche de almacenamiento protector<\/p>\n<p>\u3010Nota\u3011 Por favor, confirma el modelo de bater\u00eda de tu llave de coche antes de comprar<\/p>","protected":false},"excerpt":{"rendered":"<p>Marca: Lithdurcell \u3010Por qu\u00e9 elegir Lithdurcell\u3011 \u2705 Bater\u00edas de Iones de Litio \u2705 Duraci\u00f3n mejorada con Grafeno \u2705 Resistencia a temperaturas extremas \u2705 Kit de reemplazo sin complicaciones \u2705 Amplia compatibilidad \u2705 Calidad reci\u00e9n mejorada \u3010Lo que obtienes\u3011 4 x Bater\u00edas Lithdurcell 1 x Herramienta profesional para desmontar llavero 1 x Estuche de almacenamiento protector \u3010Nota\u3011 Por favor, confirma el modelo de bater\u00eda de tu llave de coche...<\/p>","protected":false},"featured_media":19211,"comment_status":"open","ping_status":"closed","template":"","meta":{"_bst_post_transparent":"default","_bst_post_title":"","_bst_post_layout":"default","_bst_post_sidebar_id":"","_bst_post_content_style":"default","_bst_post_vertical_padding":"default","_bst_post_feature":"","_bst_post_feature_position":"","_bst_post_header":false,"_bst_post_footer":false},"product_brand":[],"product_cat":[15],"product_tag":[],"2_year_make_model":[],"class_list":{"0":"post-19226","1":"product","2":"type-product","3":"status-publish","4":"has-post-thumbnail","6":"product_cat-carkeyremote","8":"first","9":"instock","10":"sale","11":"shipping-taxable","12":"purchasable","13":"product-type-simple","14":"entry","15":"content-bg","16":"loop-entry"},"_links":{"self":[{"href":"https:\/\/keylessbest.com\/es\/wp-json\/wp\/v2\/product\/19226","targetHints":{"allow":["GET"]}}],"collection":[{"href":"https:\/\/keylessbest.com\/es\/wp-json\/wp\/v2\/product"}],"about":[{"href":"https:\/\/keylessbest.com\/es\/wp-json\/wp\/v2\/types\/product"}],"replies":[{"embeddable":true,"href":"https:\/\/keylessbest.com\/es\/wp-json\/wp\/v2\/comments?post=19226"}],"version-history":[{"count":4,"href":"https:\/\/keylessbest.com\/es\/wp-json\/wp\/v2\/product\/19226\/revisions"}],"predecessor-version":[{"id":19324,"href":"https:\/\/keylessbest.com\/es\/wp-json\/wp\/v2\/product\/19226\/revisions\/19324"}],"wp:featuredmedia":[{"embeddable":true,"href":"https:\/\/keylessbest.com\/es\/wp-json\/wp\/v2\/media\/19211"}],"wp:attachment":[{"href":"https:\/\/keylessbest.com\/es\/wp-json\/wp\/v2\/media?parent=19226"}],"wp:term":[{"taxonomy":"product_brand","embeddable":true,"href":"https:\/\/keylessbest.com\/es\/wp-json\/wp\/v2\/product_brand?post=19226"},{"taxonomy":"product_cat","embeddable":true,"href":"https:\/\/keylessbest.com\/es\/wp-json\/wp\/v2\/product_cat?post=19226"},{"taxonomy":"product_tag","embeddable":true,"href":"https:\/\/keylessbest.com\/es\/wp-json\/wp\/v2\/product_tag?post=19226"},{"taxonomy":"2_year_make_model","embeddable":true,"href":"https:\/\/keylessbest.com\/es\/wp-json\/wp\/v2\/2_year_make_model?post=19226"}],"curies":[{"name":"wp","href":"https:\/\/api.w.org\/{rel}","templated":true}]}}