{"id":19244,"date":"2025-12-09T10:15:16","date_gmt":"2025-12-09T10:15:16","guid":{"rendered":"https:\/\/keylessbest.com\/?post_type=product&#038;p=19244"},"modified":"2026-01-05T08:39:33","modified_gmt":"2026-01-05T08:39:33","slug":"herramienta-ezprogrammer-obd-para-iphone-y-android-sin-tarifa-de-suscripcion","status":"publish","type":"product","link":"https:\/\/keylessbest.com\/es\/producto\/herramienta-ezprogrammer-obd-para-iphone-y-android-sin-tarifa-de-suscripcion\/","title":{"rendered":"Herramienta EZprogrammer OBD para iPhone y Android \u2013 Kit de Programaci\u00f3n Reemplazo Profesional para Llaves Remotas Dispositivo de Programaci\u00f3n"},"content":{"rendered":"<div class=\"auto-hide-last-sibling-br paragraph-pP9ZLC paragraph-element br-paragraph-space\">\n<h2 class=\"ace-line heading-h3\" dir=\"auto\" data-node=\"true\"><span data-leaf=\"true\"><span class=\"lb\">Posicionamiento del Producto Principal<\/span><\/span><span data-string=\"true\" data-enter=\"true\" data-leaf=\"true\">\u200b<\/span><\/h2>\n<div class=\"ace-line\" dir=\"auto\" data-node=\"true\"><span data-leaf=\"true\"><span class=\"lb\">Este <\/span><\/span><span data-leaf=\"true\"><span class=\"lb\">llave electr\u00f3nica OBD de desarrollo propio<\/span><\/span><span data-leaf=\"true\"><span class=\"lb\"> est\u00e1 espec\u00edficamente dise\u00f1ada para escenarios de emparejamiento de llaves automotrices. Integrando m\u00faltiples funciones principales que incluyen codificaci\u00f3n\/decodificaci\u00f3n, control de sistema sin llave, adaptaci\u00f3n de sensores y programaci\u00f3n electr\u00f3nica, es un accesorio electr\u00f3nico automotriz pr\u00e1ctico e innovador tecnol\u00f3gicamente. Totalmente compatible con las necesidades de emparejamiento de llaves de la mayor\u00eda de los modelos de veh\u00edculos, presenta operaci\u00f3n sencilla y rendimiento estable.<\/span><\/span><span data-string=\"true\" data-enter=\"true\" data-leaf=\"true\">\u200b<\/span><\/div>\n<div class=\"ace-line heading-h3\" dir=\"auto\" data-node=\"true\"><span data-leaf=\"true\"><span class=\"lb\">Aspectos destacados de la Funci\u00f3n Principal (Cubriendo Todas las Subclases Registradas)<\/span><\/span><\/div>\n<div class=\"ace-line heading-h3\" dir=\"auto\" data-node=\"true\"><span data-string=\"true\" data-enter=\"true\" data-leaf=\"true\">\u200b<\/span><\/div>\n<div class=\"ace-line ol-idWwqImJqr list-div list-start-number1\" dir=\"auto\" data-node=\"true\">\n<ol class=\"list-number1 r-list r-list-number\" start=\"1\" data-origin-start=\"1\" data-start=\"1\">\n<li data-start=\"1\"><span data-leaf=\"true\"><span class=\"lb\">Capacidad de Codificaci\u00f3n y Programaci\u00f3n Inteligente<\/span><\/span><span data-leaf=\"true\"><span class=\"lb\">: Equipado con chips semiconductores de alto rendimiento y aparatos profesionales de codificaci\u00f3n\/decodificaci\u00f3n, soporta la operaci\u00f3n de todo el proceso de lectura, codificaci\u00f3n y programaci\u00f3n de llaves transpondedoras. Combinado con codificadores precisos (incluidos codificadores magn\u00e9ticos), garantiza una transmisi\u00f3n de se\u00f1al estable y una precisi\u00f3n de emparejamiento l\u00edder en la industria.<\/span><\/span><span data-string=\"true\" data-enter=\"true\" data-leaf=\"true\">\u200b<\/span><\/li>\n<\/ol>\n<\/div>\n<div class=\"ace-line ol-id5G9mt5ws list-div\" dir=\"auto\" data-node=\"true\">\n<ol class=\"list-number1 r-list r-list-number\" start=\"2\" data-origin-start=\"2\" data-start=\"2\">\n<li data-start=\"2\"><span data-leaf=\"true\"><span class=\"lb\">Integraci\u00f3n del Sistema Sin Llave<\/span><\/span><span data-leaf=\"true\"><span class=\"lb\">: Integra sistemas de entrada sin llave y sistemas de encendido sin llave, que consisten en microprocesadores, receptores de se\u00f1al electr\u00f3nica y llaveros con transpondedores\/respuestas de se\u00f1al electr\u00f3nica. Tambi\u00e9n es compatible con tarjetas electr\u00f3nicas y transmisores de control remoto, permitiendo desbloqueo y encendido sin contacto para una experiencia inteligente.<\/span><\/span><span data-string=\"true\" data-enter=\"true\" data-leaf=\"true\">\u200b<\/span><\/li>\n<\/ol>\n<\/div>\n<div class=\"ace-line ol-idAbwNzslj list-div\" dir=\"auto\" data-node=\"true\">\n<ol class=\"list-number1 r-list r-list-number\" start=\"3\" data-origin-start=\"3\" data-start=\"3\">\n<li data-start=\"3\"><span data-leaf=\"true\"><span class=\"lb\">Funciones de Control Electr\u00f3nico y Adaptaci\u00f3n<\/span><\/span><span data-leaf=\"true\"><span class=\"lb\">: Cuenta con un controlador electr\u00f3nico independiente que monitorea el estado de funcionamiento del motor, optimiza el rendimiento de encendido recalculando los datos del sensor y retroaliment\u00e1ndolos a la unidad de control del veh\u00edculo. Se adapta a sensores y unidades detectores para controlar la activaci\u00f3n y operaci\u00f3n del equipo de seguridad automotriz, adem\u00e1s de soportar el control electr\u00f3nico de accionamiento de cerraduras de puertas electr\u00f3nicas.<\/span><\/span><span data-string=\"true\" data-enter=\"true\" data-leaf=\"true\">\u200b<\/span><\/li>\n<\/ol>\n<\/div>\n<div class=\"ace-line ol-idkeghWM4O list-div\" dir=\"auto\" data-node=\"true\">\n<ol class=\"list-number1 r-list r-list-number\" start=\"4\" data-origin-start=\"4\" data-start=\"4\">\n<li data-start=\"4\"><span data-leaf=\"true\"><span class=\"lb\">Ventajas de Adaptaci\u00f3n a M\u00faltiples Escenarios<\/span><\/span><span data-leaf=\"true\"><span class=\"lb\">: Compatible con necesidades de prueba relacionadas con sistemas de transmisi\u00f3n y frenos automotrices, viene con instrumentos de decodificaci\u00f3n y equipos de programaci\u00f3n necesarios para el emparejamiento de llaves electr\u00f3nicas. Desde operaciones a nivel de chip hasta adaptaci\u00f3n a nivel de sistema, cumple de manera integral con las demandas principales del emparejamiento de llaves de veh\u00edculos y es adecuado para la mayor\u00eda de los modelos de veh\u00edculos convencionales.<\/span><\/span><span data-string=\"true\" data-enter=\"true\" data-leaf=\"true\">\u200b<\/span><\/li>\n<\/ol>\n<\/div>\n<h2 class=\"ace-line heading-h3\" dir=\"auto\" data-node=\"true\"><span data-leaf=\"true\"><span class=\"lb\">Ventajas del Producto Principal<\/span><\/span><span data-string=\"true\" data-enter=\"true\" data-leaf=\"true\">\u200b<\/span><\/h2>\n<div class=\"ace-line list-div\" dir=\"auto\" data-node=\"true\">\n<ul class=\"list-bullet1 r-list r-list-bullet\">\n<li><span data-leaf=\"true\"><span class=\"lb\">Dise\u00f1o de Desarrollo Propio: Las tecnolog\u00edas principales son controlables de forma independiente, profundamente optimizadas para escenarios de emparejamiento de llaves, cubriendo todas las subclases registradas para garantizar cumplimiento y practicidad.<\/span><\/span><span data-string=\"true\" data-enter=\"true\" data-leaf=\"true\">\u200b<\/span><\/li>\n<\/ul>\n<\/div>\n<div class=\"ace-line list-div\" dir=\"auto\" data-node=\"true\">\n<ul class=\"list-bullet1 r-list r-list-bullet\">\n<li><span data-leaf=\"true\"><span class=\"lb\">Emparejamiento de Alta Precisi\u00f3n: Codificaci\u00f3n\/decodificaci\u00f3n precisa y eficiente, con sensores y unidades de control electr\u00f3nico que trabajan en sinergia para garantizar una operaci\u00f3n estable tras el emparejamiento de la llave.<\/span><\/span><span data-string=\"true\" data-enter=\"true\" data-leaf=\"true\">\u200b<\/span><\/li>\n<\/ul>\n<\/div>\n<div class=\"ace-line list-div\" dir=\"auto\" data-node=\"true\">\n<ul class=\"list-bullet1 r-list r-list-bullet\">\n<li><span data-leaf=\"true\"><span class=\"lb\">Integraci\u00f3n Multifuncional: Combina codificaci\u00f3n\/programaci\u00f3n, control sin llave, pruebas electr\u00f3nicas y adaptaci\u00f3n inteligente en un solo dispositivo, proporcionando una soluci\u00f3n integral para el emparejamiento de llaves de veh\u00edculos sin necesidad de equipos adicionales.<\/span><\/span><\/li>\n<\/ul>\n<\/div>\n<\/div>","protected":false},"excerpt":{"rendered":"<p>Posicionamiento del producto principal\u200b Este llavero electr\u00f3nico OBD de desarrollo propio est\u00e1 dise\u00f1ado espec\u00edficamente para escenarios de emparejamiento de llaves automotrices. Integrando m\u00faltiples funciones principales, incluyendo codificaci\u00f3n\/decodificaci\u00f3n, control del sistema sin llave, adaptaci\u00f3n de sensores y programaci\u00f3n electr\u00f3nica, es un accesorio electr\u00f3nico automotriz pr\u00e1ctico e innovador tecnol\u00f3gicamente. Totalmente compatible con las necesidades de emparejamiento de llaves de la mayor\u00eda de los modelos de veh\u00edculos, presenta una operaci\u00f3n sencilla y\u2026<\/p>","protected":false},"featured_media":19247,"comment_status":"open","ping_status":"closed","template":"","meta":{"_bst_post_transparent":"default","_bst_post_title":"","_bst_post_layout":"default","_bst_post_sidebar_id":"","_bst_post_content_style":"default","_bst_post_vertical_padding":"default","_bst_post_feature":"","_bst_post_feature_position":"","_bst_post_header":false,"_bst_post_footer":false},"product_brand":[],"product_cat":[15],"product_tag":[],"2_year_make_model":[],"class_list":{"0":"post-19244","1":"product","2":"type-product","3":"status-publish","4":"has-post-thumbnail","6":"product_cat-carkeyremote","8":"first","9":"instock","10":"sale","11":"shipping-taxable","12":"purchasable","13":"product-type-simple","14":"entry","15":"content-bg","16":"loop-entry"},"_links":{"self":[{"href":"https:\/\/keylessbest.com\/es\/wp-json\/wp\/v2\/product\/19244","targetHints":{"allow":["GET"]}}],"collection":[{"href":"https:\/\/keylessbest.com\/es\/wp-json\/wp\/v2\/product"}],"about":[{"href":"https:\/\/keylessbest.com\/es\/wp-json\/wp\/v2\/types\/product"}],"replies":[{"embeddable":true,"href":"https:\/\/keylessbest.com\/es\/wp-json\/wp\/v2\/comments?post=19244"}],"version-history":[{"count":7,"href":"https:\/\/keylessbest.com\/es\/wp-json\/wp\/v2\/product\/19244\/revisions"}],"predecessor-version":[{"id":19287,"href":"https:\/\/keylessbest.com\/es\/wp-json\/wp\/v2\/product\/19244\/revisions\/19287"}],"wp:featuredmedia":[{"embeddable":true,"href":"https:\/\/keylessbest.com\/es\/wp-json\/wp\/v2\/media\/19247"}],"wp:attachment":[{"href":"https:\/\/keylessbest.com\/es\/wp-json\/wp\/v2\/media?parent=19244"}],"wp:term":[{"taxonomy":"product_brand","embeddable":true,"href":"https:\/\/keylessbest.com\/es\/wp-json\/wp\/v2\/product_brand?post=19244"},{"taxonomy":"product_cat","embeddable":true,"href":"https:\/\/keylessbest.com\/es\/wp-json\/wp\/v2\/product_cat?post=19244"},{"taxonomy":"product_tag","embeddable":true,"href":"https:\/\/keylessbest.com\/es\/wp-json\/wp\/v2\/product_tag?post=19244"},{"taxonomy":"2_year_make_model","embeddable":true,"href":"https:\/\/keylessbest.com\/es\/wp-json\/wp\/v2\/2_year_make_model?post=19244"}],"curies":[{"name":"wp","href":"https:\/\/api.w.org\/{rel}","templated":true}]}}