{"id":19474,"date":"2025-12-13T07:43:51","date_gmt":"2025-12-13T07:43:51","guid":{"rendered":"https:\/\/keylessbest.com\/?post_type=product&#038;p=19474"},"modified":"2026-02-25T02:29:18","modified_gmt":"2026-02-25T02:29:18","slug":"llavero-para-gmc-hummer-ev-2024-2026-pn13542579-para-keylessbest","status":"publish","type":"product","link":"https:\/\/keylessbest.com\/es\/producto\/llavero-para-gmc-hummer-ev-2024-2026-pn13542579-para-keylessbest\/","title":{"rendered":"Llave de mando GMC HUMMER EV 2024-2026 PN:13542579 para Keylessbest"},"content":{"rendered":"<p>*La informaci\u00f3n detallada de este llavero sin llave de Chevrolet 2021-2024 es la siguiente. Por favor, confirme que los siguientes detalles coinciden con su veh\u00edculo antes de realizar el pedido: ID FCC, N\u00famero de pieza, A\u00f1o Modelo, IC, Frecuencia, Chip y Botones.<\/p>\n<p>Introducci\u00f3n del producto:<br \/>\nGMC de 6 botones<br \/>\nFrecuencia: 434MHz<br \/>\nChip: 49<br \/>\nID FCC: YG0G21TB2<br \/>\nPN: 13542579, 13560223<br \/>\nBotones: Bloquear, Desbloquear, P\u00e1nico, Arranque remoto, Cap\u00f3, R Door<br \/>\nClave de prueba: HU100<br \/>\nBater\u00eda: CR2450<\/p>\n<p>El Modelo de Referencia:<br \/>\nGMC HUMMER EV 2024 \u2013 2026<\/p>","protected":false},"excerpt":{"rendered":"<ul>\n<li>SKU: CA-GM673<\/li>\n<li>Frecuencia: 434MHz<\/li>\n<li>Chip: 49<\/li>\n<li>ID FCC: YG0G21TB2<\/li>\n<li>PN: 13542579, 13560223<\/li>\n<li>Botones: Bloquear, Desbloquear, P\u00e1nico, Arranque remoto, Cap\u00f3, R Door<\/li>\n<li>Clave de prueba: HU100<\/li>\n<li>Bater\u00eda: CR2450<\/li>\n<\/ul>","protected":false},"featured_media":21534,"comment_status":"open","ping_status":"closed","template":"","meta":{"_bst_post_transparent":"default","_bst_post_title":"","_bst_post_layout":"default","_bst_post_sidebar_id":"","_bst_post_content_style":"default","_bst_post_vertical_padding":"default","_bst_post_feature":"","_bst_post_feature_position":"","_bst_post_header":false,"_bst_post_footer":false},"product_brand":[],"product_cat":[15,152],"product_tag":[],"2_year_make_model":[],"class_list":{"0":"post-19474","1":"product","2":"type-product","3":"status-publish","4":"has-post-thumbnail","6":"product_cat-carkeyremote","7":"product_cat-for-gmc","9":"first","10":"instock","11":"sale","12":"shipping-taxable","13":"purchasable","14":"product-type-simple","15":"entry","16":"content-bg","17":"loop-entry"},"_links":{"self":[{"href":"https:\/\/keylessbest.com\/es\/wp-json\/wp\/v2\/product\/19474","targetHints":{"allow":["GET"]}}],"collection":[{"href":"https:\/\/keylessbest.com\/es\/wp-json\/wp\/v2\/product"}],"about":[{"href":"https:\/\/keylessbest.com\/es\/wp-json\/wp\/v2\/types\/product"}],"replies":[{"embeddable":true,"href":"https:\/\/keylessbest.com\/es\/wp-json\/wp\/v2\/comments?post=19474"}],"version-history":[{"count":1,"href":"https:\/\/keylessbest.com\/es\/wp-json\/wp\/v2\/product\/19474\/revisions"}],"predecessor-version":[{"id":19476,"href":"https:\/\/keylessbest.com\/es\/wp-json\/wp\/v2\/product\/19474\/revisions\/19476"}],"wp:featuredmedia":[{"embeddable":true,"href":"https:\/\/keylessbest.com\/es\/wp-json\/wp\/v2\/media\/21534"}],"wp:attachment":[{"href":"https:\/\/keylessbest.com\/es\/wp-json\/wp\/v2\/media?parent=19474"}],"wp:term":[{"taxonomy":"product_brand","embeddable":true,"href":"https:\/\/keylessbest.com\/es\/wp-json\/wp\/v2\/product_brand?post=19474"},{"taxonomy":"product_cat","embeddable":true,"href":"https:\/\/keylessbest.com\/es\/wp-json\/wp\/v2\/product_cat?post=19474"},{"taxonomy":"product_tag","embeddable":true,"href":"https:\/\/keylessbest.com\/es\/wp-json\/wp\/v2\/product_tag?post=19474"},{"taxonomy":"2_year_make_model","embeddable":true,"href":"https:\/\/keylessbest.com\/es\/wp-json\/wp\/v2\/2_year_make_model?post=19474"}],"curies":[{"name":"wp","href":"https:\/\/api.w.org\/{rel}","templated":true}]}}